{"id":16751,"date":"2011-06-17T14:18:34","date_gmt":"2011-06-17T14:18:34","guid":{"rendered":"http:\/\/testphp.filastrocche.it\/contenuti\/?page_id=16751"},"modified":"2012-10-29T16:40:25","modified_gmt":"2012-10-29T16:40:25","slug":"storia","status":"publish","type":"page","link":"https:\/\/www.filastrocche.it\/contenuti\/storia\/","title":{"rendered":"Storia e origini delle Filastrocche, conte, ninna nanne&#8230;"},"content":{"rendered":"<p><span ><em>&#8220;C&#8217;era una volta un re seduto sul sof\u00e0 che disse alla sua serva raccontami una storia e la storia incominci\u00f2\u2026&#8221;<\/em><br \/>\nLa storia che stiamo per raccontarvi riguarda la nascita della filastrocca, della conta, della ninna nanna; dei suoi albori e di come tanto tempo fa i fanciulli si divertissero a giocare con gli scioglilingua e gli indovinelli.<\/span><\/p>\n<p><a href=\"https:\/\/www.filastrocche.it\/contenuti\/wp-content\/uploads\/2011\/06\/riga_fiori.jpg\"><img loading=\"lazy\" decoding=\"async\" width=\"350\" height=\"60\" class=\"aligncenter size-full wp-image-126795\" title=\"riga_fiori\" src=\"https:\/\/www.filastrocche.it\/contenuti\/wp-content\/uploads\/2011\/06\/riga_fiori.jpg\" alt=\"\" srcset=\"https:\/\/www.filastrocche.it\/contenuti\/wp-content\/uploads\/2011\/06\/riga_fiori.jpg 350w, https:\/\/www.filastrocche.it\/contenuti\/wp-content\/uploads\/2011\/06\/riga_fiori-300x51.jpg 300w\" sizes=\"auto, (max-width: 350px) 100vw, 350px\" \/><\/a><\/p>\n<p><span ><strong>Le origini della Filastrocca<br \/>\n<\/strong><\/span><span >La parola filastrocca, che deriva dal termine popolare toscano <em>filastroccola<\/em>.<br \/>\nSi comprendono sotto questo nome canzonette e formule cadenzate (dialogate, interrogative, narrative, ecc.) recitate dai fanciulli o dagli adulti per divertire i bambini.<br \/>\nSono ordinariamente un&#8217;accozzaglia di sillabe, di parole, di frasi, che talvolta riproducono indefinitamente lo stesso motivo.<br \/>\nRicorrono, di solito, nei giochi rappresentativi delle dita, delle mani o dei piedi, oppure accompagnano il gioco del sorteggio in cui uno dei fanciulli canticchia la formula toccando a ogni sillaba o cadenza una parte del corpo o del viso dei compagni, i quali escono dal cerchio o si ritirano per subire la penitenza.<br \/>\nPrevalgono nelle filastrocche i metri brevi, su ritmo celere conforme all&#8217;allegria predominante nei giochi infantili.<\/span><\/p>\n<p><a href=\"https:\/\/www.filastrocche.it\/contenuti\/wp-content\/uploads\/2011\/06\/riga_fiori.jpg\"><img decoding=\"async\" class=\"aligncenter\" title=\"riga_fiori\" src=\"https:\/\/www.filastrocche.it\/contenuti\/wp-content\/uploads\/2011\/06\/riga_fiori.jpg\" alt=\"\"   \/><\/a><\/p>\n<p><span ><strong><span >Le origini della <\/span><span >Ninna nanna<br \/>\n<\/span><\/strong><\/span><span >Con questo nome s&#8217;indica quel genere di cantilene che servono a far addormentare i bambini e di cui si hanno esempi presso tutti i popoli della terra, civili ed incivili.<br \/>\nSi tratta di un componimento breve, di vario metro, per lo pi\u00f9 concettualmente assai povero e privo di nessi logici; il ritmo \u00e8 monotono e cadenzato, quasi ad accompagnare il moto della culla.<br \/>\nIn musica \u00e8 un breve componimento melodico, il cui movimento \u00e8 moderato (Andante &#8211; Andantino), il ritmo pari, la musica generalmente in 2\/4, talvolta anche 6\/8; esempi assai noti sono le composizioni di W. A. Mozart, F. Chopin e J. Brahms.<br \/>\nPer quanto di uso universale, la ninna nanna differisce da popolo a popolo e da grado a grado di cultura. Presso i primitivi consiste nella ripetizione di poche frasi e si confonde con i canti o carmi che si recitano per alleviare i dolori del bambino e per allontanare i demoni dalla culla; presso i popoli civili prende talvolta vita e sostanza di poesia.<br \/>\nLe immagini tenere e affettuose tendono a suscitare visioni di paesi beati, di giardini pieni d&#8217;incanto, di tesori, di felicit\u00e0, di fate e angeli recanti il dolcissimo sonno, che spesso \u00e8 il Bambino Ges\u00f9, pi\u00f9 spesso, poi un re o un imperatore a cavallo d&#8217;un bianco destriero, con briglia e sella d&#8217;oro o d&#8217;argento.<br \/>\nUna singolare forma di ninna nanna \u00e8 quella di <em> carattere furbesco<\/em>, con cui, mentre si addormenta il bambino, si danno degli avvertimenti.<\/span><\/p>\n<p><a href=\"https:\/\/www.filastrocche.it\/contenuti\/wp-content\/uploads\/2011\/06\/riga_fiori.jpg\"><img decoding=\"async\" class=\"aligncenter\" title=\"riga_fiori\" src=\"https:\/\/www.filastrocche.it\/contenuti\/wp-content\/uploads\/2011\/06\/riga_fiori.jpg\" alt=\"\"   \/><\/a><\/p>\n<p><span ><strong><span >Le origini dello <\/span><span >Scioglilingua<br \/>\n<\/span><\/strong><\/span><span >Con il termine scioglilingua s&#8217;indicano giochi di parole, combinati, spesso ricorrendo a iati e allitterazioni e comunque difficili da pronunciare, talvolta anche privi di senso e che debbono essere recitati rapidamente.<br \/>\nDuplice il loro scopo, servendo alcuni da esercizi glottici per vincere difficolt\u00e0 di pronuncia e disimpacciare la lingua; altri per imbarazzare, trarre in fallo e far esprimere spropositi ridicoli, nel recitarne il testo.<br \/>\nNel primo caso prendono il nome di <em> scioglilingua<\/em> o <em>sveglialingua<\/em>; nel secondo di <em> farfalloni<\/em> o <em>bisticci<\/em>.<\/span><\/p>\n<p><a href=\"https:\/\/www.filastrocche.it\/contenuti\/wp-content\/uploads\/2011\/06\/riga_fiori.jpg\"><img decoding=\"async\" class=\"aligncenter\" title=\"riga_fiori\" src=\"https:\/\/www.filastrocche.it\/contenuti\/wp-content\/uploads\/2011\/06\/riga_fiori.jpg\" alt=\"\"   \/><\/a><\/p>\n<p><strong><span >Le origini della Conta<br \/>\n<\/span><\/strong><span >Nel gioco, o anche il altre occasioni in cui si debba estrarre a sorte fra i componenti di un gruppo, <em> &#8220;fare al tocco&#8221;<\/em> o <em> &#8220;a chi tocca&#8221;<\/em>, significa designare quello tra i presenti che dovr\u00e0 fare una determinata cosa, affidando la scelta alla sorte;<br \/>\nl&#8217;origine del gioco \u00e8 toscana e di solito si procede cos\u00ec: ciascuno dei presenti, disposti in cerchio, allunga la mano aprendo quante dita vuole; uno fa la somma di tutte le dita presentate e poi conta fra i partecipanti fino ad arrivare a quel numero ; colui che viene toccato per ultimo \u00e8 il designato.<br \/>\nFuori dall&#8217;uso toscano si dice anche <em> &#8220;fare il conto&#8221;<\/em>, <em> &#8220;fare a la conta&#8221;<\/em> o <em> &#8220;alla conta&#8221;<\/em>.<\/span><\/p>\n<p><a href=\"https:\/\/www.filastrocche.it\/contenuti\/wp-content\/uploads\/2011\/06\/riga_fiori.jpg\"><img decoding=\"async\" class=\"aligncenter\" title=\"riga_fiori\" src=\"https:\/\/www.filastrocche.it\/contenuti\/wp-content\/uploads\/2011\/06\/riga_fiori.jpg\" alt=\"\"   \/><\/a><\/p>\n<p><span ><strong>Le origini dell&#8217;Indovinello<br \/>\n<\/strong><\/span><span >Si chiama pi\u00f9 comunemente con questo nome l&#8217;enigma popolare, breve, riferentesi a cose comunissime.<br \/>\nL&#8217;indovinello popolare ha generalmente struttura metrica e comincia con una formula che varia da luogo a luogo ( <em> &#8220;Indovina, indovinaglia&#8221;<\/em> in Sicilia; <em> &#8220;Cosa, cosella&#8221;<\/em> in Lucania; <em> &#8220;Devine, devinaille&#8221;<\/em> in Bretagna; <em> &#8220;Adivina, adivinanza&#8221;<\/em> in Andalusia; ecc.).<br \/>\nA seconda del tipo si chiama: <em>dubbio<\/em>, quando contiene molteplici proposte e risposte; <em>acchiapparello<\/em>, quando serve ad &#8220;acchiappare&#8221; (burlare) con una seconda proposta a chi ha fatto la prima; <em>passerotto<\/em>, quando fa pensare l&#8217;interrogato a tante cose diverse, mentre la risposta \u00e8 semplice e naturale.<br \/>\nComunemente \u00e8 descrittivo, ma pu\u00f2 essere anche narrativo (indovinello-storia), e nell&#8217;una e nell&#8217;altra forma pu\u00f2 trovarsi intercalato in un racconto, in una facezia, in una fiaba, se pure il racconto non abbia come motivo centrale l&#8217;indovinello stesso e la sua soluzione.<br \/>\nL&#8217;uso di questo componimento \u00e8 universale, presso i popoli antichi e gli odierni, ma non sempre ha carattere di divertimento.<br \/>\nDa alcune tradizioni popolari si rileva che agl&#8217;indovinelli venne talvolta attribuito un carattere ordalico, onde la soluzione faceva guadagnare la vita al condannato a morte, ottenere una sposa d&#8217;alto lignaggio a un uomo povero o di modesti natali e cos\u00ec via.<br \/>\nL&#8217;origine dell&#8217;indovinello \u00e8 oscura; la si pu\u00f2 far risalire al periodo mitico dell&#8217;umanit\u00e0, quando alcune espressioni relative a fatti e fenomeni naturali avrebbero acquistato significato simbolico col passare di bocca in bocca e di generazione in generazione. <\/span><\/p>\n","protected":false},"excerpt":{"rendered":"<p>&#8220;C&#8217;era una volta un re seduto sul sof\u00e0 che disse alla sua serva raccontami una storia e la storia incominci\u00f2\u2026&#8221; La storia che stiamo per raccontarvi riguarda la nascita della filastrocca, della conta, della ninna nanna; dei suoi albori e di come tanto tempo fa i fanciulli si divertissero a giocare con gli scioglilingua e [&hellip;]<\/p>\n","protected":false},"author":5,"featured_media":0,"parent":0,"menu_order":0,"comment_status":"open","ping_status":"open","template":"","meta":{"footnotes":""},"class_list":["post-16751","page","type-page","status-publish","hentry","lingua-italiano","scopo-intrattenimento"],"yoast_head":"<!-- This site is optimized with the Yoast SEO plugin v26.2 - https:\/\/yoast.com\/wordpress\/plugins\/seo\/ -->\n<title>Storia e origini delle Filastrocche, conte, ninna nanne... - I testi della tradizione di Filastrocche.it<\/title>\n<meta name=\"description\" content=\"Storia e origini delle Filastrocche, conte, ninna nanne...\" \/>\n<meta name=\"robots\" content=\"index, follow, max-snippet:-1, max-image-preview:large, max-video-preview:-1\" \/>\n<link rel=\"canonical\" href=\"https:\/\/www.filastrocche.it\/contenuti\/storia\/\" \/>\n<meta property=\"og:locale\" content=\"it_IT\" \/>\n<meta property=\"og:type\" content=\"article\" \/>\n<meta property=\"og:title\" content=\"Storia e origini delle Filastrocche, conte, ninna nanne... - I testi della tradizione di Filastrocche.it\" \/>\n<meta property=\"og:description\" content=\"Storia e origini delle Filastrocche, conte, ninna nanne...\" \/>\n<meta property=\"og:url\" content=\"https:\/\/www.filastrocche.it\/contenuti\/storia\/\" \/>\n<meta property=\"og:site_name\" content=\"I testi della tradizione di Filastrocche.it\" \/>\n<meta property=\"article:modified_time\" content=\"2012-10-29T16:40:25+00:00\" \/>\n<meta property=\"og:image\" content=\"https:\/\/www.filastrocche.it\/contenuti\/wp-content\/uploads\/2011\/06\/riga_fiori.jpg\" \/>\n<meta name=\"twitter:label1\" content=\"Tempo di lettura stimato\" \/>\n\t<meta name=\"twitter:data1\" content=\"4 minuti\" \/>\n<!-- \/ Yoast SEO plugin. -->","yoast_head_json":{"title":"Storia e origini delle Filastrocche, conte, ninna nanne... - I testi della tradizione di Filastrocche.it","description":"Storia e origini delle Filastrocche, conte, ninna nanne...","robots":{"index":"index","follow":"follow","max-snippet":"max-snippet:-1","max-image-preview":"max-image-preview:large","max-video-preview":"max-video-preview:-1"},"canonical":"https:\/\/www.filastrocche.it\/contenuti\/storia\/","og_locale":"it_IT","og_type":"article","og_title":"Storia e origini delle Filastrocche, conte, ninna nanne... - I testi della tradizione di Filastrocche.it","og_description":"Storia e origini delle Filastrocche, conte, ninna nanne...","og_url":"https:\/\/www.filastrocche.it\/contenuti\/storia\/","og_site_name":"I testi della tradizione di Filastrocche.it","article_modified_time":"2012-10-29T16:40:25+00:00","og_image":[{"url":"https:\/\/www.filastrocche.it\/contenuti\/wp-content\/uploads\/2011\/06\/riga_fiori.jpg","type":"","width":"","height":""}],"twitter_misc":{"Tempo di lettura stimato":"4 minuti"},"schema":{"@context":"https:\/\/schema.org","@graph":[{"@type":"WebPage","@id":"https:\/\/www.filastrocche.it\/contenuti\/storia\/","url":"https:\/\/www.filastrocche.it\/contenuti\/storia\/","name":"Storia e origini delle Filastrocche, conte, ninna nanne... - I testi della tradizione di Filastrocche.it","isPartOf":{"@id":"https:\/\/www.filastrocche.it\/contenuti\/#website"},"primaryImageOfPage":{"@id":"https:\/\/www.filastrocche.it\/contenuti\/storia\/#primaryimage"},"image":{"@id":"https:\/\/www.filastrocche.it\/contenuti\/storia\/#primaryimage"},"thumbnailUrl":"https:\/\/www.filastrocche.it\/contenuti\/wp-content\/uploads\/2011\/06\/riga_fiori.jpg","datePublished":"2011-06-17T14:18:34+00:00","dateModified":"2012-10-29T16:40:25+00:00","description":"Storia e origini delle Filastrocche, conte, ninna nanne...","breadcrumb":{"@id":"https:\/\/www.filastrocche.it\/contenuti\/storia\/#breadcrumb"},"inLanguage":"it-IT","potentialAction":[{"@type":"ReadAction","target":["https:\/\/www.filastrocche.it\/contenuti\/storia\/"]}]},{"@type":"ImageObject","inLanguage":"it-IT","@id":"https:\/\/www.filastrocche.it\/contenuti\/storia\/#primaryimage","url":"https:\/\/www.filastrocche.it\/contenuti\/wp-content\/uploads\/2011\/06\/riga_fiori.jpg","contentUrl":"https:\/\/www.filastrocche.it\/contenuti\/wp-content\/uploads\/2011\/06\/riga_fiori.jpg","width":"350","height":"60"},{"@type":"BreadcrumbList","@id":"https:\/\/www.filastrocche.it\/contenuti\/storia\/#breadcrumb","itemListElement":[{"@type":"ListItem","position":1,"name":"Home","item":"https:\/\/www.filastrocche.it\/contenuti\/"},{"@type":"ListItem","position":2,"name":"Storia e origini delle Filastrocche, conte, ninna nanne&#8230;"}]},{"@type":"WebSite","@id":"https:\/\/www.filastrocche.it\/contenuti\/#website","url":"https:\/\/www.filastrocche.it\/contenuti\/","name":"I testi della tradizione di Filastrocche.it","description":"Filastrocche, fiabe, canzoni e...","potentialAction":[{"@type":"SearchAction","target":{"@type":"EntryPoint","urlTemplate":"https:\/\/www.filastrocche.it\/contenuti\/?s={search_term_string}"},"query-input":{"@type":"PropertyValueSpecification","valueRequired":true,"valueName":"search_term_string"}}],"inLanguage":"it-IT"}]}},"_links":{"self":[{"href":"https:\/\/www.filastrocche.it\/contenuti\/wp-json\/wp\/v2\/pages\/16751","targetHints":{"allow":["GET"]}}],"collection":[{"href":"https:\/\/www.filastrocche.it\/contenuti\/wp-json\/wp\/v2\/pages"}],"about":[{"href":"https:\/\/www.filastrocche.it\/contenuti\/wp-json\/wp\/v2\/types\/page"}],"author":[{"embeddable":true,"href":"https:\/\/www.filastrocche.it\/contenuti\/wp-json\/wp\/v2\/users\/5"}],"replies":[{"embeddable":true,"href":"https:\/\/www.filastrocche.it\/contenuti\/wp-json\/wp\/v2\/comments?post=16751"}],"version-history":[{"count":0,"href":"https:\/\/www.filastrocche.it\/contenuti\/wp-json\/wp\/v2\/pages\/16751\/revisions"}],"wp:attachment":[{"href":"https:\/\/www.filastrocche.it\/contenuti\/wp-json\/wp\/v2\/media?parent=16751"}],"curies":[{"name":"wp","href":"https:\/\/api.w.org\/{rel}","templated":true}]}}