{"id":52457,"date":"2012-06-02T15:20:47","date_gmt":"2012-06-02T15:20:47","guid":{"rendered":"https:\/\/www.filastrocche.it\/contenuti\/?page_id=52457"},"modified":"2012-07-13T11:21:45","modified_gmt":"2012-07-13T11:21:45","slug":"le-classi-multietniche-sono-un-arricchimento","status":"publish","type":"page","link":"https:\/\/www.filastrocche.it\/contenuti\/dicono-di-noi\/rassegna-stampa-dellanno-2011\/le-classi-multietniche-sono-un-arricchimento\/","title":{"rendered":"&#8220;Le classi multietniche? Sono un arricchimento&#8221;"},"content":{"rendered":"<p><span >L&#8217;angolo delle mamme<br \/>\n<\/span><span ><em>Testo: Jolanda Restano<\/em><br \/>\nDa &#8220;La Stampa&#8221; &#8211;\u00a0 Pag 54 &#8211; 14 Gennaio 2011<\/span><strong><span ><br \/>\n<\/span><br \/>\n<\/strong><\/p>\n<p ><span ><br \/>\n<img decoding=\"async\" src=\"..\/..\/immagini\/articoli\/2011\/la_stampa_14012011.jpg\" alt=\"\" align=\"left\" border=\"0\" \/>Da vercellese trapiantata a Milano, vivo a un passo dal Parco Sempione, in quella che viene sempre pi\u00f9 spesso chiamata &#8220;La Chinatown milanese&#8221;. Al momento dell&#8217;iscrizione della mia primogenita in prima elementare, come tante mamme, ho cercato di informarmi su qual era la situazione &#8220;scuola&#8221; nel mio quartiere. All&#8217;epoca la Gelmini non era ancora apparsa all&#8217;orizzonte e la scuola primaria pubblica italiana, organizzata col tempo pieno, era ai primi posti nella classifica che metteva a confronto le scuole primarie pubbliche d&#8217;Europa.<br \/>\nMa ugualmente nel mio quartiere molte mamme erano timorose: in classe ci sono i cinesi!<br \/>\nCerto, vivendo in un quartiere ad alta densit\u00e0 di famiglie provenienti dalla Cina, \u00e8 abbastanza ovvio che tra gli iscritti a scuola ci siano anche un bel po&#8217; di cinesini. Ma non mancano anche bambini provenienti da tanti altri paesi.<br \/>\nI dubbi erano (e sono spesso ancora oggi) quelli che sorgono intorno alle cose che non si conoscono e il maggior timore era che la classe sarebbe stata rallentata, avendo all&#8217;interno bambini di tante nazionalit\u00e0 diverse.<br \/>\nDopo diversi anni di frequentazione e ben tre figli alle scuole elementari, vi posso assicurare che il problema non sussiste. Anzi.<br \/>\nI bambini non fanno troppe differenze, si sentono uguali tra loro (almeno finch\u00e9 non siamo noi grandi ad insegnar loro, purtroppo, &#8220;le differenze&#8221;).E si integrano benissimo. Magari qualche straniero all&#8217;inizio avr\u00e0 qualche difficolt\u00e0 in pi\u00f9, ma i compagni impareranno a collaborare e ad aiutarsi tra loro. Capiranno che esistono realt\u00e0 diverse, diversi modi di pensare e comportarsi. Conosceranno culture differenti, le confronteranno con la loro\u2026 Il che, a mio parere, si traduce in un arricchimento che li accompagner\u00e0 per tutta la vita.<\/span><\/p>\n<p ><em><br \/>\n<span >Jolanda Restano &#8211; Mamma fondatrice di Filastrocche.it<\/span><\/em><\/p>\n<p ><span ><br \/>\n<a href=\"http:\/\/filastrocche.it\/articoli\/pdf\/2011\/la_stampa_14012011.pdf\">Scarica il pdf dell&#8217;articolo<\/a><\/span><\/p>\n<p >\n<p >\n","protected":false},"excerpt":{"rendered":"<p>L&#8217;angolo delle mamme Testo: Jolanda Restano Da &#8220;La Stampa&#8221; &#8211;\u00a0 Pag 54 &#8211; 14 Gennaio 2011 Da vercellese trapiantata a Milano, vivo a un passo dal Parco Sempione, in quella che viene sempre pi\u00f9 spesso chiamata &#8220;La Chinatown milanese&#8221;. Al momento dell&#8217;iscrizione della mia primogenita in prima elementare, come tante mamme, ho cercato di informarmi [&hellip;]<\/p>\n","protected":false},"author":17,"featured_media":0,"parent":52435,"menu_order":0,"comment_status":"open","ping_status":"closed","template":"","meta":{"footnotes":""},"class_list":["post-52457","page","type-page","status-publish","hentry"],"yoast_head":"<!-- This site is optimized with the Yoast SEO plugin v26.2 - https:\/\/yoast.com\/wordpress\/plugins\/seo\/ -->\n<title>&quot;Le classi multietniche? Sono un arricchimento&quot; - I testi della tradizione di Filastrocche.it<\/title>\n<meta name=\"robots\" content=\"index, follow, max-snippet:-1, max-image-preview:large, max-video-preview:-1\" \/>\n<link rel=\"canonical\" href=\"https:\/\/www.filastrocche.it\/contenuti\/dicono-di-noi\/rassegna-stampa-dellanno-2011\/le-classi-multietniche-sono-un-arricchimento\/\" \/>\n<meta property=\"og:locale\" content=\"it_IT\" \/>\n<meta property=\"og:type\" content=\"article\" \/>\n<meta property=\"og:title\" content=\"&quot;Le classi multietniche? Sono un arricchimento&quot; - I testi della tradizione di Filastrocche.it\" \/>\n<meta property=\"og:description\" content=\"L&#8217;angolo delle mamme Testo: Jolanda Restano Da &#8220;La Stampa&#8221; &#8211;\u00a0 Pag 54 &#8211; 14 Gennaio 2011 Da vercellese trapiantata a Milano, vivo a un passo dal Parco Sempione, in quella che viene sempre pi\u00f9 spesso chiamata &#8220;La Chinatown milanese&#8221;. Al momento dell&#8217;iscrizione della mia primogenita in prima elementare, come tante mamme, ho cercato di informarmi [&hellip;]\" \/>\n<meta property=\"og:url\" content=\"https:\/\/www.filastrocche.it\/contenuti\/dicono-di-noi\/rassegna-stampa-dellanno-2011\/le-classi-multietniche-sono-un-arricchimento\/\" \/>\n<meta property=\"og:site_name\" content=\"I testi della tradizione di Filastrocche.it\" \/>\n<meta property=\"article:modified_time\" content=\"2012-07-13T11:21:45+00:00\" \/>\n<meta property=\"og:image\" content=\"http:\/\/..\/..\/immagini\/articoli\/2011\/la_stampa_14012011.jpg\" \/>\n<meta name=\"twitter:label1\" content=\"Tempo di lettura stimato\" \/>\n\t<meta name=\"twitter:data1\" content=\"2 minuti\" \/>\n<!-- \/ Yoast SEO plugin. -->","yoast_head_json":{"title":"\"Le classi multietniche? Sono un arricchimento\" - I testi della tradizione di Filastrocche.it","robots":{"index":"index","follow":"follow","max-snippet":"max-snippet:-1","max-image-preview":"max-image-preview:large","max-video-preview":"max-video-preview:-1"},"canonical":"https:\/\/www.filastrocche.it\/contenuti\/dicono-di-noi\/rassegna-stampa-dellanno-2011\/le-classi-multietniche-sono-un-arricchimento\/","og_locale":"it_IT","og_type":"article","og_title":"\"Le classi multietniche? Sono un arricchimento\" - I testi della tradizione di Filastrocche.it","og_description":"L&#8217;angolo delle mamme Testo: Jolanda Restano Da &#8220;La Stampa&#8221; &#8211;\u00a0 Pag 54 &#8211; 14 Gennaio 2011 Da vercellese trapiantata a Milano, vivo a un passo dal Parco Sempione, in quella che viene sempre pi\u00f9 spesso chiamata &#8220;La Chinatown milanese&#8221;. Al momento dell&#8217;iscrizione della mia primogenita in prima elementare, come tante mamme, ho cercato di informarmi [&hellip;]","og_url":"https:\/\/www.filastrocche.it\/contenuti\/dicono-di-noi\/rassegna-stampa-dellanno-2011\/le-classi-multietniche-sono-un-arricchimento\/","og_site_name":"I testi della tradizione di Filastrocche.it","article_modified_time":"2012-07-13T11:21:45+00:00","og_image":[{"url":"..\/..\/immagini\/articoli\/2011\/la_stampa_14012011.jpg","type":"","width":"","height":""}],"twitter_misc":{"Tempo di lettura stimato":"2 minuti"},"schema":{"@context":"https:\/\/schema.org","@graph":[{"@type":"WebPage","@id":"https:\/\/www.filastrocche.it\/contenuti\/dicono-di-noi\/rassegna-stampa-dellanno-2011\/le-classi-multietniche-sono-un-arricchimento\/","url":"https:\/\/www.filastrocche.it\/contenuti\/dicono-di-noi\/rassegna-stampa-dellanno-2011\/le-classi-multietniche-sono-un-arricchimento\/","name":"\"Le classi multietniche? Sono un arricchimento\" - I testi della tradizione di Filastrocche.it","isPartOf":{"@id":"https:\/\/www.filastrocche.it\/contenuti\/#website"},"datePublished":"2012-06-02T15:20:47+00:00","dateModified":"2012-07-13T11:21:45+00:00","breadcrumb":{"@id":"https:\/\/www.filastrocche.it\/contenuti\/dicono-di-noi\/rassegna-stampa-dellanno-2011\/le-classi-multietniche-sono-un-arricchimento\/#breadcrumb"},"inLanguage":"it-IT","potentialAction":[{"@type":"ReadAction","target":["https:\/\/www.filastrocche.it\/contenuti\/dicono-di-noi\/rassegna-stampa-dellanno-2011\/le-classi-multietniche-sono-un-arricchimento\/"]}]},{"@type":"BreadcrumbList","@id":"https:\/\/www.filastrocche.it\/contenuti\/dicono-di-noi\/rassegna-stampa-dellanno-2011\/le-classi-multietniche-sono-un-arricchimento\/#breadcrumb","itemListElement":[{"@type":"ListItem","position":1,"name":"Home","item":"https:\/\/www.filastrocche.it\/contenuti\/"},{"@type":"ListItem","position":2,"name":"Dicono di noi","item":"https:\/\/www.filastrocche.it\/contenuti\/dicono-di-noi\/"},{"@type":"ListItem","position":3,"name":"Rassegna stampa dell&#8217;anno 2011","item":"https:\/\/www.filastrocche.it\/contenuti\/dicono-di-noi\/rassegna-stampa-dellanno-2011\/"},{"@type":"ListItem","position":4,"name":"&#8220;Le classi multietniche? Sono un arricchimento&#8221;"}]},{"@type":"WebSite","@id":"https:\/\/www.filastrocche.it\/contenuti\/#website","url":"https:\/\/www.filastrocche.it\/contenuti\/","name":"I testi della tradizione di Filastrocche.it","description":"Filastrocche, fiabe, canzoni e...","potentialAction":[{"@type":"SearchAction","target":{"@type":"EntryPoint","urlTemplate":"https:\/\/www.filastrocche.it\/contenuti\/?s={search_term_string}"},"query-input":{"@type":"PropertyValueSpecification","valueRequired":true,"valueName":"search_term_string"}}],"inLanguage":"it-IT"}]}},"_links":{"self":[{"href":"https:\/\/www.filastrocche.it\/contenuti\/wp-json\/wp\/v2\/pages\/52457","targetHints":{"allow":["GET"]}}],"collection":[{"href":"https:\/\/www.filastrocche.it\/contenuti\/wp-json\/wp\/v2\/pages"}],"about":[{"href":"https:\/\/www.filastrocche.it\/contenuti\/wp-json\/wp\/v2\/types\/page"}],"author":[{"embeddable":true,"href":"https:\/\/www.filastrocche.it\/contenuti\/wp-json\/wp\/v2\/users\/17"}],"replies":[{"embeddable":true,"href":"https:\/\/www.filastrocche.it\/contenuti\/wp-json\/wp\/v2\/comments?post=52457"}],"version-history":[{"count":0,"href":"https:\/\/www.filastrocche.it\/contenuti\/wp-json\/wp\/v2\/pages\/52457\/revisions"}],"up":[{"embeddable":true,"href":"https:\/\/www.filastrocche.it\/contenuti\/wp-json\/wp\/v2\/pages\/52435"}],"wp:attachment":[{"href":"https:\/\/www.filastrocche.it\/contenuti\/wp-json\/wp\/v2\/media?parent=52457"}],"curies":[{"name":"wp","href":"https:\/\/api.w.org\/{rel}","templated":true}]}}