{"id":52587,"date":"2012-06-04T14:27:29","date_gmt":"2012-06-04T14:27:29","guid":{"rendered":"https:\/\/www.filastrocche.it\/contenuti\/?page_id=52587"},"modified":"2012-07-13T11:20:06","modified_gmt":"2012-07-13T11:20:06","slug":"nel-paese-dei-tecno-balocchi","status":"publish","type":"page","link":"https:\/\/www.filastrocche.it\/contenuti\/dicono-di-noi\/rassegna-stampa-dellanno-2010\/nel-paese-dei-tecno-balocchi\/","title":{"rendered":"Nel paese dei TECNO balocchi"},"content":{"rendered":"<p><span >Le favole? Si leggono sull&#8217;iPad o su Facebook. Le costruzioni? si animano grazie ad un software. E perfino il caro, vecchio Monopoly&#8230;<\/span><\/p>\n<p><em>Testo: Carla Serra<\/em><br \/>\nDa &#8220;GRAZIA&#8221; &#8211; Numero 42 &#8211; 18 Ottobre 2010<\/p>\n<p>&nbsp;<\/p>\n<p><img decoding=\"async\" class=\"alignleft\" src=\"https:\/\/www.filastrocche.it\/immagini\/articoli\/2010\/grazia_42_18102010.jpg\" alt=\"\" border=\"0\" \/><\/p>\n<p>&#8230;<\/p>\n<p>8) UN LIBO MAGICO: 365 titoli classici, in italiano e in inglese, con effetti sonori a portata di touch screen. &#8220;iFiabe&#8221; \u00e8 l&#8217;applicazione ideata da Filastrocche.it per iPhone e iPad. Non \u00e8 uno strumento da dare nelle mani dei pi\u00f9 piccoli, ma aiuta i genitori a raccontare le storie, a commentarle e a personalizzarle. (<a href=\"https:\/\/www.filastrocche.it\">www.filastrocche.it<\/a>)<\/p>\n<p>&#8230;<\/p>\n<p><a href=\"http:\/\/filastrocche.it\/articoli\/pdf\/2010\/grazia_42_18102010.pdf\" target=\"_blank\">Scarica il pdf dell&#8217;articolo<\/a><\/p>\n","protected":false},"excerpt":{"rendered":"<p>Le favole? Si leggono sull&#8217;iPad o su Facebook. Le costruzioni? si animano grazie ad un software. E perfino il caro, vecchio Monopoly&#8230; Testo: Carla Serra Da &#8220;GRAZIA&#8221; &#8211; Numero 42 &#8211; 18 Ottobre 2010 &nbsp; &#8230; 8) UN LIBO MAGICO: 365 titoli classici, in italiano e in inglese, con effetti sonori a portata di touch [&hellip;]<\/p>\n","protected":false},"author":17,"featured_media":0,"parent":52491,"menu_order":0,"comment_status":"open","ping_status":"open","template":"","meta":{"footnotes":""},"class_list":["post-52587","page","type-page","status-publish","hentry"],"yoast_head":"<!-- This site is optimized with the Yoast SEO plugin v26.2 - https:\/\/yoast.com\/wordpress\/plugins\/seo\/ -->\n<title>Nel paese dei TECNO balocchi - I testi della tradizione di Filastrocche.it<\/title>\n<meta name=\"robots\" content=\"index, follow, max-snippet:-1, max-image-preview:large, max-video-preview:-1\" \/>\n<link rel=\"canonical\" href=\"https:\/\/www.filastrocche.it\/contenuti\/dicono-di-noi\/rassegna-stampa-dellanno-2010\/nel-paese-dei-tecno-balocchi\/\" \/>\n<meta property=\"og:locale\" content=\"it_IT\" \/>\n<meta property=\"og:type\" content=\"article\" \/>\n<meta property=\"og:title\" content=\"Nel paese dei TECNO balocchi - I testi della tradizione di Filastrocche.it\" \/>\n<meta property=\"og:description\" content=\"Le favole? Si leggono sull&#8217;iPad o su Facebook. Le costruzioni? si animano grazie ad un software. E perfino il caro, vecchio Monopoly&#8230; Testo: Carla Serra Da &#8220;GRAZIA&#8221; &#8211; Numero 42 &#8211; 18 Ottobre 2010 &nbsp; &#8230; 8) UN LIBO MAGICO: 365 titoli classici, in italiano e in inglese, con effetti sonori a portata di touch [&hellip;]\" \/>\n<meta property=\"og:url\" content=\"https:\/\/www.filastrocche.it\/contenuti\/dicono-di-noi\/rassegna-stampa-dellanno-2010\/nel-paese-dei-tecno-balocchi\/\" \/>\n<meta property=\"og:site_name\" content=\"I testi della tradizione di Filastrocche.it\" \/>\n<meta property=\"article:modified_time\" content=\"2012-07-13T11:20:06+00:00\" \/>\n<meta property=\"og:image\" content=\"https:\/\/www.filastrocche.it\/immagini\/articoli\/2010\/grazia_42_18102010.jpg\" \/>\n<!-- \/ Yoast SEO plugin. -->","yoast_head_json":{"title":"Nel paese dei TECNO balocchi - I testi della tradizione di Filastrocche.it","robots":{"index":"index","follow":"follow","max-snippet":"max-snippet:-1","max-image-preview":"max-image-preview:large","max-video-preview":"max-video-preview:-1"},"canonical":"https:\/\/www.filastrocche.it\/contenuti\/dicono-di-noi\/rassegna-stampa-dellanno-2010\/nel-paese-dei-tecno-balocchi\/","og_locale":"it_IT","og_type":"article","og_title":"Nel paese dei TECNO balocchi - I testi della tradizione di Filastrocche.it","og_description":"Le favole? Si leggono sull&#8217;iPad o su Facebook. Le costruzioni? si animano grazie ad un software. E perfino il caro, vecchio Monopoly&#8230; Testo: Carla Serra Da &#8220;GRAZIA&#8221; &#8211; Numero 42 &#8211; 18 Ottobre 2010 &nbsp; &#8230; 8) UN LIBO MAGICO: 365 titoli classici, in italiano e in inglese, con effetti sonori a portata di touch [&hellip;]","og_url":"https:\/\/www.filastrocche.it\/contenuti\/dicono-di-noi\/rassegna-stampa-dellanno-2010\/nel-paese-dei-tecno-balocchi\/","og_site_name":"I testi della tradizione di Filastrocche.it","article_modified_time":"2012-07-13T11:20:06+00:00","og_image":[{"url":"https:\/\/www.filastrocche.it\/immagini\/articoli\/2010\/grazia_42_18102010.jpg","type":"","width":"","height":""}],"schema":{"@context":"https:\/\/schema.org","@graph":[{"@type":"WebPage","@id":"https:\/\/www.filastrocche.it\/contenuti\/dicono-di-noi\/rassegna-stampa-dellanno-2010\/nel-paese-dei-tecno-balocchi\/","url":"https:\/\/www.filastrocche.it\/contenuti\/dicono-di-noi\/rassegna-stampa-dellanno-2010\/nel-paese-dei-tecno-balocchi\/","name":"Nel paese dei TECNO balocchi - I testi della tradizione di Filastrocche.it","isPartOf":{"@id":"https:\/\/www.filastrocche.it\/contenuti\/#website"},"primaryImageOfPage":{"@id":"https:\/\/www.filastrocche.it\/contenuti\/dicono-di-noi\/rassegna-stampa-dellanno-2010\/nel-paese-dei-tecno-balocchi\/#primaryimage"},"image":{"@id":"https:\/\/www.filastrocche.it\/contenuti\/dicono-di-noi\/rassegna-stampa-dellanno-2010\/nel-paese-dei-tecno-balocchi\/#primaryimage"},"thumbnailUrl":"https:\/\/www.filastrocche.it\/immagini\/articoli\/2010\/grazia_42_18102010.jpg","datePublished":"2012-06-04T14:27:29+00:00","dateModified":"2012-07-13T11:20:06+00:00","breadcrumb":{"@id":"https:\/\/www.filastrocche.it\/contenuti\/dicono-di-noi\/rassegna-stampa-dellanno-2010\/nel-paese-dei-tecno-balocchi\/#breadcrumb"},"inLanguage":"it-IT","potentialAction":[{"@type":"ReadAction","target":["https:\/\/www.filastrocche.it\/contenuti\/dicono-di-noi\/rassegna-stampa-dellanno-2010\/nel-paese-dei-tecno-balocchi\/"]}]},{"@type":"ImageObject","inLanguage":"it-IT","@id":"https:\/\/www.filastrocche.it\/contenuti\/dicono-di-noi\/rassegna-stampa-dellanno-2010\/nel-paese-dei-tecno-balocchi\/#primaryimage","url":"https:\/\/www.filastrocche.it\/immagini\/articoli\/2010\/grazia_42_18102010.jpg","contentUrl":"https:\/\/www.filastrocche.it\/immagini\/articoli\/2010\/grazia_42_18102010.jpg"},{"@type":"BreadcrumbList","@id":"https:\/\/www.filastrocche.it\/contenuti\/dicono-di-noi\/rassegna-stampa-dellanno-2010\/nel-paese-dei-tecno-balocchi\/#breadcrumb","itemListElement":[{"@type":"ListItem","position":1,"name":"Home","item":"https:\/\/www.filastrocche.it\/contenuti\/"},{"@type":"ListItem","position":2,"name":"Dicono di noi","item":"https:\/\/www.filastrocche.it\/contenuti\/dicono-di-noi\/"},{"@type":"ListItem","position":3,"name":"Rassegna stampa dell&#8217;anno 2010","item":"https:\/\/www.filastrocche.it\/contenuti\/dicono-di-noi\/rassegna-stampa-dellanno-2010\/"},{"@type":"ListItem","position":4,"name":"Nel paese dei TECNO balocchi"}]},{"@type":"WebSite","@id":"https:\/\/www.filastrocche.it\/contenuti\/#website","url":"https:\/\/www.filastrocche.it\/contenuti\/","name":"I testi della tradizione di Filastrocche.it","description":"Filastrocche, fiabe, canzoni e...","potentialAction":[{"@type":"SearchAction","target":{"@type":"EntryPoint","urlTemplate":"https:\/\/www.filastrocche.it\/contenuti\/?s={search_term_string}"},"query-input":{"@type":"PropertyValueSpecification","valueRequired":true,"valueName":"search_term_string"}}],"inLanguage":"it-IT"}]}},"_links":{"self":[{"href":"https:\/\/www.filastrocche.it\/contenuti\/wp-json\/wp\/v2\/pages\/52587","targetHints":{"allow":["GET"]}}],"collection":[{"href":"https:\/\/www.filastrocche.it\/contenuti\/wp-json\/wp\/v2\/pages"}],"about":[{"href":"https:\/\/www.filastrocche.it\/contenuti\/wp-json\/wp\/v2\/types\/page"}],"author":[{"embeddable":true,"href":"https:\/\/www.filastrocche.it\/contenuti\/wp-json\/wp\/v2\/users\/17"}],"replies":[{"embeddable":true,"href":"https:\/\/www.filastrocche.it\/contenuti\/wp-json\/wp\/v2\/comments?post=52587"}],"version-history":[{"count":0,"href":"https:\/\/www.filastrocche.it\/contenuti\/wp-json\/wp\/v2\/pages\/52587\/revisions"}],"up":[{"embeddable":true,"href":"https:\/\/www.filastrocche.it\/contenuti\/wp-json\/wp\/v2\/pages\/52491"}],"wp:attachment":[{"href":"https:\/\/www.filastrocche.it\/contenuti\/wp-json\/wp\/v2\/media?parent=52587"}],"curies":[{"name":"wp","href":"https:\/\/api.w.org\/{rel}","templated":true}]}}