{"id":52621,"date":"2012-06-05T13:02:58","date_gmt":"2012-06-05T13:02:58","guid":{"rendered":"https:\/\/www.filastrocche.it\/contenuti\/?page_id=52621"},"modified":"2012-07-13T11:18:52","modified_gmt":"2012-07-13T11:18:52","slug":"www-news-it","status":"publish","type":"page","link":"https:\/\/www.filastrocche.it\/contenuti\/dicono-di-noi\/rassegna-stampa-dellanno-2010\/www-news-it\/","title":{"rendered":"WWW.news.it"},"content":{"rendered":"<p><span ><em>di Isabella Fava<\/em><\/span><\/p>\n<p>Da &#8220;Donna Moderna&#8221; &#8211; Anno XXIII &#8211; Numero 42 &#8211; 20 Ottobre 2010<strong><\/strong><\/p>\n<p>&nbsp;<\/p>\n<p><img decoding=\"async\" class=\"alignleft\" src=\"https:\/\/www.filastrocche.it\/immagini\/articoli\/2010\/donna_moderna_XXIII_42_20102010_copertina.jpg\" alt=\"\" border=\"0\" \/><\/p>\n<p>Ultimissime dal mondo Internet. Tutto quello che \u00e8 importatnte sapere per essere aggiornati sui fenomeni, le tendenze e i personaggi della Rete.<\/p>\n<p>www.filastrocche.it<\/p>\n<p>Per i genitori disperati ecco il pronto soccorso fiabe. Si chiama iFiabe ed \u00e8 un&#8217;applicazione per iPhone e iPad. Propone ogni giorno una favola diversa, con la possibilit\u00e0 di personalizzarla inserendo i nomi dei bambini. Se non \u00e8 magia questa&#8230;<\/p>\n<p>&nbsp;<\/p>\n<p><a href=\"http:\/\/filastrocche.it\/articoli\/pdf\/2010\/donna_moderna_XXIII_42_20102010.pdf\" target=\"_blank\">Scarica il pdf dell&#8217;articolo<\/a><\/p>\n","protected":false},"excerpt":{"rendered":"<p>di Isabella Fava Da &#8220;Donna Moderna&#8221; &#8211; Anno XXIII &#8211; Numero 42 &#8211; 20 Ottobre 2010 &nbsp; Ultimissime dal mondo Internet. Tutto quello che \u00e8 importatnte sapere per essere aggiornati sui fenomeni, le tendenze e i personaggi della Rete. www.filastrocche.it Per i genitori disperati ecco il pronto soccorso fiabe. Si chiama iFiabe ed \u00e8 un&#8217;applicazione [&hellip;]<\/p>\n","protected":false},"author":17,"featured_media":0,"parent":52491,"menu_order":0,"comment_status":"open","ping_status":"open","template":"","meta":{"footnotes":""},"class_list":["post-52621","page","type-page","status-publish","hentry"],"yoast_head":"<!-- This site is optimized with the Yoast SEO plugin v26.2 - https:\/\/yoast.com\/wordpress\/plugins\/seo\/ -->\n<title>WWW.news.it - I testi della tradizione di Filastrocche.it<\/title>\n<meta name=\"robots\" content=\"index, follow, max-snippet:-1, max-image-preview:large, max-video-preview:-1\" \/>\n<link rel=\"canonical\" href=\"https:\/\/www.filastrocche.it\/contenuti\/dicono-di-noi\/rassegna-stampa-dellanno-2010\/www-news-it\/\" \/>\n<meta property=\"og:locale\" content=\"it_IT\" \/>\n<meta property=\"og:type\" content=\"article\" \/>\n<meta property=\"og:title\" content=\"WWW.news.it - I testi della tradizione di Filastrocche.it\" \/>\n<meta property=\"og:description\" content=\"di Isabella Fava Da &#8220;Donna Moderna&#8221; &#8211; Anno XXIII &#8211; Numero 42 &#8211; 20 Ottobre 2010 &nbsp; Ultimissime dal mondo Internet. Tutto quello che \u00e8 importatnte sapere per essere aggiornati sui fenomeni, le tendenze e i personaggi della Rete. www.filastrocche.it Per i genitori disperati ecco il pronto soccorso fiabe. Si chiama iFiabe ed \u00e8 un&#8217;applicazione [&hellip;]\" \/>\n<meta property=\"og:url\" content=\"https:\/\/www.filastrocche.it\/contenuti\/dicono-di-noi\/rassegna-stampa-dellanno-2010\/www-news-it\/\" \/>\n<meta property=\"og:site_name\" content=\"I testi della tradizione di Filastrocche.it\" \/>\n<meta property=\"article:modified_time\" content=\"2012-07-13T11:18:52+00:00\" \/>\n<meta property=\"og:image\" content=\"https:\/\/www.filastrocche.it\/immagini\/articoli\/2010\/donna_moderna_XXIII_42_20102010_copertina.jpg\" \/>\n<!-- \/ Yoast SEO plugin. -->","yoast_head_json":{"title":"WWW.news.it - I testi della tradizione di Filastrocche.it","robots":{"index":"index","follow":"follow","max-snippet":"max-snippet:-1","max-image-preview":"max-image-preview:large","max-video-preview":"max-video-preview:-1"},"canonical":"https:\/\/www.filastrocche.it\/contenuti\/dicono-di-noi\/rassegna-stampa-dellanno-2010\/www-news-it\/","og_locale":"it_IT","og_type":"article","og_title":"WWW.news.it - I testi della tradizione di Filastrocche.it","og_description":"di Isabella Fava Da &#8220;Donna Moderna&#8221; &#8211; Anno XXIII &#8211; Numero 42 &#8211; 20 Ottobre 2010 &nbsp; Ultimissime dal mondo Internet. Tutto quello che \u00e8 importatnte sapere per essere aggiornati sui fenomeni, le tendenze e i personaggi della Rete. www.filastrocche.it Per i genitori disperati ecco il pronto soccorso fiabe. Si chiama iFiabe ed \u00e8 un&#8217;applicazione [&hellip;]","og_url":"https:\/\/www.filastrocche.it\/contenuti\/dicono-di-noi\/rassegna-stampa-dellanno-2010\/www-news-it\/","og_site_name":"I testi della tradizione di Filastrocche.it","article_modified_time":"2012-07-13T11:18:52+00:00","og_image":[{"url":"https:\/\/www.filastrocche.it\/immagini\/articoli\/2010\/donna_moderna_XXIII_42_20102010_copertina.jpg","type":"","width":"","height":""}],"schema":{"@context":"https:\/\/schema.org","@graph":[{"@type":"WebPage","@id":"https:\/\/www.filastrocche.it\/contenuti\/dicono-di-noi\/rassegna-stampa-dellanno-2010\/www-news-it\/","url":"https:\/\/www.filastrocche.it\/contenuti\/dicono-di-noi\/rassegna-stampa-dellanno-2010\/www-news-it\/","name":"WWW.news.it - I testi della tradizione di Filastrocche.it","isPartOf":{"@id":"https:\/\/www.filastrocche.it\/contenuti\/#website"},"primaryImageOfPage":{"@id":"https:\/\/www.filastrocche.it\/contenuti\/dicono-di-noi\/rassegna-stampa-dellanno-2010\/www-news-it\/#primaryimage"},"image":{"@id":"https:\/\/www.filastrocche.it\/contenuti\/dicono-di-noi\/rassegna-stampa-dellanno-2010\/www-news-it\/#primaryimage"},"thumbnailUrl":"https:\/\/www.filastrocche.it\/immagini\/articoli\/2010\/donna_moderna_XXIII_42_20102010_copertina.jpg","datePublished":"2012-06-05T13:02:58+00:00","dateModified":"2012-07-13T11:18:52+00:00","breadcrumb":{"@id":"https:\/\/www.filastrocche.it\/contenuti\/dicono-di-noi\/rassegna-stampa-dellanno-2010\/www-news-it\/#breadcrumb"},"inLanguage":"it-IT","potentialAction":[{"@type":"ReadAction","target":["https:\/\/www.filastrocche.it\/contenuti\/dicono-di-noi\/rassegna-stampa-dellanno-2010\/www-news-it\/"]}]},{"@type":"ImageObject","inLanguage":"it-IT","@id":"https:\/\/www.filastrocche.it\/contenuti\/dicono-di-noi\/rassegna-stampa-dellanno-2010\/www-news-it\/#primaryimage","url":"https:\/\/www.filastrocche.it\/immagini\/articoli\/2010\/donna_moderna_XXIII_42_20102010_copertina.jpg","contentUrl":"https:\/\/www.filastrocche.it\/immagini\/articoli\/2010\/donna_moderna_XXIII_42_20102010_copertina.jpg"},{"@type":"BreadcrumbList","@id":"https:\/\/www.filastrocche.it\/contenuti\/dicono-di-noi\/rassegna-stampa-dellanno-2010\/www-news-it\/#breadcrumb","itemListElement":[{"@type":"ListItem","position":1,"name":"Home","item":"https:\/\/www.filastrocche.it\/contenuti\/"},{"@type":"ListItem","position":2,"name":"Dicono di noi","item":"https:\/\/www.filastrocche.it\/contenuti\/dicono-di-noi\/"},{"@type":"ListItem","position":3,"name":"Rassegna stampa dell&#8217;anno 2010","item":"https:\/\/www.filastrocche.it\/contenuti\/dicono-di-noi\/rassegna-stampa-dellanno-2010\/"},{"@type":"ListItem","position":4,"name":"WWW.news.it"}]},{"@type":"WebSite","@id":"https:\/\/www.filastrocche.it\/contenuti\/#website","url":"https:\/\/www.filastrocche.it\/contenuti\/","name":"I testi della tradizione di Filastrocche.it","description":"Filastrocche, fiabe, canzoni e...","potentialAction":[{"@type":"SearchAction","target":{"@type":"EntryPoint","urlTemplate":"https:\/\/www.filastrocche.it\/contenuti\/?s={search_term_string}"},"query-input":{"@type":"PropertyValueSpecification","valueRequired":true,"valueName":"search_term_string"}}],"inLanguage":"it-IT"}]}},"_links":{"self":[{"href":"https:\/\/www.filastrocche.it\/contenuti\/wp-json\/wp\/v2\/pages\/52621","targetHints":{"allow":["GET"]}}],"collection":[{"href":"https:\/\/www.filastrocche.it\/contenuti\/wp-json\/wp\/v2\/pages"}],"about":[{"href":"https:\/\/www.filastrocche.it\/contenuti\/wp-json\/wp\/v2\/types\/page"}],"author":[{"embeddable":true,"href":"https:\/\/www.filastrocche.it\/contenuti\/wp-json\/wp\/v2\/users\/17"}],"replies":[{"embeddable":true,"href":"https:\/\/www.filastrocche.it\/contenuti\/wp-json\/wp\/v2\/comments?post=52621"}],"version-history":[{"count":0,"href":"https:\/\/www.filastrocche.it\/contenuti\/wp-json\/wp\/v2\/pages\/52621\/revisions"}],"up":[{"embeddable":true,"href":"https:\/\/www.filastrocche.it\/contenuti\/wp-json\/wp\/v2\/pages\/52491"}],"wp:attachment":[{"href":"https:\/\/www.filastrocche.it\/contenuti\/wp-json\/wp\/v2\/media?parent=52621"}],"curies":[{"name":"wp","href":"https:\/\/api.w.org\/{rel}","templated":true}]}}