{"id":52835,"date":"2012-06-11T08:55:56","date_gmt":"2012-06-11T08:55:56","guid":{"rendered":"https:\/\/www.filastrocche.it\/contenuti\/?page_id=52835"},"modified":"2012-06-11T08:59:57","modified_gmt":"2012-06-11T08:59:57","slug":"mom-3-0","status":"publish","type":"page","link":"https:\/\/www.filastrocche.it\/contenuti\/dicono-di-noi\/rassegna-stampa-dellanno-2009\/mom-3-0\/","title":{"rendered":"Mom 3.0"},"content":{"rendered":"<p><em>di Daniela Condorelli<\/em><\/p>\n<p>Da &#8220;L&#8217;espresso&#8221; &#8211; Anno LV &#8211; N.49 &#8211;<br \/>\n10 Dicembre 2009<strong><\/strong><\/p>\n<p>&nbsp;<\/p>\n<p><img decoding=\"async\" class=\"alignleft\" src=\"https:\/\/www.filastrocche.it\/immagini\/articoli\/2009\/espresso_10122009.jpg\" alt=\"\" align=\"left\" border=\"0\" \/>Amanda \u00e8 stata presa nella rete. Chiacchiere da giardinetti e riviste per neomamme sono un ricordo, si fida molto pi\u00f9 delle amicizie virtuali e degli esperti online che possono darle un parere anche alle due di notte.<br \/>\nAmanda \u00e8 madre, moglie e imprenditrice. Usa la fotografia digitale per archiviare i momenti speciali della sua famiglia, pubblicizza il suo business in rete e scambia opinioni con altre tecnomamme. Nelle pause ascolta il podcast dell&#8217;ultima puntata di &#8220;Questa casa non \u00e8 un albergo&#8221;,la trasmissione di Radio 24 sul rapporto genitori figli e la sua giornata \u00e8 scandita dal calendario sincronizzato di Yahoo che le permette di avere sott&#8217;occhio gli impegni di tutta la famiglia.<\/p>\n<p>Fa parte di parecchi social network con donne che non ha mai incontrato, ma che condividono il suo stile di vita ed i suoi interessi. Puoi trovare il suo profilo su mamme al lavoro, il gruppo di Linkedin che riunisce le madri che hanno un impiego, ma anche su<a href=\"http:\/\/www.mammacheclub.com\" target=\"_blank\">mammacheclub.com<\/a>, social network per sole mamme che nel giro di un anno \u00e8 passato da una quarantina ad oltre duemila iscrizioni.<\/p>\n<p>E&#8217; una digimom che compra musica e libri su bol.it, fa la spesa online, scambia e acquista su e-Bay e gestisce il suo conto in banca da casa.<br \/>\nIl suo ruolo cambia ogni minuto: solo un multi-tasker dotato dei sistemi logistici pi\u00f9 avanzati riuscirebbe a starle dietro. Amanda \u00e8 una mom 3.0, una tecnomamma che ha imparato a risolvere i problemi quotidiani grazie ad un mix di dispositivi sapientemente interconnessi. Molto pi\u00f9 di una mamma blogger: \u00e8 una mamma vlogger, tweeple, webmaster e podcaster. Che vuol dire che consuma e produce video, usa Twitter per non sentirsi mai sola ed il suo iPod per ascoltare trasmissioni scaricate da internet.<\/p>\n<p>Difficile dire quante mamme 3.0 ci siano in giro, ma certo sono sempre di pi\u00f9. Secondo la societ\u00e0 di analisi di mercato Nielsen, lo scorso maggio le madri italiane online hanno raggiunto quota due milioni: met\u00e0 di loro \u00e8 membro di social network come Facebook ed un terzo visita blog, il 4 per cento in pi\u00f9 rispetto alla media dei navigatori. E ancora: 820 mila mamme si affacciano su youtube ed oltre 710 mila bazzicano e-Bay.<\/p>\n<p>Non saranno ancore tante come Oltralpe, ma le digimoms italiane, solo il 30 per cento contro il 62 per cento delle europee, non si lasciano disorientare dalla molteplicit\u00e0 degli input e dalla variet\u00e0 di informazioni. Lo conferma la ricerca Costruirsi un&#8217;opinione: le mamme e la ridondanza informativa del centro ASK, Art, science and knowledge, della Bocconi. L&#8217;indagine, condotta da Paola  Dubini e Mario Campana, ha valutato 720 mamme utilizzatrici di tecnologie esposte a molteplici stimoli informativi: tv, radio, quotidiani, periodici e internet. E&#8217; emerso che nella maggior parte dei casi le madri sanno affrontare la pluralit\u00e0 delle informazioni e selezionarle a seconda del contenuto e dell&#8217;affidabilit\u00e0 delle fonti. &#8220;La ricerca ha evidenziato l&#8217;esistenza di cinque tipologie di tecnomamme&#8221;, spiega Dubini, &#8220;tra cui spiccano le madri partecipative che hanno abbracciato con entusiasmo le nuove tecnologie e le sanno mixare sapientemente con i media tradizionali. Sono nodi attivi dei social network e creano loro stesse informazione&#8221;. Sono loro le mom 3.0 nostrane.<\/p>\n<p>E i pubblicitari le corteggiano. Non tanto perch\u00e9 sono consumatrici al pari e pi\u00f9 delle altre, ma perch\u00e9, da quando il passaparola si \u00e8 spostato dai bordi dei campetti di gioco alla rete, influenzano il processo decisionale di migliaia di donne attraverso l&#8217;uso dei nuovi media. Negli States vengono chiamate mavens, cio\u00e8 mamme che fanno tendenza, esperte che raccolgono e condividono  informazioni con una moltitudine di potenziali acquirenti. Punto di partenza, per le aziende, \u00e8 identificare le mavens che diffondono i messaggi nelle comunit\u00e0 online e nei social networks per poi interagire con loro. E&#8217; ci\u00f2 che ha fatto Oviesse inventandosi un blog-candy organizzato in collaborazione con il blog di <a href=\"https:\/\/www.filastrocche.it\/jolanda\/\" target=\"_blank\">Jolanda Restano<\/a>.<br \/>\nUn blog-candy \u00e8 una sorta di estrazione a premi tra chi scrive un post.<br \/>\nNel caso di Oviesse il premio era una maglietta disegnata in copia unica dagli artisti dell&#8217;Accademia Disney.<\/p>\n<p>Un altro esempio di interattivit\u00e0 con il brand \u00e8 l&#8217;iniziativa di Barilla nelmulinochevorrei.it un progetto in cui l&#8217;azienda invita ad esprimere i propri desideri rispetto a prodotti e packaging. Le idee pi\u00f9 votate vengono realizzate: il consumatore entra cos\u00ec a far parte del processo decisionale dell&#8217;azienda. Sempre Barilla ha messo online un diario compilato da alcune mamme mavens invitate a descrivere giorno dopo giorno il loro risveglio mattutino con il prodotto da forno ricevuto in omaggio.<\/p>\n<p>Sono sempre di pi\u00f9 le aziende che si connettono con le mamme 3.0 attraverso twitter, blogs e video e nascono realt\u00e0 come <a href=\"http:\/\/www.fattoremamma.com\" target=\"_blank\">fattoremamma.com<\/a>, societ\u00e0 di servizi e comunicazione che crea un legame tra i brand e le mamme. Fondata da due imprenditrici, <a href=\"http:\/\/www.fattoremamma.com\/chisiamo\/cecilia_spanu.htm\" target=\"_blank\">Cecilia Spanu<\/a> e  <a href=\"http:\/\/www.fattoremamma.com\/chisiamo\/jolanda_restano.htm\" target=\"_blank\">Jolanda Restano<\/a>, entrambe madri di tre figli, <a href=\"http:\/\/www.fattoremamma.com\" target=\"_blank\">Fattoremamma<\/a> collabora con diversi marchi per creare programmi di marketing che coinvolgano le mamme.<\/p>\n<p>Oltre ad influenzare le vendite di un prodotto, le opinioni delle mavens hanno ampio potere nella diffusione dell&#8217;immagine di un&#8217;azienda. Nel bene e nel male. Madri di tutto il mondo non si limitano a digitare su google, ma lanciano richieste e commenti sui loro network preferiti, sui blog pi\u00f9 seguiti o su siti locali e nel giro di poche ore ricevono migliaia di post. E la sensibilit\u00e0 materna non \u00e8 da sottovalutare. Lo scorso aprile Apple ha dovuto ritirare dal mercato un&#8217;applicazione del suo iPhone chiamata baby shaker, letteralmente agitatore di bambino, dopo essere stata sommersa dalle lamentele di ondate di madri offese. Il gioco raffigurava un bambino sullo schermo: agitando il telefonino con forza appariva una X rossa sugli occhi del piccolo. Anche Johnson &amp; Johnson, produttore dell&#8217;antidolorifico Motrin ha dovuto cedere alle proteste delle madri che avevano invaso la rete lamentandosi perch\u00e9 una pubblicit\u00e0 collegava mal di schiena al marsupio con cui si porta il bambino. Subito dopo la messa in onda dello spot la rete e twitter proliferavano di messaggi che denunciavano il pessimo gusto dell&#8217;azienda: la campagna \u00e8 stata prontamente ritirata con tante scuse. Scuse a profusione anche da Carrefour e Disney per aver allontanato in malo modo dal set fotografico di un evento legato a Cars un bambino autistico di quattro anni. E&#8217; successo ad Assago, in periferia di Milano: la madre, autrice del blog, ha denunciato l&#8217;episodio in rete e ricevuto la solidariet\u00e0 di migliaia di internauti.<\/p>\n<p>Essere una mamma 3.0, del resto, risponde al bisogno di socializzare: la rete \u00e8 prima di tutto un mezzo di condivisione. La digimom si sente meno sola, intesse legami con amiche virtuali che spesso la conoscono meglio di quelle che incontra ogni giorno. In un&#8217;intervista su Businessweek, Chris DeWoulfe, amministratore delegato di Myspace ha ricordato che le donne che avevano 25 anni nel &#8217;95, quando scoppi\u00f2 il boom della socializzazione online, ora ne hanno 38 e hanno figli piccoli. Tanto che le comunit\u00e0 attraggono il 70 per cento delle madri internaute. Un interesse che non deve stupire. Il boom di blogs e social networks ha una motivazione emotiva di fondo: creare relazioni e mantenere dialoghi significativi. Ma questo \u00e8 esattamente ci\u00f2 che fa ogni madre dalla notte dei tempi.<\/p>\n<p>Nuovi media e mamme hanno dunque la stessa personalit\u00e0 e le tecnologie sono partners perfetti per destreggiarsi nella complicata vita di un&#8217;acrobata che sfida il caos quotidiano creando un ecosistema di soluzioni fatto di nuovi strumenti hi-tech. Conferma Spanu, mom 3.0 doc: &#8220;l&#8217;uso del blackberry \u00e8 fondamentale per il nostro tipo di vita. In ogni momento sono raggiungibile dalla posta elettronica e posso rispondere ad un cliente anche mentre guardo mio figlio nuotare o aspetto mia figlia fuori dalla lezione di danza&#8221;. Spanu ha fondato su Linkedin il <a href=\"http:\/\/www.linkedin.com\/groups?about=&amp;gid=1143207&amp;trk=anet_ug_grppro\" target=\"_blank\">gruppo mamme e lavoro<\/a>. &#8220;E&#8217; molto utile per i contatti professionali e per condividere esperienze&#8221;, afferma e fa un esempio: &#8220;stavo cercando un&#8217;azienda spagnola gemella di <a href=\"http:\/\/www.fattoremamma.com\/\" target=\"_blank\">Fattoremamma<\/a> e con google non riuscivo a trovare nulla di interessante. Ho messo la richiesta su Linkedin e mi sono arrivate decine di segnalazioni. Tutte mirate&#8221;.<\/p>\n<p>Ma non finisce qui: in futuro siti dedicati e gruppi sui social network come  <a href=\"http:\/\/www.mammacheclub.com\" target=\"_blank\">mammacheclub.com<\/a> diventeranno sempre pi\u00f9 seguiti, il vlogging si diffonder\u00e0 in modo capillare ed il passo successivo sar\u00e0 la comunicazione video in tempo reale con amici e familiari. Tecnologie come logitech VID, che permette di effettuare videochiamate con webcom sono gi\u00e0 popolari negli States. La loro diffusione anche da noi segner\u00e0 un altro passo nell&#8217;evoluzione della specie mamma.<\/p>\n","protected":false},"excerpt":{"rendered":"<p>di Daniela Condorelli Da &#8220;L&#8217;espresso&#8221; &#8211; Anno LV &#8211; N.49 &#8211; 10 Dicembre 2009 &nbsp; Amanda \u00e8 stata presa nella rete. Chiacchiere da giardinetti e riviste per neomamme sono un ricordo, si fida molto pi\u00f9 delle amicizie virtuali e degli esperti online che possono darle un parere anche alle due di notte. Amanda \u00e8 madre, [&hellip;]<\/p>\n","protected":false},"author":17,"featured_media":0,"parent":52429,"menu_order":0,"comment_status":"open","ping_status":"open","template":"","meta":{"footnotes":""},"class_list":["post-52835","page","type-page","status-publish","hentry"],"yoast_head":"<!-- This site is optimized with the Yoast SEO plugin v26.2 - https:\/\/yoast.com\/wordpress\/plugins\/seo\/ -->\n<title>Mom 3.0 - I testi della tradizione di Filastrocche.it<\/title>\n<meta name=\"robots\" content=\"index, follow, max-snippet:-1, max-image-preview:large, max-video-preview:-1\" \/>\n<link rel=\"canonical\" href=\"https:\/\/www.filastrocche.it\/contenuti\/dicono-di-noi\/rassegna-stampa-dellanno-2009\/mom-3-0\/\" \/>\n<meta property=\"og:locale\" content=\"it_IT\" \/>\n<meta property=\"og:type\" content=\"article\" \/>\n<meta property=\"og:title\" content=\"Mom 3.0 - I testi della tradizione di Filastrocche.it\" \/>\n<meta property=\"og:description\" content=\"di Daniela Condorelli Da &#8220;L&#8217;espresso&#8221; &#8211; Anno LV &#8211; N.49 &#8211; 10 Dicembre 2009 &nbsp; Amanda \u00e8 stata presa nella rete. Chiacchiere da giardinetti e riviste per neomamme sono un ricordo, si fida molto pi\u00f9 delle amicizie virtuali e degli esperti online che possono darle un parere anche alle due di notte. Amanda \u00e8 madre, [&hellip;]\" \/>\n<meta property=\"og:url\" content=\"https:\/\/www.filastrocche.it\/contenuti\/dicono-di-noi\/rassegna-stampa-dellanno-2009\/mom-3-0\/\" \/>\n<meta property=\"og:site_name\" content=\"I testi della tradizione di Filastrocche.it\" \/>\n<meta property=\"article:modified_time\" content=\"2012-06-11T08:59:57+00:00\" \/>\n<meta property=\"og:image\" content=\"https:\/\/www.filastrocche.it\/immagini\/articoli\/2009\/espresso_10122009.jpg\" \/>\n<meta name=\"twitter:label1\" content=\"Tempo di lettura stimato\" \/>\n\t<meta name=\"twitter:data1\" content=\"7 minuti\" \/>\n<!-- \/ Yoast SEO plugin. -->","yoast_head_json":{"title":"Mom 3.0 - I testi della tradizione di Filastrocche.it","robots":{"index":"index","follow":"follow","max-snippet":"max-snippet:-1","max-image-preview":"max-image-preview:large","max-video-preview":"max-video-preview:-1"},"canonical":"https:\/\/www.filastrocche.it\/contenuti\/dicono-di-noi\/rassegna-stampa-dellanno-2009\/mom-3-0\/","og_locale":"it_IT","og_type":"article","og_title":"Mom 3.0 - I testi della tradizione di Filastrocche.it","og_description":"di Daniela Condorelli Da &#8220;L&#8217;espresso&#8221; &#8211; Anno LV &#8211; N.49 &#8211; 10 Dicembre 2009 &nbsp; Amanda \u00e8 stata presa nella rete. Chiacchiere da giardinetti e riviste per neomamme sono un ricordo, si fida molto pi\u00f9 delle amicizie virtuali e degli esperti online che possono darle un parere anche alle due di notte. Amanda \u00e8 madre, [&hellip;]","og_url":"https:\/\/www.filastrocche.it\/contenuti\/dicono-di-noi\/rassegna-stampa-dellanno-2009\/mom-3-0\/","og_site_name":"I testi della tradizione di Filastrocche.it","article_modified_time":"2012-06-11T08:59:57+00:00","og_image":[{"url":"https:\/\/www.filastrocche.it\/immagini\/articoli\/2009\/espresso_10122009.jpg","type":"","width":"","height":""}],"twitter_misc":{"Tempo di lettura stimato":"7 minuti"},"schema":{"@context":"https:\/\/schema.org","@graph":[{"@type":"WebPage","@id":"https:\/\/www.filastrocche.it\/contenuti\/dicono-di-noi\/rassegna-stampa-dellanno-2009\/mom-3-0\/","url":"https:\/\/www.filastrocche.it\/contenuti\/dicono-di-noi\/rassegna-stampa-dellanno-2009\/mom-3-0\/","name":"Mom 3.0 - I testi della tradizione di Filastrocche.it","isPartOf":{"@id":"https:\/\/www.filastrocche.it\/contenuti\/#website"},"primaryImageOfPage":{"@id":"https:\/\/www.filastrocche.it\/contenuti\/dicono-di-noi\/rassegna-stampa-dellanno-2009\/mom-3-0\/#primaryimage"},"image":{"@id":"https:\/\/www.filastrocche.it\/contenuti\/dicono-di-noi\/rassegna-stampa-dellanno-2009\/mom-3-0\/#primaryimage"},"thumbnailUrl":"https:\/\/www.filastrocche.it\/immagini\/articoli\/2009\/espresso_10122009.jpg","datePublished":"2012-06-11T08:55:56+00:00","dateModified":"2012-06-11T08:59:57+00:00","breadcrumb":{"@id":"https:\/\/www.filastrocche.it\/contenuti\/dicono-di-noi\/rassegna-stampa-dellanno-2009\/mom-3-0\/#breadcrumb"},"inLanguage":"it-IT","potentialAction":[{"@type":"ReadAction","target":["https:\/\/www.filastrocche.it\/contenuti\/dicono-di-noi\/rassegna-stampa-dellanno-2009\/mom-3-0\/"]}]},{"@type":"ImageObject","inLanguage":"it-IT","@id":"https:\/\/www.filastrocche.it\/contenuti\/dicono-di-noi\/rassegna-stampa-dellanno-2009\/mom-3-0\/#primaryimage","url":"https:\/\/www.filastrocche.it\/immagini\/articoli\/2009\/espresso_10122009.jpg","contentUrl":"https:\/\/www.filastrocche.it\/immagini\/articoli\/2009\/espresso_10122009.jpg"},{"@type":"BreadcrumbList","@id":"https:\/\/www.filastrocche.it\/contenuti\/dicono-di-noi\/rassegna-stampa-dellanno-2009\/mom-3-0\/#breadcrumb","itemListElement":[{"@type":"ListItem","position":1,"name":"Home","item":"https:\/\/www.filastrocche.it\/contenuti\/"},{"@type":"ListItem","position":2,"name":"Dicono di noi","item":"https:\/\/www.filastrocche.it\/contenuti\/dicono-di-noi\/"},{"@type":"ListItem","position":3,"name":"Rassegna stampa dell&#8217;anno 2009","item":"https:\/\/www.filastrocche.it\/contenuti\/dicono-di-noi\/rassegna-stampa-dellanno-2009\/"},{"@type":"ListItem","position":4,"name":"Mom 3.0"}]},{"@type":"WebSite","@id":"https:\/\/www.filastrocche.it\/contenuti\/#website","url":"https:\/\/www.filastrocche.it\/contenuti\/","name":"I testi della tradizione di Filastrocche.it","description":"Filastrocche, fiabe, canzoni e...","potentialAction":[{"@type":"SearchAction","target":{"@type":"EntryPoint","urlTemplate":"https:\/\/www.filastrocche.it\/contenuti\/?s={search_term_string}"},"query-input":{"@type":"PropertyValueSpecification","valueRequired":true,"valueName":"search_term_string"}}],"inLanguage":"it-IT"}]}},"_links":{"self":[{"href":"https:\/\/www.filastrocche.it\/contenuti\/wp-json\/wp\/v2\/pages\/52835","targetHints":{"allow":["GET"]}}],"collection":[{"href":"https:\/\/www.filastrocche.it\/contenuti\/wp-json\/wp\/v2\/pages"}],"about":[{"href":"https:\/\/www.filastrocche.it\/contenuti\/wp-json\/wp\/v2\/types\/page"}],"author":[{"embeddable":true,"href":"https:\/\/www.filastrocche.it\/contenuti\/wp-json\/wp\/v2\/users\/17"}],"replies":[{"embeddable":true,"href":"https:\/\/www.filastrocche.it\/contenuti\/wp-json\/wp\/v2\/comments?post=52835"}],"version-history":[{"count":0,"href":"https:\/\/www.filastrocche.it\/contenuti\/wp-json\/wp\/v2\/pages\/52835\/revisions"}],"up":[{"embeddable":true,"href":"https:\/\/www.filastrocche.it\/contenuti\/wp-json\/wp\/v2\/pages\/52429"}],"wp:attachment":[{"href":"https:\/\/www.filastrocche.it\/contenuti\/wp-json\/wp\/v2\/media?parent=52835"}],"curies":[{"name":"wp","href":"https:\/\/api.w.org\/{rel}","templated":true}]}}