{"id":52849,"date":"2012-06-11T09:03:11","date_gmt":"2012-06-11T09:03:11","guid":{"rendered":"https:\/\/www.filastrocche.it\/contenuti\/?page_id=52849"},"modified":"2012-06-11T09:11:20","modified_gmt":"2012-06-11T09:11:20","slug":"tutte-figli-e-computer","status":"publish","type":"page","link":"https:\/\/www.filastrocche.it\/contenuti\/dicono-di-noi\/rassegna-stampa-dellanno-2009\/tutte-figli-e-computer\/","title":{"rendered":"Tutte figli e computer"},"content":{"rendered":"<p><em>di Renata Maderna<\/em><\/p>\n<p>Da &#8220;Famiglia Cristiana&#8221; &#8211; Anno LXXIX_N.42 &#8211;<br \/>\n18 Ottobre 2009<\/p>\n<p>&nbsp;<\/p>\n<p><img decoding=\"async\" class=\"alignleft\" src=\"https:\/\/www.filastrocche.it\/immagini\/articoli\/2009\/famiglia_cristaiana_18102009.jpg\" alt=\"\" align=\"left\" border=\"0\" \/>Si stanno moltiplicando in Italia i siti Internet dedicati alle mamme o gestiti da loro. Scambio di consigli, esperienze, &#8220;trucchi&#8221; educativi.<\/p>\n<p>Per non sentirsi sole.<\/p>\n<p>Il libro della collana &#8220;L&#8217;arte di educare&#8221; di Famiglia Cristiana di questa settimana, L&#8217;immaginario prigioniero, riporta il passo amato dai tanti seguaci del Piccolo principe di Saint-Exupery che svela l&#8217;importanza dei riti. &#8220;Non posso giocare con te&#8221;, dice la volpe al principe, &#8220;non sono addomesticata&#8230;&#8221;, dove addomesticare vuol dire &#8220;creare dei legami&#8221;, perch\u00e9 il rito &#8220;\u00e8 quello che fa un giorno diverso dagli altri giorni, un&#8217;ora dalle altre ore&#8221;.<\/p>\n<p>La citazione serve agli autori per domandarsi se la lentezza e il graduale avvicinamento necessari per &#8220;addomesticare il cuore, per maturare, per crescere, per educare la mente e il cuore ai sentimenti&#8221;, siano davvero coniugabili con i tanti mondi virtuali in cui vivono i ragazzi d&#8217;oggi.<\/p>\n<p>\u00c8 d&#8217;altra parte interessante notare che parallelamente a un filone di interrogativi che l&#8217;uso del Web da parte dei ragazzi suscita negli adulti, si vada sempre pi\u00f9 diffondendo una pratica (forse pi\u00f9 di un semplice utilizzo, un&#8217;appassionata abitudine) di incontri, chiacchiere e relazioni in Rete da parte dei genitori, in particolare mamme, che danno vita a un universo parallelo (si parla di oltre 3 mila blog nella sola Italia), conosciuto come mommyblogging.<\/p>\n<p>&#8220;Come ha detto bene una di loro, Costanza Cristianini, alias theitalianmom.blogspot.com, &#8220;meglio un blog oggi che un Prozac domani&#8221;, commenta Jolanda Restano, conosciuta da tante mamme navigatrici per aver ideato il bellissimo sito filastrocche.it e mammecheclub.com. &#8220;Per le madri d&#8217;oggi, che fanno cento cose insieme e non hanno pi\u00f9 il sostegno familiare di un tempo, parlarsi, sfogarsi, aiutarsi sul Web \u00e8 di grande aiuto. Io stessa, che ero farmacista, sono finita in Rete quando \u00e8 nata la mia prima bambina. Ho riportato nel sito qualche filastrocca che mi ricordavo e poi ho chiesto di mandarmene altre: siamo arrivate a 16 mila testi in ben sette lingue diverse, aprendo ad autori e illustratori, fornendo proposte di biglietti d&#8217;auguri, consigli per giochi. I blog di mamme per mamme sono una sorta di alternativa al parchetto sotto casa, in cui la donna che vive in solitudine piccoli problemi che sembrano enormi quando i bambini sono piccoli si pu\u00f2 confrontare con le altre, scoprire che le sue paure sono condivise, ricevere un incoraggiamento o un consiglio&#8221;.<\/p>\n<p>Negli ultimi anni, siti (come quimamme.leiweb.it, mammaepapa.it; pianetamamma.it; www.radiomamma.it; www.whymum.it), e blog di singole mamme (nonsolomamma.com; vitadastrega.com; extramamma.blogspot.com) si sono moltiplicati, dimostrando un gradimento confermato dai tanti che approdano ogni giorno su Facebook per commentare le nostre inchieste.<\/p>\n<p>&#8220;In molti casi dagli incontri virtuali derivano conoscenze reali. Sono stati organizzati anche meeting, i momcamp, come quello tenuto a Roma il17 ottobre alla Casa internazionale delle donne&#8221;, aggiunge Jolanda Restano che, madre di tre figli (Matilde 10 anni, Tommaso 8 anni, Aurora 4 anni), da molto tempo si \u00e8 specializzata nel campo dando vita a un&#8217;agenzia Web.<br \/>\n&#8220;In altri casi sono stati realizzati spettacoli teatrali, come Il monologo del Calzino, inventato da panzallaria.com, che sar\u00e0 in scena, dopo il debutto a Bologna, a Milano per la festa della mamma del prossimo anno, ma anche libri in cui vengono raccolti storie e commenti&#8221;.<\/p>\n<p>I consigli, come sempre, sono di usare alcune ovvie cautele: &#8220;Non \u00e8 il caso di caricare fotografie troppo personali e nemmeno quelle dei propri bambini. Diciamo che vale la pena di usare il buonsenso utilizzato nella vita normale e soprattutto \u00e8 necessario stare accanto ai bambini quando, magari incuriositi dal nostro entusiasmo, vogliono &#8220;entrare nel computer&#8221; mai da soli da piccoli, e garantiti dai vari filtri disponibili quando sono un po&#8217; pi\u00f9 grandi&#8221;.<\/p>\n","protected":false},"excerpt":{"rendered":"<p>di Renata Maderna Da &#8220;Famiglia Cristiana&#8221; &#8211; Anno LXXIX_N.42 &#8211; 18 Ottobre 2009 &nbsp; Si stanno moltiplicando in Italia i siti Internet dedicati alle mamme o gestiti da loro. Scambio di consigli, esperienze, &#8220;trucchi&#8221; educativi. Per non sentirsi sole. Il libro della collana &#8220;L&#8217;arte di educare&#8221; di Famiglia Cristiana di questa settimana, L&#8217;immaginario prigioniero, riporta [&hellip;]<\/p>\n","protected":false},"author":17,"featured_media":0,"parent":52429,"menu_order":0,"comment_status":"open","ping_status":"open","template":"","meta":{"footnotes":""},"class_list":["post-52849","page","type-page","status-publish","hentry"],"yoast_head":"<!-- This site is optimized with the Yoast SEO plugin v26.2 - https:\/\/yoast.com\/wordpress\/plugins\/seo\/ -->\n<title>Tutte figli e computer - I testi della tradizione di Filastrocche.it<\/title>\n<meta name=\"robots\" content=\"index, follow, max-snippet:-1, max-image-preview:large, max-video-preview:-1\" \/>\n<link rel=\"canonical\" href=\"https:\/\/www.filastrocche.it\/contenuti\/dicono-di-noi\/rassegna-stampa-dellanno-2009\/tutte-figli-e-computer\/\" \/>\n<meta property=\"og:locale\" content=\"it_IT\" \/>\n<meta property=\"og:type\" content=\"article\" \/>\n<meta property=\"og:title\" content=\"Tutte figli e computer - I testi della tradizione di Filastrocche.it\" \/>\n<meta property=\"og:description\" content=\"di Renata Maderna Da &#8220;Famiglia Cristiana&#8221; &#8211; Anno LXXIX_N.42 &#8211; 18 Ottobre 2009 &nbsp; Si stanno moltiplicando in Italia i siti Internet dedicati alle mamme o gestiti da loro. Scambio di consigli, esperienze, &#8220;trucchi&#8221; educativi. Per non sentirsi sole. Il libro della collana &#8220;L&#8217;arte di educare&#8221; di Famiglia Cristiana di questa settimana, L&#8217;immaginario prigioniero, riporta [&hellip;]\" \/>\n<meta property=\"og:url\" content=\"https:\/\/www.filastrocche.it\/contenuti\/dicono-di-noi\/rassegna-stampa-dellanno-2009\/tutte-figli-e-computer\/\" \/>\n<meta property=\"og:site_name\" content=\"I testi della tradizione di Filastrocche.it\" \/>\n<meta property=\"article:modified_time\" content=\"2012-06-11T09:11:20+00:00\" \/>\n<meta property=\"og:image\" content=\"https:\/\/www.filastrocche.it\/immagini\/articoli\/2009\/famiglia_cristaiana_18102009.jpg\" \/>\n<meta name=\"twitter:label1\" content=\"Tempo di lettura stimato\" \/>\n\t<meta name=\"twitter:data1\" content=\"3 minuti\" \/>\n<!-- \/ Yoast SEO plugin. -->","yoast_head_json":{"title":"Tutte figli e computer - I testi della tradizione di Filastrocche.it","robots":{"index":"index","follow":"follow","max-snippet":"max-snippet:-1","max-image-preview":"max-image-preview:large","max-video-preview":"max-video-preview:-1"},"canonical":"https:\/\/www.filastrocche.it\/contenuti\/dicono-di-noi\/rassegna-stampa-dellanno-2009\/tutte-figli-e-computer\/","og_locale":"it_IT","og_type":"article","og_title":"Tutte figli e computer - I testi della tradizione di Filastrocche.it","og_description":"di Renata Maderna Da &#8220;Famiglia Cristiana&#8221; &#8211; Anno LXXIX_N.42 &#8211; 18 Ottobre 2009 &nbsp; Si stanno moltiplicando in Italia i siti Internet dedicati alle mamme o gestiti da loro. Scambio di consigli, esperienze, &#8220;trucchi&#8221; educativi. Per non sentirsi sole. Il libro della collana &#8220;L&#8217;arte di educare&#8221; di Famiglia Cristiana di questa settimana, L&#8217;immaginario prigioniero, riporta [&hellip;]","og_url":"https:\/\/www.filastrocche.it\/contenuti\/dicono-di-noi\/rassegna-stampa-dellanno-2009\/tutte-figli-e-computer\/","og_site_name":"I testi della tradizione di Filastrocche.it","article_modified_time":"2012-06-11T09:11:20+00:00","og_image":[{"url":"https:\/\/www.filastrocche.it\/immagini\/articoli\/2009\/famiglia_cristaiana_18102009.jpg","type":"","width":"","height":""}],"twitter_misc":{"Tempo di lettura stimato":"3 minuti"},"schema":{"@context":"https:\/\/schema.org","@graph":[{"@type":"WebPage","@id":"https:\/\/www.filastrocche.it\/contenuti\/dicono-di-noi\/rassegna-stampa-dellanno-2009\/tutte-figli-e-computer\/","url":"https:\/\/www.filastrocche.it\/contenuti\/dicono-di-noi\/rassegna-stampa-dellanno-2009\/tutte-figli-e-computer\/","name":"Tutte figli e computer - I testi della tradizione di Filastrocche.it","isPartOf":{"@id":"https:\/\/www.filastrocche.it\/contenuti\/#website"},"primaryImageOfPage":{"@id":"https:\/\/www.filastrocche.it\/contenuti\/dicono-di-noi\/rassegna-stampa-dellanno-2009\/tutte-figli-e-computer\/#primaryimage"},"image":{"@id":"https:\/\/www.filastrocche.it\/contenuti\/dicono-di-noi\/rassegna-stampa-dellanno-2009\/tutte-figli-e-computer\/#primaryimage"},"thumbnailUrl":"https:\/\/www.filastrocche.it\/immagini\/articoli\/2009\/famiglia_cristaiana_18102009.jpg","datePublished":"2012-06-11T09:03:11+00:00","dateModified":"2012-06-11T09:11:20+00:00","breadcrumb":{"@id":"https:\/\/www.filastrocche.it\/contenuti\/dicono-di-noi\/rassegna-stampa-dellanno-2009\/tutte-figli-e-computer\/#breadcrumb"},"inLanguage":"it-IT","potentialAction":[{"@type":"ReadAction","target":["https:\/\/www.filastrocche.it\/contenuti\/dicono-di-noi\/rassegna-stampa-dellanno-2009\/tutte-figli-e-computer\/"]}]},{"@type":"ImageObject","inLanguage":"it-IT","@id":"https:\/\/www.filastrocche.it\/contenuti\/dicono-di-noi\/rassegna-stampa-dellanno-2009\/tutte-figli-e-computer\/#primaryimage","url":"https:\/\/www.filastrocche.it\/immagini\/articoli\/2009\/famiglia_cristaiana_18102009.jpg","contentUrl":"https:\/\/www.filastrocche.it\/immagini\/articoli\/2009\/famiglia_cristaiana_18102009.jpg"},{"@type":"BreadcrumbList","@id":"https:\/\/www.filastrocche.it\/contenuti\/dicono-di-noi\/rassegna-stampa-dellanno-2009\/tutte-figli-e-computer\/#breadcrumb","itemListElement":[{"@type":"ListItem","position":1,"name":"Home","item":"https:\/\/www.filastrocche.it\/contenuti\/"},{"@type":"ListItem","position":2,"name":"Dicono di noi","item":"https:\/\/www.filastrocche.it\/contenuti\/dicono-di-noi\/"},{"@type":"ListItem","position":3,"name":"Rassegna stampa dell&#8217;anno 2009","item":"https:\/\/www.filastrocche.it\/contenuti\/dicono-di-noi\/rassegna-stampa-dellanno-2009\/"},{"@type":"ListItem","position":4,"name":"Tutte figli e computer"}]},{"@type":"WebSite","@id":"https:\/\/www.filastrocche.it\/contenuti\/#website","url":"https:\/\/www.filastrocche.it\/contenuti\/","name":"I testi della tradizione di Filastrocche.it","description":"Filastrocche, fiabe, canzoni e...","potentialAction":[{"@type":"SearchAction","target":{"@type":"EntryPoint","urlTemplate":"https:\/\/www.filastrocche.it\/contenuti\/?s={search_term_string}"},"query-input":{"@type":"PropertyValueSpecification","valueRequired":true,"valueName":"search_term_string"}}],"inLanguage":"it-IT"}]}},"_links":{"self":[{"href":"https:\/\/www.filastrocche.it\/contenuti\/wp-json\/wp\/v2\/pages\/52849","targetHints":{"allow":["GET"]}}],"collection":[{"href":"https:\/\/www.filastrocche.it\/contenuti\/wp-json\/wp\/v2\/pages"}],"about":[{"href":"https:\/\/www.filastrocche.it\/contenuti\/wp-json\/wp\/v2\/types\/page"}],"author":[{"embeddable":true,"href":"https:\/\/www.filastrocche.it\/contenuti\/wp-json\/wp\/v2\/users\/17"}],"replies":[{"embeddable":true,"href":"https:\/\/www.filastrocche.it\/contenuti\/wp-json\/wp\/v2\/comments?post=52849"}],"version-history":[{"count":0,"href":"https:\/\/www.filastrocche.it\/contenuti\/wp-json\/wp\/v2\/pages\/52849\/revisions"}],"up":[{"embeddable":true,"href":"https:\/\/www.filastrocche.it\/contenuti\/wp-json\/wp\/v2\/pages\/52429"}],"wp:attachment":[{"href":"https:\/\/www.filastrocche.it\/contenuti\/wp-json\/wp\/v2\/media?parent=52849"}],"curies":[{"name":"wp","href":"https:\/\/api.w.org\/{rel}","templated":true}]}}