{"id":52861,"date":"2012-06-11T09:18:54","date_gmt":"2012-06-11T09:18:54","guid":{"rendered":"https:\/\/www.filastrocche.it\/contenuti\/?page_id=52861"},"modified":"2012-06-11T09:18:54","modified_gmt":"2012-06-11T09:18:54","slug":"e-se-muore-di-fame","status":"publish","type":"page","link":"https:\/\/www.filastrocche.it\/contenuti\/dicono-di-noi\/rassegna-stampa-dellanno-2009\/e-se-muore-di-fame\/","title":{"rendered":"E se muore di fame?"},"content":{"rendered":"<p><span ><em>A volte le <strong>neo mamme <\/strong>vengono assalite da dubbi assurdi. Per rispondere alle loro ansie, sono nati blog di confronto e di scambio. E libri su un mestiere difficile, ma non impossibile.<\/em><\/span><br \/>\n<em>di Mariangela Mianiti<\/em><br \/>\nDa &#8220;Vanity Fair&#8221; &#8211; Numero 29 &#8211; 22 Luglio 2009<\/p>\n<p>&nbsp;<\/p>\n<p><img decoding=\"async\" class=\"alignleft\" src=\"https:\/\/www.filastrocche.it\/immagini\/articoli\/2009\/vanity_fair_22072009.jpg\" alt=\"\" border=\"0\" \/><\/p>\n<p>Se vuoi diventare una brava mamma, bloggati. L&#8217;ultima tendenza delle neomamme \u00e8 aprire una finestra sul web: le mamme blogger sono sempre pi\u00f9 numerose (attualmente 1500) perch\u00e9 hanno scoperto che la comunit\u00e0 on line aiuta a uscire soprattutto dalla solitudine post parto: si scambiano esperienze, dubbi, consigli, aneddoti, emozioni, avventure e disavventure sulla figliolanza.<\/p>\n<p>Un figlio \u00e8 l&#8217;unico evento irreversibile della vita: da l\u00ec non si torna indietro. Mica puoi dimenticarti di avere un figlio, o divorziare o tradirlo. Sei legata a lui a filo doppio, soprattutto i primi tempi di vita. Nell&#8217;attesa del lieto evento, molte si dannano a frequentare corsi che insegnano a partorire, allattare, accudire, cambiare, svezzare, massaggiare, nella convinzione che qualche lezione insegni l&#8217;esperienza. Ma tutta questa preparazione serve? E fino a che punto?<\/p>\n<p>Paola Maraone, giornalista e scrittrice, dopo avere diligentemente seguito tutti i corsi possibili e immaginabili e dopo aver avuto due figli che chiama la Pupa e il Pupo, si \u00e8 data alcune risposte e ha scritto una utile e divertente guida pratica di sopravvivenza al primo anno di vita del bambino che si intitola &#8220;Ero una brava mamma prima di avere figli&#8221; (Rizzoli), libro dal quale poi \u00e8 nato un seguitissimo blog. L&#8217;ironia del titolo lascia intendere come teoria e pratica spesso non coincidono, e infatti Maraone scrive: &#8220;Tornate a casa e scoprite che quello che vi hanno detto al corso preparto \u00e8 inutile. Non vi ricordate niente. Tutto vi fa paura. Ogni cosa \u00e8 un ostacolo. Dietro ogni angolo si cela un dubbio che contribuisce a farvi sentire sceme. Per esempio: per l&#8217;epistomia vi hanno dato tre punti di sutura, ma la ferita si rimarginer\u00e0 o resterete lacerate come un quarto di bue per sempre? Avete poco latte: arriver\u00e0, o per una misteriosa mutazione genetica siete in grado di produrne solo 6 centilitri al giorno? E se ne avete troppo, che ve ne fate di quello che avanza, ci preparate il pur\u00e9? Si attacca poco al seno. Morir\u00e0 di fame? Dovete fargli il bagnetto. Ma all&#8217;improvviso il concetto di acqua calda vi sfugge. Dicono che diventare madre \u00e8 una cosa naturale. Vero, ma naturale non vuol dire facile&#8221;.<\/p>\n<p>&#8220;Ero una brava mamma&#8221; affronta tutte le difficolt\u00e0 del primo anno: la solitudine, la mancanza di sonno, lo stravolgimento delle funzioni sociali, biologiche e affettive, la fatica, l&#8217;ansia, il senso di inadeguatezza, il doversi riorganizzare tutta la vita, i bisogni che cambiano. Per farla breve, in un giorno si pu\u00f2 passare dall&#8217;esaltazione alla depressione, dalle certezze ai dubbi, dal sentirsi una mamma sicura a un tappetino da bagno.<\/p>\n<p>Le mamme di oggi hanno scoperto che alla solitudine e ai dubbi c&#8217;\u00e8 un grande rimedio: il blog. Ce ne sono di tutti i tipi e toni: sullorlodiunacrisidinervi, panzallaria, vitadastrega, extramamma, nonsolomamma, lasolitudinedellemadri, machedavvero, extramamma, mentre altri sono aggregati in mammacheblog.<br \/>\nUna delle prime mamme ad aprire nel 1996 la strada del web \u00e8 stata <a href=\"..\/..\/contempo\/restano\/jolanda_it.asp\">Jolanda Restano<\/a>, imprenditrice web, giornalista e mamma blogger a cui fanno capo <a href=\"http:\/\/www.mammaamamma.com\" target=\"_blank\">mammamamma<\/a>, <a href=\"http:\/\/www.fattoremamma.com\" target=\"_blank\">fattoremamma<\/a>, <a href=\"http:\/\/www.blogmamma.it\" target=\"_blank\">blogmamma<\/a>, <a href=\"https:\/\/www.filastrocche.it\">filastrocche<\/a>. La Restano ha costruito una vera e propria azienda di siti che si occupano di mamme e bambini, riempiendo vuoti e creando un social network, <a href=\"http:\/\/www.mammacheclub.com\" target=\"_blank\">www.mammacheclub.com<\/a>, aperto a tutte le mamme (1800 iscritte) che si scambiano consigli su libri, ricette, spettacoli, formano gruppi, organizzano incontri e parlano di lavoro. Proprio al lavoro \u00e8 stato dedicato il <a href=\"http:\/\/www.mammaamamma.com\" target=\"_blank\">Mam<\/a>, un evento a cui ogni partecipante pu\u00f2 raccontare la propria esperienza e che si \u00e8 tenuto lo scorso 23 maggio a Milano e al quale ne seguiranno altri.<\/p>\n<p><a href=\"https:\/\/www.filastrocche.it\/jolanda\" target=\"_blank\">Jolanda Restano<\/a> dice che le mamme hanno capito in fretta le enormi potenzialit\u00e0 di internet e molte hanno trasformato il blog in una attivit\u00e0 di lavoro. &#8220;Il primo esempio sono io&#8221; dice &#8220;Sono farmacista e lavoravo in un&#8217;azienda. Quando \u00e8 nata la mia prima figlia, Matilde, 10 anni, mi hanno rifiutato il part-time, cos\u00ec sono rimasta a casa e ho aperto un sito sulle filastrocche, poi la cosa \u00e8 cresciuta ed \u00e8 arrivato il resto. Per tenermi aggiornata ho avuto altri due figli, Tommaso, 8 anni, e Aurora, 4&#8221;.<\/p>\n<p>Sapere che altre ce l&#8217;hanno fatta pi\u00f9 o meno brillantemente rincuora. Parola di Paola Maraone che a proposito del primo compleanno della figlia scrive: &#8220;Cariche di buoni propositi riflettete sulla strada percorsa. Vi siete impegnate e giurate che sarete migliori, pi\u00f9 attente, affettuose e disponibili anche verso voi stesse. E quando incontrate una donna curata pensate: se ce la fa lei, posso farcela anch&#8217;io. Non uscir\u00f2 mai pi\u00f9 con il pigiama sotto i pantaloni, non accompagner\u00f2 pi\u00f9 la Pupa all&#8217;asilo senza fondotinta e lucidalabbra. Non user\u00f2 pi\u00f9 le salviettine Pampers per struccarmi&#8221;. A volte succede anche questo.<\/p>\n","protected":false},"excerpt":{"rendered":"<p>A volte le neo mamme vengono assalite da dubbi assurdi. Per rispondere alle loro ansie, sono nati blog di confronto e di scambio. E libri su un mestiere difficile, ma non impossibile. di Mariangela Mianiti Da &#8220;Vanity Fair&#8221; &#8211; Numero 29 &#8211; 22 Luglio 2009 &nbsp; Se vuoi diventare una brava mamma, bloggati. L&#8217;ultima tendenza [&hellip;]<\/p>\n","protected":false},"author":17,"featured_media":0,"parent":52429,"menu_order":0,"comment_status":"open","ping_status":"open","template":"","meta":{"footnotes":""},"class_list":["post-52861","page","type-page","status-publish","hentry"],"yoast_head":"<!-- This site is optimized with the Yoast SEO plugin v26.2 - https:\/\/yoast.com\/wordpress\/plugins\/seo\/ -->\n<title>E se muore di fame? - I testi della tradizione di Filastrocche.it<\/title>\n<meta name=\"robots\" content=\"index, follow, max-snippet:-1, max-image-preview:large, max-video-preview:-1\" \/>\n<link rel=\"canonical\" href=\"https:\/\/www.filastrocche.it\/contenuti\/dicono-di-noi\/rassegna-stampa-dellanno-2009\/e-se-muore-di-fame\/\" \/>\n<meta property=\"og:locale\" content=\"it_IT\" \/>\n<meta property=\"og:type\" content=\"article\" \/>\n<meta property=\"og:title\" content=\"E se muore di fame? - I testi della tradizione di Filastrocche.it\" \/>\n<meta property=\"og:description\" content=\"A volte le neo mamme vengono assalite da dubbi assurdi. Per rispondere alle loro ansie, sono nati blog di confronto e di scambio. E libri su un mestiere difficile, ma non impossibile. di Mariangela Mianiti Da &#8220;Vanity Fair&#8221; &#8211; Numero 29 &#8211; 22 Luglio 2009 &nbsp; Se vuoi diventare una brava mamma, bloggati. L&#8217;ultima tendenza [&hellip;]\" \/>\n<meta property=\"og:url\" content=\"https:\/\/www.filastrocche.it\/contenuti\/dicono-di-noi\/rassegna-stampa-dellanno-2009\/e-se-muore-di-fame\/\" \/>\n<meta property=\"og:site_name\" content=\"I testi della tradizione di Filastrocche.it\" \/>\n<meta property=\"og:image\" content=\"https:\/\/www.filastrocche.it\/immagini\/articoli\/2009\/vanity_fair_22072009.jpg\" \/>\n<meta name=\"twitter:label1\" content=\"Tempo di lettura stimato\" \/>\n\t<meta name=\"twitter:data1\" content=\"4 minuti\" \/>\n<!-- \/ Yoast SEO plugin. -->","yoast_head_json":{"title":"E se muore di fame? - I testi della tradizione di Filastrocche.it","robots":{"index":"index","follow":"follow","max-snippet":"max-snippet:-1","max-image-preview":"max-image-preview:large","max-video-preview":"max-video-preview:-1"},"canonical":"https:\/\/www.filastrocche.it\/contenuti\/dicono-di-noi\/rassegna-stampa-dellanno-2009\/e-se-muore-di-fame\/","og_locale":"it_IT","og_type":"article","og_title":"E se muore di fame? - I testi della tradizione di Filastrocche.it","og_description":"A volte le neo mamme vengono assalite da dubbi assurdi. Per rispondere alle loro ansie, sono nati blog di confronto e di scambio. E libri su un mestiere difficile, ma non impossibile. di Mariangela Mianiti Da &#8220;Vanity Fair&#8221; &#8211; Numero 29 &#8211; 22 Luglio 2009 &nbsp; Se vuoi diventare una brava mamma, bloggati. L&#8217;ultima tendenza [&hellip;]","og_url":"https:\/\/www.filastrocche.it\/contenuti\/dicono-di-noi\/rassegna-stampa-dellanno-2009\/e-se-muore-di-fame\/","og_site_name":"I testi della tradizione di Filastrocche.it","og_image":[{"url":"https:\/\/www.filastrocche.it\/immagini\/articoli\/2009\/vanity_fair_22072009.jpg","type":"","width":"","height":""}],"twitter_misc":{"Tempo di lettura stimato":"4 minuti"},"schema":{"@context":"https:\/\/schema.org","@graph":[{"@type":"WebPage","@id":"https:\/\/www.filastrocche.it\/contenuti\/dicono-di-noi\/rassegna-stampa-dellanno-2009\/e-se-muore-di-fame\/","url":"https:\/\/www.filastrocche.it\/contenuti\/dicono-di-noi\/rassegna-stampa-dellanno-2009\/e-se-muore-di-fame\/","name":"E se muore di fame? - I testi della tradizione di Filastrocche.it","isPartOf":{"@id":"https:\/\/www.filastrocche.it\/contenuti\/#website"},"primaryImageOfPage":{"@id":"https:\/\/www.filastrocche.it\/contenuti\/dicono-di-noi\/rassegna-stampa-dellanno-2009\/e-se-muore-di-fame\/#primaryimage"},"image":{"@id":"https:\/\/www.filastrocche.it\/contenuti\/dicono-di-noi\/rassegna-stampa-dellanno-2009\/e-se-muore-di-fame\/#primaryimage"},"thumbnailUrl":"https:\/\/www.filastrocche.it\/immagini\/articoli\/2009\/vanity_fair_22072009.jpg","datePublished":"2012-06-11T09:18:54+00:00","breadcrumb":{"@id":"https:\/\/www.filastrocche.it\/contenuti\/dicono-di-noi\/rassegna-stampa-dellanno-2009\/e-se-muore-di-fame\/#breadcrumb"},"inLanguage":"it-IT","potentialAction":[{"@type":"ReadAction","target":["https:\/\/www.filastrocche.it\/contenuti\/dicono-di-noi\/rassegna-stampa-dellanno-2009\/e-se-muore-di-fame\/"]}]},{"@type":"ImageObject","inLanguage":"it-IT","@id":"https:\/\/www.filastrocche.it\/contenuti\/dicono-di-noi\/rassegna-stampa-dellanno-2009\/e-se-muore-di-fame\/#primaryimage","url":"https:\/\/www.filastrocche.it\/immagini\/articoli\/2009\/vanity_fair_22072009.jpg","contentUrl":"https:\/\/www.filastrocche.it\/immagini\/articoli\/2009\/vanity_fair_22072009.jpg"},{"@type":"BreadcrumbList","@id":"https:\/\/www.filastrocche.it\/contenuti\/dicono-di-noi\/rassegna-stampa-dellanno-2009\/e-se-muore-di-fame\/#breadcrumb","itemListElement":[{"@type":"ListItem","position":1,"name":"Home","item":"https:\/\/www.filastrocche.it\/contenuti\/"},{"@type":"ListItem","position":2,"name":"Dicono di noi","item":"https:\/\/www.filastrocche.it\/contenuti\/dicono-di-noi\/"},{"@type":"ListItem","position":3,"name":"Rassegna stampa dell&#8217;anno 2009","item":"https:\/\/www.filastrocche.it\/contenuti\/dicono-di-noi\/rassegna-stampa-dellanno-2009\/"},{"@type":"ListItem","position":4,"name":"E se muore di fame?"}]},{"@type":"WebSite","@id":"https:\/\/www.filastrocche.it\/contenuti\/#website","url":"https:\/\/www.filastrocche.it\/contenuti\/","name":"I testi della tradizione di Filastrocche.it","description":"Filastrocche, fiabe, canzoni e...","potentialAction":[{"@type":"SearchAction","target":{"@type":"EntryPoint","urlTemplate":"https:\/\/www.filastrocche.it\/contenuti\/?s={search_term_string}"},"query-input":{"@type":"PropertyValueSpecification","valueRequired":true,"valueName":"search_term_string"}}],"inLanguage":"it-IT"}]}},"_links":{"self":[{"href":"https:\/\/www.filastrocche.it\/contenuti\/wp-json\/wp\/v2\/pages\/52861","targetHints":{"allow":["GET"]}}],"collection":[{"href":"https:\/\/www.filastrocche.it\/contenuti\/wp-json\/wp\/v2\/pages"}],"about":[{"href":"https:\/\/www.filastrocche.it\/contenuti\/wp-json\/wp\/v2\/types\/page"}],"author":[{"embeddable":true,"href":"https:\/\/www.filastrocche.it\/contenuti\/wp-json\/wp\/v2\/users\/17"}],"replies":[{"embeddable":true,"href":"https:\/\/www.filastrocche.it\/contenuti\/wp-json\/wp\/v2\/comments?post=52861"}],"version-history":[{"count":0,"href":"https:\/\/www.filastrocche.it\/contenuti\/wp-json\/wp\/v2\/pages\/52861\/revisions"}],"up":[{"embeddable":true,"href":"https:\/\/www.filastrocche.it\/contenuti\/wp-json\/wp\/v2\/pages\/52429"}],"wp:attachment":[{"href":"https:\/\/www.filastrocche.it\/contenuti\/wp-json\/wp\/v2\/media?parent=52861"}],"curies":[{"name":"wp","href":"https:\/\/api.w.org\/{rel}","templated":true}]}}