{"id":52875,"date":"2012-06-11T09:24:26","date_gmt":"2012-06-11T09:24:26","guid":{"rendered":"https:\/\/www.filastrocche.it\/contenuti\/?page_id=52875"},"modified":"2012-06-11T09:27:28","modified_gmt":"2012-06-11T09:27:28","slug":"mamme-deluse-da-facebook-3-domande-a-jolanda-restano","status":"publish","type":"page","link":"https:\/\/www.filastrocche.it\/contenuti\/dicono-di-noi\/rassegna-stampa-dellanno-2009\/mamme-deluse-da-facebook-3-domande-a-jolanda-restano\/","title":{"rendered":"Mamme deluse da Facebook. 3 domande a\u2026 Jolanda Restano"},"content":{"rendered":"<p><em>di Francesca Capelli<\/em><br \/>\nDa &#8220;Donna e mamma&#8221; &#8211; Anno XXI &#8211; Numero 247 &#8211; Marzo 2009<\/p>\n<p>&nbsp;<\/p>\n<p><img decoding=\"async\" class=\"alignleft\" src=\"https:\/\/www.filastrocche.it\/immagini\/articoli\/2009\/donna_e_mamma_0309.jpg\" alt=\"\" border=\"0\" \/><\/p>\n<p>Mamme in rivolta contro Facebook (www.facebook.com), il noto &#8220;social network&#8221; virtuale attraverso cui si possono ritrovare vecchi amici, compagni di scuola, colleghi&#8230; Agli iscritti, Facebook offre uno spazio internet gratuito (al quale solo gli utenti autorizzati possono accedere) per raccontare qualcosa di s\u00e9, mettere online fotografie di famiglia, inviare e-mail agli amici o chattare. Facebook ha scelto di non pubblicare foto pornografiche o, comunque, di nudo. Fin qui tutto condivisibile. Ma i gestori hanno deciso di rimuovere anche le immagini di donne che allattano al seno i loro bambini, equiparandole alla pornografia. Scelta che ha scatenato la rivolta delle mamme, che hanno fondato il gruppo &#8220;L&#8217;allattamento al seno non \u00e8 un&#8217;oscenit\u00e0&#8221;, al quale hanno aderito migliaia di utenti nel giro di pochi giorni. Cos\u00ec, le mamme di Facebook si sono trasformate in vero e proprio movimento di opinione. Ne abbiamo parlato con Jolanda Restano, una delle pi\u00f9 note blogger milanesi, creatrice di siti come <a href=\"https:\/\/www.filastrocche.it\"> www.filastrocche.it<\/a>, <a href=\"http:\/\/www.blogmamma.it\/\" target=\"_blank\">www.blogmamma.it<\/a> e del primo sociale network per mamme (una sorta di Facebook in miniatura): <a href=\"http:\/\/www.mammacheclub.com\" target=\"_blank\">www.mammacheclub.com<\/a>.<\/p>\n<p><em>Questa notizia smentisce il luogo comune che vorrebbe le donne in dissidio con la tecnologia&#8230;<\/em> Proprio cos\u00ec. Le donne utilizzano le tecnologie, quando ne vedono l&#8217;utilit\u00e0. In questo caso, hanno capito che la polemica scatenata da Facebook poteva trasformarsi in un&#8217;occasione straordinaria per far sentire la loro voce, cio\u00e8 sostenere la causa dell&#8217;allattamento al seno, contro una cultura intrisa di vecchi pregiudizi. Hanno capito che la Rete consente di creare forti movimenti d&#8217;opinione, in tempi rapidissimi e a costo zero, in tutto il mondo. Alla protesta virtuale \u00e8 seguita quella reale, davanti alla sede di Facebook, a Palo Alto (Usa). <\/p>\n<p><em>Che cosa cercano le mamme nei blog a loro dedicati?<\/em><br \/>\nUn modo per uscire dall&#8217;isolamento in cui si trovano nei primi mesi di vita del figlio. E occasioni di confronto con altre madri, dal momento che magari le amiche pi\u00f9 prossime non hanno figli. E, poi, la possibilit\u00e0 di rimanere in contatto con vecchie e nuove conoscenti che si sono trasferite lontano.<\/p>\n<p><em>Insomma, la Rete come &#8220;piazza virtuale&#8221;?<\/em><br \/>\nS\u00ec, anche perch\u00e9 le chat, a differenza del telefono, consentono di parlare con pi\u00f9 persone contemporaneamente. Sarebbe meglio incontrarsi di persona per prendere un t\u00e8 tutte insieme? In un mondo ideale, certo. Ma, visto che siamo sempre di corsa e che manca una &#8220;rete&#8221; di sostegno sociale, ci attrezziamo come possiamo.<\/p>\n","protected":false},"excerpt":{"rendered":"<p>di Francesca Capelli Da &#8220;Donna e mamma&#8221; &#8211; Anno XXI &#8211; Numero 247 &#8211; Marzo 2009 &nbsp; Mamme in rivolta contro Facebook (www.facebook.com), il noto &#8220;social network&#8221; virtuale attraverso cui si possono ritrovare vecchi amici, compagni di scuola, colleghi&#8230; Agli iscritti, Facebook offre uno spazio internet gratuito (al quale solo gli utenti autorizzati possono accedere) [&hellip;]<\/p>\n","protected":false},"author":17,"featured_media":0,"parent":52429,"menu_order":0,"comment_status":"open","ping_status":"open","template":"","meta":{"footnotes":""},"class_list":["post-52875","page","type-page","status-publish","hentry"],"yoast_head":"<!-- This site is optimized with the Yoast SEO plugin v26.2 - https:\/\/yoast.com\/wordpress\/plugins\/seo\/ -->\n<title>Mamme deluse da Facebook. 3 domande a\u2026 Jolanda Restano - I testi della tradizione di Filastrocche.it<\/title>\n<meta name=\"robots\" content=\"index, follow, max-snippet:-1, max-image-preview:large, max-video-preview:-1\" \/>\n<link rel=\"canonical\" href=\"https:\/\/www.filastrocche.it\/contenuti\/dicono-di-noi\/rassegna-stampa-dellanno-2009\/mamme-deluse-da-facebook-3-domande-a-jolanda-restano\/\" \/>\n<meta property=\"og:locale\" content=\"it_IT\" \/>\n<meta property=\"og:type\" content=\"article\" \/>\n<meta property=\"og:title\" content=\"Mamme deluse da Facebook. 3 domande a\u2026 Jolanda Restano - I testi della tradizione di Filastrocche.it\" \/>\n<meta property=\"og:description\" content=\"di Francesca Capelli Da &#8220;Donna e mamma&#8221; &#8211; Anno XXI &#8211; Numero 247 &#8211; Marzo 2009 &nbsp; Mamme in rivolta contro Facebook (www.facebook.com), il noto &#8220;social network&#8221; virtuale attraverso cui si possono ritrovare vecchi amici, compagni di scuola, colleghi&#8230; Agli iscritti, Facebook offre uno spazio internet gratuito (al quale solo gli utenti autorizzati possono accedere) [&hellip;]\" \/>\n<meta property=\"og:url\" content=\"https:\/\/www.filastrocche.it\/contenuti\/dicono-di-noi\/rassegna-stampa-dellanno-2009\/mamme-deluse-da-facebook-3-domande-a-jolanda-restano\/\" \/>\n<meta property=\"og:site_name\" content=\"I testi della tradizione di Filastrocche.it\" \/>\n<meta property=\"article:modified_time\" content=\"2012-06-11T09:27:28+00:00\" \/>\n<meta property=\"og:image\" content=\"https:\/\/www.filastrocche.it\/immagini\/articoli\/2009\/donna_e_mamma_0309.jpg\" \/>\n<meta name=\"twitter:label1\" content=\"Tempo di lettura stimato\" \/>\n\t<meta name=\"twitter:data1\" content=\"2 minuti\" \/>\n<!-- \/ Yoast SEO plugin. -->","yoast_head_json":{"title":"Mamme deluse da Facebook. 3 domande a\u2026 Jolanda Restano - I testi della tradizione di Filastrocche.it","robots":{"index":"index","follow":"follow","max-snippet":"max-snippet:-1","max-image-preview":"max-image-preview:large","max-video-preview":"max-video-preview:-1"},"canonical":"https:\/\/www.filastrocche.it\/contenuti\/dicono-di-noi\/rassegna-stampa-dellanno-2009\/mamme-deluse-da-facebook-3-domande-a-jolanda-restano\/","og_locale":"it_IT","og_type":"article","og_title":"Mamme deluse da Facebook. 3 domande a\u2026 Jolanda Restano - I testi della tradizione di Filastrocche.it","og_description":"di Francesca Capelli Da &#8220;Donna e mamma&#8221; &#8211; Anno XXI &#8211; Numero 247 &#8211; Marzo 2009 &nbsp; Mamme in rivolta contro Facebook (www.facebook.com), il noto &#8220;social network&#8221; virtuale attraverso cui si possono ritrovare vecchi amici, compagni di scuola, colleghi&#8230; Agli iscritti, Facebook offre uno spazio internet gratuito (al quale solo gli utenti autorizzati possono accedere) [&hellip;]","og_url":"https:\/\/www.filastrocche.it\/contenuti\/dicono-di-noi\/rassegna-stampa-dellanno-2009\/mamme-deluse-da-facebook-3-domande-a-jolanda-restano\/","og_site_name":"I testi della tradizione di Filastrocche.it","article_modified_time":"2012-06-11T09:27:28+00:00","og_image":[{"url":"https:\/\/www.filastrocche.it\/immagini\/articoli\/2009\/donna_e_mamma_0309.jpg","type":"","width":"","height":""}],"twitter_misc":{"Tempo di lettura stimato":"2 minuti"},"schema":{"@context":"https:\/\/schema.org","@graph":[{"@type":"WebPage","@id":"https:\/\/www.filastrocche.it\/contenuti\/dicono-di-noi\/rassegna-stampa-dellanno-2009\/mamme-deluse-da-facebook-3-domande-a-jolanda-restano\/","url":"https:\/\/www.filastrocche.it\/contenuti\/dicono-di-noi\/rassegna-stampa-dellanno-2009\/mamme-deluse-da-facebook-3-domande-a-jolanda-restano\/","name":"Mamme deluse da Facebook. 3 domande a\u2026 Jolanda Restano - I testi della tradizione di Filastrocche.it","isPartOf":{"@id":"https:\/\/www.filastrocche.it\/contenuti\/#website"},"primaryImageOfPage":{"@id":"https:\/\/www.filastrocche.it\/contenuti\/dicono-di-noi\/rassegna-stampa-dellanno-2009\/mamme-deluse-da-facebook-3-domande-a-jolanda-restano\/#primaryimage"},"image":{"@id":"https:\/\/www.filastrocche.it\/contenuti\/dicono-di-noi\/rassegna-stampa-dellanno-2009\/mamme-deluse-da-facebook-3-domande-a-jolanda-restano\/#primaryimage"},"thumbnailUrl":"https:\/\/www.filastrocche.it\/immagini\/articoli\/2009\/donna_e_mamma_0309.jpg","datePublished":"2012-06-11T09:24:26+00:00","dateModified":"2012-06-11T09:27:28+00:00","breadcrumb":{"@id":"https:\/\/www.filastrocche.it\/contenuti\/dicono-di-noi\/rassegna-stampa-dellanno-2009\/mamme-deluse-da-facebook-3-domande-a-jolanda-restano\/#breadcrumb"},"inLanguage":"it-IT","potentialAction":[{"@type":"ReadAction","target":["https:\/\/www.filastrocche.it\/contenuti\/dicono-di-noi\/rassegna-stampa-dellanno-2009\/mamme-deluse-da-facebook-3-domande-a-jolanda-restano\/"]}]},{"@type":"ImageObject","inLanguage":"it-IT","@id":"https:\/\/www.filastrocche.it\/contenuti\/dicono-di-noi\/rassegna-stampa-dellanno-2009\/mamme-deluse-da-facebook-3-domande-a-jolanda-restano\/#primaryimage","url":"https:\/\/www.filastrocche.it\/immagini\/articoli\/2009\/donna_e_mamma_0309.jpg","contentUrl":"https:\/\/www.filastrocche.it\/immagini\/articoli\/2009\/donna_e_mamma_0309.jpg"},{"@type":"BreadcrumbList","@id":"https:\/\/www.filastrocche.it\/contenuti\/dicono-di-noi\/rassegna-stampa-dellanno-2009\/mamme-deluse-da-facebook-3-domande-a-jolanda-restano\/#breadcrumb","itemListElement":[{"@type":"ListItem","position":1,"name":"Home","item":"https:\/\/www.filastrocche.it\/contenuti\/"},{"@type":"ListItem","position":2,"name":"Dicono di noi","item":"https:\/\/www.filastrocche.it\/contenuti\/dicono-di-noi\/"},{"@type":"ListItem","position":3,"name":"Rassegna stampa dell&#8217;anno 2009","item":"https:\/\/www.filastrocche.it\/contenuti\/dicono-di-noi\/rassegna-stampa-dellanno-2009\/"},{"@type":"ListItem","position":4,"name":"Mamme deluse da Facebook. 3 domande a\u2026 Jolanda Restano"}]},{"@type":"WebSite","@id":"https:\/\/www.filastrocche.it\/contenuti\/#website","url":"https:\/\/www.filastrocche.it\/contenuti\/","name":"I testi della tradizione di Filastrocche.it","description":"Filastrocche, fiabe, canzoni e...","potentialAction":[{"@type":"SearchAction","target":{"@type":"EntryPoint","urlTemplate":"https:\/\/www.filastrocche.it\/contenuti\/?s={search_term_string}"},"query-input":{"@type":"PropertyValueSpecification","valueRequired":true,"valueName":"search_term_string"}}],"inLanguage":"it-IT"}]}},"_links":{"self":[{"href":"https:\/\/www.filastrocche.it\/contenuti\/wp-json\/wp\/v2\/pages\/52875","targetHints":{"allow":["GET"]}}],"collection":[{"href":"https:\/\/www.filastrocche.it\/contenuti\/wp-json\/wp\/v2\/pages"}],"about":[{"href":"https:\/\/www.filastrocche.it\/contenuti\/wp-json\/wp\/v2\/types\/page"}],"author":[{"embeddable":true,"href":"https:\/\/www.filastrocche.it\/contenuti\/wp-json\/wp\/v2\/users\/17"}],"replies":[{"embeddable":true,"href":"https:\/\/www.filastrocche.it\/contenuti\/wp-json\/wp\/v2\/comments?post=52875"}],"version-history":[{"count":0,"href":"https:\/\/www.filastrocche.it\/contenuti\/wp-json\/wp\/v2\/pages\/52875\/revisions"}],"up":[{"embeddable":true,"href":"https:\/\/www.filastrocche.it\/contenuti\/wp-json\/wp\/v2\/pages\/52429"}],"wp:attachment":[{"href":"https:\/\/www.filastrocche.it\/contenuti\/wp-json\/wp\/v2\/media?parent=52875"}],"curies":[{"name":"wp","href":"https:\/\/api.w.org\/{rel}","templated":true}]}}