{"id":52893,"date":"2012-06-11T09:37:59","date_gmt":"2012-06-11T09:37:59","guid":{"rendered":"https:\/\/www.filastrocche.it\/contenuti\/?page_id=52893"},"modified":"2012-06-11T09:46:26","modified_gmt":"2012-06-11T09:46:26","slug":"internet-mamme-fanno-rete-tra-pannolini-e-blog","status":"publish","type":"page","link":"https:\/\/www.filastrocche.it\/contenuti\/dicono-di-noi\/rassegna-stampa-dellanno-2009\/internet-mamme-fanno-rete-tra-pannolini-e-blog\/","title":{"rendered":"Internet: mamme \u201cfanno rete\u201d, tra pannolini e blog"},"content":{"rendered":"<p><em>di Titti Santamato<\/em><br \/>\nDal sito <a href=\"http:\/\/www.ansa.it\/\" target=\"_blank\">Ansa.it<\/a> &#8211; 7 Marzo 2009<\/p>\n<p>&nbsp;<\/p>\n<p><img decoding=\"async\" class=\"alignleft\" src=\"https:\/\/www.filastrocche.it\/immagini\/articoli\/2009\/logo_ansa.gif\" alt=\"\" border=\"0\" \/><\/p>\n<p>ROMA &#8211; Internet \u00e8 sempre pi\u00f9 diffuso tra le mamme, soprattutto delle nuove generazioni e le possibilit\u00e0 del web 2.0 hanno aperto anche a loro nuove strade, facilitando il dialogo e le relazioni sociali notoriamente compromesse dalla nascita di un figlio. E cos\u00ec le mamme conversano negli spazi dedicati dei portali femminili o generalisti, oppure sui forum ad hoc e anche se in Italia le percentuali di accesso non sono cos\u00ec alte come negli Stati Uniti, Blogmeter, la piattaforma per il monitoraggio e l&#8217;analisi dei social media, ha identificato pi\u00f9 di un milione di messaggi scambiati da gennaio ad aprile 2008. Ad esplorare il mondo delle mamme in rete ci penser\u00e0, da domani e per 30 minipuntate da sei minuti, anche la trasmissione su Raitre Mamme In Blog: il racconto della giornata tipo di diverse tipologia di donne, dalle restauratrici alle insegnanti, dai medici alle colf, alle registe, ritratte insieme loro figli. Per le mamme, le possibilit\u00e0 di Internet sono molteplici, a partire da <a href=\"http:\/\/www.blogmamma.it\/\" target=\"_blank\">blogmamma.it<\/a>, uno spazio virtuale in cui trovare news, condividere consigli, difficolt\u00e0 e soddisfazioni &#8220;dell&#8217;esperienza pi\u00f9 importante per la vita di una donna&#8221;. Mammablogger.net, invece, offre una panoramica dei blog dedicati ai genitori, la sua scanzonata inventrice si firma Panzallaria. Dagli autori della collana Il bambino naturale (Il Leone Verde Edizioni) nasce bambinonaturale.it &#8220;un luogo di discussione, dove i temi legati al mondo dei pi\u00f9 piccoli sono affrontati in una prospettiva lontana dagli interessi commerciali tipici del mondo moderno&#8221;. Partoriresenzapaura.it nasce invece dall&#8217;omonima iniziativa editoriale della giornalista Elisabetta Malvagna: \u00e8 una piattaforma virtuale dove condividere notizie e opinioni sulla maternit\u00e0, con un occhio di riguardo al parto in casa e in acqua. E c&#8217;\u00e9 anche ecomamma.net che, tra le altre cose, divulga l&#8217;uso di pannolini lavabili (ecologici ed economici) e i vantaggi dell&#8217;allattamento materno. Dopo i video-racconti trasmessi da Discovery Real Time su Sky, propone nuovi contenuti Mammenellarete.it, la piattaforma web dedicata alla comunit\u00e0 delle mamme e dei pap\u00e0 nata un anno fa: nell&#8217;ottica del web 2.0 ha potenziato gli strumenti di interazione per la community, lanciando la sua nuova WiTv, uno speciale player che in aggiunta alla visione full-screen e in alta qualit\u00e0, permette di segnalare video ad un amico, leggere i commenti postati e chattare con gli altri utenti collegati in quel momento su quello stesso canale. Il blog <a href=\"http:\/\/blog.fattoremamma.com\/\" target=\"_blank\">fattoremamma.com<\/a>, crea invece relazioni tra brand e mamme, partendo dai &#8220;loro bisogni e dalle loro emozioni&#8221;. Anche su mammole.it gli argomenti di discussione sono la gravidanza, l&#8217;infertilit\u00e0, la puericultura e su mammafelice.it si possono trovare tanti suggerimenti &#8220;per divertirvi col vostro bambino&#8221;, l&#8217;approccio educativo \u00e8 quello montessoriano. Infine, non mancano le brontolone, ma a buon fine: su mammestufe.it, infatti, ci sono gli sfoghi anche politicamente scorretti &#8220;di mamme felici di esserlo, ma pure un po&#8217; stufe&#8221; della cultura italiana anti-bambino.<\/p>\n","protected":false},"excerpt":{"rendered":"<p>di Titti Santamato Dal sito Ansa.it &#8211; 7 Marzo 2009 &nbsp; ROMA &#8211; Internet \u00e8 sempre pi\u00f9 diffuso tra le mamme, soprattutto delle nuove generazioni e le possibilit\u00e0 del web 2.0 hanno aperto anche a loro nuove strade, facilitando il dialogo e le relazioni sociali notoriamente compromesse dalla nascita di un figlio. E cos\u00ec le [&hellip;]<\/p>\n","protected":false},"author":17,"featured_media":0,"parent":52429,"menu_order":0,"comment_status":"open","ping_status":"closed","template":"","meta":{"footnotes":""},"class_list":["post-52893","page","type-page","status-publish","hentry"],"yoast_head":"<!-- This site is optimized with the Yoast SEO plugin v26.2 - https:\/\/yoast.com\/wordpress\/plugins\/seo\/ -->\n<title>Internet: mamme \u201cfanno rete\u201d, tra pannolini e blog - I testi della tradizione di Filastrocche.it<\/title>\n<meta name=\"robots\" content=\"index, follow, max-snippet:-1, max-image-preview:large, max-video-preview:-1\" \/>\n<link rel=\"canonical\" href=\"https:\/\/www.filastrocche.it\/contenuti\/dicono-di-noi\/rassegna-stampa-dellanno-2009\/internet-mamme-fanno-rete-tra-pannolini-e-blog\/\" \/>\n<meta property=\"og:locale\" content=\"it_IT\" \/>\n<meta property=\"og:type\" content=\"article\" \/>\n<meta property=\"og:title\" content=\"Internet: mamme \u201cfanno rete\u201d, tra pannolini e blog - I testi della tradizione di Filastrocche.it\" \/>\n<meta property=\"og:description\" content=\"di Titti Santamato Dal sito Ansa.it &#8211; 7 Marzo 2009 &nbsp; ROMA &#8211; Internet \u00e8 sempre pi\u00f9 diffuso tra le mamme, soprattutto delle nuove generazioni e le possibilit\u00e0 del web 2.0 hanno aperto anche a loro nuove strade, facilitando il dialogo e le relazioni sociali notoriamente compromesse dalla nascita di un figlio. E cos\u00ec le [&hellip;]\" \/>\n<meta property=\"og:url\" content=\"https:\/\/www.filastrocche.it\/contenuti\/dicono-di-noi\/rassegna-stampa-dellanno-2009\/internet-mamme-fanno-rete-tra-pannolini-e-blog\/\" \/>\n<meta property=\"og:site_name\" content=\"I testi della tradizione di Filastrocche.it\" \/>\n<meta property=\"article:modified_time\" content=\"2012-06-11T09:46:26+00:00\" \/>\n<meta property=\"og:image\" content=\"https:\/\/www.filastrocche.it\/immagini\/articoli\/2009\/logo_ansa.gif\" \/>\n<meta name=\"twitter:label1\" content=\"Tempo di lettura stimato\" \/>\n\t<meta name=\"twitter:data1\" content=\"2 minuti\" \/>\n<!-- \/ Yoast SEO plugin. -->","yoast_head_json":{"title":"Internet: mamme \u201cfanno rete\u201d, tra pannolini e blog - I testi della tradizione di Filastrocche.it","robots":{"index":"index","follow":"follow","max-snippet":"max-snippet:-1","max-image-preview":"max-image-preview:large","max-video-preview":"max-video-preview:-1"},"canonical":"https:\/\/www.filastrocche.it\/contenuti\/dicono-di-noi\/rassegna-stampa-dellanno-2009\/internet-mamme-fanno-rete-tra-pannolini-e-blog\/","og_locale":"it_IT","og_type":"article","og_title":"Internet: mamme \u201cfanno rete\u201d, tra pannolini e blog - I testi della tradizione di Filastrocche.it","og_description":"di Titti Santamato Dal sito Ansa.it &#8211; 7 Marzo 2009 &nbsp; ROMA &#8211; Internet \u00e8 sempre pi\u00f9 diffuso tra le mamme, soprattutto delle nuove generazioni e le possibilit\u00e0 del web 2.0 hanno aperto anche a loro nuove strade, facilitando il dialogo e le relazioni sociali notoriamente compromesse dalla nascita di un figlio. E cos\u00ec le [&hellip;]","og_url":"https:\/\/www.filastrocche.it\/contenuti\/dicono-di-noi\/rassegna-stampa-dellanno-2009\/internet-mamme-fanno-rete-tra-pannolini-e-blog\/","og_site_name":"I testi della tradizione di Filastrocche.it","article_modified_time":"2012-06-11T09:46:26+00:00","og_image":[{"url":"https:\/\/www.filastrocche.it\/immagini\/articoli\/2009\/logo_ansa.gif","type":"","width":"","height":""}],"twitter_misc":{"Tempo di lettura stimato":"2 minuti"},"schema":{"@context":"https:\/\/schema.org","@graph":[{"@type":"WebPage","@id":"https:\/\/www.filastrocche.it\/contenuti\/dicono-di-noi\/rassegna-stampa-dellanno-2009\/internet-mamme-fanno-rete-tra-pannolini-e-blog\/","url":"https:\/\/www.filastrocche.it\/contenuti\/dicono-di-noi\/rassegna-stampa-dellanno-2009\/internet-mamme-fanno-rete-tra-pannolini-e-blog\/","name":"Internet: mamme \u201cfanno rete\u201d, tra pannolini e blog - I testi della tradizione di Filastrocche.it","isPartOf":{"@id":"https:\/\/www.filastrocche.it\/contenuti\/#website"},"primaryImageOfPage":{"@id":"https:\/\/www.filastrocche.it\/contenuti\/dicono-di-noi\/rassegna-stampa-dellanno-2009\/internet-mamme-fanno-rete-tra-pannolini-e-blog\/#primaryimage"},"image":{"@id":"https:\/\/www.filastrocche.it\/contenuti\/dicono-di-noi\/rassegna-stampa-dellanno-2009\/internet-mamme-fanno-rete-tra-pannolini-e-blog\/#primaryimage"},"thumbnailUrl":"https:\/\/www.filastrocche.it\/immagini\/articoli\/2009\/logo_ansa.gif","datePublished":"2012-06-11T09:37:59+00:00","dateModified":"2012-06-11T09:46:26+00:00","breadcrumb":{"@id":"https:\/\/www.filastrocche.it\/contenuti\/dicono-di-noi\/rassegna-stampa-dellanno-2009\/internet-mamme-fanno-rete-tra-pannolini-e-blog\/#breadcrumb"},"inLanguage":"it-IT","potentialAction":[{"@type":"ReadAction","target":["https:\/\/www.filastrocche.it\/contenuti\/dicono-di-noi\/rassegna-stampa-dellanno-2009\/internet-mamme-fanno-rete-tra-pannolini-e-blog\/"]}]},{"@type":"ImageObject","inLanguage":"it-IT","@id":"https:\/\/www.filastrocche.it\/contenuti\/dicono-di-noi\/rassegna-stampa-dellanno-2009\/internet-mamme-fanno-rete-tra-pannolini-e-blog\/#primaryimage","url":"https:\/\/www.filastrocche.it\/immagini\/articoli\/2009\/logo_ansa.gif","contentUrl":"https:\/\/www.filastrocche.it\/immagini\/articoli\/2009\/logo_ansa.gif"},{"@type":"BreadcrumbList","@id":"https:\/\/www.filastrocche.it\/contenuti\/dicono-di-noi\/rassegna-stampa-dellanno-2009\/internet-mamme-fanno-rete-tra-pannolini-e-blog\/#breadcrumb","itemListElement":[{"@type":"ListItem","position":1,"name":"Home","item":"https:\/\/www.filastrocche.it\/contenuti\/"},{"@type":"ListItem","position":2,"name":"Dicono di noi","item":"https:\/\/www.filastrocche.it\/contenuti\/dicono-di-noi\/"},{"@type":"ListItem","position":3,"name":"Rassegna stampa dell&#8217;anno 2009","item":"https:\/\/www.filastrocche.it\/contenuti\/dicono-di-noi\/rassegna-stampa-dellanno-2009\/"},{"@type":"ListItem","position":4,"name":"Internet: mamme \u201cfanno rete\u201d, tra pannolini e blog"}]},{"@type":"WebSite","@id":"https:\/\/www.filastrocche.it\/contenuti\/#website","url":"https:\/\/www.filastrocche.it\/contenuti\/","name":"I testi della tradizione di Filastrocche.it","description":"Filastrocche, fiabe, canzoni e...","potentialAction":[{"@type":"SearchAction","target":{"@type":"EntryPoint","urlTemplate":"https:\/\/www.filastrocche.it\/contenuti\/?s={search_term_string}"},"query-input":{"@type":"PropertyValueSpecification","valueRequired":true,"valueName":"search_term_string"}}],"inLanguage":"it-IT"}]}},"_links":{"self":[{"href":"https:\/\/www.filastrocche.it\/contenuti\/wp-json\/wp\/v2\/pages\/52893","targetHints":{"allow":["GET"]}}],"collection":[{"href":"https:\/\/www.filastrocche.it\/contenuti\/wp-json\/wp\/v2\/pages"}],"about":[{"href":"https:\/\/www.filastrocche.it\/contenuti\/wp-json\/wp\/v2\/types\/page"}],"author":[{"embeddable":true,"href":"https:\/\/www.filastrocche.it\/contenuti\/wp-json\/wp\/v2\/users\/17"}],"replies":[{"embeddable":true,"href":"https:\/\/www.filastrocche.it\/contenuti\/wp-json\/wp\/v2\/comments?post=52893"}],"version-history":[{"count":0,"href":"https:\/\/www.filastrocche.it\/contenuti\/wp-json\/wp\/v2\/pages\/52893\/revisions"}],"up":[{"embeddable":true,"href":"https:\/\/www.filastrocche.it\/contenuti\/wp-json\/wp\/v2\/pages\/52429"}],"wp:attachment":[{"href":"https:\/\/www.filastrocche.it\/contenuti\/wp-json\/wp\/v2\/media?parent=52893"}],"curies":[{"name":"wp","href":"https:\/\/api.w.org\/{rel}","templated":true}]}}