{"id":52931,"date":"2012-06-11T10:03:20","date_gmt":"2012-06-11T10:03:20","guid":{"rendered":"https:\/\/www.filastrocche.it\/contenuti\/?page_id=52931"},"modified":"2012-06-11T10:04:51","modified_gmt":"2012-06-11T10:04:51","slug":"alla-conquista-delle-alpha-mom","status":"publish","type":"page","link":"https:\/\/www.filastrocche.it\/contenuti\/dicono-di-noi\/rassegna-stampa-dellanno-2009\/alla-conquista-delle-alpha-mom\/","title":{"rendered":"Alla conquista delle Alpha Mom"},"content":{"rendered":"<p><em>di Daniela Condorelli<\/em><br \/>\nDa &#8220;D&#8221; &#8211; Supplemento de &#8220;La Repubblica&#8221; &#8211; Anno 14 &#8211; Numero 631 &#8211;<br \/>\n31 Gennaio 2009<\/p>\n<p>&nbsp;<\/p>\n<p><img decoding=\"async\" class=\"alignleft\" src=\"https:\/\/www.filastrocche.it\/immagini\/articoli\/2009\/D_repubblica_31012009.jpg\" alt=\"Copertina D\"   \/><\/p>\n<p>Pi\u00f9 di 7 milioni di potenziali clienti nella sola Italia. Un mercato da trilioni di dollari negli States. Non stupisce che l&#8217;interesse delle aziende si sia focalizzato sulle mamme, nuovo target dei pubblicitari. Soprattutto se sono Alpha Mom, mamme Alfa, colte, tecnologizzate, mamme con la M maiuscola che hanno un obiettivo comune: essere madri eccellenti, che gestiscono la famiglia con l&#8217;efficienza di un manager.<\/p>\n<p>Catturare l&#8217;attenzione delle Alpha Mom \u00e8 diventato un must per gli esperti di marketing, tanto che fioriscono societ\u00e0 e corsi studiati ad hoc per imprese che vogliono parlare alle mamme.<\/p>\n<p>Societ\u00e0 come la <a href=\"http:\/\/www.lucidmarketing.com\" target=\"_blank\">Lucid marketing<\/a> che ha come mission avvicinare le aziende alle mamme costruendo un rapporto di fedelt\u00e0. O come <a href=\"http:\/\/www.momcentralconsulting.com\" target=\"_blank\">Mom Central Consulting<\/a> o <a href=\"http:\/\/mom-wise.com\/\" target=\"_blank\">Mom Wise<\/a> , agenzia costituita da mamme che inventano pubblicit\u00e0 per altre mamme.<\/p>\n<p>In Italia la societ\u00e0 di formazione per manager LRA, Learning Resources Associates, forte del fatto che le mamme gestiscono fino all&#8217;85 per cento del volume degli acquisti di casa, ha messo a punto un corso ad hoc dal titolo eloquente: Conquistare Kids and Moms.<\/p>\n<p>Che significa conquistare una fetta di quella torta da quasi due trilioni di dollari di cui parla di Maria Bailey, fondatrice di BSM media, societ\u00e0 di consulenza americana specializzata nel marketing per mamme, nel suo best-seller Trillion dollars mom$.<\/p>\n<p>Mamme da trilioni di dollari significa che le americane con figli oggi spendono in un anno 1,7 trilioni di dollari ed entro il 2012 i trilioni diventeranno tre. E il loro potere d&#8217;acquisto sta aumentando. Secondo un report del Bureau of Labour Statistics, infatti, tra il 1973 ed il 2003, il contributo femminile al budget familiare \u00e8 passato dal 26 al 35 per cento. In media, inoltre, le madri guadagnavano il doppio nel 2005 rispetto al 1980.<\/p>\n<p>Ma come conquistare il loro portafoglio? Convincendo prima di tutto le Alpha Moms, termine preso a prestito dal canale satellitare fondato da Isabel Kallman, interamente dedicato alle neomamme. &#8220;Le Alpha Moms hanno un buon livello di istruzione, sono abili con le nuove tecnologie, sempre alla ricerca di informazioni e curiose rispetto a ci\u00f2 che accade intorno a loro&#8221;, spiega Cecilia Spanu, esperta di marketing, fondatrice, insieme a Jolanda Restano, di <a href=\"http:\/\/www.fattoremamma.com\" target=\"_blank\">Fattoremamma<\/a>, societ\u00e0 che offre servizi di marketing e comunicazione ad aziende che si rivolgono alle mamme. &#8220;Donne che controllano il loro destino&#8221;, interviene Kristi Bridges della societ\u00e0 di marketing Sawtooth, New Jersey. &#8220;A volte lavorano, ma non sempre. L&#8217;idea \u00e8 che possono essere brave in entrambi i campi: maternit\u00e0 e carriera&#8221;.<\/p>\n<p>E ancora, secondo Usatoday, che ha pubblicato un&#8217;inchiesta sull&#8217;argomento: sono donne pratiche, figlio-centriche, ma soprattutto, fanno tendenza. Non solo tra le amiche, ma in una rete pi\u00f9 ampia. Grazie al passaparola. Secondo la Bailey, il 55 per cento delle mamme si affida alle raccomandazioni quando fa acquisti per la casa e la percentuale sale al 64 per cento quando si tratta di comprare un prodotto per il proprio figlio.<\/p>\n<p>Ecco perch\u00e9 le imprese cono a caccia di database di mamme Alpha, dette anche Mavens, cio\u00e8 esperte, che raccolgono e condividono informazioni con altre donne. La BSM Media, e cos\u00ec molte altre societ\u00e0, ha selezionato con cura oltre centomila Mom Mavens. Ognuna di loro si presta ad invitare amiche e conoscenti a party a tema in cui viene lanciato un prodotto. In media, l&#8217;80 per cento delle Mom Mavens parla con almeno altre 15 mamme della marca su cui \u00e8 stata informata.<\/p>\n<p>Ecco perch\u00e9, una volta passato il test di queste mamme leader, un prodotto ha la strada spianata.<\/p>\n<p>Se ne sono accorti alla Nintendo: quando \u00e8 convinta, l&#8217;Alpha Mom diventa un fantastico agente di vendita. Prima di lanciare la console Wii sul mercato americano, la Nintendo ha riunito in otto citt\u00e0 gruppi di mamme a cui sottoporre il suo prodotto. Non mamme qualsiasi, ma Mom Mavens, donne che avrebbero condiviso con altre le informazioni raccolte. Di solito madri di pi\u00f9 figli con un ruolo leader nella propria comunit\u00e0.<\/p>\n<p>A Los Angeles, per esempio, tra le 35 mamme reclutate, c&#8217;era Linda Perry, avvocato, due figli, promotrice di un forum su Yahoo che riunisce 7 mila mamme tecnologizzate. Dopo la dimostrazione della Nintendo, 200 mamme hanno comprato la console da 250 dollari su consiglio di Linda. E con l&#8217;aiuto delle Alpha Mom, la Wii \u00e8 diventata presto il gioco pi\u00f9 venduto negli States. Potere del passaparola. Meglio se amplificato dalla rete.<\/p>\n<p>S\u00ec perch\u00e9, pi\u00f9 dei canali tradizionali, carta stampata e televisione, le Alpha Mom prediligono strumenti di comunicazione nuovi e diretti. Come Internet.<\/p>\n<p>&#8220;In Italia il 30 per cento delle mamme si \u00e8 connessa al web almeno una volta alla settimana&#8221;, afferma Spanu, citando i dati dell&#8217;<a href=\"http:\/\/www.eiaa.net\" target=\"_blank\">EIAA<\/a> (European Interactive Advertisig Association). Non \u00e8 molto, se paragonato all&#8217;80 per cento delle mamme americane (l&#8217;Alpha Mom \u00e8 connessa 87 minuti al giorno!), ma comunque un dato in continua crescita che gli esperti di marketing tengono d&#8217;occhio con interesse.<\/p>\n<p>Anche perch\u00e9, secondo la Bailey, il 70 per cento delle mamme non \u00e8 soddisfatta del lavoro dei pubblicitari: pensa che non risponda alle sue esigenze e non usi i canali giusti. &#8220;Meno del 20 per cento delle madri guarda i giornali alla ricerca di informazioni e pubblicit\u00e0 e solo il 25 per cento delle mamme pensa che la televisione faccia un buon lavoro quando parla alle donne con figli&#8221;, ritiene la ricercatrice americana, che sta dando alle stampe il nuovo saggio Mom 3.0, sui vantaggi offerti da tecnologie e nuovi media nella pubblicit\u00e0 diretta alle mamme.<\/p>\n<p>&#8220;In un&#8217;epoca in cui il marketing passa per Youtube mi sorprende come molte aziende continuino ad acquistare costosi spazi televisivi per reclamizzare i loro prodotti. In questo modo raggiungono un gran numero di donne, ma non le fidelizzano. Non costruiscono quella relazione con la marca che le mamme cercano&#8221;.<\/p>\n<p>E a proposito di Youtube. Negli States il 75 per cento delle mamme ha visto almeno un video online negli ultimi 7 giorni. I video sono una formula vincente: bastano tre o quattro minuti sotto forma di conversazione, di solito da mamma a mamma. &#8220;Sono perfetti per essere visti in qualsiasi momento&#8221;, \u00e8 convinta Bailey: &#8220;anche cucinando o stirando&#8221;.<\/p>\n<p>Youtube \u00e8 il contenitore pi\u00f9 seguito, ma ce ne sono altri. Ad esempio Newbaby.com, che d\u00e0 alle mamme la possibilit\u00e0 di creare, condividere e archiviare video e offre alle aziende l&#8217;opportunit\u00e0 di caricare video gratis.In Italia \u00e8 online Mammenellarete.it, canale multimediale in cui le mamme sono protagoniste attive e hanno creato una community per condividere le proprie esperienze utilizzando video.<\/p>\n<p>Che Internet sia il canale giusto per far breccia sulle scelte di mercato delle mamme lo dimostra anche un&#8217;indagine di Doubleclick Performics. Negli States il 70 per cento delle donne con figli usa motori di ricerca per acquistare prodotti online e il 64 per cento per acquistarli al di fuori della rete (offline).<\/p>\n<p>E cos\u00ec sia Procter &amp; Gamble che Unilever si sono rivolte al multimediale. La prima creando Vocal Point, &#8220;un programma di reclutamento di Alpha Moms che forniscono all&#8217;azienda preziosi consigli su diversi settori come moda, musica, alimentari, bellezza&#8221;, spiega Spanu. La Unilever, invece, dando vita all&#8217;applauditissima serie di video In the motherhood, lanciando cos\u00ec nell&#8217;etere un avvincente formula fatta &#8220;per mamme, da mamme, su mamme&#8221;, ora approdata dal web alla tv (\u00e8 stata acquistata dalla ABC). Tra le righe si trovano i due brand che stanno dietro quest&#8217;operazione: Suave della Unilever, con i prodotti di bellezza per donne che non hanno tempo per se stesse e Sprint, con un palmare multifunzioni dedicato a mamme affaccendate. E a proposito di Alpha Mom oberate da mille impegni, negli States stanno spuntano intelligenti servizi on line come <a href=\"http:\/\/www.cozi.com\" target=\"_blank\">Cozi<\/a>, che offre un calendario per gestire le molteplici attivit\u00e0, un&#8217;organizzata lista della spesa e un servizio di messaggi che ti mantiene costantemente collegata alle innumerevoli incombenze di madre di famiglia.<\/p>\n<p>Ma non ci sono solo i video per conquistare le mamme. Un esperimento statunitense con un canale radiofonico interamente dedicato alle informazioni per mamme si \u00e8 rivelato vincente (<a href=\"http:\/\/www.momtalkradio.com\" target=\"_blank\">www.momtalkradio.com<\/a>).<\/p>\n<p>E poi si stanno studiando formule originali come quelle di ambient marketing. Un esempio \u00e8 quello ideato da un&#8217;agenzia pubblicitaria di Johannesburg, che ha usato i seggiolini delle altalene dei giardinetti pubblici per promuovere una crema di arachidi. Mentre spinge il suo marmocchio sull&#8217;altalena, la mamma diventa un target molto ricettivo. E allora, come attrarla? Cecilia Spanu, che ha appena tenuto a Milano, per LRA, un corso per manager e pubblicitari, spiega le componenti vincenti del messaggio da rivolgere a chi ha figli.<\/p>\n<p>&#8220;Non importa se lavori o meno, se abbia un figlio o quattro, per la mamma il tempo \u00e8 denaro. Vuole poterlo risparmiare per dedicarsi ad altro&#8221;.Il tempo, ma anche il valore. &#8220;Le mamme si sentono gratificate quando riescono a fare buoni affari. Per loro il valore \u00e8 dato dalla qualit\u00e0, dal prezzo e dall&#8217;efficacia&#8221;. E ancora: le mamme sono sempre alla ricerca di soluzioni per i loro problemi. Chi pu\u00f2 negare che siano loro stesse campionesse di problem solving? Un messaggio che sottolinei le soluzioni offerte da un prodotto o da un servizio, cattura il loro interesse.<\/p>\n<p>&#8220;Cos\u00ec come apprezzano le aziende attente al contesto sociale e ambientale, sensibili ai temi della responsabilit\u00e0 sociale&#8221;, continua la fondatrice di Fattoremamma.<\/p>\n<p>E poi non bisogna dimenticare l&#8217;importanza di temi che riguardano la sicurezza. &#8220;Proteggere i propri figli \u00e8 una priorit\u00e0: messaggi che fanno leva su quest&#8217;esigenza hanno successo&#8221;. E&#8217; la linea scelta da Aprica, brand di seggiolini per auto e passeggini, quando mostra un bimbo che piange per i rischi corsi su un seggiolino a sedia, invece che sdraiato. Aprica si dice preoccupata di proteggere il neonato e fa riferimento ad un articolo uscito su Pediatrics riguardo ai disturbi legati ad una diminuzione della saturazione di ossigeno che si avrebbe quando il neonato non viene tenuto sdraiato per i primi sei mesi di vita.<\/p>\n<p>Cos\u00ec si convincono le mamme. O meglio le Alpha mamme. Perch\u00e9 i pubblicitari concordano: &#8220;segui le Alpha Moms e il resto del paese ti seguir\u00e0&#8221;.<\/p>\n<p>Spot affettuosi<\/p>\n<p>&#8220;Le campagne italiane rivolte alle mamme fanno appello soprattutto ai sentimenti, suscitando esperienze affettive&#8221;, spiega Cecilia Spanu, riferendosi alle teorie di marketing esperienziale. Le pubblicit\u00e0 che vanno per la maggiore sono fatte di abbracci e scambi di teneri sguardi. In alternativa il messaggio pu\u00f2 rivolgersi ai sensi, per esempio alludendo al profmo di bimbo pulito. Oppure si cerca di sucscitare la curiosit\u00e0 dei bambini, stimolando il desiderio verso giochi creativi.<\/p>\n<p align=\"center\"><img decoding=\"async\" src=\"https:\/\/www.filastrocche.it\/immagini\/articoli\/2009\/D_repubblica_31012009_alfa_mom.jpg\" alt=\"Alfa Moms\"   \/><\/p>\n","protected":false},"excerpt":{"rendered":"<p>di Daniela Condorelli Da &#8220;D&#8221; &#8211; Supplemento de &#8220;La Repubblica&#8221; &#8211; Anno 14 &#8211; Numero 631 &#8211; 31 Gennaio 2009 &nbsp; Pi\u00f9 di 7 milioni di potenziali clienti nella sola Italia. Un mercato da trilioni di dollari negli States. Non stupisce che l&#8217;interesse delle aziende si sia focalizzato sulle mamme, nuovo target dei pubblicitari. Soprattutto [&hellip;]<\/p>\n","protected":false},"author":17,"featured_media":0,"parent":52429,"menu_order":0,"comment_status":"open","ping_status":"open","template":"","meta":{"footnotes":""},"class_list":["post-52931","page","type-page","status-publish","hentry"],"yoast_head":"<!-- This site is optimized with the Yoast SEO plugin v26.2 - https:\/\/yoast.com\/wordpress\/plugins\/seo\/ -->\n<title>Alla conquista delle Alpha Mom - I testi della tradizione di Filastrocche.it<\/title>\n<meta name=\"robots\" content=\"index, follow, max-snippet:-1, max-image-preview:large, max-video-preview:-1\" \/>\n<link rel=\"canonical\" href=\"https:\/\/www.filastrocche.it\/contenuti\/dicono-di-noi\/rassegna-stampa-dellanno-2009\/alla-conquista-delle-alpha-mom\/\" \/>\n<meta property=\"og:locale\" content=\"it_IT\" \/>\n<meta property=\"og:type\" content=\"article\" \/>\n<meta property=\"og:title\" content=\"Alla conquista delle Alpha Mom - I testi della tradizione di Filastrocche.it\" \/>\n<meta property=\"og:description\" content=\"di Daniela Condorelli Da &#8220;D&#8221; &#8211; Supplemento de &#8220;La Repubblica&#8221; &#8211; Anno 14 &#8211; Numero 631 &#8211; 31 Gennaio 2009 &nbsp; Pi\u00f9 di 7 milioni di potenziali clienti nella sola Italia. Un mercato da trilioni di dollari negli States. Non stupisce che l&#8217;interesse delle aziende si sia focalizzato sulle mamme, nuovo target dei pubblicitari. Soprattutto [&hellip;]\" \/>\n<meta property=\"og:url\" content=\"https:\/\/www.filastrocche.it\/contenuti\/dicono-di-noi\/rassegna-stampa-dellanno-2009\/alla-conquista-delle-alpha-mom\/\" \/>\n<meta property=\"og:site_name\" content=\"I testi della tradizione di Filastrocche.it\" \/>\n<meta property=\"article:modified_time\" content=\"2012-06-11T10:04:51+00:00\" \/>\n<meta property=\"og:image\" content=\"https:\/\/www.filastrocche.it\/immagini\/articoli\/2009\/D_repubblica_31012009.jpg\" \/>\n<meta name=\"twitter:label1\" content=\"Tempo di lettura stimato\" \/>\n\t<meta name=\"twitter:data1\" content=\"8 minuti\" \/>\n<!-- \/ Yoast SEO plugin. -->","yoast_head_json":{"title":"Alla conquista delle Alpha Mom - I testi della tradizione di Filastrocche.it","robots":{"index":"index","follow":"follow","max-snippet":"max-snippet:-1","max-image-preview":"max-image-preview:large","max-video-preview":"max-video-preview:-1"},"canonical":"https:\/\/www.filastrocche.it\/contenuti\/dicono-di-noi\/rassegna-stampa-dellanno-2009\/alla-conquista-delle-alpha-mom\/","og_locale":"it_IT","og_type":"article","og_title":"Alla conquista delle Alpha Mom - I testi della tradizione di Filastrocche.it","og_description":"di Daniela Condorelli Da &#8220;D&#8221; &#8211; Supplemento de &#8220;La Repubblica&#8221; &#8211; Anno 14 &#8211; Numero 631 &#8211; 31 Gennaio 2009 &nbsp; Pi\u00f9 di 7 milioni di potenziali clienti nella sola Italia. Un mercato da trilioni di dollari negli States. Non stupisce che l&#8217;interesse delle aziende si sia focalizzato sulle mamme, nuovo target dei pubblicitari. Soprattutto [&hellip;]","og_url":"https:\/\/www.filastrocche.it\/contenuti\/dicono-di-noi\/rassegna-stampa-dellanno-2009\/alla-conquista-delle-alpha-mom\/","og_site_name":"I testi della tradizione di Filastrocche.it","article_modified_time":"2012-06-11T10:04:51+00:00","og_image":[{"url":"https:\/\/www.filastrocche.it\/immagini\/articoli\/2009\/D_repubblica_31012009.jpg","type":"","width":"","height":""}],"twitter_misc":{"Tempo di lettura stimato":"8 minuti"},"schema":{"@context":"https:\/\/schema.org","@graph":[{"@type":"WebPage","@id":"https:\/\/www.filastrocche.it\/contenuti\/dicono-di-noi\/rassegna-stampa-dellanno-2009\/alla-conquista-delle-alpha-mom\/","url":"https:\/\/www.filastrocche.it\/contenuti\/dicono-di-noi\/rassegna-stampa-dellanno-2009\/alla-conquista-delle-alpha-mom\/","name":"Alla conquista delle Alpha Mom - I testi della tradizione di Filastrocche.it","isPartOf":{"@id":"https:\/\/www.filastrocche.it\/contenuti\/#website"},"primaryImageOfPage":{"@id":"https:\/\/www.filastrocche.it\/contenuti\/dicono-di-noi\/rassegna-stampa-dellanno-2009\/alla-conquista-delle-alpha-mom\/#primaryimage"},"image":{"@id":"https:\/\/www.filastrocche.it\/contenuti\/dicono-di-noi\/rassegna-stampa-dellanno-2009\/alla-conquista-delle-alpha-mom\/#primaryimage"},"thumbnailUrl":"https:\/\/www.filastrocche.it\/immagini\/articoli\/2009\/D_repubblica_31012009.jpg","datePublished":"2012-06-11T10:03:20+00:00","dateModified":"2012-06-11T10:04:51+00:00","breadcrumb":{"@id":"https:\/\/www.filastrocche.it\/contenuti\/dicono-di-noi\/rassegna-stampa-dellanno-2009\/alla-conquista-delle-alpha-mom\/#breadcrumb"},"inLanguage":"it-IT","potentialAction":[{"@type":"ReadAction","target":["https:\/\/www.filastrocche.it\/contenuti\/dicono-di-noi\/rassegna-stampa-dellanno-2009\/alla-conquista-delle-alpha-mom\/"]}]},{"@type":"ImageObject","inLanguage":"it-IT","@id":"https:\/\/www.filastrocche.it\/contenuti\/dicono-di-noi\/rassegna-stampa-dellanno-2009\/alla-conquista-delle-alpha-mom\/#primaryimage","url":"https:\/\/www.filastrocche.it\/immagini\/articoli\/2009\/D_repubblica_31012009.jpg","contentUrl":"https:\/\/www.filastrocche.it\/immagini\/articoli\/2009\/D_repubblica_31012009.jpg"},{"@type":"BreadcrumbList","@id":"https:\/\/www.filastrocche.it\/contenuti\/dicono-di-noi\/rassegna-stampa-dellanno-2009\/alla-conquista-delle-alpha-mom\/#breadcrumb","itemListElement":[{"@type":"ListItem","position":1,"name":"Home","item":"https:\/\/www.filastrocche.it\/contenuti\/"},{"@type":"ListItem","position":2,"name":"Dicono di noi","item":"https:\/\/www.filastrocche.it\/contenuti\/dicono-di-noi\/"},{"@type":"ListItem","position":3,"name":"Rassegna stampa dell&#8217;anno 2009","item":"https:\/\/www.filastrocche.it\/contenuti\/dicono-di-noi\/rassegna-stampa-dellanno-2009\/"},{"@type":"ListItem","position":4,"name":"Alla conquista delle Alpha Mom"}]},{"@type":"WebSite","@id":"https:\/\/www.filastrocche.it\/contenuti\/#website","url":"https:\/\/www.filastrocche.it\/contenuti\/","name":"I testi della tradizione di Filastrocche.it","description":"Filastrocche, fiabe, canzoni e...","potentialAction":[{"@type":"SearchAction","target":{"@type":"EntryPoint","urlTemplate":"https:\/\/www.filastrocche.it\/contenuti\/?s={search_term_string}"},"query-input":{"@type":"PropertyValueSpecification","valueRequired":true,"valueName":"search_term_string"}}],"inLanguage":"it-IT"}]}},"_links":{"self":[{"href":"https:\/\/www.filastrocche.it\/contenuti\/wp-json\/wp\/v2\/pages\/52931","targetHints":{"allow":["GET"]}}],"collection":[{"href":"https:\/\/www.filastrocche.it\/contenuti\/wp-json\/wp\/v2\/pages"}],"about":[{"href":"https:\/\/www.filastrocche.it\/contenuti\/wp-json\/wp\/v2\/types\/page"}],"author":[{"embeddable":true,"href":"https:\/\/www.filastrocche.it\/contenuti\/wp-json\/wp\/v2\/users\/17"}],"replies":[{"embeddable":true,"href":"https:\/\/www.filastrocche.it\/contenuti\/wp-json\/wp\/v2\/comments?post=52931"}],"version-history":[{"count":0,"href":"https:\/\/www.filastrocche.it\/contenuti\/wp-json\/wp\/v2\/pages\/52931\/revisions"}],"up":[{"embeddable":true,"href":"https:\/\/www.filastrocche.it\/contenuti\/wp-json\/wp\/v2\/pages\/52429"}],"wp:attachment":[{"href":"https:\/\/www.filastrocche.it\/contenuti\/wp-json\/wp\/v2\/media?parent=52931"}],"curies":[{"name":"wp","href":"https:\/\/api.w.org\/{rel}","templated":true}]}}