{"id":52953,"date":"2012-06-11T10:12:53","date_gmt":"2012-06-11T10:12:53","guid":{"rendered":"https:\/\/www.filastrocche.it\/contenuti\/?page_id=52953"},"modified":"2012-06-11T10:56:13","modified_gmt":"2012-06-11T10:56:13","slug":"nasce-in-rete-il-nuovo-mammacheclub-com","status":"publish","type":"page","link":"https:\/\/www.filastrocche.it\/contenuti\/dicono-di-noi\/rassegna-stampa-dellanno-2009\/nasce-in-rete-il-nuovo-mammacheclub-com\/","title":{"rendered":"Nasce in rete il nuovo MammacheClub.com"},"content":{"rendered":"<p><span >Arriva il Social Network riservato solo alle mamme e ai loro figli<\/span> <strong><span >Nasce in rete il nuovo MammacheClub.com<\/span><\/strong><br \/>\n<span >Realizzato da FattoreMamma, editore di servizi online dedicati alle famiglie e ai bambini<\/span><br \/>\nDa &#8220;<a href=\"http:\/\/dailyonline.alice.it\/HomePageDailyNet.asp\" target=\"_blank\">DailyNet<\/a>&#8221; &#8211;<br \/>\nAnno VII &#8211; Numero 011 &#8211; 22 Gennaio 2009<\/p>\n<p>&nbsp;<\/p>\n<p><img decoding=\"async\" src=\"https:\/\/www.filastrocche.it\/immagini\/articoli\/2009\/dailynet_22012009.jpg\" alt=\"\" border=\"0\" \/><\/p>\n<p>&nbsp;<\/p>\n<p>E&#8217; nato\u00a0 <strong><a href=\"http:\/\/www.mammacheclub.com\/\" target=\"_blank\">MammacheClub<\/a><\/strong> il nuovo Social Network riservato esclusivamente alle mamme. Sulle orme di <strong>Facebook<\/strong> e <strong>MySpace<\/strong>, <a href=\"http:\/\/www.mammacheclub.com\/\" target=\"_blank\">MammacheClub<\/a> offre alle mamme un luogo a loro dedicato per incontrarsi, confrontarsi, fare amicizia, in linea con il nuovo web 2.0.<\/p>\n<p>Ideato da\u00a0 <strong><a href=\"http:\/\/www.fattoremamma.com\" target=\"_blank\">FattoreMamma<\/a><\/strong>, editore di servizi on-line dedicati alle famiglie e ai bambini, il Social Network \u00e8 stato realizzato originariamente a supporto dei lavori dell&#8217;Osservatorio Mamme e Informazione fondato da\u00a0 <strong><a href=\"http:\/\/www.fattoremamma.com\" target=\"_blank\">FattoreMamma<\/a>\u00a0 <\/strong>e <strong>Centro ASK<\/strong> dell&#8217;<strong>Universit\u00e0 Bocconi<\/strong> ed \u00e8 finalizzato ad approfondire la conoscenza del rapporto tra mamme, informazione e nuovi media.<\/p>\n<p><a href=\"http:\/\/www.mammacheclub.com\/\" target=\"_blank\">MammacheClub<\/a> \u00e8 stato ideato ed \u00e8 curato da due mamme: <strong>Jolanda Restano<\/strong> (3 figli dai 3 ai 9 anni) e <strong>Cecilia Spanu<\/strong> (4 figli dai 5 ai 13 anni).<\/p>\n<p>Jolanda, gi\u00e0 ideatrice di\u00a0 <strong><a href=\"https:\/\/www.filastrocche.it\">Filastrocche.it<\/a><\/strong>, commenta: &#8220;Abbiamo voluto creare uno spazio per sole mamme, dove potersi incontrare e comunicare liberamente e facilmente. La piattaforma utilizzata consente una particolare semplicit\u00e0 nell&#8217;iscrizione, nell&#8217;accesso e nella fruizione dei servizi offerti, che vanno dal forum al blog, dalla possibilit\u00e0 di caricare foto e video alla facolt\u00e0 di pubblicare eventi e presentazioni&#8221;.<\/p>\n<p>Cecilia sottolinea le molteplici opportunit\u00e0 che la Rete pu\u00f2 offrire alle mamme: &#8220;Internet ci offre la possibilit\u00e0 di tenerci in contatto e scambiarci informazioni, anche quando non c&#8217;\u00e8 il tempo per una telefonata! Il modello funziona, se \u00e8 vero che abbiamo gi\u00e0 superato le 200 mamme registrate a poco pi\u00f9 di un mese dall&#8217;apertura del Club!&#8221;.<\/p>\n","protected":false},"excerpt":{"rendered":"<p>Arriva il Social Network riservato solo alle mamme e ai loro figli Nasce in rete il nuovo MammacheClub.com Realizzato da FattoreMamma, editore di servizi online dedicati alle famiglie e ai bambini Da &#8220;DailyNet&#8221; &#8211; Anno VII &#8211; Numero 011 &#8211; 22 Gennaio 2009 &nbsp; &nbsp; E&#8217; nato\u00a0 MammacheClub il nuovo Social Network riservato esclusivamente alle [&hellip;]<\/p>\n","protected":false},"author":17,"featured_media":0,"parent":52429,"menu_order":0,"comment_status":"open","ping_status":"open","template":"","meta":{"footnotes":""},"class_list":["post-52953","page","type-page","status-publish","hentry"],"yoast_head":"<!-- This site is optimized with the Yoast SEO plugin v26.2 - https:\/\/yoast.com\/wordpress\/plugins\/seo\/ -->\n<title>Nasce in rete il nuovo MammacheClub.com - I testi della tradizione di Filastrocche.it<\/title>\n<meta name=\"robots\" content=\"index, follow, max-snippet:-1, max-image-preview:large, max-video-preview:-1\" \/>\n<link rel=\"canonical\" href=\"https:\/\/www.filastrocche.it\/contenuti\/dicono-di-noi\/rassegna-stampa-dellanno-2009\/nasce-in-rete-il-nuovo-mammacheclub-com\/\" \/>\n<meta property=\"og:locale\" content=\"it_IT\" \/>\n<meta property=\"og:type\" content=\"article\" \/>\n<meta property=\"og:title\" content=\"Nasce in rete il nuovo MammacheClub.com - I testi della tradizione di Filastrocche.it\" \/>\n<meta property=\"og:description\" content=\"Arriva il Social Network riservato solo alle mamme e ai loro figli Nasce in rete il nuovo MammacheClub.com Realizzato da FattoreMamma, editore di servizi online dedicati alle famiglie e ai bambini Da &#8220;DailyNet&#8221; &#8211; Anno VII &#8211; Numero 011 &#8211; 22 Gennaio 2009 &nbsp; &nbsp; E&#8217; nato\u00a0 MammacheClub il nuovo Social Network riservato esclusivamente alle [&hellip;]\" \/>\n<meta property=\"og:url\" content=\"https:\/\/www.filastrocche.it\/contenuti\/dicono-di-noi\/rassegna-stampa-dellanno-2009\/nasce-in-rete-il-nuovo-mammacheclub-com\/\" \/>\n<meta property=\"og:site_name\" content=\"I testi della tradizione di Filastrocche.it\" \/>\n<meta property=\"article:modified_time\" content=\"2012-06-11T10:56:13+00:00\" \/>\n<meta property=\"og:image\" content=\"https:\/\/www.filastrocche.it\/immagini\/articoli\/2009\/dailynet_22012009.jpg\" \/>\n<meta name=\"twitter:label1\" content=\"Tempo di lettura stimato\" \/>\n\t<meta name=\"twitter:data1\" content=\"1 minuto\" \/>\n<!-- \/ Yoast SEO plugin. -->","yoast_head_json":{"title":"Nasce in rete il nuovo MammacheClub.com - I testi della tradizione di Filastrocche.it","robots":{"index":"index","follow":"follow","max-snippet":"max-snippet:-1","max-image-preview":"max-image-preview:large","max-video-preview":"max-video-preview:-1"},"canonical":"https:\/\/www.filastrocche.it\/contenuti\/dicono-di-noi\/rassegna-stampa-dellanno-2009\/nasce-in-rete-il-nuovo-mammacheclub-com\/","og_locale":"it_IT","og_type":"article","og_title":"Nasce in rete il nuovo MammacheClub.com - I testi della tradizione di Filastrocche.it","og_description":"Arriva il Social Network riservato solo alle mamme e ai loro figli Nasce in rete il nuovo MammacheClub.com Realizzato da FattoreMamma, editore di servizi online dedicati alle famiglie e ai bambini Da &#8220;DailyNet&#8221; &#8211; Anno VII &#8211; Numero 011 &#8211; 22 Gennaio 2009 &nbsp; &nbsp; E&#8217; nato\u00a0 MammacheClub il nuovo Social Network riservato esclusivamente alle [&hellip;]","og_url":"https:\/\/www.filastrocche.it\/contenuti\/dicono-di-noi\/rassegna-stampa-dellanno-2009\/nasce-in-rete-il-nuovo-mammacheclub-com\/","og_site_name":"I testi della tradizione di Filastrocche.it","article_modified_time":"2012-06-11T10:56:13+00:00","og_image":[{"url":"https:\/\/www.filastrocche.it\/immagini\/articoli\/2009\/dailynet_22012009.jpg","type":"","width":"","height":""}],"twitter_misc":{"Tempo di lettura stimato":"1 minuto"},"schema":{"@context":"https:\/\/schema.org","@graph":[{"@type":"WebPage","@id":"https:\/\/www.filastrocche.it\/contenuti\/dicono-di-noi\/rassegna-stampa-dellanno-2009\/nasce-in-rete-il-nuovo-mammacheclub-com\/","url":"https:\/\/www.filastrocche.it\/contenuti\/dicono-di-noi\/rassegna-stampa-dellanno-2009\/nasce-in-rete-il-nuovo-mammacheclub-com\/","name":"Nasce in rete il nuovo MammacheClub.com - I testi della tradizione di Filastrocche.it","isPartOf":{"@id":"https:\/\/www.filastrocche.it\/contenuti\/#website"},"primaryImageOfPage":{"@id":"https:\/\/www.filastrocche.it\/contenuti\/dicono-di-noi\/rassegna-stampa-dellanno-2009\/nasce-in-rete-il-nuovo-mammacheclub-com\/#primaryimage"},"image":{"@id":"https:\/\/www.filastrocche.it\/contenuti\/dicono-di-noi\/rassegna-stampa-dellanno-2009\/nasce-in-rete-il-nuovo-mammacheclub-com\/#primaryimage"},"thumbnailUrl":"https:\/\/www.filastrocche.it\/immagini\/articoli\/2009\/dailynet_22012009.jpg","datePublished":"2012-06-11T10:12:53+00:00","dateModified":"2012-06-11T10:56:13+00:00","breadcrumb":{"@id":"https:\/\/www.filastrocche.it\/contenuti\/dicono-di-noi\/rassegna-stampa-dellanno-2009\/nasce-in-rete-il-nuovo-mammacheclub-com\/#breadcrumb"},"inLanguage":"it-IT","potentialAction":[{"@type":"ReadAction","target":["https:\/\/www.filastrocche.it\/contenuti\/dicono-di-noi\/rassegna-stampa-dellanno-2009\/nasce-in-rete-il-nuovo-mammacheclub-com\/"]}]},{"@type":"ImageObject","inLanguage":"it-IT","@id":"https:\/\/www.filastrocche.it\/contenuti\/dicono-di-noi\/rassegna-stampa-dellanno-2009\/nasce-in-rete-il-nuovo-mammacheclub-com\/#primaryimage","url":"https:\/\/www.filastrocche.it\/immagini\/articoli\/2009\/dailynet_22012009.jpg","contentUrl":"https:\/\/www.filastrocche.it\/immagini\/articoli\/2009\/dailynet_22012009.jpg"},{"@type":"BreadcrumbList","@id":"https:\/\/www.filastrocche.it\/contenuti\/dicono-di-noi\/rassegna-stampa-dellanno-2009\/nasce-in-rete-il-nuovo-mammacheclub-com\/#breadcrumb","itemListElement":[{"@type":"ListItem","position":1,"name":"Home","item":"https:\/\/www.filastrocche.it\/contenuti\/"},{"@type":"ListItem","position":2,"name":"Dicono di noi","item":"https:\/\/www.filastrocche.it\/contenuti\/dicono-di-noi\/"},{"@type":"ListItem","position":3,"name":"Rassegna stampa dell&#8217;anno 2009","item":"https:\/\/www.filastrocche.it\/contenuti\/dicono-di-noi\/rassegna-stampa-dellanno-2009\/"},{"@type":"ListItem","position":4,"name":"Nasce in rete il nuovo MammacheClub.com"}]},{"@type":"WebSite","@id":"https:\/\/www.filastrocche.it\/contenuti\/#website","url":"https:\/\/www.filastrocche.it\/contenuti\/","name":"I testi della tradizione di Filastrocche.it","description":"Filastrocche, fiabe, canzoni e...","potentialAction":[{"@type":"SearchAction","target":{"@type":"EntryPoint","urlTemplate":"https:\/\/www.filastrocche.it\/contenuti\/?s={search_term_string}"},"query-input":{"@type":"PropertyValueSpecification","valueRequired":true,"valueName":"search_term_string"}}],"inLanguage":"it-IT"}]}},"_links":{"self":[{"href":"https:\/\/www.filastrocche.it\/contenuti\/wp-json\/wp\/v2\/pages\/52953","targetHints":{"allow":["GET"]}}],"collection":[{"href":"https:\/\/www.filastrocche.it\/contenuti\/wp-json\/wp\/v2\/pages"}],"about":[{"href":"https:\/\/www.filastrocche.it\/contenuti\/wp-json\/wp\/v2\/types\/page"}],"author":[{"embeddable":true,"href":"https:\/\/www.filastrocche.it\/contenuti\/wp-json\/wp\/v2\/users\/17"}],"replies":[{"embeddable":true,"href":"https:\/\/www.filastrocche.it\/contenuti\/wp-json\/wp\/v2\/comments?post=52953"}],"version-history":[{"count":0,"href":"https:\/\/www.filastrocche.it\/contenuti\/wp-json\/wp\/v2\/pages\/52953\/revisions"}],"up":[{"embeddable":true,"href":"https:\/\/www.filastrocche.it\/contenuti\/wp-json\/wp\/v2\/pages\/52429"}],"wp:attachment":[{"href":"https:\/\/www.filastrocche.it\/contenuti\/wp-json\/wp\/v2\/media?parent=52953"}],"curies":[{"name":"wp","href":"https:\/\/api.w.org\/{rel}","templated":true}]}}