{"id":52981,"date":"2012-06-11T11:00:28","date_gmt":"2012-06-11T11:00:28","guid":{"rendered":"https:\/\/www.filastrocche.it\/contenuti\/?page_id=52981"},"modified":"2012-06-11T11:13:09","modified_gmt":"2012-06-11T11:13:09","slug":"sorelle-nella-rete","status":"publish","type":"page","link":"https:\/\/www.filastrocche.it\/contenuti\/dicono-di-noi\/rassegna-stampa-dellanno-2009\/sorelle-nella-rete\/","title":{"rendered":"Sorelle nella rete"},"content":{"rendered":"<p><strong>Sorelle nella rete<br \/>\n<\/strong><em>Con un&#8217;ottantina tra blog e siti internet, a Milano esplode il &#8220;mommyblogging&#8221;. Il fenomeno calamita migliaia di lettrici, affascinando editoria, universit\u00e0 e cinema.<\/em><br \/>\n<em>di Annalisa Camorani<\/em><\/p>\n<p>Da &#8220;Tutto Milano&#8221; &#8211; Supplemento de &#8220;La Repubblica&#8221; &#8211; Numero 579 &#8211;<br \/>\nGennaio 2009<\/p>\n<p>&nbsp;<\/p>\n<p><img decoding=\"async\" class=\"alignleft\" src=\"https:\/\/www.filastrocche.it\/immagini\/articoli\/2009\/tutto_milano_repubblica_579_0109.jpg\" alt=\"\" align=\"left\" border=\"0\" \/>Esiste a Milano un universo popolato da hobbit, streghe e trib\u00f9 di bambini scatenati. Le mamme che lo abitano sono estroverse, colte e piene di interessi. Questo universo parallelo, conosciuto come <a href=\"https:\/\/www.filastrocche.it\/jolanda\" target=\"_blank\">mommyblogging<\/a>, muove migliaia di lettrici ed \u00e8 un fenomeno a cui si stanno interessando anche editoria, cinema e universit\u00e0. La Bocconi, per esempio, sta realizzando una ricerca su mamme e informazione. Il movimento\u00a0 dilaga (a Milano ci sarebbero un&#8217;ottantina di blog, in Italia tremila), ma gli spazi di crescita sono enormi, se \u00e8 vero, come stimano alcune blogger, che in citt\u00e0 sono ancora meno del 10 per cento le mamme che ne fanno parte.<\/p>\n<p>&#8230;<\/p>\n<p>E&#8217; difficile dire quale sar\u00e0 il futuro del <a href=\"https:\/\/www.filastrocche.it\/jolanda\" target=\"_blank\">mommyblogging<\/a>.<br \/>\nCecilia Spanu, 41 anni, quattro figli dai 13 ai 5 anni, \u00e8 una delle menti di &#8220;<a href=\"http:\/\/www.fattoremamma.com\" target=\"_blank\">Fattore\u00a0 mamma<\/a>&#8220;, societ\u00e0 di consulenza e marketing che collabora alla ricerca della Bocconi. &#8220;Le mamme &#8211; \u00e8 l&#8217; analisi della Spanu &#8211; non vedono i blog come una possibile fonte di\u00a0 reddito. In alcuni casi il motivo \u00e8 ideologico, in altri casi, invece, non c&#8217;\u00e8 la\u00a0 consapevolezza delle potenzialit\u00e0 del fenomeno&#8221;. In pratica il mercato non si \u00e8 ancora aperto alla pubblicit\u00e0, cosa che, invece, \u00e8 gi\u00e0 successa negli Stati Uniti, dove i blog sono tra i centomila e i cinquecentomila. Tra business e mozioni d&#8217;affetto, il <a href=\"https:\/\/www.filastrocche.it\/jolanda\" target=\"_blank\">mommyblogging<\/a> d&#8217;Italia cerca la propria via.<\/p>\n","protected":false},"excerpt":{"rendered":"<p>Sorelle nella rete Con un&#8217;ottantina tra blog e siti internet, a Milano esplode il &#8220;mommyblogging&#8221;. Il fenomeno calamita migliaia di lettrici, affascinando editoria, universit\u00e0 e cinema. di Annalisa Camorani Da &#8220;Tutto Milano&#8221; &#8211; Supplemento de &#8220;La Repubblica&#8221; &#8211; Numero 579 &#8211; Gennaio 2009 &nbsp; Esiste a Milano un universo popolato da hobbit, streghe e trib\u00f9 [&hellip;]<\/p>\n","protected":false},"author":17,"featured_media":0,"parent":52429,"menu_order":0,"comment_status":"open","ping_status":"open","template":"","meta":{"footnotes":""},"class_list":["post-52981","page","type-page","status-publish","hentry"],"yoast_head":"<!-- This site is optimized with the Yoast SEO plugin v26.2 - https:\/\/yoast.com\/wordpress\/plugins\/seo\/ -->\n<title>Sorelle nella rete - I testi della tradizione di Filastrocche.it<\/title>\n<meta name=\"robots\" content=\"index, follow, max-snippet:-1, max-image-preview:large, max-video-preview:-1\" \/>\n<link rel=\"canonical\" href=\"https:\/\/www.filastrocche.it\/contenuti\/dicono-di-noi\/rassegna-stampa-dellanno-2009\/sorelle-nella-rete\/\" \/>\n<meta property=\"og:locale\" content=\"it_IT\" \/>\n<meta property=\"og:type\" content=\"article\" \/>\n<meta property=\"og:title\" content=\"Sorelle nella rete - I testi della tradizione di Filastrocche.it\" \/>\n<meta property=\"og:description\" content=\"Sorelle nella rete Con un&#8217;ottantina tra blog e siti internet, a Milano esplode il &#8220;mommyblogging&#8221;. Il fenomeno calamita migliaia di lettrici, affascinando editoria, universit\u00e0 e cinema. di Annalisa Camorani Da &#8220;Tutto Milano&#8221; &#8211; Supplemento de &#8220;La Repubblica&#8221; &#8211; Numero 579 &#8211; Gennaio 2009 &nbsp; Esiste a Milano un universo popolato da hobbit, streghe e trib\u00f9 [&hellip;]\" \/>\n<meta property=\"og:url\" content=\"https:\/\/www.filastrocche.it\/contenuti\/dicono-di-noi\/rassegna-stampa-dellanno-2009\/sorelle-nella-rete\/\" \/>\n<meta property=\"og:site_name\" content=\"I testi della tradizione di Filastrocche.it\" \/>\n<meta property=\"article:modified_time\" content=\"2012-06-11T11:13:09+00:00\" \/>\n<meta property=\"og:image\" content=\"https:\/\/www.filastrocche.it\/immagini\/articoli\/2009\/tutto_milano_repubblica_579_0109.jpg\" \/>\n<meta name=\"twitter:label1\" content=\"Tempo di lettura stimato\" \/>\n\t<meta name=\"twitter:data1\" content=\"1 minuto\" \/>\n<!-- \/ Yoast SEO plugin. -->","yoast_head_json":{"title":"Sorelle nella rete - I testi della tradizione di Filastrocche.it","robots":{"index":"index","follow":"follow","max-snippet":"max-snippet:-1","max-image-preview":"max-image-preview:large","max-video-preview":"max-video-preview:-1"},"canonical":"https:\/\/www.filastrocche.it\/contenuti\/dicono-di-noi\/rassegna-stampa-dellanno-2009\/sorelle-nella-rete\/","og_locale":"it_IT","og_type":"article","og_title":"Sorelle nella rete - I testi della tradizione di Filastrocche.it","og_description":"Sorelle nella rete Con un&#8217;ottantina tra blog e siti internet, a Milano esplode il &#8220;mommyblogging&#8221;. Il fenomeno calamita migliaia di lettrici, affascinando editoria, universit\u00e0 e cinema. di Annalisa Camorani Da &#8220;Tutto Milano&#8221; &#8211; Supplemento de &#8220;La Repubblica&#8221; &#8211; Numero 579 &#8211; Gennaio 2009 &nbsp; Esiste a Milano un universo popolato da hobbit, streghe e trib\u00f9 [&hellip;]","og_url":"https:\/\/www.filastrocche.it\/contenuti\/dicono-di-noi\/rassegna-stampa-dellanno-2009\/sorelle-nella-rete\/","og_site_name":"I testi della tradizione di Filastrocche.it","article_modified_time":"2012-06-11T11:13:09+00:00","og_image":[{"url":"https:\/\/www.filastrocche.it\/immagini\/articoli\/2009\/tutto_milano_repubblica_579_0109.jpg","type":"","width":"","height":""}],"twitter_misc":{"Tempo di lettura stimato":"1 minuto"},"schema":{"@context":"https:\/\/schema.org","@graph":[{"@type":"WebPage","@id":"https:\/\/www.filastrocche.it\/contenuti\/dicono-di-noi\/rassegna-stampa-dellanno-2009\/sorelle-nella-rete\/","url":"https:\/\/www.filastrocche.it\/contenuti\/dicono-di-noi\/rassegna-stampa-dellanno-2009\/sorelle-nella-rete\/","name":"Sorelle nella rete - I testi della tradizione di Filastrocche.it","isPartOf":{"@id":"https:\/\/www.filastrocche.it\/contenuti\/#website"},"primaryImageOfPage":{"@id":"https:\/\/www.filastrocche.it\/contenuti\/dicono-di-noi\/rassegna-stampa-dellanno-2009\/sorelle-nella-rete\/#primaryimage"},"image":{"@id":"https:\/\/www.filastrocche.it\/contenuti\/dicono-di-noi\/rassegna-stampa-dellanno-2009\/sorelle-nella-rete\/#primaryimage"},"thumbnailUrl":"https:\/\/www.filastrocche.it\/immagini\/articoli\/2009\/tutto_milano_repubblica_579_0109.jpg","datePublished":"2012-06-11T11:00:28+00:00","dateModified":"2012-06-11T11:13:09+00:00","breadcrumb":{"@id":"https:\/\/www.filastrocche.it\/contenuti\/dicono-di-noi\/rassegna-stampa-dellanno-2009\/sorelle-nella-rete\/#breadcrumb"},"inLanguage":"it-IT","potentialAction":[{"@type":"ReadAction","target":["https:\/\/www.filastrocche.it\/contenuti\/dicono-di-noi\/rassegna-stampa-dellanno-2009\/sorelle-nella-rete\/"]}]},{"@type":"ImageObject","inLanguage":"it-IT","@id":"https:\/\/www.filastrocche.it\/contenuti\/dicono-di-noi\/rassegna-stampa-dellanno-2009\/sorelle-nella-rete\/#primaryimage","url":"https:\/\/www.filastrocche.it\/immagini\/articoli\/2009\/tutto_milano_repubblica_579_0109.jpg","contentUrl":"https:\/\/www.filastrocche.it\/immagini\/articoli\/2009\/tutto_milano_repubblica_579_0109.jpg"},{"@type":"BreadcrumbList","@id":"https:\/\/www.filastrocche.it\/contenuti\/dicono-di-noi\/rassegna-stampa-dellanno-2009\/sorelle-nella-rete\/#breadcrumb","itemListElement":[{"@type":"ListItem","position":1,"name":"Home","item":"https:\/\/www.filastrocche.it\/contenuti\/"},{"@type":"ListItem","position":2,"name":"Dicono di noi","item":"https:\/\/www.filastrocche.it\/contenuti\/dicono-di-noi\/"},{"@type":"ListItem","position":3,"name":"Rassegna stampa dell&#8217;anno 2009","item":"https:\/\/www.filastrocche.it\/contenuti\/dicono-di-noi\/rassegna-stampa-dellanno-2009\/"},{"@type":"ListItem","position":4,"name":"Sorelle nella rete"}]},{"@type":"WebSite","@id":"https:\/\/www.filastrocche.it\/contenuti\/#website","url":"https:\/\/www.filastrocche.it\/contenuti\/","name":"I testi della tradizione di Filastrocche.it","description":"Filastrocche, fiabe, canzoni e...","potentialAction":[{"@type":"SearchAction","target":{"@type":"EntryPoint","urlTemplate":"https:\/\/www.filastrocche.it\/contenuti\/?s={search_term_string}"},"query-input":{"@type":"PropertyValueSpecification","valueRequired":true,"valueName":"search_term_string"}}],"inLanguage":"it-IT"}]}},"_links":{"self":[{"href":"https:\/\/www.filastrocche.it\/contenuti\/wp-json\/wp\/v2\/pages\/52981","targetHints":{"allow":["GET"]}}],"collection":[{"href":"https:\/\/www.filastrocche.it\/contenuti\/wp-json\/wp\/v2\/pages"}],"about":[{"href":"https:\/\/www.filastrocche.it\/contenuti\/wp-json\/wp\/v2\/types\/page"}],"author":[{"embeddable":true,"href":"https:\/\/www.filastrocche.it\/contenuti\/wp-json\/wp\/v2\/users\/17"}],"replies":[{"embeddable":true,"href":"https:\/\/www.filastrocche.it\/contenuti\/wp-json\/wp\/v2\/comments?post=52981"}],"version-history":[{"count":0,"href":"https:\/\/www.filastrocche.it\/contenuti\/wp-json\/wp\/v2\/pages\/52981\/revisions"}],"up":[{"embeddable":true,"href":"https:\/\/www.filastrocche.it\/contenuti\/wp-json\/wp\/v2\/pages\/52429"}],"wp:attachment":[{"href":"https:\/\/www.filastrocche.it\/contenuti\/wp-json\/wp\/v2\/media?parent=52981"}],"curies":[{"name":"wp","href":"https:\/\/api.w.org\/{rel}","templated":true}]}}