{"id":53001,"date":"2012-06-13T07:57:52","date_gmt":"2012-06-13T07:57:52","guid":{"rendered":"https:\/\/www.filastrocche.it\/contenuti\/?page_id=53001"},"modified":"2012-06-13T08:01:37","modified_gmt":"2012-06-13T08:01:37","slug":"il-web-magazine-a-misura-di-mamma","status":"publish","type":"page","link":"https:\/\/www.filastrocche.it\/contenuti\/dicono-di-noi\/rassegna-stampa-dellanno-2008\/il-web-magazine-a-misura-di-mamma\/","title":{"rendered":"Il Web magazine a misura di mamma"},"content":{"rendered":"<p><em>Di Lorenzo Briotti<\/em><\/p>\n<p>da &#8220;La Repubblica&#8221; &#8211; Luned\u00ec 15 dicembre 2008 &#8211; Supplemento &#8220;Affari e Finanza&#8221;<\/p>\n<p>&nbsp;<\/p>\n<p><img decoding=\"async\" class=\"alignleft\" src=\"https:\/\/www.filastrocche.it\/immagini\/articoli\/2008\/repubblica_logo.gif\" alt=\"\" border=\"0\" \/> Sapete quanto ci vuole per smaltire un comune pannolino usa e getta? Circa 500 anni. E quanto si spende nel primo anno di vita del bambino in pannolini di qualit\u00e0 medio\u00a0 bassa, acquistati a Euro 0.20 ciascuno, che \u00e8 il prezzo minimo? Considerando un consumo medio di 7 pannolini al giorno, pi\u00f9 di 500 Euro. Oppure, come creare con i bambini semplici decorazioni per l&#8217;albero di Natale, coinvolgendoli in forma gioiosa e creativa?<\/p>\n<p>Questi e tanti altri argomenti sul nuovo blog editoriale interamente dedicato alle mamme e a tutte quelle donne che stanno per\u00a0 diventarlo o vorrebbero diventarlo. Il tutto in un form factor agile, aggiornato, multimediale e partecipativo, in linea con il nuovo web 2.0.<\/p>\n<p>Ideato da Jop \u2013 Fattore Mamma, editore di servizi online dedicati alle famiglie e ai bambini,\u00a0 <a href=\"http:\/\/www.blogmamma.it\" target=\"_blank\">Blogmamma.it<\/a> ospita notizie,\u00a0 commenti, opinioni, curiosit\u00e0 sull&#8217;esperienza pi\u00f9 importante per la vita di una donna: la maternit\u00e0. E lo fa dando voce\u00a0 principalmente alle mamme, con un taglio prevalentemente di servizio. Jolanda Restano, gi\u00e0 ideatrice di Filastrocche.it e oggi anche direttore editoriale del nuovo sito, commenta: &#8220;Abbiamo voluto creare un blog che risponda al desiderio di informazione e di\u00a0 confronto delle donne, in particolare le neomamme. Il blog \u00e8 un formato agile, semplice da usare, ma in grado di adattarsi alle nostre esigenze di mamme sempre un po&#8217; di corsa: accessibile dovunque, via PC come via telefono cellulare, con informazioni e riflessioni sintetiche ma mai banali o superficiali. Un servizio pensato per valorizzare il ruolo delle mamme, che in <a href=\"http:\/\/www.blogmamma.it\" target=\"_blank\">Blogmamma<\/a> sono sia utenti che protagoniste, con la possibilit\u00e0 di partecipare in prima persona&#8221;.<\/p>\n<p>I post sono redatti dalle iscritte che, in chiave informale, parlano di argomenti relativi al mondo della famiglia, stimolando\u00a0 l&#8217;interazione con le altre lettrici. &#8220;Non \u00e8 semplicemente un blog \u2013 continua Jolanda Restano \u2013 si tratta di un prodotto a vocazione editoriale che, all&#8217;autorevolezza di un vero e proprio magazine online, aggiunge la freschezza di un contatto diretto e immediato con le sue utenti&#8221;.<\/p>\n<p>Sulle pagine trovano spazio tutti i principali argomenti legati alla sfera della maternit\u00e0: dalla fertilit\u00e0 alla gravidanza, dai primi mesi di vita del bambino all&#8217;impatto con la scuola, dal gioco all&#8217;alimentazione, dall&#8217;attualit\u00e0 ai temi del lavoro, dall&#8217;intrattenimento al benessere.<\/p>\n<p>Tra i servizi a valore aggiunto, Blogmamma TV, un canale TV che, in partnership con C6 TV, segue fiere, convegni e manifestazioni dedicati al mondo della mamma e del bambino. Nella sezione Podcast, interviste audio ascoltabili online o scaricabili sul proprio lettore Mp3, che vedono protagonisti pediatri, psicologi, avvocati o ricercatori. Con la versione Blogmamma Mobile si pu\u00f2 interagire con il sito anche da telefono cellulare.<\/p>\n","protected":false},"excerpt":{"rendered":"<p>Di Lorenzo Briotti da &#8220;La Repubblica&#8221; &#8211; Luned\u00ec 15 dicembre 2008 &#8211; Supplemento &#8220;Affari e Finanza&#8221; &nbsp; Sapete quanto ci vuole per smaltire un comune pannolino usa e getta? Circa 500 anni. E quanto si spende nel primo anno di vita del bambino in pannolini di qualit\u00e0 medio\u00a0 bassa, acquistati a Euro 0.20 ciascuno, che [&hellip;]<\/p>\n","protected":false},"author":17,"featured_media":0,"parent":52425,"menu_order":0,"comment_status":"open","ping_status":"open","template":"","meta":{"footnotes":""},"class_list":["post-53001","page","type-page","status-publish","hentry"],"yoast_head":"<!-- This site is optimized with the Yoast SEO plugin v26.2 - https:\/\/yoast.com\/wordpress\/plugins\/seo\/ -->\n<title>Il Web magazine a misura di mamma - I testi della tradizione di Filastrocche.it<\/title>\n<meta name=\"robots\" content=\"index, follow, max-snippet:-1, max-image-preview:large, max-video-preview:-1\" \/>\n<link rel=\"canonical\" href=\"https:\/\/www.filastrocche.it\/contenuti\/dicono-di-noi\/rassegna-stampa-dellanno-2008\/il-web-magazine-a-misura-di-mamma\/\" \/>\n<meta property=\"og:locale\" content=\"it_IT\" \/>\n<meta property=\"og:type\" content=\"article\" \/>\n<meta property=\"og:title\" content=\"Il Web magazine a misura di mamma - I testi della tradizione di Filastrocche.it\" \/>\n<meta property=\"og:description\" content=\"Di Lorenzo Briotti da &#8220;La Repubblica&#8221; &#8211; Luned\u00ec 15 dicembre 2008 &#8211; Supplemento &#8220;Affari e Finanza&#8221; &nbsp; Sapete quanto ci vuole per smaltire un comune pannolino usa e getta? Circa 500 anni. E quanto si spende nel primo anno di vita del bambino in pannolini di qualit\u00e0 medio\u00a0 bassa, acquistati a Euro 0.20 ciascuno, che [&hellip;]\" \/>\n<meta property=\"og:url\" content=\"https:\/\/www.filastrocche.it\/contenuti\/dicono-di-noi\/rassegna-stampa-dellanno-2008\/il-web-magazine-a-misura-di-mamma\/\" \/>\n<meta property=\"og:site_name\" content=\"I testi della tradizione di Filastrocche.it\" \/>\n<meta property=\"article:modified_time\" content=\"2012-06-13T08:01:37+00:00\" \/>\n<meta property=\"og:image\" content=\"https:\/\/www.filastrocche.it\/immagini\/articoli\/2008\/repubblica_logo.gif\" \/>\n<meta name=\"twitter:label1\" content=\"Tempo di lettura stimato\" \/>\n\t<meta name=\"twitter:data1\" content=\"2 minuti\" \/>\n<!-- \/ Yoast SEO plugin. -->","yoast_head_json":{"title":"Il Web magazine a misura di mamma - I testi della tradizione di Filastrocche.it","robots":{"index":"index","follow":"follow","max-snippet":"max-snippet:-1","max-image-preview":"max-image-preview:large","max-video-preview":"max-video-preview:-1"},"canonical":"https:\/\/www.filastrocche.it\/contenuti\/dicono-di-noi\/rassegna-stampa-dellanno-2008\/il-web-magazine-a-misura-di-mamma\/","og_locale":"it_IT","og_type":"article","og_title":"Il Web magazine a misura di mamma - I testi della tradizione di Filastrocche.it","og_description":"Di Lorenzo Briotti da &#8220;La Repubblica&#8221; &#8211; Luned\u00ec 15 dicembre 2008 &#8211; Supplemento &#8220;Affari e Finanza&#8221; &nbsp; Sapete quanto ci vuole per smaltire un comune pannolino usa e getta? Circa 500 anni. E quanto si spende nel primo anno di vita del bambino in pannolini di qualit\u00e0 medio\u00a0 bassa, acquistati a Euro 0.20 ciascuno, che [&hellip;]","og_url":"https:\/\/www.filastrocche.it\/contenuti\/dicono-di-noi\/rassegna-stampa-dellanno-2008\/il-web-magazine-a-misura-di-mamma\/","og_site_name":"I testi della tradizione di Filastrocche.it","article_modified_time":"2012-06-13T08:01:37+00:00","og_image":[{"url":"https:\/\/www.filastrocche.it\/immagini\/articoli\/2008\/repubblica_logo.gif","type":"","width":"","height":""}],"twitter_misc":{"Tempo di lettura stimato":"2 minuti"},"schema":{"@context":"https:\/\/schema.org","@graph":[{"@type":"WebPage","@id":"https:\/\/www.filastrocche.it\/contenuti\/dicono-di-noi\/rassegna-stampa-dellanno-2008\/il-web-magazine-a-misura-di-mamma\/","url":"https:\/\/www.filastrocche.it\/contenuti\/dicono-di-noi\/rassegna-stampa-dellanno-2008\/il-web-magazine-a-misura-di-mamma\/","name":"Il Web magazine a misura di mamma - I testi della tradizione di Filastrocche.it","isPartOf":{"@id":"https:\/\/www.filastrocche.it\/contenuti\/#website"},"primaryImageOfPage":{"@id":"https:\/\/www.filastrocche.it\/contenuti\/dicono-di-noi\/rassegna-stampa-dellanno-2008\/il-web-magazine-a-misura-di-mamma\/#primaryimage"},"image":{"@id":"https:\/\/www.filastrocche.it\/contenuti\/dicono-di-noi\/rassegna-stampa-dellanno-2008\/il-web-magazine-a-misura-di-mamma\/#primaryimage"},"thumbnailUrl":"https:\/\/www.filastrocche.it\/immagini\/articoli\/2008\/repubblica_logo.gif","datePublished":"2012-06-13T07:57:52+00:00","dateModified":"2012-06-13T08:01:37+00:00","breadcrumb":{"@id":"https:\/\/www.filastrocche.it\/contenuti\/dicono-di-noi\/rassegna-stampa-dellanno-2008\/il-web-magazine-a-misura-di-mamma\/#breadcrumb"},"inLanguage":"it-IT","potentialAction":[{"@type":"ReadAction","target":["https:\/\/www.filastrocche.it\/contenuti\/dicono-di-noi\/rassegna-stampa-dellanno-2008\/il-web-magazine-a-misura-di-mamma\/"]}]},{"@type":"ImageObject","inLanguage":"it-IT","@id":"https:\/\/www.filastrocche.it\/contenuti\/dicono-di-noi\/rassegna-stampa-dellanno-2008\/il-web-magazine-a-misura-di-mamma\/#primaryimage","url":"https:\/\/www.filastrocche.it\/immagini\/articoli\/2008\/repubblica_logo.gif","contentUrl":"https:\/\/www.filastrocche.it\/immagini\/articoli\/2008\/repubblica_logo.gif"},{"@type":"BreadcrumbList","@id":"https:\/\/www.filastrocche.it\/contenuti\/dicono-di-noi\/rassegna-stampa-dellanno-2008\/il-web-magazine-a-misura-di-mamma\/#breadcrumb","itemListElement":[{"@type":"ListItem","position":1,"name":"Home","item":"https:\/\/www.filastrocche.it\/contenuti\/"},{"@type":"ListItem","position":2,"name":"Dicono di noi","item":"https:\/\/www.filastrocche.it\/contenuti\/dicono-di-noi\/"},{"@type":"ListItem","position":3,"name":"Rassegna stampa dell&#8217;anno 2008","item":"https:\/\/www.filastrocche.it\/contenuti\/dicono-di-noi\/rassegna-stampa-dellanno-2008\/"},{"@type":"ListItem","position":4,"name":"Il Web magazine a misura di mamma"}]},{"@type":"WebSite","@id":"https:\/\/www.filastrocche.it\/contenuti\/#website","url":"https:\/\/www.filastrocche.it\/contenuti\/","name":"I testi della tradizione di Filastrocche.it","description":"Filastrocche, fiabe, canzoni e...","potentialAction":[{"@type":"SearchAction","target":{"@type":"EntryPoint","urlTemplate":"https:\/\/www.filastrocche.it\/contenuti\/?s={search_term_string}"},"query-input":{"@type":"PropertyValueSpecification","valueRequired":true,"valueName":"search_term_string"}}],"inLanguage":"it-IT"}]}},"_links":{"self":[{"href":"https:\/\/www.filastrocche.it\/contenuti\/wp-json\/wp\/v2\/pages\/53001","targetHints":{"allow":["GET"]}}],"collection":[{"href":"https:\/\/www.filastrocche.it\/contenuti\/wp-json\/wp\/v2\/pages"}],"about":[{"href":"https:\/\/www.filastrocche.it\/contenuti\/wp-json\/wp\/v2\/types\/page"}],"author":[{"embeddable":true,"href":"https:\/\/www.filastrocche.it\/contenuti\/wp-json\/wp\/v2\/users\/17"}],"replies":[{"embeddable":true,"href":"https:\/\/www.filastrocche.it\/contenuti\/wp-json\/wp\/v2\/comments?post=53001"}],"version-history":[{"count":0,"href":"https:\/\/www.filastrocche.it\/contenuti\/wp-json\/wp\/v2\/pages\/53001\/revisions"}],"up":[{"embeddable":true,"href":"https:\/\/www.filastrocche.it\/contenuti\/wp-json\/wp\/v2\/pages\/52425"}],"wp:attachment":[{"href":"https:\/\/www.filastrocche.it\/contenuti\/wp-json\/wp\/v2\/media?parent=53001"}],"curies":[{"name":"wp","href":"https:\/\/api.w.org\/{rel}","templated":true}]}}