{"id":53027,"date":"2012-06-13T08:08:34","date_gmt":"2012-06-13T08:08:34","guid":{"rendered":"https:\/\/www.filastrocche.it\/contenuti\/?page_id=53027"},"modified":"2012-06-13T08:09:23","modified_gmt":"2012-06-13T08:09:23","slug":"e-nato-in-rete-blogmamma-it","status":"publish","type":"page","link":"https:\/\/www.filastrocche.it\/contenuti\/dicono-di-noi\/rassegna-stampa-dellanno-2008\/e-nato-in-rete-blogmamma-it\/","title":{"rendered":"E\u2019 nato in rete Blogmamma.it"},"content":{"rendered":"<p><em><span >Online il nuovo blog tematico. Spazio web aggiornato, multimediale e partecipativo<\/span><\/em><\/p>\n<p>da &#8220;DailyNet&#8221; &#8211; Venerd\u00ec 12 dicembre 2008<\/p>\n<p>&nbsp;<\/p>\n<p><img decoding=\"async\" class=\"aligncenter\" src=\"https:\/\/www.filastrocche.it\/immagini\/articoli\/2008\/dailynet_12122008.jpg\" alt=\"\" border=\"0\" \/><\/p>\n<p>&nbsp;<\/p>\n<p>Nasce <a href=\"http:\/\/www.blogmamma.it\/\" target=\"_blank\">Blogmamma.it<\/a>, il blog editoriale interamente dedicato alle mamme e a tutte quelle donne che stanno per diventarlo o\u00a0 vorrebbero diventarlo. Da oggi le mamme hanno sul web un nuovo punto di riferimento aggiornato, multimediale e partecipativo, in linea con il nuovo web 2.0. Ideato da Jop &#8211; <a href=\"http:\/\/www.fattoremamma.it\" target=\"_blank\">FattoreMamma<\/a>, editore di servizi on line dedicati alle famiglie e ai bambini, <a href=\"http:\/\/www.blogmamma.it\/\" target=\"_blank\">Blogmamma.it<\/a> ospita notizie, commenti, opinioni, curiosit\u00e0 sull&#8217;esperienza pi\u00f9 importante per la vita di una donna: la maternit\u00e0. E lo fa dando voce principalmente alle mamme con un taglio prevalentemente di servizio. Jolanda Restano, gi\u00e0 ideatrice di\u00a0 Filastrocche.it e oggi anche direttore editoriale di <a href=\"http:\/\/www.blogmamma.it\/\" target=\"_blank\">Blogmamma.it<\/a>, commenta: &#8220;Abbiamo voluto creare un blog che risponda al desiderio di informazione e di confronto alle mamme, in particolare le neo-mamme.<\/p>\n","protected":false},"excerpt":{"rendered":"<p>Online il nuovo blog tematico. Spazio web aggiornato, multimediale e partecipativo da &#8220;DailyNet&#8221; &#8211; Venerd\u00ec 12 dicembre 2008 &nbsp; &nbsp; Nasce Blogmamma.it, il blog editoriale interamente dedicato alle mamme e a tutte quelle donne che stanno per diventarlo o\u00a0 vorrebbero diventarlo. Da oggi le mamme hanno sul web un nuovo punto di riferimento aggiornato, multimediale [&hellip;]<\/p>\n","protected":false},"author":17,"featured_media":0,"parent":52425,"menu_order":0,"comment_status":"open","ping_status":"open","template":"","meta":{"footnotes":""},"class_list":["post-53027","page","type-page","status-publish","hentry"],"yoast_head":"<!-- This site is optimized with the Yoast SEO plugin v26.2 - https:\/\/yoast.com\/wordpress\/plugins\/seo\/ -->\n<title>E\u2019 nato in rete Blogmamma.it - I testi della tradizione di Filastrocche.it<\/title>\n<meta name=\"robots\" content=\"index, follow, max-snippet:-1, max-image-preview:large, max-video-preview:-1\" \/>\n<link rel=\"canonical\" href=\"https:\/\/www.filastrocche.it\/contenuti\/dicono-di-noi\/rassegna-stampa-dellanno-2008\/e-nato-in-rete-blogmamma-it\/\" \/>\n<meta property=\"og:locale\" content=\"it_IT\" \/>\n<meta property=\"og:type\" content=\"article\" \/>\n<meta property=\"og:title\" content=\"E\u2019 nato in rete Blogmamma.it - I testi della tradizione di Filastrocche.it\" \/>\n<meta property=\"og:description\" content=\"Online il nuovo blog tematico. Spazio web aggiornato, multimediale e partecipativo da &#8220;DailyNet&#8221; &#8211; Venerd\u00ec 12 dicembre 2008 &nbsp; &nbsp; Nasce Blogmamma.it, il blog editoriale interamente dedicato alle mamme e a tutte quelle donne che stanno per diventarlo o\u00a0 vorrebbero diventarlo. Da oggi le mamme hanno sul web un nuovo punto di riferimento aggiornato, multimediale [&hellip;]\" \/>\n<meta property=\"og:url\" content=\"https:\/\/www.filastrocche.it\/contenuti\/dicono-di-noi\/rassegna-stampa-dellanno-2008\/e-nato-in-rete-blogmamma-it\/\" \/>\n<meta property=\"og:site_name\" content=\"I testi della tradizione di Filastrocche.it\" \/>\n<meta property=\"article:modified_time\" content=\"2012-06-13T08:09:23+00:00\" \/>\n<meta property=\"og:image\" content=\"https:\/\/www.filastrocche.it\/immagini\/articoli\/2008\/dailynet_12122008.jpg\" \/>\n<meta name=\"twitter:label1\" content=\"Tempo di lettura stimato\" \/>\n\t<meta name=\"twitter:data1\" content=\"1 minuto\" \/>\n<!-- \/ Yoast SEO plugin. -->","yoast_head_json":{"title":"E\u2019 nato in rete Blogmamma.it - I testi della tradizione di Filastrocche.it","robots":{"index":"index","follow":"follow","max-snippet":"max-snippet:-1","max-image-preview":"max-image-preview:large","max-video-preview":"max-video-preview:-1"},"canonical":"https:\/\/www.filastrocche.it\/contenuti\/dicono-di-noi\/rassegna-stampa-dellanno-2008\/e-nato-in-rete-blogmamma-it\/","og_locale":"it_IT","og_type":"article","og_title":"E\u2019 nato in rete Blogmamma.it - I testi della tradizione di Filastrocche.it","og_description":"Online il nuovo blog tematico. Spazio web aggiornato, multimediale e partecipativo da &#8220;DailyNet&#8221; &#8211; Venerd\u00ec 12 dicembre 2008 &nbsp; &nbsp; Nasce Blogmamma.it, il blog editoriale interamente dedicato alle mamme e a tutte quelle donne che stanno per diventarlo o\u00a0 vorrebbero diventarlo. Da oggi le mamme hanno sul web un nuovo punto di riferimento aggiornato, multimediale [&hellip;]","og_url":"https:\/\/www.filastrocche.it\/contenuti\/dicono-di-noi\/rassegna-stampa-dellanno-2008\/e-nato-in-rete-blogmamma-it\/","og_site_name":"I testi della tradizione di Filastrocche.it","article_modified_time":"2012-06-13T08:09:23+00:00","og_image":[{"url":"https:\/\/www.filastrocche.it\/immagini\/articoli\/2008\/dailynet_12122008.jpg","type":"","width":"","height":""}],"twitter_misc":{"Tempo di lettura stimato":"1 minuto"},"schema":{"@context":"https:\/\/schema.org","@graph":[{"@type":"WebPage","@id":"https:\/\/www.filastrocche.it\/contenuti\/dicono-di-noi\/rassegna-stampa-dellanno-2008\/e-nato-in-rete-blogmamma-it\/","url":"https:\/\/www.filastrocche.it\/contenuti\/dicono-di-noi\/rassegna-stampa-dellanno-2008\/e-nato-in-rete-blogmamma-it\/","name":"E\u2019 nato in rete Blogmamma.it - I testi della tradizione di Filastrocche.it","isPartOf":{"@id":"https:\/\/www.filastrocche.it\/contenuti\/#website"},"primaryImageOfPage":{"@id":"https:\/\/www.filastrocche.it\/contenuti\/dicono-di-noi\/rassegna-stampa-dellanno-2008\/e-nato-in-rete-blogmamma-it\/#primaryimage"},"image":{"@id":"https:\/\/www.filastrocche.it\/contenuti\/dicono-di-noi\/rassegna-stampa-dellanno-2008\/e-nato-in-rete-blogmamma-it\/#primaryimage"},"thumbnailUrl":"https:\/\/www.filastrocche.it\/immagini\/articoli\/2008\/dailynet_12122008.jpg","datePublished":"2012-06-13T08:08:34+00:00","dateModified":"2012-06-13T08:09:23+00:00","breadcrumb":{"@id":"https:\/\/www.filastrocche.it\/contenuti\/dicono-di-noi\/rassegna-stampa-dellanno-2008\/e-nato-in-rete-blogmamma-it\/#breadcrumb"},"inLanguage":"it-IT","potentialAction":[{"@type":"ReadAction","target":["https:\/\/www.filastrocche.it\/contenuti\/dicono-di-noi\/rassegna-stampa-dellanno-2008\/e-nato-in-rete-blogmamma-it\/"]}]},{"@type":"ImageObject","inLanguage":"it-IT","@id":"https:\/\/www.filastrocche.it\/contenuti\/dicono-di-noi\/rassegna-stampa-dellanno-2008\/e-nato-in-rete-blogmamma-it\/#primaryimage","url":"https:\/\/www.filastrocche.it\/immagini\/articoli\/2008\/dailynet_12122008.jpg","contentUrl":"https:\/\/www.filastrocche.it\/immagini\/articoli\/2008\/dailynet_12122008.jpg"},{"@type":"BreadcrumbList","@id":"https:\/\/www.filastrocche.it\/contenuti\/dicono-di-noi\/rassegna-stampa-dellanno-2008\/e-nato-in-rete-blogmamma-it\/#breadcrumb","itemListElement":[{"@type":"ListItem","position":1,"name":"Home","item":"https:\/\/www.filastrocche.it\/contenuti\/"},{"@type":"ListItem","position":2,"name":"Dicono di noi","item":"https:\/\/www.filastrocche.it\/contenuti\/dicono-di-noi\/"},{"@type":"ListItem","position":3,"name":"Rassegna stampa dell&#8217;anno 2008","item":"https:\/\/www.filastrocche.it\/contenuti\/dicono-di-noi\/rassegna-stampa-dellanno-2008\/"},{"@type":"ListItem","position":4,"name":"E\u2019 nato in rete Blogmamma.it"}]},{"@type":"WebSite","@id":"https:\/\/www.filastrocche.it\/contenuti\/#website","url":"https:\/\/www.filastrocche.it\/contenuti\/","name":"I testi della tradizione di Filastrocche.it","description":"Filastrocche, fiabe, canzoni e...","potentialAction":[{"@type":"SearchAction","target":{"@type":"EntryPoint","urlTemplate":"https:\/\/www.filastrocche.it\/contenuti\/?s={search_term_string}"},"query-input":{"@type":"PropertyValueSpecification","valueRequired":true,"valueName":"search_term_string"}}],"inLanguage":"it-IT"}]}},"_links":{"self":[{"href":"https:\/\/www.filastrocche.it\/contenuti\/wp-json\/wp\/v2\/pages\/53027","targetHints":{"allow":["GET"]}}],"collection":[{"href":"https:\/\/www.filastrocche.it\/contenuti\/wp-json\/wp\/v2\/pages"}],"about":[{"href":"https:\/\/www.filastrocche.it\/contenuti\/wp-json\/wp\/v2\/types\/page"}],"author":[{"embeddable":true,"href":"https:\/\/www.filastrocche.it\/contenuti\/wp-json\/wp\/v2\/users\/17"}],"replies":[{"embeddable":true,"href":"https:\/\/www.filastrocche.it\/contenuti\/wp-json\/wp\/v2\/comments?post=53027"}],"version-history":[{"count":0,"href":"https:\/\/www.filastrocche.it\/contenuti\/wp-json\/wp\/v2\/pages\/53027\/revisions"}],"up":[{"embeddable":true,"href":"https:\/\/www.filastrocche.it\/contenuti\/wp-json\/wp\/v2\/pages\/52425"}],"wp:attachment":[{"href":"https:\/\/www.filastrocche.it\/contenuti\/wp-json\/wp\/v2\/media?parent=53027"}],"curies":[{"name":"wp","href":"https:\/\/api.w.org\/{rel}","templated":true}]}}