{"id":53057,"date":"2012-06-13T08:18:32","date_gmt":"2012-06-13T08:18:32","guid":{"rendered":"https:\/\/www.filastrocche.it\/contenuti\/?page_id=53057"},"modified":"2012-07-13T11:13:24","modified_gmt":"2012-07-13T11:13:24","slug":"ninne-nanne","status":"publish","type":"page","link":"https:\/\/www.filastrocche.it\/contenuti\/dicono-di-noi\/rassegna-stampa-dellanno-2008\/ninne-nanne\/","title":{"rendered":"Ninne Nanne"},"content":{"rendered":"<p><em><span >Le filastrocche che da sempre si sussurrano per addormentare i bambini quasi mai sono canzoni dolci: sono il grido di nascosto delle madri affaticate e maltrattate, sono la proiezione della vita grama e delle paure dell&#8217;Italia contadina. Chi ha passato la vita a<br \/>\nraccoglierle ne racconta i segreti e il fascino che ha spesso finito per trasformarle in successi dello show business<\/span><\/em><\/p>\n<p>&nbsp;<\/p>\n<p><em>Di Jenner Meletti<\/em><br \/>\nDa &#8220;La Repubblica&#8221; &#8211; Anno 33 &#8211; Numero 178 &#8211; 27 Luglio 2008<\/p>\n<p>&nbsp;<\/p>\n<p>Pavullo (Modena) &#8211; Raccoglie ninne nanne come fossero gemme. Le va a cercare nella memoria delle donne anziane. &#8220;Tante volte, quando accendo il registratore, queste bambine di ottant&#8217;anni si commuovono, non riescono a raccontare. Ricordano la loro\u00a0 mamma, le prime gioie, i primi dolori. Torno dopo qualche giorno perch\u00e9 il cercatore di ninne nanne non deve avere fretta. E allora le bimbe di una volta mi regalano un tesoro. Chiudono gli cchi e si mettono a recitare una vecchia nenia: Nanin pupin, fai la nanna, bambino&#8221;.<\/p>\n<p>Gabriele Chiodi, sessantacinque anni, gira le montagne e le campagne per raccogliere le parole e le musiche con le quali un tempo le madri addormentavano i bambini. &#8220;Dobbiamo fare presto, se non vogliamo perdere un pezzo della nostra cultura. Adesso i bambini vengono messi davanti alla televisione quando hanno dieci o dodici mesi, si addormentano con le sigle dei programmi o la musica dei film. E cos\u00ec nessuno ricorder\u00e0<br \/>\n<em><br \/>\nNanin pupin,<\/em><\/p>\n<p>che la mamma l&#8217;\u00e8 andata a Messa,<\/p>\n<p>che il pap\u00e0 l&#8217;\u00e8 and\u00e0 al merc\u00e0,<\/p>\n<p>a cumpr\u00e8 un bacala.<\/p>\n<p>Dentro le ninne nanne c&#8217;\u00e8 la storia della nostra gente. C&#8217;\u00e8 la mamma che non trova il cibo per il figlio, c&#8217;\u00e8 il padre che \u00e8 andato\u00a0 lontano per trovare un lavoro, c&#8217;\u00e8 la paura di chi arriva da fuori&#8230; La mamma sa che la cosa importante, nella ninna nanna, \u00e8 quella cantilena che viene ripetuta e piano piano addormenta.<\/p>\n<p>Ha lo stesso ritmo di una culla che dondola. Le parole non contano, tanto il bimbo non le capisce. E allora la mamma ne approfitta e si sfoga dopo una giornata piena di sacrifici e vuota di soddisfazioni&#8221;.<\/p>\n<p>Gabriele Chiodi ha cominciato con le filastrocche e con le canzoni popolari. Guida il gruppo dei &#8220;Viul\u00e0n&#8221;, che da quarant&#8217;anni gira\u00a0 l&#8217;Italia e anche il mondo per raccontare i canti delle osterie e delle sagre di paese. &#8220;Le ninne nanne sono per\u00f2 il suono pi\u00f9\u00a0 importante, il primo che viene offerto al neonato. Cambiano la parole, ma quasi tutte raccontano una vita grama. Questa l&#8217;ho\u00a0 raccolta a Sestola:<br \/>\n<em><br \/>\nDin, den, don<\/em><\/p>\n<p>el campen et San Simon (le campane di San Simone)<em><\/em><\/p>\n<p>e pap\u00e0 l&#8217;\u00e8 and\u00e8 in prison<\/p>\n<p>per due sold ed furmenton (il pap\u00e0 \u00e8 andato in prigione per due soldi<br \/>\ndi granoturco)<em><\/em><\/p>\n<p>E pap\u00e0 l&#8217;\u00e8 mang\u00e8 e pan cot (ha mangiato il pane cotto nell&#8217;acqua, un<br \/>\ncibo poverissimo)<em><\/em><\/p>\n<p>e la mama l&#8217;ha ciap\u00e8 dal bot (e la mamma ha preso le botte)<em>.<\/em><\/p>\n<p>Una madre conosce gi\u00e0 il futuro del neonato.<\/p>\n<p><em>Nina nana al me pupin<\/em><\/p>\n<p>quand l&#8217;\u00e8 grand al va al mulin (quando \u00e8 grande va al mulino)<em><\/em><\/p>\n<p>quand l&#8217;\u00e8 cec al va a radecc(quando \u00e8 piccolo va a radicchi)&#8221;.<\/p>\n<p>No, le ninne nanne non sono canzoni dolci. Sono quasi un grido di protesta, appena sussurrato, di donne che addormentando il\u00a0 bambino trovano un attimo di sollievo nel silenzio della camera da letto, lontano dai suoceri e dal marito.<br \/>\n<em><br \/>\nNinna nanna la malcontenta<\/em><\/p>\n<p>babbo gode e la mamma stenta<\/p>\n<p>e babbo va all&#8217;osteria<\/p>\n<p>mamma tribula tuttavia<\/p>\n<p>babbo mangia il baccal\u00e0<\/p>\n<p>mamma tribula a tuttand\u00e0<\/p>\n<p>babbo mangia li fagiuoli<\/p>\n<p>mamma tribula co&#8217; figlioli.<\/p>\n<p>Oppure,<br \/>\n<em><br \/>\nFa ninin pop\u00f2 in cuna<\/em><\/p>\n<p>che il pap\u00e0 ha gi\u00e0 la luna<\/p>\n<p>lui ce l&#8217;ha un po&#8217; troppo spesso<\/p>\n<p>fa ninin pop\u00f2 di gesso.<\/p>\n<p>Donne che si tolgono il pane di bocca.<br \/>\n<em><br \/>\nGuarda sot\u00e0 la panarina <\/em>(guarda sotto quella madia)<em><\/em><\/p>\n<p>che c&#8217;\u00e8 un gallo e na gallina,<\/p>\n<p>tutte le ova che far\u00e0,<\/p>\n<p>il bambino le manger\u00e0.<\/p>\n<p>E anche,<br \/>\n<em><br \/>\nFa la nanna frugolino<\/em><\/p>\n<p>che di pane ce n&#8217;\u00e8 pochino<\/p>\n<p>n\u00e9 di crudo n\u00e9 di cotto<\/p>\n<p>n\u00e9 di macinato troppo.<\/p>\n<p>Il pap\u00e0 non \u00e8 tornato<\/p>\n<p>a portare la pagnottona<\/p>\n<p>cos\u00ec fresca cos\u00ec buona.<\/p>\n<p>Ma per te mio frugolino<\/p>\n<p>ne \u00e8 rimasto un pezzettino<\/p>\n<p>ho salvato la pagnottella<\/p>\n<p>cos\u00ec buona cos\u00ec bella.<\/p>\n<p>Fa la nanna, fa la nanna<\/p>\n<p>che il tuo pane non mancher\u00e0<\/p>\n<p>finch\u00e9 mamma vivr\u00e0.<\/p>\n<p>Fanno anche paura, le ninne nanne.<br \/>\n<em><br \/>\nNinna nanna che viene la strega<\/em><\/p>\n<p>se non sei buona stretta di lega<\/p>\n<p>con la corda e la cordella<\/p>\n<p>ninna nanna bimba bella<\/p>\n<p>con la corda e con la cordazza<\/p>\n<p>lega i bambini poi li ammazza&#8230;<br \/>\n<em><br \/>\nFai la nanna chicchero bello<\/em><\/p>\n<p>non andare la notte a zonzo<\/p>\n<p>troverai l&#8217;Omino di bronzo<\/p>\n<p>che ti spaccher\u00e0 il cervello.<br \/>\n<em><br \/>\nFai la nanna, fai la nanna<\/em><\/p>\n<p>rompimento della mamma<\/p>\n<p>se non dormi chiamer\u00f2<\/p>\n<p>l&#8217;Uomo nero e a lui ti do&#8230;<br \/>\n<em><br \/>\nE Ninna nanna, pussa via barbone<\/em><\/p>\n<p>e non venire su che c&#8217;\u00e8 pap\u00e0<\/p>\n<p>se no ti caccia via con il bastone.<\/p>\n<p>Ma il padre non c&#8217;\u00e8 quasi mai.<br \/>\n<em><br \/>\nFa la nanna tesorino<\/em><\/p>\n<p>che la mamma ti \u00e8 vicina<\/p>\n<p>e il pap\u00e0 \u00e8 assai lontan<\/p>\n<p>fa la nanna fino a doman&#8230;<\/p>\n<p>Ma torner\u00e0, questa la promessa, molto presto.<br \/>\n<em><br \/>\nFai la nanna schicchero bello<\/em><\/p>\n<p>che stasera verr\u00e0 pap\u00e0<\/p>\n<p>porter\u00e0 le scarpe al bimbo<\/p>\n<p>e gli zoccoli a mamm\u00e0&#8230;<br \/>\n<em><br \/>\nE verr\u00e0 il pap\u00e0 da Roma<\/em><\/p>\n<p>ti porter\u00e0 un ciuffoletto<\/p>\n<p>fa la nanna tesoretto&#8230;<\/p>\n<p>Se la televisione ha fatto dimenticare le ninne nanne, Internet, dopo un salto di un paio di generazioni, \u00e8 riuscita almeno in parte a\u00a0 resuscitarle.<\/p>\n<p>&#8220;Dieci anni fa &#8211; racconta Jolanda Restano di Vercelli &#8211; quando ebbi la mia prima figlia, Matilde, mi accorsi di non conoscere quasi\u00a0 nessuna canzoncina che riuscisse ad addormentarla. Lavoravo in informatica e ho chiesto aiuto alla rete. \u00c8 nato cos\u00ec il sito <a href=\"https:\/\/www.filastrocche.it\">Filastrocche.it<\/a>. La famiglia \u00e8 cresciuta, con l&#8217;arrivo di Tommaso e Aurora, ed \u00e8 cresciuta anche la collezione di ninne nanne nelle pagine del sito. La cosa bella \u00e8 l&#8217;aiuto reciproco. Una mamma ricorda una sola strofa di una nenia e una nonna scrive il seguito. Ormai erano sopravvissute solo Stella stellina e Ninna nanna ninna oh&#8221;.<\/p>\n<p>Stella stellina \u00e8 una ninna nanna dolce e rassicurante e per questo \u00e8 riuscita ad attraversare gli anni dell&#8217;oblio.<br \/>\n<em><br \/>\nStella stellina<\/em><\/p>\n<p>la notte si avvicina<\/p>\n<p>la fiamma traballa<\/p>\n<p>la mucca \u00e8 nella stalla<\/p>\n<p>la mucca ha il suo vitello<\/p>\n<p>la pecora ha l&#8217;agnello<\/p>\n<p>la chioccia ha il suo pulcino<\/p>\n<p>la mamma ha il suo bambino<\/p>\n<p>il bimbo ha la sua mamma<\/p>\n<p>e tutti fan la nanna.<\/p>\n<p>Inquietante, come la maggior parte delle nenie, \u00e8 invece<br \/>\n<em><br \/>\nNinna nanna ninna oh.<\/em><\/p>\n<p>Questo bimbo a chi lo do<\/p>\n<p>lo dar\u00f2 alla Befana<\/p>\n<p>che se lo tenga una settimana;<\/p>\n<p>lo dar\u00f2 al lupo nero<\/p>\n<p>che lo tenga un mese intero;<\/p>\n<p>lo dar\u00f2 all&#8217;Uomo nero<\/p>\n<p>che lo tenga un anno intero;<\/p>\n<p>lo dar\u00f2 al buon Ges\u00f9<\/p>\n<p>che lo tenga un po&#8217; lass\u00f9.<\/p>\n<p>La mamma accanto alla culla non sta mai con le mani in mano.<br \/>\n<em><br \/>\nFa la nanna ninno caro<\/em><\/p>\n<p>la tua mamma ha tanto da fare<\/p>\n<p>calze e camicie deve cucire<\/p>\n<p>prima di giorno deve finire.<\/p>\n<p>Canta e rivede se stessa piccolissima. Al figlio maschio dice:<\/p>\n<p><em>Se dormi cucir\u00f2 un camiciolino<\/em><\/p>\n<p>Lo cucir\u00f2 col filo bianco e rosa<\/p>\n<p>e lo daremo un giorno alla tua sposa;<\/p>\n<p>la sposa tua che adesso \u00e8 appena nata<\/p>\n<p>vicino a mamma sua s&#8217;\u00e8 addormentata<\/p>\n<p>e un bel giorno questa ninna nanna<\/p>\n<p>la canter\u00e0 al suo bimbo un&#8217;altra mamma.<\/p>\n<p>Pi\u00f9 pesante il futuro della figlia in culla.<br \/>\n<em><br \/>\nDormi mia bella dormi<\/em><\/p>\n<p>dormi e fai la nanna<\/p>\n<p>che quando sarai mamma<\/p>\n<p>non dormirai cos\u00ec.<\/p>\n<p>Dormi mia bella dormi<\/p>\n<p>dormi e buon riposo<\/p>\n<p>che quando avrai lo sposo<\/p>\n<p>non dormirai cos\u00ec.<\/p>\n<p>Dormi mia bella dormi<\/p>\n<p>nel tuo letto di gigli<\/p>\n<p>che quando avrai dei figli<\/p>\n<p>non dormirai cos\u00ec.<\/p>\n<p>Il figlio che non si addormenta fa perdere troppo tempo. E allora la madre<br \/>\nracconta che<br \/>\n<em><br \/>\nC&#8217;\u00e8 un omino piccino piccino<\/em><\/p>\n<p>che va in giro solo di sera<\/p>\n<p>e cammina pianino pianino<\/p>\n<p>con un sacco di polvere nera.<\/p>\n<p>\u00c8 l&#8217;omino inventor del dormire<\/p>\n<p>che nel lungo serale cammino<\/p>\n<p>senza farsi veder n\u00e9 sentire<\/p>\n<p>porta il sonno per ogni bambino.<\/p>\n<p>Non si sa se sia bello o sia brutto<\/p>\n<p>se sia vecchio pi\u00f9 o meno del nonno<\/p>\n<p>si sa solo che va dappertutto<\/p>\n<p>e che lascia, passando, un gran sonno.<\/p>\n<p>Quando stanchi si senton gli occhietti<\/p>\n<p>\u00e8 perch\u00e9 sta passando l&#8217;omino<\/p>\n<p>ed \u00e8 l&#8217;ora che tutti i bimbetti<\/p>\n<p>fan la nanna nel loro lettino.<\/p>\n<p>Se l&#8217;Omino del sonno non funziona, non resta che invocare gli Angeli e<br \/>\ntutti i Santi.<br \/>\n<em><br \/>\nAlla sera pian pianino<\/em><\/p>\n<p>vien dal cielo un angiolino<\/p>\n<p>che mi dice fai la nanna<\/p>\n<p>piccolino della mamma.<\/p>\n<p>Se ne sta vicino al letto<\/p>\n<p>tutta notte, l&#8217;angioletto<\/p>\n<p>al mattin mi bacia in viso<\/p>\n<p>e ritorna in Paradiso.<\/p>\n<p>A volte le nenie sembrano inventate sul momento con parole alla rinfusa.<br \/>\n<em><br \/>\nCinque coccole d&#8217;alloro<\/em><\/p>\n<p>quattro foglie d&#8217;insalata<\/p>\n<p>una rosa profumata<\/p>\n<p>sette spighe e un pomodoro<\/p>\n<p>nove rondini nel cielo,<\/p>\n<p>otto penne di pavone&#8230;<\/p>\n<p>Due sbadigli, tre sbadigli<\/p>\n<p>dei sospiri e dei bisbigli&#8230;<\/p>\n<p>Quando il bimbo dormir\u00e0? L&#8217;importante \u00e8 continuare la nenia, perch\u00e9 &#8211; dice Jolanda Restano, la signora delle ninne nanne via e mail\u00a0 &#8211;\u00a0 &#8220;le rime ricordano al bambino i battiti del cuore della mamma, il suono ascoltato ancora prima di nascere&#8221;.<\/p>\n<p>Per accompagnare un bimbo verso il sonno non \u00e8 necessario ricordare ogni parola di una ninna nanna. Si possono cercare rime nuove, si possono inventare storie dove protagonisti sono il gatto di casa o l&#8217;amico dell&#8217;asilo. In fin dei conti<br \/>\n<em><br \/>\nBasta in cielo una stella<\/em><\/p>\n<p>a far la sera pi\u00f9 bella<\/p>\n<p>basta un canto da nulla<\/p>\n<p>a dondolare una culla.<\/p>\n<p>E alla mamma troppo stanca resta un&#8217;ultima invocazione.<br \/>\n<em><br \/>\nFai la nanna con Dio<\/em><\/p>\n<p>che la voglio fare anch&#8217;io.<\/p>\n<p>&nbsp;<\/p>\n<p><strong>Scarica il pdf dell&#8217;articolo:<\/strong><\/p>\n<p>&nbsp;<\/p>\n<p><a href=\"http:\/\/filastrocche.it\/articoli\/pdf\/2008\/repubblica_270708_1.pdf\" target=\"_blank\">Pagina 1 &#8211; 273 Kb<\/a><\/p>\n<p><a href=\"http:\/\/filastrocche.it\/articoli\/pdf\/2008\/repubblica_270708_2.pdf\" target=\"_blank\">Pagina 2 &#8211; 357 Kb<\/a><\/p>\n<p>&nbsp;<\/p>\n<p>&nbsp;<\/p>\n","protected":false},"excerpt":{"rendered":"<p>Le filastrocche che da sempre si sussurrano per addormentare i bambini quasi mai sono canzoni dolci: sono il grido di nascosto delle madri affaticate e maltrattate, sono la proiezione della vita grama e delle paure dell&#8217;Italia contadina. Chi ha passato la vita a raccoglierle ne racconta i segreti e il fascino che ha spesso finito [&hellip;]<\/p>\n","protected":false},"author":17,"featured_media":0,"parent":52425,"menu_order":0,"comment_status":"open","ping_status":"open","template":"","meta":{"footnotes":""},"class_list":["post-53057","page","type-page","status-publish","hentry"],"yoast_head":"<!-- This site is optimized with the Yoast SEO plugin v26.2 - https:\/\/yoast.com\/wordpress\/plugins\/seo\/ -->\n<title>Ninne Nanne - I testi della tradizione di Filastrocche.it<\/title>\n<meta name=\"robots\" content=\"index, follow, max-snippet:-1, max-image-preview:large, max-video-preview:-1\" \/>\n<link rel=\"canonical\" href=\"https:\/\/www.filastrocche.it\/contenuti\/dicono-di-noi\/rassegna-stampa-dellanno-2008\/ninne-nanne\/\" \/>\n<meta property=\"og:locale\" content=\"it_IT\" \/>\n<meta property=\"og:type\" content=\"article\" \/>\n<meta property=\"og:title\" content=\"Ninne Nanne - I testi della tradizione di Filastrocche.it\" \/>\n<meta property=\"og:description\" content=\"Le filastrocche che da sempre si sussurrano per addormentare i bambini quasi mai sono canzoni dolci: sono il grido di nascosto delle madri affaticate e maltrattate, sono la proiezione della vita grama e delle paure dell&#8217;Italia contadina. Chi ha passato la vita a raccoglierle ne racconta i segreti e il fascino che ha spesso finito [&hellip;]\" \/>\n<meta property=\"og:url\" content=\"https:\/\/www.filastrocche.it\/contenuti\/dicono-di-noi\/rassegna-stampa-dellanno-2008\/ninne-nanne\/\" \/>\n<meta property=\"og:site_name\" content=\"I testi della tradizione di Filastrocche.it\" \/>\n<meta property=\"article:modified_time\" content=\"2012-07-13T11:13:24+00:00\" \/>\n<meta name=\"twitter:label1\" content=\"Tempo di lettura stimato\" \/>\n\t<meta name=\"twitter:data1\" content=\"8 minuti\" \/>\n<!-- \/ Yoast SEO plugin. -->","yoast_head_json":{"title":"Ninne Nanne - I testi della tradizione di Filastrocche.it","robots":{"index":"index","follow":"follow","max-snippet":"max-snippet:-1","max-image-preview":"max-image-preview:large","max-video-preview":"max-video-preview:-1"},"canonical":"https:\/\/www.filastrocche.it\/contenuti\/dicono-di-noi\/rassegna-stampa-dellanno-2008\/ninne-nanne\/","og_locale":"it_IT","og_type":"article","og_title":"Ninne Nanne - I testi della tradizione di Filastrocche.it","og_description":"Le filastrocche che da sempre si sussurrano per addormentare i bambini quasi mai sono canzoni dolci: sono il grido di nascosto delle madri affaticate e maltrattate, sono la proiezione della vita grama e delle paure dell&#8217;Italia contadina. Chi ha passato la vita a raccoglierle ne racconta i segreti e il fascino che ha spesso finito [&hellip;]","og_url":"https:\/\/www.filastrocche.it\/contenuti\/dicono-di-noi\/rassegna-stampa-dellanno-2008\/ninne-nanne\/","og_site_name":"I testi della tradizione di Filastrocche.it","article_modified_time":"2012-07-13T11:13:24+00:00","twitter_misc":{"Tempo di lettura stimato":"8 minuti"},"schema":{"@context":"https:\/\/schema.org","@graph":[{"@type":"WebPage","@id":"https:\/\/www.filastrocche.it\/contenuti\/dicono-di-noi\/rassegna-stampa-dellanno-2008\/ninne-nanne\/","url":"https:\/\/www.filastrocche.it\/contenuti\/dicono-di-noi\/rassegna-stampa-dellanno-2008\/ninne-nanne\/","name":"Ninne Nanne - I testi della tradizione di Filastrocche.it","isPartOf":{"@id":"https:\/\/www.filastrocche.it\/contenuti\/#website"},"datePublished":"2012-06-13T08:18:32+00:00","dateModified":"2012-07-13T11:13:24+00:00","breadcrumb":{"@id":"https:\/\/www.filastrocche.it\/contenuti\/dicono-di-noi\/rassegna-stampa-dellanno-2008\/ninne-nanne\/#breadcrumb"},"inLanguage":"it-IT","potentialAction":[{"@type":"ReadAction","target":["https:\/\/www.filastrocche.it\/contenuti\/dicono-di-noi\/rassegna-stampa-dellanno-2008\/ninne-nanne\/"]}]},{"@type":"BreadcrumbList","@id":"https:\/\/www.filastrocche.it\/contenuti\/dicono-di-noi\/rassegna-stampa-dellanno-2008\/ninne-nanne\/#breadcrumb","itemListElement":[{"@type":"ListItem","position":1,"name":"Home","item":"https:\/\/www.filastrocche.it\/contenuti\/"},{"@type":"ListItem","position":2,"name":"Dicono di noi","item":"https:\/\/www.filastrocche.it\/contenuti\/dicono-di-noi\/"},{"@type":"ListItem","position":3,"name":"Rassegna stampa dell&#8217;anno 2008","item":"https:\/\/www.filastrocche.it\/contenuti\/dicono-di-noi\/rassegna-stampa-dellanno-2008\/"},{"@type":"ListItem","position":4,"name":"Ninne Nanne"}]},{"@type":"WebSite","@id":"https:\/\/www.filastrocche.it\/contenuti\/#website","url":"https:\/\/www.filastrocche.it\/contenuti\/","name":"I testi della tradizione di Filastrocche.it","description":"Filastrocche, fiabe, canzoni e...","potentialAction":[{"@type":"SearchAction","target":{"@type":"EntryPoint","urlTemplate":"https:\/\/www.filastrocche.it\/contenuti\/?s={search_term_string}"},"query-input":{"@type":"PropertyValueSpecification","valueRequired":true,"valueName":"search_term_string"}}],"inLanguage":"it-IT"}]}},"_links":{"self":[{"href":"https:\/\/www.filastrocche.it\/contenuti\/wp-json\/wp\/v2\/pages\/53057","targetHints":{"allow":["GET"]}}],"collection":[{"href":"https:\/\/www.filastrocche.it\/contenuti\/wp-json\/wp\/v2\/pages"}],"about":[{"href":"https:\/\/www.filastrocche.it\/contenuti\/wp-json\/wp\/v2\/types\/page"}],"author":[{"embeddable":true,"href":"https:\/\/www.filastrocche.it\/contenuti\/wp-json\/wp\/v2\/users\/17"}],"replies":[{"embeddable":true,"href":"https:\/\/www.filastrocche.it\/contenuti\/wp-json\/wp\/v2\/comments?post=53057"}],"version-history":[{"count":0,"href":"https:\/\/www.filastrocche.it\/contenuti\/wp-json\/wp\/v2\/pages\/53057\/revisions"}],"up":[{"embeddable":true,"href":"https:\/\/www.filastrocche.it\/contenuti\/wp-json\/wp\/v2\/pages\/52425"}],"wp:attachment":[{"href":"https:\/\/www.filastrocche.it\/contenuti\/wp-json\/wp\/v2\/media?parent=53057"}],"curies":[{"name":"wp","href":"https:\/\/api.w.org\/{rel}","templated":true}]}}