{"id":53077,"date":"2012-06-13T08:26:40","date_gmt":"2012-06-13T08:26:40","guid":{"rendered":"https:\/\/www.filastrocche.it\/contenuti\/?page_id=53077"},"modified":"2012-06-13T08:29:43","modified_gmt":"2012-06-13T08:29:43","slug":"la-carica-delle-internettiane","status":"publish","type":"page","link":"https:\/\/www.filastrocche.it\/contenuti\/dicono-di-noi\/rassegna-stampa-dellanno-2008\/la-carica-delle-internettiane\/","title":{"rendered":"La carica delle internettiane"},"content":{"rendered":"<p>Da &#8220;Grazia&#8221; &#8211; Numero 7 &#8211; 19 Febbraio 2008<strong><br \/>\n<\/strong><\/p>\n<p><em>Estratto dell&#8217;articolo di pag. 123\/124\/126<\/em><\/p>\n<p>&nbsp;<\/p>\n<p><img decoding=\"async\" class=\"alignleft\" src=\"https:\/\/www.filastrocche.it\/immagini\/articoli\/2008\/grazia_19022008.jpg\" alt=\"\" border=\"2\" \/>Coda di cavallo (&#8220;E&#8217; pi\u00f9 pratica&#8221;), jeans e sneaker (idem), Jolanda Restano, 40 anni, mamma di tre figli dai 3 agli 8 anni e ideatrice del sito Filastrocche (www.filastrocche.it), mi viene incontro sulla porta del suo ufficio. Che si trova sullo stesso pianerottolo di casa: conciliare lavoro e\u00a0 famiglia \u00e8 un&#8217;arte. Dentro \u00e8 tutto arancione, giallo, azzurro, ci sono scaffali pieni di libri, cd, giochi per bambini. Caspita, c&#8217;\u00e8 pure una cucina. &#8220;Be&#8217;, s\u00ec&#8221;, dice Jolanda, &#8220;quello fa parte del piano di rientro: se tutto fallisce, affittiamo&#8221;. Ma \u00e8 un orizzonte molto improbabile, per ora. Il sito va a gonfie vele.<\/p>\n<p>&nbsp;<\/p>\n<p><em>Filastrocche \u00e8 oramai un punto di riferimento indispensabile per chi cerca in Rete storie, ninne nanne, giochi per bambini. Come le \u00e8 venuta l&#8217;idea?<\/em><\/p>\n<p>&#8220;Quando \u00e8 nata Matilde, la mia prima figlia, l&#8217;azienda per cui lavoravo, una ditta di pubblicazioni mediche, mi ha licenziata perch\u00e9 avevo chiesto il part time. Un pomeriggio volevo cantare una ninna nanna alla mia bambina e mi sono resa conto che non ne sapevo pi\u00f9 nessuna. N\u00e9 ninne nanne, n\u00e9 filastrocche. Ho cercato su Internet, ma niente. &#8220;Allora ci penso io&#8221;, mi sono detta. Dopo una settimana il mio sito era gi\u00e0 recensito sul <em>Corriere della Sera<\/em>. Era il 1999, sono passati nove anni e adesso ho migliaia di visitatori e persino una tv digitale&#8221;.<\/p>\n<p>&nbsp;<\/p>\n<p><em>Avrebbe mai pensato che sarebbe diventato un business?<\/em><\/p>\n<p>&#8220;No, \u00e8 nato tutto per gioco. In realt\u00e0 tutt&#8217;ora non guadagno tanto dal sito, perch\u00e9 permetto a tutti di scaricare gratis, per\u00f2\u00a0\u00a0 Filastrocche \u00e8 stata una vetrina che mi ha fatto conoscere. Ora ho anche una web agency: faccio siti per le aziende che devono\u00a0 lanciare prodotti per bambini&#8221;.<\/p>\n<p>&nbsp;<\/p>\n<p><em>Chi visita Filstrocche?<\/em><\/p>\n<p>&#8220;Sopratutto mamme, ma anche tantissime insegnanti. C&#8217;\u00e8 una sezione dedicata alla creativit\u00e0 in cui \u00e8 possibile scaricare, calendari, biglietti per le feste, segnalibri, materiale che pu\u00f2 diventare molto utile alle maestre&#8221;.<\/p>\n<p>&nbsp;<\/p>\n<p><em>Quale consiglio d\u00e0 a una donna che vuole fare l&#8217;imprenditrice in Rete?<\/em><\/p>\n<p>&#8220;Trovare un&#8217;idea e seguire la propria passione, anche se \u00e8 di nicchia. La cosa bella di Internet \u00e8 che c&#8217;\u00e8 spazio per tutti&#8221;.<\/p>\n","protected":false},"excerpt":{"rendered":"<p>Da &#8220;Grazia&#8221; &#8211; Numero 7 &#8211; 19 Febbraio 2008 Estratto dell&#8217;articolo di pag. 123\/124\/126 &nbsp; Coda di cavallo (&#8220;E&#8217; pi\u00f9 pratica&#8221;), jeans e sneaker (idem), Jolanda Restano, 40 anni, mamma di tre figli dai 3 agli 8 anni e ideatrice del sito Filastrocche (www.filastrocche.it), mi viene incontro sulla porta del suo ufficio. Che si trova [&hellip;]<\/p>\n","protected":false},"author":17,"featured_media":0,"parent":52425,"menu_order":0,"comment_status":"open","ping_status":"open","template":"","meta":{"footnotes":""},"class_list":["post-53077","page","type-page","status-publish","hentry"],"yoast_head":"<!-- This site is optimized with the Yoast SEO plugin v26.2 - https:\/\/yoast.com\/wordpress\/plugins\/seo\/ -->\n<title>La carica delle internettiane - I testi della tradizione di Filastrocche.it<\/title>\n<meta name=\"robots\" content=\"index, follow, max-snippet:-1, max-image-preview:large, max-video-preview:-1\" \/>\n<link rel=\"canonical\" href=\"https:\/\/www.filastrocche.it\/contenuti\/dicono-di-noi\/rassegna-stampa-dellanno-2008\/la-carica-delle-internettiane\/\" \/>\n<meta property=\"og:locale\" content=\"it_IT\" \/>\n<meta property=\"og:type\" content=\"article\" \/>\n<meta property=\"og:title\" content=\"La carica delle internettiane - I testi della tradizione di Filastrocche.it\" \/>\n<meta property=\"og:description\" content=\"Da &#8220;Grazia&#8221; &#8211; Numero 7 &#8211; 19 Febbraio 2008 Estratto dell&#8217;articolo di pag. 123\/124\/126 &nbsp; Coda di cavallo (&#8220;E&#8217; pi\u00f9 pratica&#8221;), jeans e sneaker (idem), Jolanda Restano, 40 anni, mamma di tre figli dai 3 agli 8 anni e ideatrice del sito Filastrocche (www.filastrocche.it), mi viene incontro sulla porta del suo ufficio. Che si trova [&hellip;]\" \/>\n<meta property=\"og:url\" content=\"https:\/\/www.filastrocche.it\/contenuti\/dicono-di-noi\/rassegna-stampa-dellanno-2008\/la-carica-delle-internettiane\/\" \/>\n<meta property=\"og:site_name\" content=\"I testi della tradizione di Filastrocche.it\" \/>\n<meta property=\"article:modified_time\" content=\"2012-06-13T08:29:43+00:00\" \/>\n<meta property=\"og:image\" content=\"https:\/\/www.filastrocche.it\/immagini\/articoli\/2008\/grazia_19022008.jpg\" \/>\n<meta name=\"twitter:label1\" content=\"Tempo di lettura stimato\" \/>\n\t<meta name=\"twitter:data1\" content=\"2 minuti\" \/>\n<!-- \/ Yoast SEO plugin. -->","yoast_head_json":{"title":"La carica delle internettiane - I testi della tradizione di Filastrocche.it","robots":{"index":"index","follow":"follow","max-snippet":"max-snippet:-1","max-image-preview":"max-image-preview:large","max-video-preview":"max-video-preview:-1"},"canonical":"https:\/\/www.filastrocche.it\/contenuti\/dicono-di-noi\/rassegna-stampa-dellanno-2008\/la-carica-delle-internettiane\/","og_locale":"it_IT","og_type":"article","og_title":"La carica delle internettiane - I testi della tradizione di Filastrocche.it","og_description":"Da &#8220;Grazia&#8221; &#8211; Numero 7 &#8211; 19 Febbraio 2008 Estratto dell&#8217;articolo di pag. 123\/124\/126 &nbsp; Coda di cavallo (&#8220;E&#8217; pi\u00f9 pratica&#8221;), jeans e sneaker (idem), Jolanda Restano, 40 anni, mamma di tre figli dai 3 agli 8 anni e ideatrice del sito Filastrocche (www.filastrocche.it), mi viene incontro sulla porta del suo ufficio. Che si trova [&hellip;]","og_url":"https:\/\/www.filastrocche.it\/contenuti\/dicono-di-noi\/rassegna-stampa-dellanno-2008\/la-carica-delle-internettiane\/","og_site_name":"I testi della tradizione di Filastrocche.it","article_modified_time":"2012-06-13T08:29:43+00:00","og_image":[{"url":"https:\/\/www.filastrocche.it\/immagini\/articoli\/2008\/grazia_19022008.jpg","type":"","width":"","height":""}],"twitter_misc":{"Tempo di lettura stimato":"2 minuti"},"schema":{"@context":"https:\/\/schema.org","@graph":[{"@type":"WebPage","@id":"https:\/\/www.filastrocche.it\/contenuti\/dicono-di-noi\/rassegna-stampa-dellanno-2008\/la-carica-delle-internettiane\/","url":"https:\/\/www.filastrocche.it\/contenuti\/dicono-di-noi\/rassegna-stampa-dellanno-2008\/la-carica-delle-internettiane\/","name":"La carica delle internettiane - I testi della tradizione di Filastrocche.it","isPartOf":{"@id":"https:\/\/www.filastrocche.it\/contenuti\/#website"},"primaryImageOfPage":{"@id":"https:\/\/www.filastrocche.it\/contenuti\/dicono-di-noi\/rassegna-stampa-dellanno-2008\/la-carica-delle-internettiane\/#primaryimage"},"image":{"@id":"https:\/\/www.filastrocche.it\/contenuti\/dicono-di-noi\/rassegna-stampa-dellanno-2008\/la-carica-delle-internettiane\/#primaryimage"},"thumbnailUrl":"https:\/\/www.filastrocche.it\/immagini\/articoli\/2008\/grazia_19022008.jpg","datePublished":"2012-06-13T08:26:40+00:00","dateModified":"2012-06-13T08:29:43+00:00","breadcrumb":{"@id":"https:\/\/www.filastrocche.it\/contenuti\/dicono-di-noi\/rassegna-stampa-dellanno-2008\/la-carica-delle-internettiane\/#breadcrumb"},"inLanguage":"it-IT","potentialAction":[{"@type":"ReadAction","target":["https:\/\/www.filastrocche.it\/contenuti\/dicono-di-noi\/rassegna-stampa-dellanno-2008\/la-carica-delle-internettiane\/"]}]},{"@type":"ImageObject","inLanguage":"it-IT","@id":"https:\/\/www.filastrocche.it\/contenuti\/dicono-di-noi\/rassegna-stampa-dellanno-2008\/la-carica-delle-internettiane\/#primaryimage","url":"https:\/\/www.filastrocche.it\/immagini\/articoli\/2008\/grazia_19022008.jpg","contentUrl":"https:\/\/www.filastrocche.it\/immagini\/articoli\/2008\/grazia_19022008.jpg"},{"@type":"BreadcrumbList","@id":"https:\/\/www.filastrocche.it\/contenuti\/dicono-di-noi\/rassegna-stampa-dellanno-2008\/la-carica-delle-internettiane\/#breadcrumb","itemListElement":[{"@type":"ListItem","position":1,"name":"Home","item":"https:\/\/www.filastrocche.it\/contenuti\/"},{"@type":"ListItem","position":2,"name":"Dicono di noi","item":"https:\/\/www.filastrocche.it\/contenuti\/dicono-di-noi\/"},{"@type":"ListItem","position":3,"name":"Rassegna stampa dell&#8217;anno 2008","item":"https:\/\/www.filastrocche.it\/contenuti\/dicono-di-noi\/rassegna-stampa-dellanno-2008\/"},{"@type":"ListItem","position":4,"name":"La carica delle internettiane"}]},{"@type":"WebSite","@id":"https:\/\/www.filastrocche.it\/contenuti\/#website","url":"https:\/\/www.filastrocche.it\/contenuti\/","name":"I testi della tradizione di Filastrocche.it","description":"Filastrocche, fiabe, canzoni e...","potentialAction":[{"@type":"SearchAction","target":{"@type":"EntryPoint","urlTemplate":"https:\/\/www.filastrocche.it\/contenuti\/?s={search_term_string}"},"query-input":{"@type":"PropertyValueSpecification","valueRequired":true,"valueName":"search_term_string"}}],"inLanguage":"it-IT"}]}},"_links":{"self":[{"href":"https:\/\/www.filastrocche.it\/contenuti\/wp-json\/wp\/v2\/pages\/53077","targetHints":{"allow":["GET"]}}],"collection":[{"href":"https:\/\/www.filastrocche.it\/contenuti\/wp-json\/wp\/v2\/pages"}],"about":[{"href":"https:\/\/www.filastrocche.it\/contenuti\/wp-json\/wp\/v2\/types\/page"}],"author":[{"embeddable":true,"href":"https:\/\/www.filastrocche.it\/contenuti\/wp-json\/wp\/v2\/users\/17"}],"replies":[{"embeddable":true,"href":"https:\/\/www.filastrocche.it\/contenuti\/wp-json\/wp\/v2\/comments?post=53077"}],"version-history":[{"count":0,"href":"https:\/\/www.filastrocche.it\/contenuti\/wp-json\/wp\/v2\/pages\/53077\/revisions"}],"up":[{"embeddable":true,"href":"https:\/\/www.filastrocche.it\/contenuti\/wp-json\/wp\/v2\/pages\/52425"}],"wp:attachment":[{"href":"https:\/\/www.filastrocche.it\/contenuti\/wp-json\/wp\/v2\/media?parent=53077"}],"curies":[{"name":"wp","href":"https:\/\/api.w.org\/{rel}","templated":true}]}}