{"id":53099,"date":"2012-06-13T08:31:27","date_gmt":"2012-06-13T08:31:27","guid":{"rendered":"https:\/\/www.filastrocche.it\/contenuti\/?page_id=53099"},"modified":"2012-06-13T08:49:52","modified_gmt":"2012-06-13T08:49:52","slug":"nasce-filastrocche-tv","status":"publish","type":"page","link":"https:\/\/www.filastrocche.it\/contenuti\/dicono-di-noi\/rassegna-stampa-dellanno-2008\/nasce-filastrocche-tv\/","title":{"rendered":"Nasce Filastrocche TV"},"content":{"rendered":"<p>Da &#8220;Andersen&#8221; &#8211; Anno XXVII &#8211; Numero 244 &#8211; Gennaio 2008<\/p>\n<p>&nbsp;<\/p>\n<p><img decoding=\"async\" class=\"alignleft\" src=\"https:\/\/www.filastrocche.it\/immagini\/articoli\/2008\/andersen_012008.jpg\" alt=\"\" border=\"2\" \/><\/p>\n<p>MILANO &#8211; Filastrocche.it, il sito dedicato ai bambini e ai loro genitori, propone un nuovo strumento: un canale televisivo con programmazione on demand. Tra le serie di programmi gi\u00e0 disponibili: Creiamo con Filastropcche.it, dedicata alla manualit\u00e0; Gli Speciali di Filastrocche.it, dedicata alle festivit\u00e0 dell&#8217;anno; Tiv\u00e0 Tiv\u00f9, un progetto di sperimentazione televisiva realizzato da Giovanni Caviezel nell&#8217;ambito dei laboratori didattici della facolt\u00e0 di Lettere dell&#8217;Universit\u00e0 di Catania. Un totale, per le tre serie, di 28 puntate da 5 minuti ciascuna. Info: www.filastrocche.it<\/p>\n","protected":false},"excerpt":{"rendered":"<p>Da &#8220;Andersen&#8221; &#8211; Anno XXVII &#8211; Numero 244 &#8211; Gennaio 2008 &nbsp; MILANO &#8211; Filastrocche.it, il sito dedicato ai bambini e ai loro genitori, propone un nuovo strumento: un canale televisivo con programmazione on demand. Tra le serie di programmi gi\u00e0 disponibili: Creiamo con Filastropcche.it, dedicata alla manualit\u00e0; Gli Speciali di Filastrocche.it, dedicata alle festivit\u00e0 [&hellip;]<\/p>\n","protected":false},"author":17,"featured_media":0,"parent":52425,"menu_order":0,"comment_status":"open","ping_status":"open","template":"","meta":{"footnotes":""},"class_list":["post-53099","page","type-page","status-publish","hentry"],"yoast_head":"<!-- This site is optimized with the Yoast SEO plugin v26.2 - https:\/\/yoast.com\/wordpress\/plugins\/seo\/ -->\n<title>Nasce Filastrocche TV - I testi della tradizione di Filastrocche.it<\/title>\n<meta name=\"robots\" content=\"index, follow, max-snippet:-1, max-image-preview:large, max-video-preview:-1\" \/>\n<link rel=\"canonical\" href=\"https:\/\/www.filastrocche.it\/contenuti\/dicono-di-noi\/rassegna-stampa-dellanno-2008\/nasce-filastrocche-tv\/\" \/>\n<meta property=\"og:locale\" content=\"it_IT\" \/>\n<meta property=\"og:type\" content=\"article\" \/>\n<meta property=\"og:title\" content=\"Nasce Filastrocche TV - I testi della tradizione di Filastrocche.it\" \/>\n<meta property=\"og:description\" content=\"Da &#8220;Andersen&#8221; &#8211; Anno XXVII &#8211; Numero 244 &#8211; Gennaio 2008 &nbsp; MILANO &#8211; Filastrocche.it, il sito dedicato ai bambini e ai loro genitori, propone un nuovo strumento: un canale televisivo con programmazione on demand. Tra le serie di programmi gi\u00e0 disponibili: Creiamo con Filastropcche.it, dedicata alla manualit\u00e0; Gli Speciali di Filastrocche.it, dedicata alle festivit\u00e0 [&hellip;]\" \/>\n<meta property=\"og:url\" content=\"https:\/\/www.filastrocche.it\/contenuti\/dicono-di-noi\/rassegna-stampa-dellanno-2008\/nasce-filastrocche-tv\/\" \/>\n<meta property=\"og:site_name\" content=\"I testi della tradizione di Filastrocche.it\" \/>\n<meta property=\"article:modified_time\" content=\"2012-06-13T08:49:52+00:00\" \/>\n<meta property=\"og:image\" content=\"https:\/\/www.filastrocche.it\/immagini\/articoli\/2008\/andersen_012008.jpg\" \/>\n<!-- \/ Yoast SEO plugin. -->","yoast_head_json":{"title":"Nasce Filastrocche TV - I testi della tradizione di Filastrocche.it","robots":{"index":"index","follow":"follow","max-snippet":"max-snippet:-1","max-image-preview":"max-image-preview:large","max-video-preview":"max-video-preview:-1"},"canonical":"https:\/\/www.filastrocche.it\/contenuti\/dicono-di-noi\/rassegna-stampa-dellanno-2008\/nasce-filastrocche-tv\/","og_locale":"it_IT","og_type":"article","og_title":"Nasce Filastrocche TV - I testi della tradizione di Filastrocche.it","og_description":"Da &#8220;Andersen&#8221; &#8211; Anno XXVII &#8211; Numero 244 &#8211; Gennaio 2008 &nbsp; MILANO &#8211; Filastrocche.it, il sito dedicato ai bambini e ai loro genitori, propone un nuovo strumento: un canale televisivo con programmazione on demand. Tra le serie di programmi gi\u00e0 disponibili: Creiamo con Filastropcche.it, dedicata alla manualit\u00e0; Gli Speciali di Filastrocche.it, dedicata alle festivit\u00e0 [&hellip;]","og_url":"https:\/\/www.filastrocche.it\/contenuti\/dicono-di-noi\/rassegna-stampa-dellanno-2008\/nasce-filastrocche-tv\/","og_site_name":"I testi della tradizione di Filastrocche.it","article_modified_time":"2012-06-13T08:49:52+00:00","og_image":[{"url":"https:\/\/www.filastrocche.it\/immagini\/articoli\/2008\/andersen_012008.jpg","type":"","width":"","height":""}],"schema":{"@context":"https:\/\/schema.org","@graph":[{"@type":"WebPage","@id":"https:\/\/www.filastrocche.it\/contenuti\/dicono-di-noi\/rassegna-stampa-dellanno-2008\/nasce-filastrocche-tv\/","url":"https:\/\/www.filastrocche.it\/contenuti\/dicono-di-noi\/rassegna-stampa-dellanno-2008\/nasce-filastrocche-tv\/","name":"Nasce Filastrocche TV - I testi della tradizione di Filastrocche.it","isPartOf":{"@id":"https:\/\/www.filastrocche.it\/contenuti\/#website"},"primaryImageOfPage":{"@id":"https:\/\/www.filastrocche.it\/contenuti\/dicono-di-noi\/rassegna-stampa-dellanno-2008\/nasce-filastrocche-tv\/#primaryimage"},"image":{"@id":"https:\/\/www.filastrocche.it\/contenuti\/dicono-di-noi\/rassegna-stampa-dellanno-2008\/nasce-filastrocche-tv\/#primaryimage"},"thumbnailUrl":"https:\/\/www.filastrocche.it\/immagini\/articoli\/2008\/andersen_012008.jpg","datePublished":"2012-06-13T08:31:27+00:00","dateModified":"2012-06-13T08:49:52+00:00","breadcrumb":{"@id":"https:\/\/www.filastrocche.it\/contenuti\/dicono-di-noi\/rassegna-stampa-dellanno-2008\/nasce-filastrocche-tv\/#breadcrumb"},"inLanguage":"it-IT","potentialAction":[{"@type":"ReadAction","target":["https:\/\/www.filastrocche.it\/contenuti\/dicono-di-noi\/rassegna-stampa-dellanno-2008\/nasce-filastrocche-tv\/"]}]},{"@type":"ImageObject","inLanguage":"it-IT","@id":"https:\/\/www.filastrocche.it\/contenuti\/dicono-di-noi\/rassegna-stampa-dellanno-2008\/nasce-filastrocche-tv\/#primaryimage","url":"https:\/\/www.filastrocche.it\/immagini\/articoli\/2008\/andersen_012008.jpg","contentUrl":"https:\/\/www.filastrocche.it\/immagini\/articoli\/2008\/andersen_012008.jpg"},{"@type":"BreadcrumbList","@id":"https:\/\/www.filastrocche.it\/contenuti\/dicono-di-noi\/rassegna-stampa-dellanno-2008\/nasce-filastrocche-tv\/#breadcrumb","itemListElement":[{"@type":"ListItem","position":1,"name":"Home","item":"https:\/\/www.filastrocche.it\/contenuti\/"},{"@type":"ListItem","position":2,"name":"Dicono di noi","item":"https:\/\/www.filastrocche.it\/contenuti\/dicono-di-noi\/"},{"@type":"ListItem","position":3,"name":"Rassegna stampa dell&#8217;anno 2008","item":"https:\/\/www.filastrocche.it\/contenuti\/dicono-di-noi\/rassegna-stampa-dellanno-2008\/"},{"@type":"ListItem","position":4,"name":"Nasce Filastrocche TV"}]},{"@type":"WebSite","@id":"https:\/\/www.filastrocche.it\/contenuti\/#website","url":"https:\/\/www.filastrocche.it\/contenuti\/","name":"I testi della tradizione di Filastrocche.it","description":"Filastrocche, fiabe, canzoni e...","potentialAction":[{"@type":"SearchAction","target":{"@type":"EntryPoint","urlTemplate":"https:\/\/www.filastrocche.it\/contenuti\/?s={search_term_string}"},"query-input":{"@type":"PropertyValueSpecification","valueRequired":true,"valueName":"search_term_string"}}],"inLanguage":"it-IT"}]}},"_links":{"self":[{"href":"https:\/\/www.filastrocche.it\/contenuti\/wp-json\/wp\/v2\/pages\/53099","targetHints":{"allow":["GET"]}}],"collection":[{"href":"https:\/\/www.filastrocche.it\/contenuti\/wp-json\/wp\/v2\/pages"}],"about":[{"href":"https:\/\/www.filastrocche.it\/contenuti\/wp-json\/wp\/v2\/types\/page"}],"author":[{"embeddable":true,"href":"https:\/\/www.filastrocche.it\/contenuti\/wp-json\/wp\/v2\/users\/17"}],"replies":[{"embeddable":true,"href":"https:\/\/www.filastrocche.it\/contenuti\/wp-json\/wp\/v2\/comments?post=53099"}],"version-history":[{"count":0,"href":"https:\/\/www.filastrocche.it\/contenuti\/wp-json\/wp\/v2\/pages\/53099\/revisions"}],"up":[{"embeddable":true,"href":"https:\/\/www.filastrocche.it\/contenuti\/wp-json\/wp\/v2\/pages\/52425"}],"wp:attachment":[{"href":"https:\/\/www.filastrocche.it\/contenuti\/wp-json\/wp\/v2\/media?parent=53099"}],"curies":[{"name":"wp","href":"https:\/\/api.w.org\/{rel}","templated":true}]}}