{"id":53169,"date":"2012-06-13T09:25:49","date_gmt":"2012-06-13T09:25:49","guid":{"rendered":"https:\/\/www.filastrocche.it\/contenuti\/?page_id=53169"},"modified":"2020-12-03T18:40:58","modified_gmt":"2020-12-03T16:40:58","slug":"favole-per-bambini-antiche-e-moderne","status":"publish","type":"page","link":"https:\/\/www.filastrocche.it\/contenuti\/dicono-di-noi\/rassegna-stampa-dellanno-2006\/favole-per-bambini-antiche-e-moderne\/","title":{"rendered":"Favole per bambini antiche e moderne"},"content":{"rendered":"<p>Il sito propone scioglilingua e cantilene per i pi\u00f9 piccoli ma che affascinano anche gli adulti<\/p>\n<p><strong>Favole per bambini antiche e moderne<\/strong><\/p>\n<p>&nbsp;<\/p>\n<p><em>di Francesca Tarissi<\/em><br \/>\nDa &#8220;<a href=\"http:\/\/www.repubblica.it\/\" target=\"_blank\" rel=\"noopener noreferrer\">La Repubblica<\/a>&#8221; &#8211; Supplemento &#8220;Affari e Finanza&#8221; &#8211; Anno 21, numero 1 &#8211; 9 gennaio 2006<strong><br \/>\n<\/strong><\/p>\n<p>&nbsp;<\/p>\n<p>La grafica \u00e8 semplice, colorata e aggraziata. I contenuti, invece, aiutano a sognare, riportandoci al tempo delle nostre nonne e\u00a0 bisnonne, ed operando una sorta di lavoro archeologico della tradizione orale.<br \/>\n<a href=\"https:\/\/www.filastrocche.it\" target=\"_blank\" rel=\"noopener noreferrer\">Filastrocche.it<\/a> \u00e8 un sito per i bambini e i loro genitori ed anche per tutti coloro a cui piacciono gli scioglilingua o cantilenare cose del\u00a0 tipo: &#8220;Nella sua casetta nera, quando vien la primavera, mastro grillo sapientone agli insetti fa lezione. La farfalla \u00e8 svogliatina,\u00a0 disattenta e birichina, fa i dispetti al moscon d&#8217;oro, tutto intento al suo lavoro&#8221;.<\/p>\n<p>Accesosi in Rete nel 2000, Filastrocche.it nasce dall\u2019idea di Jolanda Restano, 37 anni, una mamma lavoratrice che ha scelto di\u00a0 lasciare il posto fisso da farmacista per inseguire i suoi sogni. &#8220;All\u2019inizio&#8221;, racconta, &#8220;tutti mi davano della pazza ad abbandonare un\u00a0 lavoro sicuro per dedicarmi ad un\u2019attivit\u00e0 da casa che era poco pi\u00f9 di un hobby. Poi, per\u00f2, il tempo mi ha dato ragione e le\u00a0 soddisfazioni non sono mancate&#8221;.<\/p>\n<p>Dalle Filastrocche ai successi professionali, la signora Restano si \u00e8 ritrovata a collaborare con molti giornali specializzati ed anche\u00a0 con grandi aziende come la Oviesse, Coin o la Centrale del Latte di Torino.<\/p>\n<p>&#8220;Grazie a Filastrocche.it&#8221;, continua a raccontare, &#8220;sono stata notata da pi\u00f9 parti. Filastrocche.it resta un passatempo, nato in seguito alla nascita della mia bimba e sotto la spinta della voglia di ripescare per lei vecchie ninna nanne, per\u00f2 \u00e8 un impegno che continua a\u00a0 crescere. Ogni mese, infatti, il sito raggiunge 2 milioni di &#8220;page view&#8221;, con punte di 5 milioni nei mesi delle festivit\u00e0, e circa 200mila visitatori unici&#8221;.<\/p>\n<p>In questo spazio della fantasia, dagli esordi ad oggi si sono progressivamente aggiunte nuove rubriche. C\u2019\u00e8 la sezione delle filastrocche in lingua originale, una dedicata ai biglietti di auguri musicali, la sezione &#8220;<a href=\"https:\/\/www.filastrocche.it\/creiamo\/\" target=\"_blank\" rel=\"noopener noreferrer\">Creiamo<\/a>&#8221; con la spiegazione delle cose che si\u00a0 possono realizzare con l&#8217;aiuto di una stampante e un paio di forbici, spazi dedicati alle differenti festivit\u00e0 e alle ricette, e una sezione\u00a0 aperta ai lettori, all\u2019interno della quale si possono pubblicare illustrazioni e racconti per l\u2019infanzia.<\/p>\n<p>E non manca neppure un angolo per l\u2019e-shopping, che vende borse con l\u2019effige del Signor Bonaventura, altro personaggio ripescato da un immeritato oblio.<\/p>\n<p>&#8220;Devo confessare&#8221;, conclude la Restano, &#8220;che Filastrocche.it mi d\u00e0 molte soddisfazioni: i bambini mi scrivono pensando che io sia la\u00a0 Befana, quando riusciamo a ricostruire vecchi testi di filastrocche, arrivano mail di ringraziamenti come se avessi salvato la vita a\u00a0 qualcuno e una volta, in spiaggia, la mia vicina di ombrellone mi ha raccomandato i gadget che aveva scaricato da un sito. Il mio&#8221;.<\/p>\n","protected":false},"excerpt":{"rendered":"<p>Il sito propone scioglilingua e cantilene per i pi\u00f9 piccoli ma che affascinano anche gli adulti Favole per bambini antiche e moderne &nbsp; di Francesca Tarissi Da &#8220;La Repubblica&#8221; &#8211; Supplemento &#8220;Affari e Finanza&#8221; &#8211; Anno 21, numero 1 &#8211; 9 gennaio 2006 &nbsp; La grafica \u00e8 semplice, colorata e aggraziata. I contenuti, invece, aiutano [&hellip;]<\/p>\n","protected":false},"author":17,"featured_media":0,"parent":52417,"menu_order":0,"comment_status":"open","ping_status":"open","template":"","meta":{"footnotes":""},"class_list":["post-53169","page","type-page","status-publish","hentry"],"yoast_head":"<!-- This site is optimized with the Yoast SEO plugin v26.2 - https:\/\/yoast.com\/wordpress\/plugins\/seo\/ -->\n<title>Favole per bambini antiche e moderne - I testi della tradizione di Filastrocche.it<\/title>\n<meta name=\"robots\" content=\"index, follow, max-snippet:-1, max-image-preview:large, max-video-preview:-1\" \/>\n<link rel=\"canonical\" href=\"https:\/\/www.filastrocche.it\/contenuti\/dicono-di-noi\/rassegna-stampa-dellanno-2006\/favole-per-bambini-antiche-e-moderne\/\" \/>\n<meta property=\"og:locale\" content=\"it_IT\" \/>\n<meta property=\"og:type\" content=\"article\" \/>\n<meta property=\"og:title\" content=\"Favole per bambini antiche e moderne - I testi della tradizione di Filastrocche.it\" \/>\n<meta property=\"og:description\" content=\"Il sito propone scioglilingua e cantilene per i pi\u00f9 piccoli ma che affascinano anche gli adulti Favole per bambini antiche e moderne &nbsp; di Francesca Tarissi Da &#8220;La Repubblica&#8221; &#8211; Supplemento &#8220;Affari e Finanza&#8221; &#8211; Anno 21, numero 1 &#8211; 9 gennaio 2006 &nbsp; La grafica \u00e8 semplice, colorata e aggraziata. I contenuti, invece, aiutano [&hellip;]\" \/>\n<meta property=\"og:url\" content=\"https:\/\/www.filastrocche.it\/contenuti\/dicono-di-noi\/rassegna-stampa-dellanno-2006\/favole-per-bambini-antiche-e-moderne\/\" \/>\n<meta property=\"og:site_name\" content=\"I testi della tradizione di Filastrocche.it\" \/>\n<meta property=\"article:modified_time\" content=\"2020-12-03T16:40:58+00:00\" \/>\n<meta name=\"twitter:label1\" content=\"Tempo di lettura stimato\" \/>\n\t<meta name=\"twitter:data1\" content=\"2 minuti\" \/>\n<!-- \/ Yoast SEO plugin. -->","yoast_head_json":{"title":"Favole per bambini antiche e moderne - I testi della tradizione di Filastrocche.it","robots":{"index":"index","follow":"follow","max-snippet":"max-snippet:-1","max-image-preview":"max-image-preview:large","max-video-preview":"max-video-preview:-1"},"canonical":"https:\/\/www.filastrocche.it\/contenuti\/dicono-di-noi\/rassegna-stampa-dellanno-2006\/favole-per-bambini-antiche-e-moderne\/","og_locale":"it_IT","og_type":"article","og_title":"Favole per bambini antiche e moderne - I testi della tradizione di Filastrocche.it","og_description":"Il sito propone scioglilingua e cantilene per i pi\u00f9 piccoli ma che affascinano anche gli adulti Favole per bambini antiche e moderne &nbsp; di Francesca Tarissi Da &#8220;La Repubblica&#8221; &#8211; Supplemento &#8220;Affari e Finanza&#8221; &#8211; Anno 21, numero 1 &#8211; 9 gennaio 2006 &nbsp; La grafica \u00e8 semplice, colorata e aggraziata. I contenuti, invece, aiutano [&hellip;]","og_url":"https:\/\/www.filastrocche.it\/contenuti\/dicono-di-noi\/rassegna-stampa-dellanno-2006\/favole-per-bambini-antiche-e-moderne\/","og_site_name":"I testi della tradizione di Filastrocche.it","article_modified_time":"2020-12-03T16:40:58+00:00","twitter_misc":{"Tempo di lettura stimato":"2 minuti"},"schema":{"@context":"https:\/\/schema.org","@graph":[{"@type":"WebPage","@id":"https:\/\/www.filastrocche.it\/contenuti\/dicono-di-noi\/rassegna-stampa-dellanno-2006\/favole-per-bambini-antiche-e-moderne\/","url":"https:\/\/www.filastrocche.it\/contenuti\/dicono-di-noi\/rassegna-stampa-dellanno-2006\/favole-per-bambini-antiche-e-moderne\/","name":"Favole per bambini antiche e moderne - I testi della tradizione di Filastrocche.it","isPartOf":{"@id":"https:\/\/www.filastrocche.it\/contenuti\/#website"},"datePublished":"2012-06-13T09:25:49+00:00","dateModified":"2020-12-03T16:40:58+00:00","breadcrumb":{"@id":"https:\/\/www.filastrocche.it\/contenuti\/dicono-di-noi\/rassegna-stampa-dellanno-2006\/favole-per-bambini-antiche-e-moderne\/#breadcrumb"},"inLanguage":"it-IT","potentialAction":[{"@type":"ReadAction","target":["https:\/\/www.filastrocche.it\/contenuti\/dicono-di-noi\/rassegna-stampa-dellanno-2006\/favole-per-bambini-antiche-e-moderne\/"]}]},{"@type":"BreadcrumbList","@id":"https:\/\/www.filastrocche.it\/contenuti\/dicono-di-noi\/rassegna-stampa-dellanno-2006\/favole-per-bambini-antiche-e-moderne\/#breadcrumb","itemListElement":[{"@type":"ListItem","position":1,"name":"Home","item":"https:\/\/www.filastrocche.it\/contenuti\/"},{"@type":"ListItem","position":2,"name":"Dicono di noi","item":"https:\/\/www.filastrocche.it\/contenuti\/dicono-di-noi\/"},{"@type":"ListItem","position":3,"name":"Rassegna stampa dell&#8217;anno 2006","item":"https:\/\/www.filastrocche.it\/contenuti\/dicono-di-noi\/rassegna-stampa-dellanno-2006\/"},{"@type":"ListItem","position":4,"name":"Favole per bambini antiche e moderne"}]},{"@type":"WebSite","@id":"https:\/\/www.filastrocche.it\/contenuti\/#website","url":"https:\/\/www.filastrocche.it\/contenuti\/","name":"I testi della tradizione di Filastrocche.it","description":"Filastrocche, fiabe, canzoni e...","potentialAction":[{"@type":"SearchAction","target":{"@type":"EntryPoint","urlTemplate":"https:\/\/www.filastrocche.it\/contenuti\/?s={search_term_string}"},"query-input":{"@type":"PropertyValueSpecification","valueRequired":true,"valueName":"search_term_string"}}],"inLanguage":"it-IT"}]}},"_links":{"self":[{"href":"https:\/\/www.filastrocche.it\/contenuti\/wp-json\/wp\/v2\/pages\/53169","targetHints":{"allow":["GET"]}}],"collection":[{"href":"https:\/\/www.filastrocche.it\/contenuti\/wp-json\/wp\/v2\/pages"}],"about":[{"href":"https:\/\/www.filastrocche.it\/contenuti\/wp-json\/wp\/v2\/types\/page"}],"author":[{"embeddable":true,"href":"https:\/\/www.filastrocche.it\/contenuti\/wp-json\/wp\/v2\/users\/17"}],"replies":[{"embeddable":true,"href":"https:\/\/www.filastrocche.it\/contenuti\/wp-json\/wp\/v2\/comments?post=53169"}],"version-history":[{"count":1,"href":"https:\/\/www.filastrocche.it\/contenuti\/wp-json\/wp\/v2\/pages\/53169\/revisions"}],"predecessor-version":[{"id":233998,"href":"https:\/\/www.filastrocche.it\/contenuti\/wp-json\/wp\/v2\/pages\/53169\/revisions\/233998"}],"up":[{"embeddable":true,"href":"https:\/\/www.filastrocche.it\/contenuti\/wp-json\/wp\/v2\/pages\/52417"}],"wp:attachment":[{"href":"https:\/\/www.filastrocche.it\/contenuti\/wp-json\/wp\/v2\/media?parent=53169"}],"curies":[{"name":"wp","href":"https:\/\/api.w.org\/{rel}","templated":true}]}}