{"id":53199,"date":"2012-06-13T09:39:40","date_gmt":"2012-06-13T09:39:40","guid":{"rendered":"https:\/\/www.filastrocche.it\/contenuti\/?page_id=53199"},"modified":"2012-07-13T09:55:27","modified_gmt":"2012-07-13T09:55:27","slug":"un-sito-tutto-in-rima","status":"publish","type":"page","link":"https:\/\/www.filastrocche.it\/contenuti\/dicono-di-noi\/rassegna-stampa-dellanno-2005\/un-sito-tutto-in-rima\/","title":{"rendered":"Un sito tutto in rima"},"content":{"rendered":"<p>Dal mensile <span ><a href=\"http:\/\/www.andersen.it\/\" target=\"_blank\"><span >Andersen<\/span><\/a><\/span><br \/>\n&#8211; numero 217 &#8211; Settembre 2005<\/p>\n<p>&nbsp;<\/p>\n<p><a href=\"https:\/\/www.filastrocche.it\">Filastrocche.it<\/a> \u00e8 un punto di riferimento per chiunque sia in cerca di contenuti e servizi legati all\u2019infanzia. Il sito \u00e8 nato nella\u00a0 primavera del 1999 quando Jolanda Restano &#8211; farmacista con la passione per Internet e i cartoon &#8211; era alla ricerca di qualche\u00a0 vecchia filastrocca da recitare alla piccola Matilde, nata nel marzo di quell\u2019anno. La ricerca fu vana e Jolanda decise di acquistare il dominio\u00a0 <a href=\"https:\/\/www.filastrocche.it\">www.filastrocche.it<\/a>, pubblicando una semplice pagina con un appello a chiunque si ricordasse le vecchie filastrocche della\u00a0 tradizione e la promessa di pubblicarle rendendole disponibili a tutti. A cinque anni di distanza il sito \u00e8 divenuto la pi\u00f9 grande\u00a0 raccolta disponibile di contenuti tradizionali per l\u2019infanzia: un database di oltre 12.000 testi (canzoni, filastrocche, indovinelli,\u00a0 giochi, colmi, ricette,\u2026) in 7 lingue, con un avanzato sistema di ricerca che permette a chiunque \u2013 genitore, insegnante o ricercatore\u00a0 \u2013 di individuare i contenuti secondo una grande variet\u00e0 di criteri di ricerca.<\/p>\n<p>Il sito, che oggi riceve centinaia di migliaia di visitatori al mese, \u00e8 cresciuto progressivamente e propone una grande quantit\u00e0 di\u00a0 risorse per genitori e insegnanti. Qualche esempio: la sezione &#8220;<a href=\"https:\/\/www.filastrocche.it\/creiamo\/\">Creiamo<\/a>&#8220;, con centinaia di modelli da realizzare con stampante, carta\u00a0 e forbici, la sezione &#8220;<a href=\"https:\/\/www.filastrocche.it\/leggiamo\">Leggiamo<\/a>&#8221; con il profilo e molte opere in esclusiva dei maggiori autori e illustratori italiani e stranieri di\u00a0 letteratura infantile, la sezione &#8220;<a href=\"https:\/\/www.filastrocche.it\/cantiamo\">Cantiamo<\/a>&#8221; con le pi\u00f9 belle canzoni tradizionali per bambini da cantare con la base midi; gli &#8220;Speciali&#8221; dedicati alle festivit\u00e0 pi\u00f9 sentite dai bambini.<\/p>\n<p>Jolanda \u2013 in seguito al successo di Filastrocche.it \u2013 ha abbandonato la carriera di farmacista e pu\u00f2 oggi dedicarsi alla sua passion: i\u00a0 bambini (i suoi oggi sono 3) e i contenuti ad essi dedicati. Grazie all\u2019esperienza maturata \u00e8 oggi consulente di diverse aziende\u00a0 specializzate in prodotti per bambini e realizza prodotti editoriali (libri, CD audio, siti web) per alcuni dei maggiori editori del settore (<a href=\"http:\/\/www.jopweb.com\" target=\"_blank\">www.jopweb.com<\/a>).<\/p>\n","protected":false},"excerpt":{"rendered":"<p>Dal mensile Andersen &#8211; numero 217 &#8211; Settembre 2005 &nbsp; Filastrocche.it \u00e8 un punto di riferimento per chiunque sia in cerca di contenuti e servizi legati all\u2019infanzia. Il sito \u00e8 nato nella\u00a0 primavera del 1999 quando Jolanda Restano &#8211; farmacista con la passione per Internet e i cartoon &#8211; era alla ricerca di qualche\u00a0 vecchia [&hellip;]<\/p>\n","protected":false},"author":17,"featured_media":0,"parent":52413,"menu_order":0,"comment_status":"open","ping_status":"open","template":"","meta":{"footnotes":""},"class_list":["post-53199","page","type-page","status-publish","hentry"],"yoast_head":"<!-- This site is optimized with the Yoast SEO plugin v26.2 - https:\/\/yoast.com\/wordpress\/plugins\/seo\/ -->\n<title>Un sito tutto in rima - I testi della tradizione di Filastrocche.it<\/title>\n<meta name=\"robots\" content=\"index, follow, max-snippet:-1, max-image-preview:large, max-video-preview:-1\" \/>\n<link rel=\"canonical\" href=\"https:\/\/www.filastrocche.it\/contenuti\/dicono-di-noi\/rassegna-stampa-dellanno-2005\/un-sito-tutto-in-rima\/\" \/>\n<meta property=\"og:locale\" content=\"it_IT\" \/>\n<meta property=\"og:type\" content=\"article\" \/>\n<meta property=\"og:title\" content=\"Un sito tutto in rima - I testi della tradizione di Filastrocche.it\" \/>\n<meta property=\"og:description\" content=\"Dal mensile Andersen &#8211; numero 217 &#8211; Settembre 2005 &nbsp; Filastrocche.it \u00e8 un punto di riferimento per chiunque sia in cerca di contenuti e servizi legati all\u2019infanzia. Il sito \u00e8 nato nella\u00a0 primavera del 1999 quando Jolanda Restano &#8211; farmacista con la passione per Internet e i cartoon &#8211; era alla ricerca di qualche\u00a0 vecchia [&hellip;]\" \/>\n<meta property=\"og:url\" content=\"https:\/\/www.filastrocche.it\/contenuti\/dicono-di-noi\/rassegna-stampa-dellanno-2005\/un-sito-tutto-in-rima\/\" \/>\n<meta property=\"og:site_name\" content=\"I testi della tradizione di Filastrocche.it\" \/>\n<meta property=\"article:modified_time\" content=\"2012-07-13T09:55:27+00:00\" \/>\n<meta name=\"twitter:label1\" content=\"Tempo di lettura stimato\" \/>\n\t<meta name=\"twitter:data1\" content=\"2 minuti\" \/>\n<!-- \/ Yoast SEO plugin. -->","yoast_head_json":{"title":"Un sito tutto in rima - I testi della tradizione di Filastrocche.it","robots":{"index":"index","follow":"follow","max-snippet":"max-snippet:-1","max-image-preview":"max-image-preview:large","max-video-preview":"max-video-preview:-1"},"canonical":"https:\/\/www.filastrocche.it\/contenuti\/dicono-di-noi\/rassegna-stampa-dellanno-2005\/un-sito-tutto-in-rima\/","og_locale":"it_IT","og_type":"article","og_title":"Un sito tutto in rima - I testi della tradizione di Filastrocche.it","og_description":"Dal mensile Andersen &#8211; numero 217 &#8211; Settembre 2005 &nbsp; Filastrocche.it \u00e8 un punto di riferimento per chiunque sia in cerca di contenuti e servizi legati all\u2019infanzia. Il sito \u00e8 nato nella\u00a0 primavera del 1999 quando Jolanda Restano &#8211; farmacista con la passione per Internet e i cartoon &#8211; era alla ricerca di qualche\u00a0 vecchia [&hellip;]","og_url":"https:\/\/www.filastrocche.it\/contenuti\/dicono-di-noi\/rassegna-stampa-dellanno-2005\/un-sito-tutto-in-rima\/","og_site_name":"I testi della tradizione di Filastrocche.it","article_modified_time":"2012-07-13T09:55:27+00:00","twitter_misc":{"Tempo di lettura stimato":"2 minuti"},"schema":{"@context":"https:\/\/schema.org","@graph":[{"@type":"WebPage","@id":"https:\/\/www.filastrocche.it\/contenuti\/dicono-di-noi\/rassegna-stampa-dellanno-2005\/un-sito-tutto-in-rima\/","url":"https:\/\/www.filastrocche.it\/contenuti\/dicono-di-noi\/rassegna-stampa-dellanno-2005\/un-sito-tutto-in-rima\/","name":"Un sito tutto in rima - I testi della tradizione di Filastrocche.it","isPartOf":{"@id":"https:\/\/www.filastrocche.it\/contenuti\/#website"},"datePublished":"2012-06-13T09:39:40+00:00","dateModified":"2012-07-13T09:55:27+00:00","breadcrumb":{"@id":"https:\/\/www.filastrocche.it\/contenuti\/dicono-di-noi\/rassegna-stampa-dellanno-2005\/un-sito-tutto-in-rima\/#breadcrumb"},"inLanguage":"it-IT","potentialAction":[{"@type":"ReadAction","target":["https:\/\/www.filastrocche.it\/contenuti\/dicono-di-noi\/rassegna-stampa-dellanno-2005\/un-sito-tutto-in-rima\/"]}]},{"@type":"BreadcrumbList","@id":"https:\/\/www.filastrocche.it\/contenuti\/dicono-di-noi\/rassegna-stampa-dellanno-2005\/un-sito-tutto-in-rima\/#breadcrumb","itemListElement":[{"@type":"ListItem","position":1,"name":"Home","item":"https:\/\/www.filastrocche.it\/contenuti\/"},{"@type":"ListItem","position":2,"name":"Dicono di noi","item":"https:\/\/www.filastrocche.it\/contenuti\/dicono-di-noi\/"},{"@type":"ListItem","position":3,"name":"Rassegna stampa dell&#8217;anno 2005","item":"https:\/\/www.filastrocche.it\/contenuti\/dicono-di-noi\/rassegna-stampa-dellanno-2005\/"},{"@type":"ListItem","position":4,"name":"Un sito tutto in rima"}]},{"@type":"WebSite","@id":"https:\/\/www.filastrocche.it\/contenuti\/#website","url":"https:\/\/www.filastrocche.it\/contenuti\/","name":"I testi della tradizione di Filastrocche.it","description":"Filastrocche, fiabe, canzoni e...","potentialAction":[{"@type":"SearchAction","target":{"@type":"EntryPoint","urlTemplate":"https:\/\/www.filastrocche.it\/contenuti\/?s={search_term_string}"},"query-input":{"@type":"PropertyValueSpecification","valueRequired":true,"valueName":"search_term_string"}}],"inLanguage":"it-IT"}]}},"_links":{"self":[{"href":"https:\/\/www.filastrocche.it\/contenuti\/wp-json\/wp\/v2\/pages\/53199","targetHints":{"allow":["GET"]}}],"collection":[{"href":"https:\/\/www.filastrocche.it\/contenuti\/wp-json\/wp\/v2\/pages"}],"about":[{"href":"https:\/\/www.filastrocche.it\/contenuti\/wp-json\/wp\/v2\/types\/page"}],"author":[{"embeddable":true,"href":"https:\/\/www.filastrocche.it\/contenuti\/wp-json\/wp\/v2\/users\/17"}],"replies":[{"embeddable":true,"href":"https:\/\/www.filastrocche.it\/contenuti\/wp-json\/wp\/v2\/comments?post=53199"}],"version-history":[{"count":0,"href":"https:\/\/www.filastrocche.it\/contenuti\/wp-json\/wp\/v2\/pages\/53199\/revisions"}],"up":[{"embeddable":true,"href":"https:\/\/www.filastrocche.it\/contenuti\/wp-json\/wp\/v2\/pages\/52413"}],"wp:attachment":[{"href":"https:\/\/www.filastrocche.it\/contenuti\/wp-json\/wp\/v2\/media?parent=53199"}],"curies":[{"name":"wp","href":"https:\/\/api.w.org\/{rel}","templated":true}]}}