{"id":53207,"date":"2012-06-13T09:41:50","date_gmt":"2012-06-13T09:41:50","guid":{"rendered":"https:\/\/www.filastrocche.it\/contenuti\/?page_id=53207"},"modified":"2012-06-13T09:44:23","modified_gmt":"2012-06-13T09:44:23","slug":"con-la-testa-tra-le-filastrocche","status":"publish","type":"page","link":"https:\/\/www.filastrocche.it\/contenuti\/dicono-di-noi\/rassegna-stampa-dellanno-2005\/con-la-testa-tra-le-filastrocche\/","title":{"rendered":"Con la testa tra le\u2026 filastrocche!"},"content":{"rendered":"<p><em>di Francesca Capelli<\/em><br \/>\nDal sito <a href=\"http:\/\/www.ragazzinet.it\/\" target=\"_blank\">RagazziNet<\/a><br \/>\n&#8211; numero 96 del 27 Giugno 2005<\/p>\n<p>&nbsp;<\/p>\n<p><span >Jolanda Restano, creatrice di siti web, sposata e mamma di Matilde (6 anni), Tommaso (3 e mezzo), Aurora (2 mesi). <\/span><\/p>\n<p>&nbsp;<\/p>\n<p>Lavorare a casa all&#8217;inizio \u00e8 stata una scelta quasi obbligata. Ero assunta in una casa editrice di pubblicazioni mediche e, al rientro in\u00a0 ufficio dopo la prima maternit\u00e0, avevo chiesto il part-time. La risposta fu negativa e, visto che a Milano non potevo contare su\u00a0 nessun aiuto, mi sono dovuta licenziare. Nei mesi precedenti avevo cominciato a navigare su Internet: cos\u00ec ho pensato di farne\u00a0 un&#8217;occupazione e propormi come creatrice di siti web. All&#8217;inizio \u00e8 stata dura: una donna che lavorava a casa non riscuoteva molta fiducia. Tutti pensavano che fossi la classica casalinga &#8220;insoddisfatta&#8221; che cercava un hobby, senza nessuna professionalit\u00e0. Ma da\u00a0 un paio di anni le cose vanno molto bene, con clienti importanti e tante soddisfazioni, lavorative oltre che economiche.<\/p>\n<p>L&#8217;aspetto positivo \u00e8 la gestione del tempo molto elastica. Cerco di lavorare il pi\u00f9 possibile tra le 9 e le 16, mentre i due bambini pi\u00f9 grandi sono all&#8217;asilo. Ma se alla sera, quando li ho messi a letto, devo finire un progetto urgente, posso sempre rimettermi al\u00a0 computer per un paio di ore. I miei figli hanno imparato a rispettare i tempi e gli spazi della mamma &#8220;che lavora in casa&#8221;. La maggior parte dei miei impegni \u00e8 fissata per le ore in cui loro sono fuori ma, se ogni tanto mi vedono al telefono oppure alla scrivania quando\u00a0 tornano da scuola, sanno che non devono disturbarmi.<\/p>\n<p>Un altro aspetto molto piacevole del lavoro a casa \u00e8 che, quando non devo incontrare un cliente, posso stare al computer in tuta e\u00a0 con bigodini in testa. Senza esagerare, ovviamente.<\/p>\n<p>Ma c&#8217;\u00e8 uno svantaggio: non posso confrontarmi con i colleghi, come succedeva quando stavo in ufficio. Se non ho appuntamenti\u00a0 fuori casa, mi capita di non vedere nessuno, eccetto i famigliari, anche per 2 o 3 giorni. Inoltre un&#8217;azienda, dispone di tutta una serie\u00a0 di strumenti, come database e computer pi\u00f9 veloci. Non mi mancano invece i pettegolezzi e le piccole invidie tipiche della vita in\u00a0 ufficio.<\/p>\n<p>Per fortuna ho un marito molto presente e se ho un dubbio di lavoro posso sempre confrontarmi con lui e chiedere il suo consiglio. Anche in casa mi aiuta molto:. magari non prende l&#8217;iniziativa, ma se gli chiedo di mettere a letto i bambini o di fare un po&#8217; di ordine,\u00a0 non se lo fa ripetere due volte. Per quanto riguarda le commissioni fuori casa, abbiamo ottimizzato i tempi domiciliando le bollette\u00a0 in banca. E con Internet posso gestire il conto corrente dal computer. Con un po&#8217; di organizzazione tutto diventa possibile. Tanto che per la nascita di Aurora mi sono fermata per 10 giorni e poi ho ricominciato a lavorare, interrompendomi per le poppate.<\/p>\n<p>Certo, questa non \u00e8 una scelta &#8220;per tutti&#8221;. Ognuno ha le proprie attitudini. Lavorare in casa non \u00e8 affatto semplice.: bisogna essere capaci di non distrarsi, tra telefonate, televisione e frigorifero. Io in questo sono molto rigorosa. Certi giorni mi siedo alla scrivania\u00a0 alle 9 e mezza e mi alzo alle 14. Bisogna tenere presente che, anche se i tempi sono pi\u00f9 elastici, si deve rispettare un orario di lavoro.<\/p>\n<p>Tornare in ufficio? Ho ricevuto offerte di assunzione, anche buone, ma ho sempre rifiutato. Significherebbe rinunciare a qualcosa\u00a0 che ho creato con fatica, che \u00e8 tutto mio. Come il sito, dove ho espresso il meglio di me.<\/p>\n","protected":false},"excerpt":{"rendered":"<p>di Francesca Capelli Dal sito RagazziNet &#8211; numero 96 del 27 Giugno 2005 &nbsp; Jolanda Restano, creatrice di siti web, sposata e mamma di Matilde (6 anni), Tommaso (3 e mezzo), Aurora (2 mesi). &nbsp; Lavorare a casa all&#8217;inizio \u00e8 stata una scelta quasi obbligata. Ero assunta in una casa editrice di pubblicazioni mediche e, [&hellip;]<\/p>\n","protected":false},"author":17,"featured_media":0,"parent":52413,"menu_order":0,"comment_status":"open","ping_status":"open","template":"","meta":{"footnotes":""},"class_list":["post-53207","page","type-page","status-publish","hentry"],"yoast_head":"<!-- This site is optimized with the Yoast SEO plugin v26.2 - https:\/\/yoast.com\/wordpress\/plugins\/seo\/ -->\n<title>Con la testa tra le\u2026 filastrocche! - I testi della tradizione di Filastrocche.it<\/title>\n<meta name=\"robots\" content=\"index, follow, max-snippet:-1, max-image-preview:large, max-video-preview:-1\" \/>\n<link rel=\"canonical\" href=\"https:\/\/www.filastrocche.it\/contenuti\/dicono-di-noi\/rassegna-stampa-dellanno-2005\/con-la-testa-tra-le-filastrocche\/\" \/>\n<meta property=\"og:locale\" content=\"it_IT\" \/>\n<meta property=\"og:type\" content=\"article\" \/>\n<meta property=\"og:title\" content=\"Con la testa tra le\u2026 filastrocche! - I testi della tradizione di Filastrocche.it\" \/>\n<meta property=\"og:description\" content=\"di Francesca Capelli Dal sito RagazziNet &#8211; numero 96 del 27 Giugno 2005 &nbsp; Jolanda Restano, creatrice di siti web, sposata e mamma di Matilde (6 anni), Tommaso (3 e mezzo), Aurora (2 mesi). &nbsp; Lavorare a casa all&#8217;inizio \u00e8 stata una scelta quasi obbligata. Ero assunta in una casa editrice di pubblicazioni mediche e, [&hellip;]\" \/>\n<meta property=\"og:url\" content=\"https:\/\/www.filastrocche.it\/contenuti\/dicono-di-noi\/rassegna-stampa-dellanno-2005\/con-la-testa-tra-le-filastrocche\/\" \/>\n<meta property=\"og:site_name\" content=\"I testi della tradizione di Filastrocche.it\" \/>\n<meta property=\"article:modified_time\" content=\"2012-06-13T09:44:23+00:00\" \/>\n<meta name=\"twitter:label1\" content=\"Tempo di lettura stimato\" \/>\n\t<meta name=\"twitter:data1\" content=\"3 minuti\" \/>\n<!-- \/ Yoast SEO plugin. -->","yoast_head_json":{"title":"Con la testa tra le\u2026 filastrocche! - I testi della tradizione di Filastrocche.it","robots":{"index":"index","follow":"follow","max-snippet":"max-snippet:-1","max-image-preview":"max-image-preview:large","max-video-preview":"max-video-preview:-1"},"canonical":"https:\/\/www.filastrocche.it\/contenuti\/dicono-di-noi\/rassegna-stampa-dellanno-2005\/con-la-testa-tra-le-filastrocche\/","og_locale":"it_IT","og_type":"article","og_title":"Con la testa tra le\u2026 filastrocche! - I testi della tradizione di Filastrocche.it","og_description":"di Francesca Capelli Dal sito RagazziNet &#8211; numero 96 del 27 Giugno 2005 &nbsp; Jolanda Restano, creatrice di siti web, sposata e mamma di Matilde (6 anni), Tommaso (3 e mezzo), Aurora (2 mesi). &nbsp; Lavorare a casa all&#8217;inizio \u00e8 stata una scelta quasi obbligata. Ero assunta in una casa editrice di pubblicazioni mediche e, [&hellip;]","og_url":"https:\/\/www.filastrocche.it\/contenuti\/dicono-di-noi\/rassegna-stampa-dellanno-2005\/con-la-testa-tra-le-filastrocche\/","og_site_name":"I testi della tradizione di Filastrocche.it","article_modified_time":"2012-06-13T09:44:23+00:00","twitter_misc":{"Tempo di lettura stimato":"3 minuti"},"schema":{"@context":"https:\/\/schema.org","@graph":[{"@type":"WebPage","@id":"https:\/\/www.filastrocche.it\/contenuti\/dicono-di-noi\/rassegna-stampa-dellanno-2005\/con-la-testa-tra-le-filastrocche\/","url":"https:\/\/www.filastrocche.it\/contenuti\/dicono-di-noi\/rassegna-stampa-dellanno-2005\/con-la-testa-tra-le-filastrocche\/","name":"Con la testa tra le\u2026 filastrocche! - I testi della tradizione di Filastrocche.it","isPartOf":{"@id":"https:\/\/www.filastrocche.it\/contenuti\/#website"},"datePublished":"2012-06-13T09:41:50+00:00","dateModified":"2012-06-13T09:44:23+00:00","breadcrumb":{"@id":"https:\/\/www.filastrocche.it\/contenuti\/dicono-di-noi\/rassegna-stampa-dellanno-2005\/con-la-testa-tra-le-filastrocche\/#breadcrumb"},"inLanguage":"it-IT","potentialAction":[{"@type":"ReadAction","target":["https:\/\/www.filastrocche.it\/contenuti\/dicono-di-noi\/rassegna-stampa-dellanno-2005\/con-la-testa-tra-le-filastrocche\/"]}]},{"@type":"BreadcrumbList","@id":"https:\/\/www.filastrocche.it\/contenuti\/dicono-di-noi\/rassegna-stampa-dellanno-2005\/con-la-testa-tra-le-filastrocche\/#breadcrumb","itemListElement":[{"@type":"ListItem","position":1,"name":"Home","item":"https:\/\/www.filastrocche.it\/contenuti\/"},{"@type":"ListItem","position":2,"name":"Dicono di noi","item":"https:\/\/www.filastrocche.it\/contenuti\/dicono-di-noi\/"},{"@type":"ListItem","position":3,"name":"Rassegna stampa dell&#8217;anno 2005","item":"https:\/\/www.filastrocche.it\/contenuti\/dicono-di-noi\/rassegna-stampa-dellanno-2005\/"},{"@type":"ListItem","position":4,"name":"Con la testa tra le\u2026 filastrocche!"}]},{"@type":"WebSite","@id":"https:\/\/www.filastrocche.it\/contenuti\/#website","url":"https:\/\/www.filastrocche.it\/contenuti\/","name":"I testi della tradizione di Filastrocche.it","description":"Filastrocche, fiabe, canzoni e...","potentialAction":[{"@type":"SearchAction","target":{"@type":"EntryPoint","urlTemplate":"https:\/\/www.filastrocche.it\/contenuti\/?s={search_term_string}"},"query-input":{"@type":"PropertyValueSpecification","valueRequired":true,"valueName":"search_term_string"}}],"inLanguage":"it-IT"}]}},"_links":{"self":[{"href":"https:\/\/www.filastrocche.it\/contenuti\/wp-json\/wp\/v2\/pages\/53207","targetHints":{"allow":["GET"]}}],"collection":[{"href":"https:\/\/www.filastrocche.it\/contenuti\/wp-json\/wp\/v2\/pages"}],"about":[{"href":"https:\/\/www.filastrocche.it\/contenuti\/wp-json\/wp\/v2\/types\/page"}],"author":[{"embeddable":true,"href":"https:\/\/www.filastrocche.it\/contenuti\/wp-json\/wp\/v2\/users\/17"}],"replies":[{"embeddable":true,"href":"https:\/\/www.filastrocche.it\/contenuti\/wp-json\/wp\/v2\/comments?post=53207"}],"version-history":[{"count":0,"href":"https:\/\/www.filastrocche.it\/contenuti\/wp-json\/wp\/v2\/pages\/53207\/revisions"}],"up":[{"embeddable":true,"href":"https:\/\/www.filastrocche.it\/contenuti\/wp-json\/wp\/v2\/pages\/52413"}],"wp:attachment":[{"href":"https:\/\/www.filastrocche.it\/contenuti\/wp-json\/wp\/v2\/media?parent=53207"}],"curies":[{"name":"wp","href":"https:\/\/api.w.org\/{rel}","templated":true}]}}