{"id":53295,"date":"2012-06-13T11:15:21","date_gmt":"2012-06-13T11:15:21","guid":{"rendered":"https:\/\/www.filastrocche.it\/contenuti\/?page_id=53295"},"modified":"2012-07-13T09:47:05","modified_gmt":"2012-07-13T09:47:05","slug":"figurine-in-concerto","status":"publish","type":"page","link":"https:\/\/www.filastrocche.it\/contenuti\/dicono-di-noi\/rassegna-stampa-dellanno-2004\/figurine-in-concerto\/","title":{"rendered":"\u201cFigurine\u201d in concerto"},"content":{"rendered":"<p><span >Show al Civico di Vercelli per l&#8217;Oncologia Pediatrica<\/span><\/p>\n<p>&#8220;Figurine&#8221; in concerto<\/p>\n<p>&nbsp;<\/p>\n<p>Da &#8220;<strong><a href=\"http:\/\/www.lastampa.it\/\" target=\"_blank\">La Stampa<\/a><\/strong>&#8221;<br \/>\n&#8211; Venerd\u00ec 12 Novembre 2004<\/p>\n<p>&nbsp;<\/p>\n<p>Un concerto un po&#8217; singolare, con brani scritti da grandi autori per piccoli ascoltatori, animer\u00e0 il pomeriggio di sabato 20 novembre\u00a0 prossimo, alle 16,30, nel Teatro Civico di Vercelli. L&#8217;incasso (10 euro il biglietto per gli adulti, 5 per i ragazzini fino a 14 anni) servir\u00e0 ad acquistare materiale didattico e di svago per i bambini del reparto di Oncologia Pediatrica dell&#8217;ospedale Sant&#8217;Andrea di Vercelli.<\/p>\n<p>Lo spettacolo, che ha per titolo &#8220;Le Figurine di Gallo Cristallo&#8221;, \u00e8 promosso da Filastrocche.it, il sito internet dedicato a bambini e genitori, in collaborazione con il <a href=\"http:\/\/www.rotaryvercelli.it\" target=\"_blank\">Rotary Club Vercelli<\/a> e il Rotary Club Vercelli Sant&#8217;Andrea.<\/p>\n<p>Protagonista \u00e8 la cantante e autrice toscana Susy Bellucci, che ha scritto tutti i brani, con l&#8217;aiuto di artisti come Giulio Clementi, Flavio Cucchi, Stefano Bollani, Luca Di Volpe, Claudia Bombardella, Arturo Staltieri, Luigi Fiumicelli, Giovanni Unterberger. Le\u00a0 &#8220;Figurine&#8221; che danno il titolo al concerto sono i moltissimi personaggi attinti all&#8217;immaginario infantile, fiabeschi e irreali, buoni e\u00a0 cattivi, teneri o spaventosi, che si animano attraverso la musica, scritta, eseguita e orchestrata con la stessa cura e attenzione che si ha per un&#8217;opera destinata al pubblico degli adulti.<\/p>\n<p>I testi dei brani sono contenuti in un cd che Susy Bellucci aveva gi\u00e0 prodotto nel &#8217;98 e che in molte scuole italiane \u00e8 stato adottato per corsi di educazione musicale e di educazione all&#8217;immagine. All&#8217;album \u00e8 abbinato un bellissimo libretto, realizzato da valenti\u00a0 illustratori, in cui sono anche contenuti i testi delle canzoni.<\/p>\n","protected":false},"excerpt":{"rendered":"<p>Show al Civico di Vercelli per l&#8217;Oncologia Pediatrica &#8220;Figurine&#8221; in concerto &nbsp; Da &#8220;La Stampa&#8221; &#8211; Venerd\u00ec 12 Novembre 2004 &nbsp; Un concerto un po&#8217; singolare, con brani scritti da grandi autori per piccoli ascoltatori, animer\u00e0 il pomeriggio di sabato 20 novembre\u00a0 prossimo, alle 16,30, nel Teatro Civico di Vercelli. L&#8217;incasso (10 euro il biglietto [&hellip;]<\/p>\n","protected":false},"author":17,"featured_media":0,"parent":52409,"menu_order":0,"comment_status":"open","ping_status":"open","template":"","meta":{"footnotes":""},"class_list":["post-53295","page","type-page","status-publish","hentry"],"yoast_head":"<!-- This site is optimized with the Yoast SEO plugin v26.2 - https:\/\/yoast.com\/wordpress\/plugins\/seo\/ -->\n<title>\u201cFigurine\u201d in concerto - I testi della tradizione di Filastrocche.it<\/title>\n<meta name=\"robots\" content=\"index, follow, max-snippet:-1, max-image-preview:large, max-video-preview:-1\" \/>\n<link rel=\"canonical\" href=\"https:\/\/www.filastrocche.it\/contenuti\/dicono-di-noi\/rassegna-stampa-dellanno-2004\/figurine-in-concerto\/\" \/>\n<meta property=\"og:locale\" content=\"it_IT\" \/>\n<meta property=\"og:type\" content=\"article\" \/>\n<meta property=\"og:title\" content=\"\u201cFigurine\u201d in concerto - I testi della tradizione di Filastrocche.it\" \/>\n<meta property=\"og:description\" content=\"Show al Civico di Vercelli per l&#8217;Oncologia Pediatrica &#8220;Figurine&#8221; in concerto &nbsp; Da &#8220;La Stampa&#8221; &#8211; Venerd\u00ec 12 Novembre 2004 &nbsp; Un concerto un po&#8217; singolare, con brani scritti da grandi autori per piccoli ascoltatori, animer\u00e0 il pomeriggio di sabato 20 novembre\u00a0 prossimo, alle 16,30, nel Teatro Civico di Vercelli. L&#8217;incasso (10 euro il biglietto [&hellip;]\" \/>\n<meta property=\"og:url\" content=\"https:\/\/www.filastrocche.it\/contenuti\/dicono-di-noi\/rassegna-stampa-dellanno-2004\/figurine-in-concerto\/\" \/>\n<meta property=\"og:site_name\" content=\"I testi della tradizione di Filastrocche.it\" \/>\n<meta property=\"article:modified_time\" content=\"2012-07-13T09:47:05+00:00\" \/>\n<meta name=\"twitter:label1\" content=\"Tempo di lettura stimato\" \/>\n\t<meta name=\"twitter:data1\" content=\"1 minuto\" \/>\n<!-- \/ Yoast SEO plugin. -->","yoast_head_json":{"title":"\u201cFigurine\u201d in concerto - I testi della tradizione di Filastrocche.it","robots":{"index":"index","follow":"follow","max-snippet":"max-snippet:-1","max-image-preview":"max-image-preview:large","max-video-preview":"max-video-preview:-1"},"canonical":"https:\/\/www.filastrocche.it\/contenuti\/dicono-di-noi\/rassegna-stampa-dellanno-2004\/figurine-in-concerto\/","og_locale":"it_IT","og_type":"article","og_title":"\u201cFigurine\u201d in concerto - I testi della tradizione di Filastrocche.it","og_description":"Show al Civico di Vercelli per l&#8217;Oncologia Pediatrica &#8220;Figurine&#8221; in concerto &nbsp; Da &#8220;La Stampa&#8221; &#8211; Venerd\u00ec 12 Novembre 2004 &nbsp; Un concerto un po&#8217; singolare, con brani scritti da grandi autori per piccoli ascoltatori, animer\u00e0 il pomeriggio di sabato 20 novembre\u00a0 prossimo, alle 16,30, nel Teatro Civico di Vercelli. L&#8217;incasso (10 euro il biglietto [&hellip;]","og_url":"https:\/\/www.filastrocche.it\/contenuti\/dicono-di-noi\/rassegna-stampa-dellanno-2004\/figurine-in-concerto\/","og_site_name":"I testi della tradizione di Filastrocche.it","article_modified_time":"2012-07-13T09:47:05+00:00","twitter_misc":{"Tempo di lettura stimato":"1 minuto"},"schema":{"@context":"https:\/\/schema.org","@graph":[{"@type":"WebPage","@id":"https:\/\/www.filastrocche.it\/contenuti\/dicono-di-noi\/rassegna-stampa-dellanno-2004\/figurine-in-concerto\/","url":"https:\/\/www.filastrocche.it\/contenuti\/dicono-di-noi\/rassegna-stampa-dellanno-2004\/figurine-in-concerto\/","name":"\u201cFigurine\u201d in concerto - I testi della tradizione di Filastrocche.it","isPartOf":{"@id":"https:\/\/www.filastrocche.it\/contenuti\/#website"},"datePublished":"2012-06-13T11:15:21+00:00","dateModified":"2012-07-13T09:47:05+00:00","breadcrumb":{"@id":"https:\/\/www.filastrocche.it\/contenuti\/dicono-di-noi\/rassegna-stampa-dellanno-2004\/figurine-in-concerto\/#breadcrumb"},"inLanguage":"it-IT","potentialAction":[{"@type":"ReadAction","target":["https:\/\/www.filastrocche.it\/contenuti\/dicono-di-noi\/rassegna-stampa-dellanno-2004\/figurine-in-concerto\/"]}]},{"@type":"BreadcrumbList","@id":"https:\/\/www.filastrocche.it\/contenuti\/dicono-di-noi\/rassegna-stampa-dellanno-2004\/figurine-in-concerto\/#breadcrumb","itemListElement":[{"@type":"ListItem","position":1,"name":"Home","item":"https:\/\/www.filastrocche.it\/contenuti\/"},{"@type":"ListItem","position":2,"name":"Dicono di noi","item":"https:\/\/www.filastrocche.it\/contenuti\/dicono-di-noi\/"},{"@type":"ListItem","position":3,"name":"Rassegna stampa dell&#8217;anno 2004","item":"https:\/\/www.filastrocche.it\/contenuti\/dicono-di-noi\/rassegna-stampa-dellanno-2004\/"},{"@type":"ListItem","position":4,"name":"\u201cFigurine\u201d in concerto"}]},{"@type":"WebSite","@id":"https:\/\/www.filastrocche.it\/contenuti\/#website","url":"https:\/\/www.filastrocche.it\/contenuti\/","name":"I testi della tradizione di Filastrocche.it","description":"Filastrocche, fiabe, canzoni e...","potentialAction":[{"@type":"SearchAction","target":{"@type":"EntryPoint","urlTemplate":"https:\/\/www.filastrocche.it\/contenuti\/?s={search_term_string}"},"query-input":{"@type":"PropertyValueSpecification","valueRequired":true,"valueName":"search_term_string"}}],"inLanguage":"it-IT"}]}},"_links":{"self":[{"href":"https:\/\/www.filastrocche.it\/contenuti\/wp-json\/wp\/v2\/pages\/53295","targetHints":{"allow":["GET"]}}],"collection":[{"href":"https:\/\/www.filastrocche.it\/contenuti\/wp-json\/wp\/v2\/pages"}],"about":[{"href":"https:\/\/www.filastrocche.it\/contenuti\/wp-json\/wp\/v2\/types\/page"}],"author":[{"embeddable":true,"href":"https:\/\/www.filastrocche.it\/contenuti\/wp-json\/wp\/v2\/users\/17"}],"replies":[{"embeddable":true,"href":"https:\/\/www.filastrocche.it\/contenuti\/wp-json\/wp\/v2\/comments?post=53295"}],"version-history":[{"count":0,"href":"https:\/\/www.filastrocche.it\/contenuti\/wp-json\/wp\/v2\/pages\/53295\/revisions"}],"up":[{"embeddable":true,"href":"https:\/\/www.filastrocche.it\/contenuti\/wp-json\/wp\/v2\/pages\/52409"}],"wp:attachment":[{"href":"https:\/\/www.filastrocche.it\/contenuti\/wp-json\/wp\/v2\/media?parent=53295"}],"curies":[{"name":"wp","href":"https:\/\/api.w.org\/{rel}","templated":true}]}}