{"id":53357,"date":"2012-06-13T13:52:37","date_gmt":"2012-06-13T13:52:37","guid":{"rendered":"https:\/\/www.filastrocche.it\/contenuti\/?page_id=53357"},"modified":"2012-06-13T13:52:54","modified_gmt":"2012-06-13T13:52:54","slug":"filastrocche-it-un-sito-di-buongusto","status":"publish","type":"page","link":"https:\/\/www.filastrocche.it\/contenuti\/dicono-di-noi\/rassegna-stampa-dellanno-2002\/filastrocche-it-un-sito-di-buongusto\/","title":{"rendered":"Filastrocche.it, un sito di buongusto"},"content":{"rendered":"<p><em>Di Christian Bobbola<\/em><\/p>\n<p>Dal sito &#8220;<a href=\"http:\/\/www.vercellicentro.it\" target=\"_blank\">Vercellicentro.it<\/a>&#8221; &#8211; Ottobre 2002<\/p>\n<p>&nbsp;<\/p>\n<p>Vercellicentro ha recentemente avviato una collaborazione con Filastrocche.it.<\/p>\n<p>Filastrocche.it \u00e8 sicuramente uno dei pi\u00f9 piacevoli ed accattivanti siti web nei quali imbattersi se si va alla ricerca di contenuti destinati ai pi\u00f9 piccoli.<br \/>\nSono migliaia le filastrocche, i canti, i giochi che trover\u00e0 l&#8217;utente di questo bel sito amministrato da Jolanda Restano, una mamma appassionata che ha creato questo raccoglitore delicato e grazioso di cose semplici ma perfette per trascorrere qualche attimo in pi\u00f9 con i propri cuccioli.<\/p>\n<p>Vercellicentro ha voluto proporre a Jolanda una collaborazione avendo visto in Filastrocche.it uno di quei siti puliti e di buongusto che per fortuna ancora popolano il web, bench\u00e9 sempre pi\u00f9 nascosti tra volgarit\u00e0 ed informazioni inutili.<br \/>\nFilastrocche.it \u00e8 ben disposto, colorato ma non pesantemente, facile da usare, simpatico e ricco di contenuti. E&#8217; davvero piacevole perdersi tra le filastrocche e gli indovinelli, che rappresentano peraltro una fetta importante della cultura popolare cos\u00ec preziosa da conservare.<\/p>\n<p>Filastrocche.it non vi lascer\u00e0 poi certo a corto di idee per dare la buona notte al vostro bimbo, visto che potrete ricevere settimanalmente una news-letter assai ricca e graziosa.<br \/>\nE non si deve dimenticare che ad arricchire questo bel sito potrete contribuire anche voi, con le vostre filastrocche e i vostri giochi, in maniera che in questo contenitore di piccole caramelle di tradizione ci sia anche il sapore delle vostre pi\u00f9 care dolci memorie.<\/p>\n","protected":false},"excerpt":{"rendered":"<p>Di Christian Bobbola Dal sito &#8220;Vercellicentro.it&#8221; &#8211; Ottobre 2002 &nbsp; Vercellicentro ha recentemente avviato una collaborazione con Filastrocche.it. Filastrocche.it \u00e8 sicuramente uno dei pi\u00f9 piacevoli ed accattivanti siti web nei quali imbattersi se si va alla ricerca di contenuti destinati ai pi\u00f9 piccoli. Sono migliaia le filastrocche, i canti, i giochi che trover\u00e0 l&#8217;utente di [&hellip;]<\/p>\n","protected":false},"author":17,"featured_media":0,"parent":52401,"menu_order":0,"comment_status":"open","ping_status":"open","template":"","meta":{"footnotes":""},"class_list":["post-53357","page","type-page","status-publish","hentry"],"yoast_head":"<!-- This site is optimized with the Yoast SEO plugin v26.2 - https:\/\/yoast.com\/wordpress\/plugins\/seo\/ -->\n<title>Filastrocche.it, un sito di buongusto - I testi della tradizione di Filastrocche.it<\/title>\n<meta name=\"robots\" content=\"index, follow, max-snippet:-1, max-image-preview:large, max-video-preview:-1\" \/>\n<link rel=\"canonical\" href=\"https:\/\/www.filastrocche.it\/contenuti\/dicono-di-noi\/rassegna-stampa-dellanno-2002\/filastrocche-it-un-sito-di-buongusto\/\" \/>\n<meta property=\"og:locale\" content=\"it_IT\" \/>\n<meta property=\"og:type\" content=\"article\" \/>\n<meta property=\"og:title\" content=\"Filastrocche.it, un sito di buongusto - I testi della tradizione di Filastrocche.it\" \/>\n<meta property=\"og:description\" content=\"Di Christian Bobbola Dal sito &#8220;Vercellicentro.it&#8221; &#8211; Ottobre 2002 &nbsp; Vercellicentro ha recentemente avviato una collaborazione con Filastrocche.it. Filastrocche.it \u00e8 sicuramente uno dei pi\u00f9 piacevoli ed accattivanti siti web nei quali imbattersi se si va alla ricerca di contenuti destinati ai pi\u00f9 piccoli. Sono migliaia le filastrocche, i canti, i giochi che trover\u00e0 l&#8217;utente di [&hellip;]\" \/>\n<meta property=\"og:url\" content=\"https:\/\/www.filastrocche.it\/contenuti\/dicono-di-noi\/rassegna-stampa-dellanno-2002\/filastrocche-it-un-sito-di-buongusto\/\" \/>\n<meta property=\"og:site_name\" content=\"I testi della tradizione di Filastrocche.it\" \/>\n<meta property=\"article:modified_time\" content=\"2012-06-13T13:52:54+00:00\" \/>\n<meta name=\"twitter:label1\" content=\"Tempo di lettura stimato\" \/>\n\t<meta name=\"twitter:data1\" content=\"1 minuto\" \/>\n<!-- \/ Yoast SEO plugin. -->","yoast_head_json":{"title":"Filastrocche.it, un sito di buongusto - I testi della tradizione di Filastrocche.it","robots":{"index":"index","follow":"follow","max-snippet":"max-snippet:-1","max-image-preview":"max-image-preview:large","max-video-preview":"max-video-preview:-1"},"canonical":"https:\/\/www.filastrocche.it\/contenuti\/dicono-di-noi\/rassegna-stampa-dellanno-2002\/filastrocche-it-un-sito-di-buongusto\/","og_locale":"it_IT","og_type":"article","og_title":"Filastrocche.it, un sito di buongusto - I testi della tradizione di Filastrocche.it","og_description":"Di Christian Bobbola Dal sito &#8220;Vercellicentro.it&#8221; &#8211; Ottobre 2002 &nbsp; Vercellicentro ha recentemente avviato una collaborazione con Filastrocche.it. Filastrocche.it \u00e8 sicuramente uno dei pi\u00f9 piacevoli ed accattivanti siti web nei quali imbattersi se si va alla ricerca di contenuti destinati ai pi\u00f9 piccoli. Sono migliaia le filastrocche, i canti, i giochi che trover\u00e0 l&#8217;utente di [&hellip;]","og_url":"https:\/\/www.filastrocche.it\/contenuti\/dicono-di-noi\/rassegna-stampa-dellanno-2002\/filastrocche-it-un-sito-di-buongusto\/","og_site_name":"I testi della tradizione di Filastrocche.it","article_modified_time":"2012-06-13T13:52:54+00:00","twitter_misc":{"Tempo di lettura stimato":"1 minuto"},"schema":{"@context":"https:\/\/schema.org","@graph":[{"@type":"WebPage","@id":"https:\/\/www.filastrocche.it\/contenuti\/dicono-di-noi\/rassegna-stampa-dellanno-2002\/filastrocche-it-un-sito-di-buongusto\/","url":"https:\/\/www.filastrocche.it\/contenuti\/dicono-di-noi\/rassegna-stampa-dellanno-2002\/filastrocche-it-un-sito-di-buongusto\/","name":"Filastrocche.it, un sito di buongusto - I testi della tradizione di Filastrocche.it","isPartOf":{"@id":"https:\/\/www.filastrocche.it\/contenuti\/#website"},"datePublished":"2012-06-13T13:52:37+00:00","dateModified":"2012-06-13T13:52:54+00:00","breadcrumb":{"@id":"https:\/\/www.filastrocche.it\/contenuti\/dicono-di-noi\/rassegna-stampa-dellanno-2002\/filastrocche-it-un-sito-di-buongusto\/#breadcrumb"},"inLanguage":"it-IT","potentialAction":[{"@type":"ReadAction","target":["https:\/\/www.filastrocche.it\/contenuti\/dicono-di-noi\/rassegna-stampa-dellanno-2002\/filastrocche-it-un-sito-di-buongusto\/"]}]},{"@type":"BreadcrumbList","@id":"https:\/\/www.filastrocche.it\/contenuti\/dicono-di-noi\/rassegna-stampa-dellanno-2002\/filastrocche-it-un-sito-di-buongusto\/#breadcrumb","itemListElement":[{"@type":"ListItem","position":1,"name":"Home","item":"https:\/\/www.filastrocche.it\/contenuti\/"},{"@type":"ListItem","position":2,"name":"Dicono di noi","item":"https:\/\/www.filastrocche.it\/contenuti\/dicono-di-noi\/"},{"@type":"ListItem","position":3,"name":"Rassegna stampa dell&#8217;anno 2002","item":"https:\/\/www.filastrocche.it\/contenuti\/dicono-di-noi\/rassegna-stampa-dellanno-2002\/"},{"@type":"ListItem","position":4,"name":"Filastrocche.it, un sito di buongusto"}]},{"@type":"WebSite","@id":"https:\/\/www.filastrocche.it\/contenuti\/#website","url":"https:\/\/www.filastrocche.it\/contenuti\/","name":"I testi della tradizione di Filastrocche.it","description":"Filastrocche, fiabe, canzoni e...","potentialAction":[{"@type":"SearchAction","target":{"@type":"EntryPoint","urlTemplate":"https:\/\/www.filastrocche.it\/contenuti\/?s={search_term_string}"},"query-input":{"@type":"PropertyValueSpecification","valueRequired":true,"valueName":"search_term_string"}}],"inLanguage":"it-IT"}]}},"_links":{"self":[{"href":"https:\/\/www.filastrocche.it\/contenuti\/wp-json\/wp\/v2\/pages\/53357","targetHints":{"allow":["GET"]}}],"collection":[{"href":"https:\/\/www.filastrocche.it\/contenuti\/wp-json\/wp\/v2\/pages"}],"about":[{"href":"https:\/\/www.filastrocche.it\/contenuti\/wp-json\/wp\/v2\/types\/page"}],"author":[{"embeddable":true,"href":"https:\/\/www.filastrocche.it\/contenuti\/wp-json\/wp\/v2\/users\/17"}],"replies":[{"embeddable":true,"href":"https:\/\/www.filastrocche.it\/contenuti\/wp-json\/wp\/v2\/comments?post=53357"}],"version-history":[{"count":0,"href":"https:\/\/www.filastrocche.it\/contenuti\/wp-json\/wp\/v2\/pages\/53357\/revisions"}],"up":[{"embeddable":true,"href":"https:\/\/www.filastrocche.it\/contenuti\/wp-json\/wp\/v2\/pages\/52401"}],"wp:attachment":[{"href":"https:\/\/www.filastrocche.it\/contenuti\/wp-json\/wp\/v2\/media?parent=53357"}],"curies":[{"name":"wp","href":"https:\/\/api.w.org\/{rel}","templated":true}]}}