{"id":53413,"date":"2012-06-14T09:58:25","date_gmt":"2012-06-14T09:58:25","guid":{"rendered":"https:\/\/www.filastrocche.it\/contenuti\/?page_id=53413"},"modified":"2012-06-14T09:59:12","modified_gmt":"2012-06-14T09:59:12","slug":"avanti-con-le-filastrocche","status":"publish","type":"page","link":"https:\/\/www.filastrocche.it\/contenuti\/dicono-di-noi\/rassegna-stampa-dellanno-2002\/avanti-con-le-filastrocche\/","title":{"rendered":"Avanti con le filastrocche"},"content":{"rendered":"<p>Da &#8220;<a href=\"http:\/\/www.stpauls.it\/gio\/default.htm\" target=\"_blank\"><strong>Il Giornalino<\/strong><\/a>&#8221; &#8211; N\u00b0. 20 &#8211; 19 maggio 2002<\/p>\n<p>&nbsp;<\/p>\n<p>Il gioco non \u00e8 solo divertente, ma \u00e8 anche una componente fondamentale della crescita dei bambini. Cos\u00ec Memory, IndovinaLaParona, PietraForbiceCarta, Super4, Tris sono alcuni dei nuovi giochi che sono stati ora inseriti nel sito <a href=\"https:\/\/www.filastrocche.it\">Filastrocche.it<\/a>, pensando sempre ad un divertimento stimolante e intelligente per i pi\u00f9 piccoli. Nato due anni fa, il nuovo sito Filastrocche.it \u00e8 stato realizzato con l\u2019aiuto di giovani professioniste del web e dell&#8217;illustrazione.<\/p>\n<p>Il sito \u00e8 gestito quotidianamente da Jolanda Restano, con l\u2019aiuto di molti amici della Rete: e chiunque potr\u00e0 dare il proprio contributo inserendo nuovi testi. Il patrimonio di Filastrocche.it \u00e8 costituito da oltre 8.000 testi di filastrocche, conte, ninne nanne, scioglilingua, canzoni, proverbi, indovinelli, fiabe, poesie, in italiano, inglese, francese, spagnolo, svedese, tedesco, olandese.<\/p>\n","protected":false},"excerpt":{"rendered":"<p>Da &#8220;Il Giornalino&#8221; &#8211; N\u00b0. 20 &#8211; 19 maggio 2002 &nbsp; Il gioco non \u00e8 solo divertente, ma \u00e8 anche una componente fondamentale della crescita dei bambini. Cos\u00ec Memory, IndovinaLaParona, PietraForbiceCarta, Super4, Tris sono alcuni dei nuovi giochi che sono stati ora inseriti nel sito Filastrocche.it, pensando sempre ad un divertimento stimolante e intelligente per [&hellip;]<\/p>\n","protected":false},"author":17,"featured_media":0,"parent":52401,"menu_order":0,"comment_status":"open","ping_status":"open","template":"","meta":{"footnotes":""},"class_list":["post-53413","page","type-page","status-publish","hentry"],"yoast_head":"<!-- This site is optimized with the Yoast SEO plugin v26.2 - https:\/\/yoast.com\/wordpress\/plugins\/seo\/ -->\n<title>Avanti con le filastrocche - I testi della tradizione di Filastrocche.it<\/title>\n<meta name=\"robots\" content=\"index, follow, max-snippet:-1, max-image-preview:large, max-video-preview:-1\" \/>\n<link rel=\"canonical\" href=\"https:\/\/www.filastrocche.it\/contenuti\/dicono-di-noi\/rassegna-stampa-dellanno-2002\/avanti-con-le-filastrocche\/\" \/>\n<meta property=\"og:locale\" content=\"it_IT\" \/>\n<meta property=\"og:type\" content=\"article\" \/>\n<meta property=\"og:title\" content=\"Avanti con le filastrocche - I testi della tradizione di Filastrocche.it\" \/>\n<meta property=\"og:description\" content=\"Da &#8220;Il Giornalino&#8221; &#8211; N\u00b0. 20 &#8211; 19 maggio 2002 &nbsp; Il gioco non \u00e8 solo divertente, ma \u00e8 anche una componente fondamentale della crescita dei bambini. Cos\u00ec Memory, IndovinaLaParona, PietraForbiceCarta, Super4, Tris sono alcuni dei nuovi giochi che sono stati ora inseriti nel sito Filastrocche.it, pensando sempre ad un divertimento stimolante e intelligente per [&hellip;]\" \/>\n<meta property=\"og:url\" content=\"https:\/\/www.filastrocche.it\/contenuti\/dicono-di-noi\/rassegna-stampa-dellanno-2002\/avanti-con-le-filastrocche\/\" \/>\n<meta property=\"og:site_name\" content=\"I testi della tradizione di Filastrocche.it\" \/>\n<meta property=\"article:modified_time\" content=\"2012-06-14T09:59:12+00:00\" \/>\n<meta name=\"twitter:label1\" content=\"Tempo di lettura stimato\" \/>\n\t<meta name=\"twitter:data1\" content=\"1 minuto\" \/>\n<!-- \/ Yoast SEO plugin. -->","yoast_head_json":{"title":"Avanti con le filastrocche - I testi della tradizione di Filastrocche.it","robots":{"index":"index","follow":"follow","max-snippet":"max-snippet:-1","max-image-preview":"max-image-preview:large","max-video-preview":"max-video-preview:-1"},"canonical":"https:\/\/www.filastrocche.it\/contenuti\/dicono-di-noi\/rassegna-stampa-dellanno-2002\/avanti-con-le-filastrocche\/","og_locale":"it_IT","og_type":"article","og_title":"Avanti con le filastrocche - I testi della tradizione di Filastrocche.it","og_description":"Da &#8220;Il Giornalino&#8221; &#8211; N\u00b0. 20 &#8211; 19 maggio 2002 &nbsp; Il gioco non \u00e8 solo divertente, ma \u00e8 anche una componente fondamentale della crescita dei bambini. Cos\u00ec Memory, IndovinaLaParona, PietraForbiceCarta, Super4, Tris sono alcuni dei nuovi giochi che sono stati ora inseriti nel sito Filastrocche.it, pensando sempre ad un divertimento stimolante e intelligente per [&hellip;]","og_url":"https:\/\/www.filastrocche.it\/contenuti\/dicono-di-noi\/rassegna-stampa-dellanno-2002\/avanti-con-le-filastrocche\/","og_site_name":"I testi della tradizione di Filastrocche.it","article_modified_time":"2012-06-14T09:59:12+00:00","twitter_misc":{"Tempo di lettura stimato":"1 minuto"},"schema":{"@context":"https:\/\/schema.org","@graph":[{"@type":"WebPage","@id":"https:\/\/www.filastrocche.it\/contenuti\/dicono-di-noi\/rassegna-stampa-dellanno-2002\/avanti-con-le-filastrocche\/","url":"https:\/\/www.filastrocche.it\/contenuti\/dicono-di-noi\/rassegna-stampa-dellanno-2002\/avanti-con-le-filastrocche\/","name":"Avanti con le filastrocche - I testi della tradizione di Filastrocche.it","isPartOf":{"@id":"https:\/\/www.filastrocche.it\/contenuti\/#website"},"datePublished":"2012-06-14T09:58:25+00:00","dateModified":"2012-06-14T09:59:12+00:00","breadcrumb":{"@id":"https:\/\/www.filastrocche.it\/contenuti\/dicono-di-noi\/rassegna-stampa-dellanno-2002\/avanti-con-le-filastrocche\/#breadcrumb"},"inLanguage":"it-IT","potentialAction":[{"@type":"ReadAction","target":["https:\/\/www.filastrocche.it\/contenuti\/dicono-di-noi\/rassegna-stampa-dellanno-2002\/avanti-con-le-filastrocche\/"]}]},{"@type":"BreadcrumbList","@id":"https:\/\/www.filastrocche.it\/contenuti\/dicono-di-noi\/rassegna-stampa-dellanno-2002\/avanti-con-le-filastrocche\/#breadcrumb","itemListElement":[{"@type":"ListItem","position":1,"name":"Home","item":"https:\/\/www.filastrocche.it\/contenuti\/"},{"@type":"ListItem","position":2,"name":"Dicono di noi","item":"https:\/\/www.filastrocche.it\/contenuti\/dicono-di-noi\/"},{"@type":"ListItem","position":3,"name":"Rassegna stampa dell&#8217;anno 2002","item":"https:\/\/www.filastrocche.it\/contenuti\/dicono-di-noi\/rassegna-stampa-dellanno-2002\/"},{"@type":"ListItem","position":4,"name":"Avanti con le filastrocche"}]},{"@type":"WebSite","@id":"https:\/\/www.filastrocche.it\/contenuti\/#website","url":"https:\/\/www.filastrocche.it\/contenuti\/","name":"I testi della tradizione di Filastrocche.it","description":"Filastrocche, fiabe, canzoni e...","potentialAction":[{"@type":"SearchAction","target":{"@type":"EntryPoint","urlTemplate":"https:\/\/www.filastrocche.it\/contenuti\/?s={search_term_string}"},"query-input":{"@type":"PropertyValueSpecification","valueRequired":true,"valueName":"search_term_string"}}],"inLanguage":"it-IT"}]}},"_links":{"self":[{"href":"https:\/\/www.filastrocche.it\/contenuti\/wp-json\/wp\/v2\/pages\/53413","targetHints":{"allow":["GET"]}}],"collection":[{"href":"https:\/\/www.filastrocche.it\/contenuti\/wp-json\/wp\/v2\/pages"}],"about":[{"href":"https:\/\/www.filastrocche.it\/contenuti\/wp-json\/wp\/v2\/types\/page"}],"author":[{"embeddable":true,"href":"https:\/\/www.filastrocche.it\/contenuti\/wp-json\/wp\/v2\/users\/17"}],"replies":[{"embeddable":true,"href":"https:\/\/www.filastrocche.it\/contenuti\/wp-json\/wp\/v2\/comments?post=53413"}],"version-history":[{"count":0,"href":"https:\/\/www.filastrocche.it\/contenuti\/wp-json\/wp\/v2\/pages\/53413\/revisions"}],"up":[{"embeddable":true,"href":"https:\/\/www.filastrocche.it\/contenuti\/wp-json\/wp\/v2\/pages\/52401"}],"wp:attachment":[{"href":"https:\/\/www.filastrocche.it\/contenuti\/wp-json\/wp\/v2\/media?parent=53413"}],"curies":[{"name":"wp","href":"https:\/\/api.w.org\/{rel}","templated":true}]}}