{"id":53419,"date":"2012-06-14T10:00:57","date_gmt":"2012-06-14T10:00:57","guid":{"rendered":"https:\/\/www.filastrocche.it\/contenuti\/?page_id=53419"},"modified":"2012-06-14T10:05:36","modified_gmt":"2012-06-14T10:05:36","slug":"jolanda-la-fatina-che-su-internet-narra-filastrocche-e-fiabe","status":"publish","type":"page","link":"https:\/\/www.filastrocche.it\/contenuti\/dicono-di-noi\/rassegna-stampa-dellanno-2002\/jolanda-la-fatina-che-su-internet-narra-filastrocche-e-fiabe\/","title":{"rendered":"Jolanda, la fatina che su internet narra filastrocche e fiabe"},"content":{"rendered":"<p><span >&#8220;Raccontiamoci&#8221;: parole e immagini &#8211; Jolanda Restano<\/span><span ><br \/>\nJolanda, la fatina che su internet narra filastrocche e fiabe<\/span><\/p>\n<p>&nbsp;<\/p>\n<p><em><span >di Sergio Robutti<br \/>\n<\/span><\/em><span>Da<span > &#8220;<strong><a href=\"http:\/\/www.lasesia.com\" target=\"_blank\">La Sesia<\/a><\/strong>&#8221; <\/span>&#8211; Marted\u00ec 23 aprile 2002<\/span><\/p>\n<p>&nbsp;<\/p>\n<p><span >Dalla prima pagina:<\/span><\/p>\n<p>&nbsp;<\/p>\n<p><img decoding=\"async\" class=\"alignleft\" src=\"https:\/\/www.filastrocche.it\/immagini\/articoli\/sesia1.jpg\" alt=\"\" border=\"0\" \/>Ha un viso cos\u00ec dolce che sembra una fatina: non fa le magie, ma piace lo stesso alle mamme e ai bambini perch\u00e9 racconta filastrocche, ninne nanna e fiabe. Lo fa in piena sintonia con i tempi che cambiano, utilizzando la comunicazione globale, ovvero internet. Il suo sito <a href=\"https:\/\/www.filastrocche.it\" target=\"_blank\">www.filastrocche.it<\/a> costruito un po&#8217; per gioco un po&#8217; per amore nel 2000, oggi \u00e8 visitato da 50 mila persone ogni mese che sfogliano oltre un milione di pagine.<br \/>\nParliamo di Jolanda restano, 34 anni, alle spalle una laurea da farmacista e tre anni come ricercatrice all&#8217;Istituto Farmacologico Mario Negri di Milano, che ha deciso di buttarsi alle spalle una sicura carriera nel settore farmaceutico per dedicarsi alla\u00a0 passione coltivata sin da bambina, la letteratura per l&#8217;infanzia. Del suo sito dice: &#8220;E&#8217;\u00a0 dedicato ai bambini e agli adulti che non vogliono dimenticare la loro infanzia&#8221;.<\/p>\n<p>&nbsp;<\/p>\n<p><em><span >Da pag. 5:<\/span><\/em><\/p>\n<p>&nbsp;<\/p>\n<p><strong><span >La farmacista che racconta (su internet) le filastrocche<\/span><\/strong><\/p>\n<p>&#8220;Ho due collaboratori: Matilde di 3 anni, e Tommaso, che ha 10 mesi&#8221;<\/p>\n<p><span ><img decoding=\"async\" class=\"alignleft\" src=\"https:\/\/www.filastrocche.it\/immagini\/articoli\/sesia2.jpg\" alt=\"\" border=\"0\" \/>La carriera era gi\u00e0 scritta: una\u00a0 laurea in farmacia e tre anni come\u00a0 ricercatrice presso l&#8217;Istituto\u00a0 Farmacologico &#8220;Mario Negri&#8221; di\u00a0 Milano le avrebbero garantito un\u00a0 futuro ricco di soddisfazioni e, non\u00a0 guasta, economicamente agiato al\u00a0 punto giusto. Invece no. A mare il\u00a0 passato perch\u00e9, fulminata non sulla strada di Damasco ma su quella\u00a0 ben\u00a0 pi\u00f9 vicina a noi di Cagliari, ha un bel giorno scoperto il fascino\u00a0 della comunicazione globalizzata, quello di Internet per intenderci, e vi si \u00e8 buttata anima e corpo. Oggi il sito costruito da Jolanda\u00a0 Restano \u00e8 visitato in media da 50 mila persone al mese e, sempre ogni mese, le pagine aperte sono pi\u00f9 di un milione. Un successo\u00a0 oltre ogni attesa, anche perch\u00e9 si tratta di un sito tutto particolare, dedicato alle mamme e ai bambini, all&#8217;interno del quale si\u00a0 raccontano filastrocche, fiabe, ninne nanna, proverbi, si spiegano giochi, passatempi, ricette, si fanno indovinelli, si raccontano\u00a0 poesie, barzellette, scioglilingua. Jolanda Restano \u00e8 giovane, un viso solare, un&#8217;accattivante capacit\u00e0 di comunicare con\u00a0 immediatezza. Ha 34 anni, appartiene a una delle pi\u00f9 importanti famiglie imprenditoriali vercellesi (\u00e8 figlia di Riccardo Restano che\u00a0 con il fratello Ignazio \u00e8 stato il fondatore della Siver, scatolificio industriale all&#8217;avanguardia nel settore), \u00e8 sposata con Paolo\u00a0 Prestinari e ha due figli, Matilde, 3 anni e Tommaso, 10 mesi.<\/span><\/p>\n<p>&#8220;E&#8217; successo cos\u00ec per caso &#8211; racconta &#8211; quando mio marito, dopo un&#8217;esperienza in Fininvest, \u00e8 passato nel mese di maggio a\u00a0 Video-Line a Cagliari. Mi spieg\u00f2: vedi, quest&#8217;anno non possiamo fare le vacanze, perch\u00e9 non vieni qui con me a Cagliari, puoi\u00a0 trascorrere le giornate al mare. Invece, alle spiagge ho preferito il suo ufficio e cos\u00ec ho cominciato a imparare l&#8217;utilizzo di Internet&#8221;.<\/p>\n<p>E&#8217; stata la folgorazione.<\/p>\n<p>Aveva fatto il Liceo Classico a Vercelli, poi la facolt\u00e0 di farmacia all&#8217;Universit\u00e0 di Pavia, la laurea, la borsa di studio per svolgere tre\u00a0 anni di ricercatrice presso l&#8217;Istituto milanese Mario Negri.<\/p>\n<p>&#8220;Quando sono tornata a Milano &#8211; racconta &#8211; ho deciso di unire le competenze acquisite nel settore farmaceutico e Internet&#8221;. Nel\u00a0 1996 ha assunto l&#8217;incarico di responsabile dei contenuti del maggiore servizio on-line italiano di medicina (&#8220;Salute e Medicine\u00a0 Internet&#8221;, diventato successivamente &#8220;Dica 33&#8221;), quindi ha realizzato la maggiore directory italiana specializzata in medicina,\u00a0 pubblicata nel 1998: &#8220;Internet per le Scienze Mediche&#8221;. Sempre nello stesso anno ha lanciato il marchio &#8220;<a href=\"http:\/\/www.jopweb.com\" target=\"_blank\">JOP<\/a>&#8221; per creare siti Internet. Ormai la navigazione non aveva quasi pi\u00f9 segreti per Jolanda Restano che<\/p>\n<p>cominci\u00f2 a pensare seriamente a fare &#8220;qualcosa di suo&#8221;, che conciliasse la nuova frontiera della comunicazione con la passione\u00a0 coltivata sin da piccola: la letteratura per l&#8217;infanzia.<\/p>\n<p>&#8220;Ho sempre amato &#8211; dice &#8211; le filastrocche e in genere tutto quanto riguarda i bambini. Quando sono rimasta a casa in maternit\u00e0, nel\u00a0 2000, ho potuto constatare che sulla rete non c&#8217;era grande materiale riservato a questo tipo di utenza e cos\u00ec ho deciso di aprire un sito. Ho avuto la fortuna che il dominio <a href=\"https:\/\/www.filastrocche.it\" target=\"_blank\">www.filastrocche.it<\/a> era libero e l&#8217;ho comprato. Sono partita in modo amatoriale, facevo\u00a0 tutto io da sola, sia la grafica che i contenuti. L&#8217;iniziativa ha avuto successo, la gente ha cominciato a inviarmi filastrocche, testi,\u00a0 servizi, cos\u00ec ho pensato di organizzarmi, di avvalermi della collaborazione di grafici seri che potessero rinnovarmi il sito, di una\u00a0 illustratrice per i disegni, di un tecnico per i database, per i testi che ormai erano diventati numerosissimi&#8221;.<\/p>\n<p>Nel frattempo era nata Matilde cui \u00e8 stato dedicato il sito che oggi raccoglie migliaia di composizioni tradizionali per bambini in\u00a0 italiano e in altre lingue. Collaborano con Jolanda per la redazione un&#8217;altra vercellese, Barbara Ranno, per la grafica Juana Jean\u00a0 Lopera, per le illustrazioni Cecilia Mistrali, per la sezione &#8220;Leggiamo&#8221; Daniele Doglioli e Carla Piccinini, per quella &#8220;Utenti Molto\u00a0 Attivi&#8221; Carlo Maria e Nonna Giuse. L&#8217;ultima novit\u00e0 che possiamo trovare sul sito \u00e8 l&#8217;area dedicata a &#8220;Giochiamo, Cantiamo,\u00a0 Leggiamo, Creiamo&#8221;.<\/p>\n<p>Spiega: &#8220;Ho sempre pensato a Filastrocche.it come a un servizio che deve offrire un divertimento intelligente, aiutando i genitori e\u00a0 gli insegnanti a intrattenere i bimbi, aiutandoli a crescere. Il servizio si arricchisce rapidamente grazie al lavoro di due eccezionali consulenti, Matilde di 3 anni e Tommaso di 10 mesi, che mi aiutano a selezionare i contenuti e le centinaia di collaboratori che sono\u00a0 quegli utenti che fin dalla nascita del servizio mi scrivono quotidianamente inviandomi suggerimenti, consigli, incoraggiamenti e\u00a0 soprattutto contenuti e che sono la ricchezza del sito&#8221;.<\/p>\n<p>Oggi Jolanda Restano \u00e8 impegnatissima. Non solo deve aggiornare costantemente quel sito &#8220;che ha avuto un successo enorme&#8221;\u00a0 commenta, ma \u00e8 anche chiamata a costruire siti per altri &#8220;che \u00e8 poi il mio lavoro&#8221;.<\/p>\n<p>Ma il suo legame con Vercelli non si \u00e8 mai spezzato, tanto da sopportare, senza farsene un problema, il &#8220;pendolarismo da week-end&#8221;.<\/p>\n<p>&#8220;S\u00ec, perch\u00e9 il venerd\u00ec sera stacco la spina &#8211; dice &#8211; lascio la casa che abbiamo a Milano, prendo il treno e vengo a trascorrere il fine\u00a0 settimana nella mia citt\u00e0, con la quale ho un particolare legame affettivo&#8221;. E magari per trovare, nel rapporto con la gente di qui,\u00a0 nuove ispirazioni per aggiungere altri contributi ai gi\u00e0 8 mila testi di filastrocche, conte, ninne nanna, scioglilingua, canzoni,\u00a0 proverbi, indovinelli, fiabe, poesie, in italiano, ma anche inglese, francese, spagnolo, svedese, tedesco, olandese. E se avete qualcosa\u00a0 anche voi da raccontare scrivete a <a href=\"mailto:jolanda@filastrocche.it\">jolanda@filastrocche.it<\/a>: magari il vostro contributo finir\u00e0 in rete andando ad arricchire\u00a0 &#8220;un sito per bambini e per adulti che non vogliono dimenticare la loro infanzia&#8221;.<\/p>\n","protected":false},"excerpt":{"rendered":"<p>&#8220;Raccontiamoci&#8221;: parole e immagini &#8211; Jolanda Restano Jolanda, la fatina che su internet narra filastrocche e fiabe &nbsp; di Sergio Robutti Da &#8220;La Sesia&#8221; &#8211; Marted\u00ec 23 aprile 2002 &nbsp; Dalla prima pagina: &nbsp; Ha un viso cos\u00ec dolce che sembra una fatina: non fa le magie, ma piace lo stesso alle mamme e ai [&hellip;]<\/p>\n","protected":false},"author":17,"featured_media":0,"parent":52401,"menu_order":0,"comment_status":"open","ping_status":"open","template":"","meta":{"footnotes":""},"class_list":["post-53419","page","type-page","status-publish","hentry"],"yoast_head":"<!-- This site is optimized with the Yoast SEO plugin v26.2 - https:\/\/yoast.com\/wordpress\/plugins\/seo\/ -->\n<title>Jolanda, la fatina che su internet narra filastrocche e fiabe - I testi della tradizione di Filastrocche.it<\/title>\n<meta name=\"robots\" content=\"index, follow, max-snippet:-1, max-image-preview:large, max-video-preview:-1\" \/>\n<link rel=\"canonical\" href=\"https:\/\/www.filastrocche.it\/contenuti\/dicono-di-noi\/rassegna-stampa-dellanno-2002\/jolanda-la-fatina-che-su-internet-narra-filastrocche-e-fiabe\/\" \/>\n<meta property=\"og:locale\" content=\"it_IT\" \/>\n<meta property=\"og:type\" content=\"article\" \/>\n<meta property=\"og:title\" content=\"Jolanda, la fatina che su internet narra filastrocche e fiabe - I testi della tradizione di Filastrocche.it\" \/>\n<meta property=\"og:description\" content=\"&#8220;Raccontiamoci&#8221;: parole e immagini &#8211; Jolanda Restano Jolanda, la fatina che su internet narra filastrocche e fiabe &nbsp; di Sergio Robutti Da &#8220;La Sesia&#8221; &#8211; Marted\u00ec 23 aprile 2002 &nbsp; Dalla prima pagina: &nbsp; Ha un viso cos\u00ec dolce che sembra una fatina: non fa le magie, ma piace lo stesso alle mamme e ai [&hellip;]\" \/>\n<meta property=\"og:url\" content=\"https:\/\/www.filastrocche.it\/contenuti\/dicono-di-noi\/rassegna-stampa-dellanno-2002\/jolanda-la-fatina-che-su-internet-narra-filastrocche-e-fiabe\/\" \/>\n<meta property=\"og:site_name\" content=\"I testi della tradizione di Filastrocche.it\" \/>\n<meta property=\"article:modified_time\" content=\"2012-06-14T10:05:36+00:00\" \/>\n<meta property=\"og:image\" content=\"https:\/\/www.filastrocche.it\/immagini\/articoli\/sesia1.jpg\" \/>\n<meta name=\"twitter:label1\" content=\"Tempo di lettura stimato\" \/>\n\t<meta name=\"twitter:data1\" content=\"5 minuti\" \/>\n<!-- \/ Yoast SEO plugin. -->","yoast_head_json":{"title":"Jolanda, la fatina che su internet narra filastrocche e fiabe - I testi della tradizione di Filastrocche.it","robots":{"index":"index","follow":"follow","max-snippet":"max-snippet:-1","max-image-preview":"max-image-preview:large","max-video-preview":"max-video-preview:-1"},"canonical":"https:\/\/www.filastrocche.it\/contenuti\/dicono-di-noi\/rassegna-stampa-dellanno-2002\/jolanda-la-fatina-che-su-internet-narra-filastrocche-e-fiabe\/","og_locale":"it_IT","og_type":"article","og_title":"Jolanda, la fatina che su internet narra filastrocche e fiabe - I testi della tradizione di Filastrocche.it","og_description":"&#8220;Raccontiamoci&#8221;: parole e immagini &#8211; Jolanda Restano Jolanda, la fatina che su internet narra filastrocche e fiabe &nbsp; di Sergio Robutti Da &#8220;La Sesia&#8221; &#8211; Marted\u00ec 23 aprile 2002 &nbsp; Dalla prima pagina: &nbsp; Ha un viso cos\u00ec dolce che sembra una fatina: non fa le magie, ma piace lo stesso alle mamme e ai [&hellip;]","og_url":"https:\/\/www.filastrocche.it\/contenuti\/dicono-di-noi\/rassegna-stampa-dellanno-2002\/jolanda-la-fatina-che-su-internet-narra-filastrocche-e-fiabe\/","og_site_name":"I testi della tradizione di Filastrocche.it","article_modified_time":"2012-06-14T10:05:36+00:00","og_image":[{"url":"https:\/\/www.filastrocche.it\/immagini\/articoli\/sesia1.jpg","type":"","width":"","height":""}],"twitter_misc":{"Tempo di lettura stimato":"5 minuti"},"schema":{"@context":"https:\/\/schema.org","@graph":[{"@type":"WebPage","@id":"https:\/\/www.filastrocche.it\/contenuti\/dicono-di-noi\/rassegna-stampa-dellanno-2002\/jolanda-la-fatina-che-su-internet-narra-filastrocche-e-fiabe\/","url":"https:\/\/www.filastrocche.it\/contenuti\/dicono-di-noi\/rassegna-stampa-dellanno-2002\/jolanda-la-fatina-che-su-internet-narra-filastrocche-e-fiabe\/","name":"Jolanda, la fatina che su internet narra filastrocche e fiabe - I testi della tradizione di Filastrocche.it","isPartOf":{"@id":"https:\/\/www.filastrocche.it\/contenuti\/#website"},"primaryImageOfPage":{"@id":"https:\/\/www.filastrocche.it\/contenuti\/dicono-di-noi\/rassegna-stampa-dellanno-2002\/jolanda-la-fatina-che-su-internet-narra-filastrocche-e-fiabe\/#primaryimage"},"image":{"@id":"https:\/\/www.filastrocche.it\/contenuti\/dicono-di-noi\/rassegna-stampa-dellanno-2002\/jolanda-la-fatina-che-su-internet-narra-filastrocche-e-fiabe\/#primaryimage"},"thumbnailUrl":"https:\/\/www.filastrocche.it\/immagini\/articoli\/sesia1.jpg","datePublished":"2012-06-14T10:00:57+00:00","dateModified":"2012-06-14T10:05:36+00:00","breadcrumb":{"@id":"https:\/\/www.filastrocche.it\/contenuti\/dicono-di-noi\/rassegna-stampa-dellanno-2002\/jolanda-la-fatina-che-su-internet-narra-filastrocche-e-fiabe\/#breadcrumb"},"inLanguage":"it-IT","potentialAction":[{"@type":"ReadAction","target":["https:\/\/www.filastrocche.it\/contenuti\/dicono-di-noi\/rassegna-stampa-dellanno-2002\/jolanda-la-fatina-che-su-internet-narra-filastrocche-e-fiabe\/"]}]},{"@type":"ImageObject","inLanguage":"it-IT","@id":"https:\/\/www.filastrocche.it\/contenuti\/dicono-di-noi\/rassegna-stampa-dellanno-2002\/jolanda-la-fatina-che-su-internet-narra-filastrocche-e-fiabe\/#primaryimage","url":"https:\/\/www.filastrocche.it\/immagini\/articoli\/sesia1.jpg","contentUrl":"https:\/\/www.filastrocche.it\/immagini\/articoli\/sesia1.jpg"},{"@type":"BreadcrumbList","@id":"https:\/\/www.filastrocche.it\/contenuti\/dicono-di-noi\/rassegna-stampa-dellanno-2002\/jolanda-la-fatina-che-su-internet-narra-filastrocche-e-fiabe\/#breadcrumb","itemListElement":[{"@type":"ListItem","position":1,"name":"Home","item":"https:\/\/www.filastrocche.it\/contenuti\/"},{"@type":"ListItem","position":2,"name":"Dicono di noi","item":"https:\/\/www.filastrocche.it\/contenuti\/dicono-di-noi\/"},{"@type":"ListItem","position":3,"name":"Rassegna stampa dell&#8217;anno 2002","item":"https:\/\/www.filastrocche.it\/contenuti\/dicono-di-noi\/rassegna-stampa-dellanno-2002\/"},{"@type":"ListItem","position":4,"name":"Jolanda, la fatina che su internet narra filastrocche e fiabe"}]},{"@type":"WebSite","@id":"https:\/\/www.filastrocche.it\/contenuti\/#website","url":"https:\/\/www.filastrocche.it\/contenuti\/","name":"I testi della tradizione di Filastrocche.it","description":"Filastrocche, fiabe, canzoni e...","potentialAction":[{"@type":"SearchAction","target":{"@type":"EntryPoint","urlTemplate":"https:\/\/www.filastrocche.it\/contenuti\/?s={search_term_string}"},"query-input":{"@type":"PropertyValueSpecification","valueRequired":true,"valueName":"search_term_string"}}],"inLanguage":"it-IT"}]}},"_links":{"self":[{"href":"https:\/\/www.filastrocche.it\/contenuti\/wp-json\/wp\/v2\/pages\/53419","targetHints":{"allow":["GET"]}}],"collection":[{"href":"https:\/\/www.filastrocche.it\/contenuti\/wp-json\/wp\/v2\/pages"}],"about":[{"href":"https:\/\/www.filastrocche.it\/contenuti\/wp-json\/wp\/v2\/types\/page"}],"author":[{"embeddable":true,"href":"https:\/\/www.filastrocche.it\/contenuti\/wp-json\/wp\/v2\/users\/17"}],"replies":[{"embeddable":true,"href":"https:\/\/www.filastrocche.it\/contenuti\/wp-json\/wp\/v2\/comments?post=53419"}],"version-history":[{"count":0,"href":"https:\/\/www.filastrocche.it\/contenuti\/wp-json\/wp\/v2\/pages\/53419\/revisions"}],"up":[{"embeddable":true,"href":"https:\/\/www.filastrocche.it\/contenuti\/wp-json\/wp\/v2\/pages\/52401"}],"wp:attachment":[{"href":"https:\/\/www.filastrocche.it\/contenuti\/wp-json\/wp\/v2\/media?parent=53419"}],"curies":[{"name":"wp","href":"https:\/\/api.w.org\/{rel}","templated":true}]}}