{"id":53433,"date":"2012-06-14T10:07:10","date_gmt":"2012-06-14T10:07:10","guid":{"rendered":"https:\/\/www.filastrocche.it\/contenuti\/?page_id=53433"},"modified":"2012-06-14T10:08:26","modified_gmt":"2012-06-14T10:08:26","slug":"fiabe-via-internet-per-i-bimbi-del-2000","status":"publish","type":"page","link":"https:\/\/www.filastrocche.it\/contenuti\/dicono-di-noi\/rassegna-stampa-dellanno-2002\/fiabe-via-internet-per-i-bimbi-del-2000\/","title":{"rendered":"Fiabe via Internet per i bimbi del 2000"},"content":{"rendered":"<p><span >Filastrocchee giochi nel sito di Jolanda Restano<\/span><span ><br \/>\nFiabe via Internet per i bimbi del 2000<br \/>\n<\/span><span >Centinaia dicanzoni da cantare in Karaoke per i pi\u00f9 piccoli<\/span><strong><\/strong><\/p>\n<p><strong><br \/>\n<\/strong>Da &#8220;<a href=\"http:\/\/www.lastampa.it\/\" target=\"_blank\"><strong>La Stampa<\/strong><\/a>&#8221;<br \/>\n&#8211; sabato 20 aprile 2002<strong><br \/>\n<\/strong><em>di Giancarla Moreo<\/em><\/p>\n<p>&nbsp;<\/p>\n<p>Filastrocche, scioglilingua, centinaia di canzoni da cantare in karaoke, proverbi e poesie per far addormentare (o almeno rilassare) i neonati pi\u00f9 insonni e dinamici, ma ora su<a href=\"https:\/\/www.filastrocche.it\"> www.filastrocche.it<\/a> debuttano anche i giochi. Il sito creato dalla giovane mamma Jolanda Restano, si arricchisce cos\u00ec di nuove iniziative dedicate, ovviamente, ai pi\u00f9 piccoli. E l&#8217;ultima new entry sono, appunto, i giochi da fare con gli amici o da soli, con carta e forbici e sul computer.<br \/>\n&#8220;Ho sempre pensato a <a href=\"https:\/\/www.filastrocche.it\">Filastrocche.it<\/a>&#8221; spiega Jolanda Restano &#8220;come ad un servizio che deve offrire intrattenimento intelligente&#8221;. L&#8217;ideatrice del sito ammette, comunque, di avvalersi dell&#8217;aiuto di due consulenti doc: Matilde di 3 anni e Tommaso di dieci mesi, i suoi due bimbi. &#8220;Poi ci sono coloro che mi scrivono tutti i giorni, dandomi preziosi suggerimenti&#8221;.<br \/>\nCliccando su <a href=\"https:\/\/www.filastrocche.it\">www.filastrocche.it<\/a> non c&#8217;\u00e8 che l&#8217;imbarazzo della scelta: si pu\u00f2 navigare nelle aree riservate al canto, alla creativit\u00e0 o alla narrativa. E non solo: Jolanda ha creato uno spazio per i &#8220;Poeti in erba&#8221;, per gli &#8220;Amici di Matilde&#8221; (con le fotografie dei bambini) e per gli &#8220;Appelli&#8221; (si riscoprono i vecchi ricordi grazie all&#8217;aiuto di tutti i navigatori). C&#8217;\u00e8 poi lo shopping che segnala alcuni tra i libri, le videocassette ed i dischi preferiti dalla &#8220;redazione&#8221;. Ma il patrimonio&#8221; di<a href=\"https:\/\/www.filastrocche.it\"> Filastrocche.it <\/a>\u00e8 formato da ottomila testi fra ninna nanne, indovinelli, fiabe e poesie in tutte le lingue. L&#8217;obiettivo? Regalare divertimento a tutti i pi\u00f9 piccoli<\/p>\n<p>&nbsp;<\/p>\n<p>&nbsp;<\/p>\n","protected":false},"excerpt":{"rendered":"<p>Filastrocchee giochi nel sito di Jolanda Restano Fiabe via Internet per i bimbi del 2000 Centinaia dicanzoni da cantare in Karaoke per i pi\u00f9 piccoli Da &#8220;La Stampa&#8221; &#8211; sabato 20 aprile 2002 di Giancarla Moreo &nbsp; Filastrocche, scioglilingua, centinaia di canzoni da cantare in karaoke, proverbi e poesie per far addormentare (o almeno rilassare) [&hellip;]<\/p>\n","protected":false},"author":17,"featured_media":0,"parent":52401,"menu_order":0,"comment_status":"open","ping_status":"open","template":"","meta":{"footnotes":""},"class_list":["post-53433","page","type-page","status-publish","hentry"],"yoast_head":"<!-- This site is optimized with the Yoast SEO plugin v26.2 - https:\/\/yoast.com\/wordpress\/plugins\/seo\/ -->\n<title>Fiabe via Internet per i bimbi del 2000 - I testi della tradizione di Filastrocche.it<\/title>\n<meta name=\"robots\" content=\"index, follow, max-snippet:-1, max-image-preview:large, max-video-preview:-1\" \/>\n<link rel=\"canonical\" href=\"https:\/\/www.filastrocche.it\/contenuti\/dicono-di-noi\/rassegna-stampa-dellanno-2002\/fiabe-via-internet-per-i-bimbi-del-2000\/\" \/>\n<meta property=\"og:locale\" content=\"it_IT\" \/>\n<meta property=\"og:type\" content=\"article\" \/>\n<meta property=\"og:title\" content=\"Fiabe via Internet per i bimbi del 2000 - I testi della tradizione di Filastrocche.it\" \/>\n<meta property=\"og:description\" content=\"Filastrocchee giochi nel sito di Jolanda Restano Fiabe via Internet per i bimbi del 2000 Centinaia dicanzoni da cantare in Karaoke per i pi\u00f9 piccoli Da &#8220;La Stampa&#8221; &#8211; sabato 20 aprile 2002 di Giancarla Moreo &nbsp; Filastrocche, scioglilingua, centinaia di canzoni da cantare in karaoke, proverbi e poesie per far addormentare (o almeno rilassare) [&hellip;]\" \/>\n<meta property=\"og:url\" content=\"https:\/\/www.filastrocche.it\/contenuti\/dicono-di-noi\/rassegna-stampa-dellanno-2002\/fiabe-via-internet-per-i-bimbi-del-2000\/\" \/>\n<meta property=\"og:site_name\" content=\"I testi della tradizione di Filastrocche.it\" \/>\n<meta property=\"article:modified_time\" content=\"2012-06-14T10:08:26+00:00\" \/>\n<meta name=\"twitter:label1\" content=\"Tempo di lettura stimato\" \/>\n\t<meta name=\"twitter:data1\" content=\"1 minuto\" \/>\n<!-- \/ Yoast SEO plugin. -->","yoast_head_json":{"title":"Fiabe via Internet per i bimbi del 2000 - I testi della tradizione di Filastrocche.it","robots":{"index":"index","follow":"follow","max-snippet":"max-snippet:-1","max-image-preview":"max-image-preview:large","max-video-preview":"max-video-preview:-1"},"canonical":"https:\/\/www.filastrocche.it\/contenuti\/dicono-di-noi\/rassegna-stampa-dellanno-2002\/fiabe-via-internet-per-i-bimbi-del-2000\/","og_locale":"it_IT","og_type":"article","og_title":"Fiabe via Internet per i bimbi del 2000 - I testi della tradizione di Filastrocche.it","og_description":"Filastrocchee giochi nel sito di Jolanda Restano Fiabe via Internet per i bimbi del 2000 Centinaia dicanzoni da cantare in Karaoke per i pi\u00f9 piccoli Da &#8220;La Stampa&#8221; &#8211; sabato 20 aprile 2002 di Giancarla Moreo &nbsp; Filastrocche, scioglilingua, centinaia di canzoni da cantare in karaoke, proverbi e poesie per far addormentare (o almeno rilassare) [&hellip;]","og_url":"https:\/\/www.filastrocche.it\/contenuti\/dicono-di-noi\/rassegna-stampa-dellanno-2002\/fiabe-via-internet-per-i-bimbi-del-2000\/","og_site_name":"I testi della tradizione di Filastrocche.it","article_modified_time":"2012-06-14T10:08:26+00:00","twitter_misc":{"Tempo di lettura stimato":"1 minuto"},"schema":{"@context":"https:\/\/schema.org","@graph":[{"@type":"WebPage","@id":"https:\/\/www.filastrocche.it\/contenuti\/dicono-di-noi\/rassegna-stampa-dellanno-2002\/fiabe-via-internet-per-i-bimbi-del-2000\/","url":"https:\/\/www.filastrocche.it\/contenuti\/dicono-di-noi\/rassegna-stampa-dellanno-2002\/fiabe-via-internet-per-i-bimbi-del-2000\/","name":"Fiabe via Internet per i bimbi del 2000 - I testi della tradizione di Filastrocche.it","isPartOf":{"@id":"https:\/\/www.filastrocche.it\/contenuti\/#website"},"datePublished":"2012-06-14T10:07:10+00:00","dateModified":"2012-06-14T10:08:26+00:00","breadcrumb":{"@id":"https:\/\/www.filastrocche.it\/contenuti\/dicono-di-noi\/rassegna-stampa-dellanno-2002\/fiabe-via-internet-per-i-bimbi-del-2000\/#breadcrumb"},"inLanguage":"it-IT","potentialAction":[{"@type":"ReadAction","target":["https:\/\/www.filastrocche.it\/contenuti\/dicono-di-noi\/rassegna-stampa-dellanno-2002\/fiabe-via-internet-per-i-bimbi-del-2000\/"]}]},{"@type":"BreadcrumbList","@id":"https:\/\/www.filastrocche.it\/contenuti\/dicono-di-noi\/rassegna-stampa-dellanno-2002\/fiabe-via-internet-per-i-bimbi-del-2000\/#breadcrumb","itemListElement":[{"@type":"ListItem","position":1,"name":"Home","item":"https:\/\/www.filastrocche.it\/contenuti\/"},{"@type":"ListItem","position":2,"name":"Dicono di noi","item":"https:\/\/www.filastrocche.it\/contenuti\/dicono-di-noi\/"},{"@type":"ListItem","position":3,"name":"Rassegna stampa dell&#8217;anno 2002","item":"https:\/\/www.filastrocche.it\/contenuti\/dicono-di-noi\/rassegna-stampa-dellanno-2002\/"},{"@type":"ListItem","position":4,"name":"Fiabe via Internet per i bimbi del 2000"}]},{"@type":"WebSite","@id":"https:\/\/www.filastrocche.it\/contenuti\/#website","url":"https:\/\/www.filastrocche.it\/contenuti\/","name":"I testi della tradizione di Filastrocche.it","description":"Filastrocche, fiabe, canzoni e...","potentialAction":[{"@type":"SearchAction","target":{"@type":"EntryPoint","urlTemplate":"https:\/\/www.filastrocche.it\/contenuti\/?s={search_term_string}"},"query-input":{"@type":"PropertyValueSpecification","valueRequired":true,"valueName":"search_term_string"}}],"inLanguage":"it-IT"}]}},"_links":{"self":[{"href":"https:\/\/www.filastrocche.it\/contenuti\/wp-json\/wp\/v2\/pages\/53433","targetHints":{"allow":["GET"]}}],"collection":[{"href":"https:\/\/www.filastrocche.it\/contenuti\/wp-json\/wp\/v2\/pages"}],"about":[{"href":"https:\/\/www.filastrocche.it\/contenuti\/wp-json\/wp\/v2\/types\/page"}],"author":[{"embeddable":true,"href":"https:\/\/www.filastrocche.it\/contenuti\/wp-json\/wp\/v2\/users\/17"}],"replies":[{"embeddable":true,"href":"https:\/\/www.filastrocche.it\/contenuti\/wp-json\/wp\/v2\/comments?post=53433"}],"version-history":[{"count":0,"href":"https:\/\/www.filastrocche.it\/contenuti\/wp-json\/wp\/v2\/pages\/53433\/revisions"}],"up":[{"embeddable":true,"href":"https:\/\/www.filastrocche.it\/contenuti\/wp-json\/wp\/v2\/pages\/52401"}],"wp:attachment":[{"href":"https:\/\/www.filastrocche.it\/contenuti\/wp-json\/wp\/v2\/media?parent=53433"}],"curies":[{"name":"wp","href":"https:\/\/api.w.org\/{rel}","templated":true}]}}