{"id":53441,"date":"2012-06-14T10:10:11","date_gmt":"2012-06-14T10:10:11","guid":{"rendered":"https:\/\/www.filastrocche.it\/contenuti\/?page_id=53441"},"modified":"2012-06-14T10:10:11","modified_gmt":"2012-06-14T10:10:11","slug":"avviso-ai-naviganti-il-divertimento-e-qui","status":"publish","type":"page","link":"https:\/\/www.filastrocche.it\/contenuti\/dicono-di-noi\/rassegna-stampa-dellanno-2002\/avviso-ai-naviganti-il-divertimento-e-qui\/","title":{"rendered":"Avviso ai naviganti: il divertimento \u00e8 qui!"},"content":{"rendered":"<p><em>di Paola Maraone<\/em><br \/>\nDa&#8221;<strong>Gioia Bambini<\/strong>&#8221; Anno 6\u00b0 &#8211; N. 1 Aprile 2002<\/p>\n<p>&nbsp;<\/p>\n<p>Per guardare i cartoon. Per giocare e vivere mille avventure. Per ascoltare le canzoni preferite. Per leggere le favole, colorare, volare su Marte&#8230; Con il web, ormai, si pu\u00f2 fare davvero tutto. A voi la scelta. Noi abbiamo selezionato gli indirizzi pi\u00f9 belli (e sicuri). Da visitare da soli o con mamma e pap\u00e0.<br \/>\n&#8230;<br \/>\n<a href=\"https:\/\/www.filastrocche.it\">www.filastrocche.it<\/a> \u00e8 il sito adatto ai bimbi pi\u00f9 teneri, con centinaia di filastrocche di tutti i tipi: far\u00e0 felici anche le mamme e i pap\u00e0 un po&#8217; a corto di fantasia. Le filastrocche sono divise per categoria (regionali, tradizionali, dialettali&#8230;), si pu\u00f2 effettuare una ricerca d&#8217;archivio per trovare quella desiderata e c&#8217;\u00e8 anche una sezione con le fotografie dei piccoli visitatori.<br \/>\n&#8230;<\/p>\n","protected":false},"excerpt":{"rendered":"<p>di Paola Maraone Da&#8221;Gioia Bambini&#8221; Anno 6\u00b0 &#8211; N. 1 Aprile 2002 &nbsp; Per guardare i cartoon. Per giocare e vivere mille avventure. Per ascoltare le canzoni preferite. Per leggere le favole, colorare, volare su Marte&#8230; Con il web, ormai, si pu\u00f2 fare davvero tutto. A voi la scelta. Noi abbiamo selezionato gli indirizzi pi\u00f9 [&hellip;]<\/p>\n","protected":false},"author":17,"featured_media":0,"parent":52401,"menu_order":0,"comment_status":"open","ping_status":"open","template":"","meta":{"footnotes":""},"class_list":["post-53441","page","type-page","status-publish","hentry"],"yoast_head":"<!-- This site is optimized with the Yoast SEO plugin v26.2 - https:\/\/yoast.com\/wordpress\/plugins\/seo\/ -->\n<title>Avviso ai naviganti: il divertimento \u00e8 qui! - I testi della tradizione di Filastrocche.it<\/title>\n<meta name=\"robots\" content=\"index, follow, max-snippet:-1, max-image-preview:large, max-video-preview:-1\" \/>\n<link rel=\"canonical\" href=\"https:\/\/www.filastrocche.it\/contenuti\/dicono-di-noi\/rassegna-stampa-dellanno-2002\/avviso-ai-naviganti-il-divertimento-e-qui\/\" \/>\n<meta property=\"og:locale\" content=\"it_IT\" \/>\n<meta property=\"og:type\" content=\"article\" \/>\n<meta property=\"og:title\" content=\"Avviso ai naviganti: il divertimento \u00e8 qui! - I testi della tradizione di Filastrocche.it\" \/>\n<meta property=\"og:description\" content=\"di Paola Maraone Da&#8221;Gioia Bambini&#8221; Anno 6\u00b0 &#8211; N. 1 Aprile 2002 &nbsp; Per guardare i cartoon. Per giocare e vivere mille avventure. Per ascoltare le canzoni preferite. Per leggere le favole, colorare, volare su Marte&#8230; Con il web, ormai, si pu\u00f2 fare davvero tutto. A voi la scelta. Noi abbiamo selezionato gli indirizzi pi\u00f9 [&hellip;]\" \/>\n<meta property=\"og:url\" content=\"https:\/\/www.filastrocche.it\/contenuti\/dicono-di-noi\/rassegna-stampa-dellanno-2002\/avviso-ai-naviganti-il-divertimento-e-qui\/\" \/>\n<meta property=\"og:site_name\" content=\"I testi della tradizione di Filastrocche.it\" \/>\n<meta name=\"twitter:label1\" content=\"Tempo di lettura stimato\" \/>\n\t<meta name=\"twitter:data1\" content=\"1 minuto\" \/>\n<!-- \/ Yoast SEO plugin. -->","yoast_head_json":{"title":"Avviso ai naviganti: il divertimento \u00e8 qui! - I testi della tradizione di Filastrocche.it","robots":{"index":"index","follow":"follow","max-snippet":"max-snippet:-1","max-image-preview":"max-image-preview:large","max-video-preview":"max-video-preview:-1"},"canonical":"https:\/\/www.filastrocche.it\/contenuti\/dicono-di-noi\/rassegna-stampa-dellanno-2002\/avviso-ai-naviganti-il-divertimento-e-qui\/","og_locale":"it_IT","og_type":"article","og_title":"Avviso ai naviganti: il divertimento \u00e8 qui! - I testi della tradizione di Filastrocche.it","og_description":"di Paola Maraone Da&#8221;Gioia Bambini&#8221; Anno 6\u00b0 &#8211; N. 1 Aprile 2002 &nbsp; Per guardare i cartoon. Per giocare e vivere mille avventure. Per ascoltare le canzoni preferite. Per leggere le favole, colorare, volare su Marte&#8230; Con il web, ormai, si pu\u00f2 fare davvero tutto. A voi la scelta. Noi abbiamo selezionato gli indirizzi pi\u00f9 [&hellip;]","og_url":"https:\/\/www.filastrocche.it\/contenuti\/dicono-di-noi\/rassegna-stampa-dellanno-2002\/avviso-ai-naviganti-il-divertimento-e-qui\/","og_site_name":"I testi della tradizione di Filastrocche.it","twitter_misc":{"Tempo di lettura stimato":"1 minuto"},"schema":{"@context":"https:\/\/schema.org","@graph":[{"@type":"WebPage","@id":"https:\/\/www.filastrocche.it\/contenuti\/dicono-di-noi\/rassegna-stampa-dellanno-2002\/avviso-ai-naviganti-il-divertimento-e-qui\/","url":"https:\/\/www.filastrocche.it\/contenuti\/dicono-di-noi\/rassegna-stampa-dellanno-2002\/avviso-ai-naviganti-il-divertimento-e-qui\/","name":"Avviso ai naviganti: il divertimento \u00e8 qui! - I testi della tradizione di Filastrocche.it","isPartOf":{"@id":"https:\/\/www.filastrocche.it\/contenuti\/#website"},"datePublished":"2012-06-14T10:10:11+00:00","breadcrumb":{"@id":"https:\/\/www.filastrocche.it\/contenuti\/dicono-di-noi\/rassegna-stampa-dellanno-2002\/avviso-ai-naviganti-il-divertimento-e-qui\/#breadcrumb"},"inLanguage":"it-IT","potentialAction":[{"@type":"ReadAction","target":["https:\/\/www.filastrocche.it\/contenuti\/dicono-di-noi\/rassegna-stampa-dellanno-2002\/avviso-ai-naviganti-il-divertimento-e-qui\/"]}]},{"@type":"BreadcrumbList","@id":"https:\/\/www.filastrocche.it\/contenuti\/dicono-di-noi\/rassegna-stampa-dellanno-2002\/avviso-ai-naviganti-il-divertimento-e-qui\/#breadcrumb","itemListElement":[{"@type":"ListItem","position":1,"name":"Home","item":"https:\/\/www.filastrocche.it\/contenuti\/"},{"@type":"ListItem","position":2,"name":"Dicono di noi","item":"https:\/\/www.filastrocche.it\/contenuti\/dicono-di-noi\/"},{"@type":"ListItem","position":3,"name":"Rassegna stampa dell&#8217;anno 2002","item":"https:\/\/www.filastrocche.it\/contenuti\/dicono-di-noi\/rassegna-stampa-dellanno-2002\/"},{"@type":"ListItem","position":4,"name":"Avviso ai naviganti: il divertimento \u00e8 qui!"}]},{"@type":"WebSite","@id":"https:\/\/www.filastrocche.it\/contenuti\/#website","url":"https:\/\/www.filastrocche.it\/contenuti\/","name":"I testi della tradizione di Filastrocche.it","description":"Filastrocche, fiabe, canzoni e...","potentialAction":[{"@type":"SearchAction","target":{"@type":"EntryPoint","urlTemplate":"https:\/\/www.filastrocche.it\/contenuti\/?s={search_term_string}"},"query-input":{"@type":"PropertyValueSpecification","valueRequired":true,"valueName":"search_term_string"}}],"inLanguage":"it-IT"}]}},"_links":{"self":[{"href":"https:\/\/www.filastrocche.it\/contenuti\/wp-json\/wp\/v2\/pages\/53441","targetHints":{"allow":["GET"]}}],"collection":[{"href":"https:\/\/www.filastrocche.it\/contenuti\/wp-json\/wp\/v2\/pages"}],"about":[{"href":"https:\/\/www.filastrocche.it\/contenuti\/wp-json\/wp\/v2\/types\/page"}],"author":[{"embeddable":true,"href":"https:\/\/www.filastrocche.it\/contenuti\/wp-json\/wp\/v2\/users\/17"}],"replies":[{"embeddable":true,"href":"https:\/\/www.filastrocche.it\/contenuti\/wp-json\/wp\/v2\/comments?post=53441"}],"version-history":[{"count":0,"href":"https:\/\/www.filastrocche.it\/contenuti\/wp-json\/wp\/v2\/pages\/53441\/revisions"}],"up":[{"embeddable":true,"href":"https:\/\/www.filastrocche.it\/contenuti\/wp-json\/wp\/v2\/pages\/52401"}],"wp:attachment":[{"href":"https:\/\/www.filastrocche.it\/contenuti\/wp-json\/wp\/v2\/media?parent=53441"}],"curies":[{"name":"wp","href":"https:\/\/api.w.org\/{rel}","templated":true}]}}