{"id":53449,"date":"2012-06-14T10:14:53","date_gmt":"2012-06-14T10:14:53","guid":{"rendered":"https:\/\/www.filastrocche.it\/contenuti\/?page_id=53449"},"modified":"2012-07-13T09:11:30","modified_gmt":"2012-07-13T09:11:30","slug":"filastrocche-al-latte","status":"publish","type":"page","link":"https:\/\/www.filastrocche.it\/contenuti\/dicono-di-noi\/rassegna-stampa-dellanno-2002\/filastrocche-al-latte\/","title":{"rendered":"Filastrocche al latte"},"content":{"rendered":"<p><em>di Piera Genta<\/em><strong><span >\u00a0<\/span><\/strong><\/p>\n<p>Da &#8220;<strong><span >Zafferano Magazine<\/span><\/strong>&#8221; &#8211;<br \/>\nAnno 4 &#8211; N\u00b0. 10 &#8211; marzo 2002<\/p>\n<p>&nbsp;<\/p>\n<p>La Centrale del latte di Torino in collaborazione con <a href=\"https:\/\/www.filastrocche.it\" target=\"_blank\">www.filastrocche.it<\/a> ed il portale <a href=\"http:\/\/www.nordovest.it\" target=\"_blank\">www.nordovest.it<\/a> ha dato vita ad un&#8217;iniziativa\u00a0 veramente speciale riservata ai poeti in erba: un concorso letterario. Ai concorrenti viene richiesto di comporre una filastrocca che\u00a0 contenga tre parole magiche: latte, Centrale, Tapporosso ed inviarla alla redazione di Filastrocche.it.<\/p>\n<p>Le migliori filastrocche verranno pubblicate online dando la possibilit\u00e0 ai partecipanti di far leggere ai compagni di classe, agli amici ed ai genitori le proprie invenzioni.<br \/>\n<span><strong>I soggetti coinvolti nell&#8217;iniziativa:<\/strong><\/span><\/p>\n<p><span><a href=\"http:\/\/www.centralelatte.torino.it\/\" target=\"_blank\"><strong>La Centrale del latte di Torino<\/strong><\/a> \u00e8 stata fondata nel 1950 da un gruppo di operatori privati del settore e dal Comune di Torino\u00a0 per soddisfare in modo pi\u00f9 razionale e completo il fabbisogno di latte della popolazione cittadina.<\/span><\/p>\n<p>Nell&#8217;autunno scorso si \u00e8 quotata alla Borsa Italiana e, dopo la recente acquisizione del Centro Latte Rapallo, si configura come\u00a0 capofila di un importante polo interregionale specializzato nella produzione e commercializzazione di latte e derivati con 24\u00a0 tipologie di prodotto distribuiti quotidianamente in 8000 punti vendita di cui 5000 in Piemonte.<br \/>\nNell&#8217;ottobre di quest&#8217;anno verr\u00e0 celebrato il suo Cinquantenario.<\/p>\n<p>Il latte Tapporosso \u00e8 lo storico della Centrale, sinonimo di latte fresco da sempre, nell&#8217;inconfondibile bottiglia di vetro e nella\u00a0 confezione di tetraedro, progettata e realizzata dalla Tetrapak.<br \/>\n<span><a href=\"https:\/\/www.filastrocche.it\" target=\"_blank\"><strong>Filastrocche.it <\/strong><\/a>\u00e8 un sito che ha circa un anno di vita, ma \u00e8 gi\u00e0 diventato un punto di passaggio obbligato tra quelli dedicati\u00a0 all&#8217;infanzia su Internet. Il sito \u00e8 ideato e realizzato da Jolanda, mamma di Matilde, a cui le pagine sono dedicate.<\/span><\/p>\n<p>Con una grafica volutamente infantile presenta filastrocche, indovinelli, ninna nanne e canzoni ed ha un archivio di 8000 testi, di\u00a0 cui pi\u00f9 di un centinaio sono quelli dedicati al latte.<br \/>\n<span><a href=\"http:\/\/www.nordovest.it\" target=\"_blank\"><strong>Nordovest.it <\/strong><\/a>\u00e8 un portale dedicato al Piemonte, Liguria e Valle d&#8217;Aosta realizzato da <a href=\"http:\/\/www.lastampa.it\" target=\"_blank\">La Stampa<\/a>, quotidiano torinese.<\/span><\/p>\n<p>Le sezioni del portale sono quattordici, una triregionale e tredici dedicate ciascuna ad una provincia.<\/p>\n<p>All&#8217;interno dello spazio <a href=\"http:\/\/www.nordovest.it\/incasa\" target=\"_blank\">www.nordovest.it\/incasa <\/a>\u00e8 stato creato un mondo dedicato ai bambini con una sezione dove si possono\u00a0 scaricare disegni da colorare (Colora il latte e diventa famoso) ed una dedicata ai poeti in erba (Filastrocche al latte), ed ai loro genitori con consigli ed informazioni utili all&#8217;educazione e alimentazione dei propri figli.<\/p>\n<p>Interessante l&#8217;area multimediale, in cui \u00e8 possibile una visita guidata alla Centrale del latte con spiegazioni dettagliate sul ciclo del latte.<br \/>\n<span>La Centrale del latte \u00e8 stata la prima azienda nel proprio settore, nel 1997, a creare un sito con contenuti educativi, la tradizione\u00a0 continua con questa nuova iniziativa e, ci assicurano, che ci saranno delle novit\u00e0 interessanti per la prossima primavera.<\/span><\/p>\n","protected":false},"excerpt":{"rendered":"<p>di Piera Genta\u00a0 Da &#8220;Zafferano Magazine&#8221; &#8211; Anno 4 &#8211; N\u00b0. 10 &#8211; marzo 2002 &nbsp; La Centrale del latte di Torino in collaborazione con www.filastrocche.it ed il portale www.nordovest.it ha dato vita ad un&#8217;iniziativa\u00a0 veramente speciale riservata ai poeti in erba: un concorso letterario. Ai concorrenti viene richiesto di comporre una filastrocca che\u00a0 contenga [&hellip;]<\/p>\n","protected":false},"author":17,"featured_media":0,"parent":52401,"menu_order":0,"comment_status":"open","ping_status":"open","template":"","meta":{"footnotes":""},"class_list":["post-53449","page","type-page","status-publish","hentry"],"yoast_head":"<!-- This site is optimized with the Yoast SEO plugin v26.2 - https:\/\/yoast.com\/wordpress\/plugins\/seo\/ -->\n<title>Filastrocche al latte - I testi della tradizione di Filastrocche.it<\/title>\n<meta name=\"robots\" content=\"index, follow, max-snippet:-1, max-image-preview:large, max-video-preview:-1\" \/>\n<link rel=\"canonical\" href=\"https:\/\/www.filastrocche.it\/contenuti\/dicono-di-noi\/rassegna-stampa-dellanno-2002\/filastrocche-al-latte\/\" \/>\n<meta property=\"og:locale\" content=\"it_IT\" \/>\n<meta property=\"og:type\" content=\"article\" \/>\n<meta property=\"og:title\" content=\"Filastrocche al latte - I testi della tradizione di Filastrocche.it\" \/>\n<meta property=\"og:description\" content=\"di Piera Genta\u00a0 Da &#8220;Zafferano Magazine&#8221; &#8211; Anno 4 &#8211; N\u00b0. 10 &#8211; marzo 2002 &nbsp; La Centrale del latte di Torino in collaborazione con www.filastrocche.it ed il portale www.nordovest.it ha dato vita ad un&#8217;iniziativa\u00a0 veramente speciale riservata ai poeti in erba: un concorso letterario. Ai concorrenti viene richiesto di comporre una filastrocca che\u00a0 contenga [&hellip;]\" \/>\n<meta property=\"og:url\" content=\"https:\/\/www.filastrocche.it\/contenuti\/dicono-di-noi\/rassegna-stampa-dellanno-2002\/filastrocche-al-latte\/\" \/>\n<meta property=\"og:site_name\" content=\"I testi della tradizione di Filastrocche.it\" \/>\n<meta property=\"article:modified_time\" content=\"2012-07-13T09:11:30+00:00\" \/>\n<meta name=\"twitter:label1\" content=\"Tempo di lettura stimato\" \/>\n\t<meta name=\"twitter:data1\" content=\"2 minuti\" \/>\n<!-- \/ Yoast SEO plugin. -->","yoast_head_json":{"title":"Filastrocche al latte - I testi della tradizione di Filastrocche.it","robots":{"index":"index","follow":"follow","max-snippet":"max-snippet:-1","max-image-preview":"max-image-preview:large","max-video-preview":"max-video-preview:-1"},"canonical":"https:\/\/www.filastrocche.it\/contenuti\/dicono-di-noi\/rassegna-stampa-dellanno-2002\/filastrocche-al-latte\/","og_locale":"it_IT","og_type":"article","og_title":"Filastrocche al latte - I testi della tradizione di Filastrocche.it","og_description":"di Piera Genta\u00a0 Da &#8220;Zafferano Magazine&#8221; &#8211; Anno 4 &#8211; N\u00b0. 10 &#8211; marzo 2002 &nbsp; La Centrale del latte di Torino in collaborazione con www.filastrocche.it ed il portale www.nordovest.it ha dato vita ad un&#8217;iniziativa\u00a0 veramente speciale riservata ai poeti in erba: un concorso letterario. Ai concorrenti viene richiesto di comporre una filastrocca che\u00a0 contenga [&hellip;]","og_url":"https:\/\/www.filastrocche.it\/contenuti\/dicono-di-noi\/rassegna-stampa-dellanno-2002\/filastrocche-al-latte\/","og_site_name":"I testi della tradizione di Filastrocche.it","article_modified_time":"2012-07-13T09:11:30+00:00","twitter_misc":{"Tempo di lettura stimato":"2 minuti"},"schema":{"@context":"https:\/\/schema.org","@graph":[{"@type":"WebPage","@id":"https:\/\/www.filastrocche.it\/contenuti\/dicono-di-noi\/rassegna-stampa-dellanno-2002\/filastrocche-al-latte\/","url":"https:\/\/www.filastrocche.it\/contenuti\/dicono-di-noi\/rassegna-stampa-dellanno-2002\/filastrocche-al-latte\/","name":"Filastrocche al latte - I testi della tradizione di Filastrocche.it","isPartOf":{"@id":"https:\/\/www.filastrocche.it\/contenuti\/#website"},"datePublished":"2012-06-14T10:14:53+00:00","dateModified":"2012-07-13T09:11:30+00:00","breadcrumb":{"@id":"https:\/\/www.filastrocche.it\/contenuti\/dicono-di-noi\/rassegna-stampa-dellanno-2002\/filastrocche-al-latte\/#breadcrumb"},"inLanguage":"it-IT","potentialAction":[{"@type":"ReadAction","target":["https:\/\/www.filastrocche.it\/contenuti\/dicono-di-noi\/rassegna-stampa-dellanno-2002\/filastrocche-al-latte\/"]}]},{"@type":"BreadcrumbList","@id":"https:\/\/www.filastrocche.it\/contenuti\/dicono-di-noi\/rassegna-stampa-dellanno-2002\/filastrocche-al-latte\/#breadcrumb","itemListElement":[{"@type":"ListItem","position":1,"name":"Home","item":"https:\/\/www.filastrocche.it\/contenuti\/"},{"@type":"ListItem","position":2,"name":"Dicono di noi","item":"https:\/\/www.filastrocche.it\/contenuti\/dicono-di-noi\/"},{"@type":"ListItem","position":3,"name":"Rassegna stampa dell&#8217;anno 2002","item":"https:\/\/www.filastrocche.it\/contenuti\/dicono-di-noi\/rassegna-stampa-dellanno-2002\/"},{"@type":"ListItem","position":4,"name":"Filastrocche al latte"}]},{"@type":"WebSite","@id":"https:\/\/www.filastrocche.it\/contenuti\/#website","url":"https:\/\/www.filastrocche.it\/contenuti\/","name":"I testi della tradizione di Filastrocche.it","description":"Filastrocche, fiabe, canzoni e...","potentialAction":[{"@type":"SearchAction","target":{"@type":"EntryPoint","urlTemplate":"https:\/\/www.filastrocche.it\/contenuti\/?s={search_term_string}"},"query-input":{"@type":"PropertyValueSpecification","valueRequired":true,"valueName":"search_term_string"}}],"inLanguage":"it-IT"}]}},"_links":{"self":[{"href":"https:\/\/www.filastrocche.it\/contenuti\/wp-json\/wp\/v2\/pages\/53449","targetHints":{"allow":["GET"]}}],"collection":[{"href":"https:\/\/www.filastrocche.it\/contenuti\/wp-json\/wp\/v2\/pages"}],"about":[{"href":"https:\/\/www.filastrocche.it\/contenuti\/wp-json\/wp\/v2\/types\/page"}],"author":[{"embeddable":true,"href":"https:\/\/www.filastrocche.it\/contenuti\/wp-json\/wp\/v2\/users\/17"}],"replies":[{"embeddable":true,"href":"https:\/\/www.filastrocche.it\/contenuti\/wp-json\/wp\/v2\/comments?post=53449"}],"version-history":[{"count":0,"href":"https:\/\/www.filastrocche.it\/contenuti\/wp-json\/wp\/v2\/pages\/53449\/revisions"}],"up":[{"embeddable":true,"href":"https:\/\/www.filastrocche.it\/contenuti\/wp-json\/wp\/v2\/pages\/52401"}],"wp:attachment":[{"href":"https:\/\/www.filastrocche.it\/contenuti\/wp-json\/wp\/v2\/media?parent=53449"}],"curies":[{"name":"wp","href":"https:\/\/api.w.org\/{rel}","templated":true}]}}