{"id":53475,"date":"2012-06-14T10:25:04","date_gmt":"2012-06-14T10:25:04","guid":{"rendered":"https:\/\/www.filastrocche.it\/contenuti\/?page_id=53475"},"modified":"2012-06-14T10:25:29","modified_gmt":"2012-06-14T10:25:29","slug":"mamma-raccontami","status":"publish","type":"page","link":"https:\/\/www.filastrocche.it\/contenuti\/dicono-di-noi\/rassegna-stampa-dellanno-2002\/mamma-raccontami\/","title":{"rendered":"Mamma raccontami"},"content":{"rendered":"<p>I libri consigliati da Margherita.net<br \/>\n<strong><span >Mamma raccontami<\/span><\/strong><\/p>\n<p>&nbsp;<\/p>\n<p><em>di Costanza Cristianini<br \/>\n<\/em>Dal sito &#8220;<a href=\"http:\/\/www.margherita.net\/\" target=\"_blank\">Margherita.net<\/a>&#8221; &#8211; Gennaio 2002<\/p>\n<p>&nbsp;<\/p>\n<p>Vi ricordate i cari ritornelli della vostra infanzia? Quelli che ancora girano nella vostra mente e spuntano fuori quando meno ve l&#8217;aspettate?<\/p>\n<p>Jolanda Restano, dalla sua esperienza con il sito da lei ideato <a href=\"https:\/\/www.filastrocche.it\">filastrocche.it<\/a>, ha messo insieme molte delle filastrocche ideali per i bambini pi\u00f9 piccoli: da ambarab\u00e0 cicc\u00eccocc\u00f2, al classico fate la nanna coscine di pollo&#8230;<\/p>\n<p>Una raccolta preziosa da leggere e rileggere in compagnia dei nostri bambini.<\/p>\n","protected":false},"excerpt":{"rendered":"<p>I libri consigliati da Margherita.net Mamma raccontami &nbsp; di Costanza Cristianini Dal sito &#8220;Margherita.net&#8221; &#8211; Gennaio 2002 &nbsp; Vi ricordate i cari ritornelli della vostra infanzia? Quelli che ancora girano nella vostra mente e spuntano fuori quando meno ve l&#8217;aspettate? Jolanda Restano, dalla sua esperienza con il sito da lei ideato filastrocche.it, ha messo insieme [&hellip;]<\/p>\n","protected":false},"author":17,"featured_media":0,"parent":52401,"menu_order":0,"comment_status":"open","ping_status":"open","template":"","meta":{"footnotes":""},"class_list":["post-53475","page","type-page","status-publish","hentry"],"yoast_head":"<!-- This site is optimized with the Yoast SEO plugin v26.2 - https:\/\/yoast.com\/wordpress\/plugins\/seo\/ -->\n<title>Mamma raccontami - I testi della tradizione di Filastrocche.it<\/title>\n<meta name=\"robots\" content=\"index, follow, max-snippet:-1, max-image-preview:large, max-video-preview:-1\" \/>\n<link rel=\"canonical\" href=\"https:\/\/www.filastrocche.it\/contenuti\/dicono-di-noi\/rassegna-stampa-dellanno-2002\/mamma-raccontami\/\" \/>\n<meta property=\"og:locale\" content=\"it_IT\" \/>\n<meta property=\"og:type\" content=\"article\" \/>\n<meta property=\"og:title\" content=\"Mamma raccontami - I testi della tradizione di Filastrocche.it\" \/>\n<meta property=\"og:description\" content=\"I libri consigliati da Margherita.net Mamma raccontami &nbsp; di Costanza Cristianini Dal sito &#8220;Margherita.net&#8221; &#8211; Gennaio 2002 &nbsp; Vi ricordate i cari ritornelli della vostra infanzia? Quelli che ancora girano nella vostra mente e spuntano fuori quando meno ve l&#8217;aspettate? Jolanda Restano, dalla sua esperienza con il sito da lei ideato filastrocche.it, ha messo insieme [&hellip;]\" \/>\n<meta property=\"og:url\" content=\"https:\/\/www.filastrocche.it\/contenuti\/dicono-di-noi\/rassegna-stampa-dellanno-2002\/mamma-raccontami\/\" \/>\n<meta property=\"og:site_name\" content=\"I testi della tradizione di Filastrocche.it\" \/>\n<meta property=\"article:modified_time\" content=\"2012-06-14T10:25:29+00:00\" \/>\n<!-- \/ Yoast SEO plugin. -->","yoast_head_json":{"title":"Mamma raccontami - I testi della tradizione di Filastrocche.it","robots":{"index":"index","follow":"follow","max-snippet":"max-snippet:-1","max-image-preview":"max-image-preview:large","max-video-preview":"max-video-preview:-1"},"canonical":"https:\/\/www.filastrocche.it\/contenuti\/dicono-di-noi\/rassegna-stampa-dellanno-2002\/mamma-raccontami\/","og_locale":"it_IT","og_type":"article","og_title":"Mamma raccontami - I testi della tradizione di Filastrocche.it","og_description":"I libri consigliati da Margherita.net Mamma raccontami &nbsp; di Costanza Cristianini Dal sito &#8220;Margherita.net&#8221; &#8211; Gennaio 2002 &nbsp; Vi ricordate i cari ritornelli della vostra infanzia? Quelli che ancora girano nella vostra mente e spuntano fuori quando meno ve l&#8217;aspettate? Jolanda Restano, dalla sua esperienza con il sito da lei ideato filastrocche.it, ha messo insieme [&hellip;]","og_url":"https:\/\/www.filastrocche.it\/contenuti\/dicono-di-noi\/rassegna-stampa-dellanno-2002\/mamma-raccontami\/","og_site_name":"I testi della tradizione di Filastrocche.it","article_modified_time":"2012-06-14T10:25:29+00:00","schema":{"@context":"https:\/\/schema.org","@graph":[{"@type":"WebPage","@id":"https:\/\/www.filastrocche.it\/contenuti\/dicono-di-noi\/rassegna-stampa-dellanno-2002\/mamma-raccontami\/","url":"https:\/\/www.filastrocche.it\/contenuti\/dicono-di-noi\/rassegna-stampa-dellanno-2002\/mamma-raccontami\/","name":"Mamma raccontami - I testi della tradizione di Filastrocche.it","isPartOf":{"@id":"https:\/\/www.filastrocche.it\/contenuti\/#website"},"datePublished":"2012-06-14T10:25:04+00:00","dateModified":"2012-06-14T10:25:29+00:00","breadcrumb":{"@id":"https:\/\/www.filastrocche.it\/contenuti\/dicono-di-noi\/rassegna-stampa-dellanno-2002\/mamma-raccontami\/#breadcrumb"},"inLanguage":"it-IT","potentialAction":[{"@type":"ReadAction","target":["https:\/\/www.filastrocche.it\/contenuti\/dicono-di-noi\/rassegna-stampa-dellanno-2002\/mamma-raccontami\/"]}]},{"@type":"BreadcrumbList","@id":"https:\/\/www.filastrocche.it\/contenuti\/dicono-di-noi\/rassegna-stampa-dellanno-2002\/mamma-raccontami\/#breadcrumb","itemListElement":[{"@type":"ListItem","position":1,"name":"Home","item":"https:\/\/www.filastrocche.it\/contenuti\/"},{"@type":"ListItem","position":2,"name":"Dicono di noi","item":"https:\/\/www.filastrocche.it\/contenuti\/dicono-di-noi\/"},{"@type":"ListItem","position":3,"name":"Rassegna stampa dell&#8217;anno 2002","item":"https:\/\/www.filastrocche.it\/contenuti\/dicono-di-noi\/rassegna-stampa-dellanno-2002\/"},{"@type":"ListItem","position":4,"name":"Mamma raccontami"}]},{"@type":"WebSite","@id":"https:\/\/www.filastrocche.it\/contenuti\/#website","url":"https:\/\/www.filastrocche.it\/contenuti\/","name":"I testi della tradizione di Filastrocche.it","description":"Filastrocche, fiabe, canzoni e...","potentialAction":[{"@type":"SearchAction","target":{"@type":"EntryPoint","urlTemplate":"https:\/\/www.filastrocche.it\/contenuti\/?s={search_term_string}"},"query-input":{"@type":"PropertyValueSpecification","valueRequired":true,"valueName":"search_term_string"}}],"inLanguage":"it-IT"}]}},"_links":{"self":[{"href":"https:\/\/www.filastrocche.it\/contenuti\/wp-json\/wp\/v2\/pages\/53475","targetHints":{"allow":["GET"]}}],"collection":[{"href":"https:\/\/www.filastrocche.it\/contenuti\/wp-json\/wp\/v2\/pages"}],"about":[{"href":"https:\/\/www.filastrocche.it\/contenuti\/wp-json\/wp\/v2\/types\/page"}],"author":[{"embeddable":true,"href":"https:\/\/www.filastrocche.it\/contenuti\/wp-json\/wp\/v2\/users\/17"}],"replies":[{"embeddable":true,"href":"https:\/\/www.filastrocche.it\/contenuti\/wp-json\/wp\/v2\/comments?post=53475"}],"version-history":[{"count":0,"href":"https:\/\/www.filastrocche.it\/contenuti\/wp-json\/wp\/v2\/pages\/53475\/revisions"}],"up":[{"embeddable":true,"href":"https:\/\/www.filastrocche.it\/contenuti\/wp-json\/wp\/v2\/pages\/52401"}],"wp:attachment":[{"href":"https:\/\/www.filastrocche.it\/contenuti\/wp-json\/wp\/v2\/media?parent=53475"}],"curies":[{"name":"wp","href":"https:\/\/api.w.org\/{rel}","templated":true}]}}