{"id":53491,"date":"2012-06-14T10:30:07","date_gmt":"2012-06-14T10:30:07","guid":{"rendered":"https:\/\/www.filastrocche.it\/contenuti\/?page_id=53491"},"modified":"2017-02-02T13:24:53","modified_gmt":"2017-02-02T11:24:53","slug":"www-filastrocche-it-2","status":"publish","type":"page","link":"https:\/\/www.filastrocche.it\/contenuti\/dicono-di-noi\/rassegna-stampa-dellanno-2002\/www-filastrocche-it-2\/","title":{"rendered":"www.filastrocche.it"},"content":{"rendered":"<p>Un sito creato per dare gioia alle giovani vite.<br \/>\n<strong><span >www.filastrocche.it<\/span><\/strong><br \/>\n<em>di Maria Teresa Cendamo<br \/>\n<\/em>Dal sito &#8220;Stampa Clandestina&#8221; &#8211; Gennaio 2002<\/p>\n<p>&nbsp;<\/p>\n<p>Barzellette, canzoni, colmi e quant\u2019altro pu\u00f2 dare gioia ad una giovane vita lo ritrovate sul sito www.filastrocche.it .<\/p>\n<p>Nato da una idea di Jolanda Restano, nel tempo si \u00e8 andato affermando come uno dei maggiori esempi di comunit\u00e0 virtuale. Il lavoro svolto \u00e8 stato degno di diversi riconoscimenti quali la certificazione del Bollino Verde, che contrassegna solo 1963 siti dove \u00e8 possibile una navigazione sicura anche per i bambini, segno di stima non isolato ma affiancato da quello del portale Virgilio ed anche dal Corriere dei Piccoli.<\/p>\n<p>La bellezza del lavoro svolto \u00e8 nella sua semplicit\u00e0, nella voglia di essere e non di apparire. Dal progetto on line Jolanda Restano ha tratto un libro intitolato \u201cMamma Raccontami\u2026\u201d edito da Fiori di Campi.<\/p>\n<p>\u201cSi tratta di una raccolta di testi tratti dal nostro sito, che vi permetter\u00e0 di avere sottomano delle filastrocche da recitare insieme ai vostri cuccioli\u201d afferma la redazione nella presentazione del testo sul sito.<\/p>\n<p>L\u2019attivit\u00e0 svolta \u00e8 stata possibile grazie all\u2019aiuto di persone appassionate che hanno desiderato aiutare a concretizzare una realt\u00e0 dove chiunque possa essere libero di navigare senza temere nulla, uno dei punti di forza di ci\u00f2 che \u00e8 stato svolto dall\u2019intera redazione a mio avviso \u00e8 proprio nella capacit\u00e0 di creare una interazione con gli utenti che, sentendosi ben accolti e credendo nel progetto, volontariamente, hanno inviato materiale per la realizzazione di quella che si pu\u00f2 considerare un\u2019isola sicura per i giovani internauti.<\/p>\n<p>E\u2019 auspicabile che presto sul web nascano e si sviluppino altre realt\u00e0 come quella di filastrocche, poich\u00e9 la rete dovrebbe ospitare un posto al solo dove chiunque possa essere protagonista senza alcun timore.<\/p>\n<p>&nbsp;<\/p>\n","protected":false},"excerpt":{"rendered":"<p>Un sito creato per dare gioia alle giovani vite. www.filastrocche.it di Maria Teresa Cendamo Dal sito &#8220;Stampa Clandestina&#8221; &#8211; Gennaio 2002 &nbsp; Barzellette, canzoni, colmi e quant\u2019altro pu\u00f2 dare gioia ad una giovane vita lo ritrovate sul sito www.filastrocche.it . Nato da una idea di Jolanda Restano, nel tempo si \u00e8 andato affermando come uno [&hellip;]<\/p>\n","protected":false},"author":17,"featured_media":0,"parent":52401,"menu_order":0,"comment_status":"open","ping_status":"open","template":"","meta":{"footnotes":""},"class_list":["post-53491","page","type-page","status-publish","hentry"],"yoast_head":"<!-- This site is optimized with the Yoast SEO plugin v26.2 - https:\/\/yoast.com\/wordpress\/plugins\/seo\/ -->\n<title>www.filastrocche.it - I testi della tradizione di Filastrocche.it<\/title>\n<meta name=\"robots\" content=\"index, follow, max-snippet:-1, max-image-preview:large, max-video-preview:-1\" \/>\n<link rel=\"canonical\" href=\"https:\/\/www.filastrocche.it\/contenuti\/dicono-di-noi\/rassegna-stampa-dellanno-2002\/www-filastrocche-it-2\/\" \/>\n<meta property=\"og:locale\" content=\"it_IT\" \/>\n<meta property=\"og:type\" content=\"article\" \/>\n<meta property=\"og:title\" content=\"www.filastrocche.it - I testi della tradizione di Filastrocche.it\" \/>\n<meta property=\"og:description\" content=\"Un sito creato per dare gioia alle giovani vite. www.filastrocche.it di Maria Teresa Cendamo Dal sito &#8220;Stampa Clandestina&#8221; &#8211; Gennaio 2002 &nbsp; Barzellette, canzoni, colmi e quant\u2019altro pu\u00f2 dare gioia ad una giovane vita lo ritrovate sul sito www.filastrocche.it . Nato da una idea di Jolanda Restano, nel tempo si \u00e8 andato affermando come uno [&hellip;]\" \/>\n<meta property=\"og:url\" content=\"https:\/\/www.filastrocche.it\/contenuti\/dicono-di-noi\/rassegna-stampa-dellanno-2002\/www-filastrocche-it-2\/\" \/>\n<meta property=\"og:site_name\" content=\"I testi della tradizione di Filastrocche.it\" \/>\n<meta property=\"article:modified_time\" content=\"2017-02-02T11:24:53+00:00\" \/>\n<meta name=\"twitter:label1\" content=\"Tempo di lettura stimato\" \/>\n\t<meta name=\"twitter:data1\" content=\"1 minuto\" \/>\n<!-- \/ Yoast SEO plugin. -->","yoast_head_json":{"title":"www.filastrocche.it - I testi della tradizione di Filastrocche.it","robots":{"index":"index","follow":"follow","max-snippet":"max-snippet:-1","max-image-preview":"max-image-preview:large","max-video-preview":"max-video-preview:-1"},"canonical":"https:\/\/www.filastrocche.it\/contenuti\/dicono-di-noi\/rassegna-stampa-dellanno-2002\/www-filastrocche-it-2\/","og_locale":"it_IT","og_type":"article","og_title":"www.filastrocche.it - I testi della tradizione di Filastrocche.it","og_description":"Un sito creato per dare gioia alle giovani vite. www.filastrocche.it di Maria Teresa Cendamo Dal sito &#8220;Stampa Clandestina&#8221; &#8211; Gennaio 2002 &nbsp; Barzellette, canzoni, colmi e quant\u2019altro pu\u00f2 dare gioia ad una giovane vita lo ritrovate sul sito www.filastrocche.it . Nato da una idea di Jolanda Restano, nel tempo si \u00e8 andato affermando come uno [&hellip;]","og_url":"https:\/\/www.filastrocche.it\/contenuti\/dicono-di-noi\/rassegna-stampa-dellanno-2002\/www-filastrocche-it-2\/","og_site_name":"I testi della tradizione di Filastrocche.it","article_modified_time":"2017-02-02T11:24:53+00:00","twitter_misc":{"Tempo di lettura stimato":"1 minuto"},"schema":{"@context":"https:\/\/schema.org","@graph":[{"@type":"WebPage","@id":"https:\/\/www.filastrocche.it\/contenuti\/dicono-di-noi\/rassegna-stampa-dellanno-2002\/www-filastrocche-it-2\/","url":"https:\/\/www.filastrocche.it\/contenuti\/dicono-di-noi\/rassegna-stampa-dellanno-2002\/www-filastrocche-it-2\/","name":"www.filastrocche.it - I testi della tradizione di Filastrocche.it","isPartOf":{"@id":"https:\/\/www.filastrocche.it\/contenuti\/#website"},"datePublished":"2012-06-14T10:30:07+00:00","dateModified":"2017-02-02T11:24:53+00:00","breadcrumb":{"@id":"https:\/\/www.filastrocche.it\/contenuti\/dicono-di-noi\/rassegna-stampa-dellanno-2002\/www-filastrocche-it-2\/#breadcrumb"},"inLanguage":"it-IT","potentialAction":[{"@type":"ReadAction","target":["https:\/\/www.filastrocche.it\/contenuti\/dicono-di-noi\/rassegna-stampa-dellanno-2002\/www-filastrocche-it-2\/"]}]},{"@type":"BreadcrumbList","@id":"https:\/\/www.filastrocche.it\/contenuti\/dicono-di-noi\/rassegna-stampa-dellanno-2002\/www-filastrocche-it-2\/#breadcrumb","itemListElement":[{"@type":"ListItem","position":1,"name":"Home","item":"https:\/\/www.filastrocche.it\/contenuti\/"},{"@type":"ListItem","position":2,"name":"Dicono di noi","item":"https:\/\/www.filastrocche.it\/contenuti\/dicono-di-noi\/"},{"@type":"ListItem","position":3,"name":"Rassegna stampa dell&#8217;anno 2002","item":"https:\/\/www.filastrocche.it\/contenuti\/dicono-di-noi\/rassegna-stampa-dellanno-2002\/"},{"@type":"ListItem","position":4,"name":"www.filastrocche.it"}]},{"@type":"WebSite","@id":"https:\/\/www.filastrocche.it\/contenuti\/#website","url":"https:\/\/www.filastrocche.it\/contenuti\/","name":"I testi della tradizione di Filastrocche.it","description":"Filastrocche, fiabe, canzoni e...","potentialAction":[{"@type":"SearchAction","target":{"@type":"EntryPoint","urlTemplate":"https:\/\/www.filastrocche.it\/contenuti\/?s={search_term_string}"},"query-input":{"@type":"PropertyValueSpecification","valueRequired":true,"valueName":"search_term_string"}}],"inLanguage":"it-IT"}]}},"_links":{"self":[{"href":"https:\/\/www.filastrocche.it\/contenuti\/wp-json\/wp\/v2\/pages\/53491","targetHints":{"allow":["GET"]}}],"collection":[{"href":"https:\/\/www.filastrocche.it\/contenuti\/wp-json\/wp\/v2\/pages"}],"about":[{"href":"https:\/\/www.filastrocche.it\/contenuti\/wp-json\/wp\/v2\/types\/page"}],"author":[{"embeddable":true,"href":"https:\/\/www.filastrocche.it\/contenuti\/wp-json\/wp\/v2\/users\/17"}],"replies":[{"embeddable":true,"href":"https:\/\/www.filastrocche.it\/contenuti\/wp-json\/wp\/v2\/comments?post=53491"}],"version-history":[{"count":0,"href":"https:\/\/www.filastrocche.it\/contenuti\/wp-json\/wp\/v2\/pages\/53491\/revisions"}],"up":[{"embeddable":true,"href":"https:\/\/www.filastrocche.it\/contenuti\/wp-json\/wp\/v2\/pages\/52401"}],"wp:attachment":[{"href":"https:\/\/www.filastrocche.it\/contenuti\/wp-json\/wp\/v2\/media?parent=53491"}],"curies":[{"name":"wp","href":"https:\/\/api.w.org\/{rel}","templated":true}]}}