{"id":53499,"date":"2012-06-14T10:31:32","date_gmt":"2012-06-14T10:31:32","guid":{"rendered":"https:\/\/www.filastrocche.it\/contenuti\/?page_id=53499"},"modified":"2012-06-14T10:33:46","modified_gmt":"2012-06-14T10:33:46","slug":"apelle-figlio-dapollo","status":"publish","type":"page","link":"https:\/\/www.filastrocche.it\/contenuti\/dicono-di-noi\/rassegna-stampa-dellanno-2002\/apelle-figlio-dapollo\/","title":{"rendered":"Apelle figlio d\u2019Apollo\u2026"},"content":{"rendered":"<p><span >I libri della settimana<\/span><span ><br \/>\n<\/span><strong><span >Apelle figlio d&#8217;Apollo&#8230;<\/span><\/strong><\/p>\n<p><span ><em>di Giancarlo Macaluso<\/em><\/span><span><strong><br \/>\n<\/strong>Dal<\/span><span > &#8220;<a href=\"http:\/\/www.gds.it\" target=\"_blank\"><strong>Giornale di Sicilia<\/strong><\/a>&#8220;<\/span> &#8211; 15 Gennaio 2002<\/p>\n<p>&nbsp;<\/p>\n<p>\u201cMammaRaccontami\u2026\u201d di Jolanda Restano, una preziosa, piccola raccolta di componimenti per bambini della tradizione italiana.<\/p>\n<p>Il piccolo libro nasce dall\u2019esperienza fatta da Jolanda con il sito Internet www.filastrocche.it che, partito come piccola iniziativa personale volta a ricercare i testi delle vecchie filastrocche da raccontare alla sua piccola Matilde, \u00e8 divenuto oggi uno dei punti di riferimento in Rete tra i contenuti dedicati all\u2019infanzia.<\/p>\n<p>Il patrimonio di Filastrocche.it &#8211; costruito in un anno e mezzo di vita, attraverso il prezioso e costante aiuto di tanti \u201cnavigatori\u201d della rete &#8211; \u00e8 costituito oggi da quasi 8.000 testi di filastrocche, conte, ninne nanne, scioglilingua, canzoni, proverbi, indovinelli, fiabe, poesie, in italiano, inglese, francese, spagnolo, svedese, tedesco, olandese.<\/p>\n<p>Le filastrocche, le conte e le ninna nanne che trovate in questo piccolo volume sono appunto una selezione dei testi che si possono trovare sul sito e che Jolanda ha raccolto e selezionato con l&#8217;aiuto di centinaia di appassionati attraverso la rete Internet.<\/p>\n<p>Se nel libro sono presentati alcuni dei testi pi\u00f9 belli e pi\u00f9 noti, accompagnati dai disegni originali creati per Filastrocche.it dall\u2019illustratrice Cecilia Mistrali, all\u2019interno del sito sono presenti anche quasi 700 file musicali che permettono di cantare le ninnananne, le canzoni o le filastrocche, accompagnati dalla musica.<\/p>\n<p>&nbsp;<\/p>\n<p><span ><strong>Indice dei Testi:<\/strong><\/span><\/p>\n<p>&nbsp;<\/p>\n<p><span ><em>Filastrocche:<\/em><\/span><\/p>\n<p>Apelle figlio di Apollo<\/p>\n<p>La bella lavanderina<\/p>\n<p>Piazza bella piazza<\/p>\n<p>Volta la carta<\/p>\n<p>Madonna pollaiola<\/p>\n<p>Seta moneta<\/p>\n<p>I mesi<\/p>\n<p>La Peppina fa il caff\u00e8<\/p>\n<p>Domani \u00e8 festa<\/p>\n<p>Tamburin di Francia<\/p>\n<p>Staccia buratta<\/p>\n<p>Piove<\/p>\n<p>Il gallo di San Michele<\/p>\n<p>Cavallino arr\u00ec arr\u00f2<\/p>\n<p>Palla pallina<\/p>\n<p>Batti le manine<\/p>\n<p>La pigrizia and\u00f2 al mercato<\/p>\n<p>&nbsp;<\/p>\n<p><span ><em> Ninna nanne:\u00a0<\/em><\/span><\/p>\n<p>Stella stellina<\/p>\n<p>Fate la nanna coscine di pollo<\/p>\n<p>Ninna nanna, Ninna oh<\/p>\n<p>E&#8217; stato il vento<\/p>\n<p>Fate la nanna che \u00e8 passato il lupo<\/p>\n<p>Acqua santa che mi bagna<\/p>\n<p>Sonno, sonno della cotolessa<\/p>\n<p>Ninna nanna sette e venti<\/p>\n<p>Nanna cuneta<\/p>\n<p>Fai la nanna bel ciocione<\/p>\n<p>Sonno sonnaio<\/p>\n<p>&nbsp;<\/p>\n<p><em><span >Conte:\u00a0<\/span><\/em><\/p>\n<p>Sotto la cappa del camino<\/p>\n<p>Ambarab\u00e0 Cicc\u00ec Cocc\u00f2<\/p>\n<p>Au li ul\u00e8<\/p>\n<p>Enchete, penchete, puffitin\u00e8<\/p>\n<p>L&#8217;uccellin che vien dal mare<\/p>\n<p>Passa Paperino<\/p>\n<p>Cade una bomba in mezzo al mare<\/p>\n<p>Piso pisello<\/p>\n<p>Pin pin cavalin<\/p>\n<p>Pan biscotto<\/p>\n<p>&nbsp;<\/p>\n<p><span><span ><strong>MammaRaccontami&#8230;<\/strong><\/span><\/span><\/p>\n<p>di Jolanda Restano<\/p>\n<p><a href=\"http:\/\/www.edizionifioridicampo.it\/\" target=\"_blank\">Edizioni Fiori di Campo<\/a><\/p>\n<p>Lire 10.000 (5.16457 Euro)<\/p>\n<p>Copertina a colori, interno in bianco e nero, 48 pagine.<\/p>\n","protected":false},"excerpt":{"rendered":"<p>I libri della settimana Apelle figlio d&#8217;Apollo&#8230; di Giancarlo Macaluso Dal &#8220;Giornale di Sicilia&#8220; &#8211; 15 Gennaio 2002 &nbsp; \u201cMammaRaccontami\u2026\u201d di Jolanda Restano, una preziosa, piccola raccolta di componimenti per bambini della tradizione italiana. Il piccolo libro nasce dall\u2019esperienza fatta da Jolanda con il sito Internet www.filastrocche.it che, partito come piccola iniziativa personale volta a [&hellip;]<\/p>\n","protected":false},"author":17,"featured_media":0,"parent":52401,"menu_order":0,"comment_status":"open","ping_status":"open","template":"","meta":{"footnotes":""},"class_list":["post-53499","page","type-page","status-publish","hentry"],"yoast_head":"<!-- This site is optimized with the Yoast SEO plugin v26.2 - https:\/\/yoast.com\/wordpress\/plugins\/seo\/ -->\n<title>Apelle figlio d\u2019Apollo\u2026 - I testi della tradizione di Filastrocche.it<\/title>\n<meta name=\"robots\" content=\"index, follow, max-snippet:-1, max-image-preview:large, max-video-preview:-1\" \/>\n<link rel=\"canonical\" href=\"https:\/\/www.filastrocche.it\/contenuti\/dicono-di-noi\/rassegna-stampa-dellanno-2002\/apelle-figlio-dapollo\/\" \/>\n<meta property=\"og:locale\" content=\"it_IT\" \/>\n<meta property=\"og:type\" content=\"article\" \/>\n<meta property=\"og:title\" content=\"Apelle figlio d\u2019Apollo\u2026 - I testi della tradizione di Filastrocche.it\" \/>\n<meta property=\"og:description\" content=\"I libri della settimana Apelle figlio d&#8217;Apollo&#8230; di Giancarlo Macaluso Dal &#8220;Giornale di Sicilia&#8220; &#8211; 15 Gennaio 2002 &nbsp; \u201cMammaRaccontami\u2026\u201d di Jolanda Restano, una preziosa, piccola raccolta di componimenti per bambini della tradizione italiana. Il piccolo libro nasce dall\u2019esperienza fatta da Jolanda con il sito Internet www.filastrocche.it che, partito come piccola iniziativa personale volta a [&hellip;]\" \/>\n<meta property=\"og:url\" content=\"https:\/\/www.filastrocche.it\/contenuti\/dicono-di-noi\/rassegna-stampa-dellanno-2002\/apelle-figlio-dapollo\/\" \/>\n<meta property=\"og:site_name\" content=\"I testi della tradizione di Filastrocche.it\" \/>\n<meta property=\"article:modified_time\" content=\"2012-06-14T10:33:46+00:00\" \/>\n<meta name=\"twitter:label1\" content=\"Tempo di lettura stimato\" \/>\n\t<meta name=\"twitter:data1\" content=\"2 minuti\" \/>\n<!-- \/ Yoast SEO plugin. -->","yoast_head_json":{"title":"Apelle figlio d\u2019Apollo\u2026 - I testi della tradizione di Filastrocche.it","robots":{"index":"index","follow":"follow","max-snippet":"max-snippet:-1","max-image-preview":"max-image-preview:large","max-video-preview":"max-video-preview:-1"},"canonical":"https:\/\/www.filastrocche.it\/contenuti\/dicono-di-noi\/rassegna-stampa-dellanno-2002\/apelle-figlio-dapollo\/","og_locale":"it_IT","og_type":"article","og_title":"Apelle figlio d\u2019Apollo\u2026 - I testi della tradizione di Filastrocche.it","og_description":"I libri della settimana Apelle figlio d&#8217;Apollo&#8230; di Giancarlo Macaluso Dal &#8220;Giornale di Sicilia&#8220; &#8211; 15 Gennaio 2002 &nbsp; \u201cMammaRaccontami\u2026\u201d di Jolanda Restano, una preziosa, piccola raccolta di componimenti per bambini della tradizione italiana. Il piccolo libro nasce dall\u2019esperienza fatta da Jolanda con il sito Internet www.filastrocche.it che, partito come piccola iniziativa personale volta a [&hellip;]","og_url":"https:\/\/www.filastrocche.it\/contenuti\/dicono-di-noi\/rassegna-stampa-dellanno-2002\/apelle-figlio-dapollo\/","og_site_name":"I testi della tradizione di Filastrocche.it","article_modified_time":"2012-06-14T10:33:46+00:00","twitter_misc":{"Tempo di lettura stimato":"2 minuti"},"schema":{"@context":"https:\/\/schema.org","@graph":[{"@type":"WebPage","@id":"https:\/\/www.filastrocche.it\/contenuti\/dicono-di-noi\/rassegna-stampa-dellanno-2002\/apelle-figlio-dapollo\/","url":"https:\/\/www.filastrocche.it\/contenuti\/dicono-di-noi\/rassegna-stampa-dellanno-2002\/apelle-figlio-dapollo\/","name":"Apelle figlio d\u2019Apollo\u2026 - I testi della tradizione di Filastrocche.it","isPartOf":{"@id":"https:\/\/www.filastrocche.it\/contenuti\/#website"},"datePublished":"2012-06-14T10:31:32+00:00","dateModified":"2012-06-14T10:33:46+00:00","breadcrumb":{"@id":"https:\/\/www.filastrocche.it\/contenuti\/dicono-di-noi\/rassegna-stampa-dellanno-2002\/apelle-figlio-dapollo\/#breadcrumb"},"inLanguage":"it-IT","potentialAction":[{"@type":"ReadAction","target":["https:\/\/www.filastrocche.it\/contenuti\/dicono-di-noi\/rassegna-stampa-dellanno-2002\/apelle-figlio-dapollo\/"]}]},{"@type":"BreadcrumbList","@id":"https:\/\/www.filastrocche.it\/contenuti\/dicono-di-noi\/rassegna-stampa-dellanno-2002\/apelle-figlio-dapollo\/#breadcrumb","itemListElement":[{"@type":"ListItem","position":1,"name":"Home","item":"https:\/\/www.filastrocche.it\/contenuti\/"},{"@type":"ListItem","position":2,"name":"Dicono di noi","item":"https:\/\/www.filastrocche.it\/contenuti\/dicono-di-noi\/"},{"@type":"ListItem","position":3,"name":"Rassegna stampa dell&#8217;anno 2002","item":"https:\/\/www.filastrocche.it\/contenuti\/dicono-di-noi\/rassegna-stampa-dellanno-2002\/"},{"@type":"ListItem","position":4,"name":"Apelle figlio d\u2019Apollo\u2026"}]},{"@type":"WebSite","@id":"https:\/\/www.filastrocche.it\/contenuti\/#website","url":"https:\/\/www.filastrocche.it\/contenuti\/","name":"I testi della tradizione di Filastrocche.it","description":"Filastrocche, fiabe, canzoni e...","potentialAction":[{"@type":"SearchAction","target":{"@type":"EntryPoint","urlTemplate":"https:\/\/www.filastrocche.it\/contenuti\/?s={search_term_string}"},"query-input":{"@type":"PropertyValueSpecification","valueRequired":true,"valueName":"search_term_string"}}],"inLanguage":"it-IT"}]}},"_links":{"self":[{"href":"https:\/\/www.filastrocche.it\/contenuti\/wp-json\/wp\/v2\/pages\/53499","targetHints":{"allow":["GET"]}}],"collection":[{"href":"https:\/\/www.filastrocche.it\/contenuti\/wp-json\/wp\/v2\/pages"}],"about":[{"href":"https:\/\/www.filastrocche.it\/contenuti\/wp-json\/wp\/v2\/types\/page"}],"author":[{"embeddable":true,"href":"https:\/\/www.filastrocche.it\/contenuti\/wp-json\/wp\/v2\/users\/17"}],"replies":[{"embeddable":true,"href":"https:\/\/www.filastrocche.it\/contenuti\/wp-json\/wp\/v2\/comments?post=53499"}],"version-history":[{"count":0,"href":"https:\/\/www.filastrocche.it\/contenuti\/wp-json\/wp\/v2\/pages\/53499\/revisions"}],"up":[{"embeddable":true,"href":"https:\/\/www.filastrocche.it\/contenuti\/wp-json\/wp\/v2\/pages\/52401"}],"wp:attachment":[{"href":"https:\/\/www.filastrocche.it\/contenuti\/wp-json\/wp\/v2\/media?parent=53499"}],"curies":[{"name":"wp","href":"https:\/\/api.w.org\/{rel}","templated":true}]}}