{"id":53513,"date":"2012-06-14T10:35:09","date_gmt":"2012-06-14T10:35:09","guid":{"rendered":"https:\/\/www.filastrocche.it\/contenuti\/?page_id=53513"},"modified":"2012-06-14T10:35:33","modified_gmt":"2012-06-14T10:35:33","slug":"www-filastrocche-it-per-ricordare-le-filastrocche-piu-belle","status":"publish","type":"page","link":"https:\/\/www.filastrocche.it\/contenuti\/dicono-di-noi\/rassegna-stampa-dellanno-2002\/www-filastrocche-it-per-ricordare-le-filastrocche-piu-belle\/","title":{"rendered":"www.filastrocche.it. Per ricordare le filastrocche pi\u00f9 belle"},"content":{"rendered":"<p><span >Sito della settimana<\/span><span ><br \/>\n<\/span><strong><span >www.filastrocche.it<\/span><\/strong><br \/>\n<strong><span >Per ricordare le filastrocche pi\u00f9 belle<\/span><\/strong><\/p>\n<p><span><strong><br \/>\n<\/strong>Da<\/span><span > &#8220;<a href=\"http:\/\/www.italica.rai.it\/index.htm\" target=\"_blank\"><strong>Italica<\/strong><\/a>&#8220;<\/span> &#8211;<br \/>\nServizio di Rai International &#8211; Gennaio 2002<\/p>\n<p>&nbsp;<\/p>\n<p>Filastrocche.it \u00e8 un sito realizzato con rara attenzione, dedicato all&#8217;intrattenimento dei pi\u00f9 piccoli e alla malinconia degli adulti, che non sanno resistere alla tentazione di tornare bambini. Il database interno contiene circa settemila testi tra canzoni, barzellette, ninne nanne, poesie ed indovinelli, arricchite da disegni e vignette che trasformano questa iniziativa in un&#8217;oasi di sogni per l&#8217;infanzia, dove trovare tanti spunti adatti a sollecitare la fantasia dei piccini. Le filastrocche sono in buona parte accompagnate da un file midi che offre la base musicale su cui cantarle, ascoltabili attraverso un software fornito dal sito stesso.<\/p>\n","protected":false},"excerpt":{"rendered":"<p>Sito della settimana www.filastrocche.it Per ricordare le filastrocche pi\u00f9 belle Da &#8220;Italica&#8220; &#8211; Servizio di Rai International &#8211; Gennaio 2002 &nbsp; Filastrocche.it \u00e8 un sito realizzato con rara attenzione, dedicato all&#8217;intrattenimento dei pi\u00f9 piccoli e alla malinconia degli adulti, che non sanno resistere alla tentazione di tornare bambini. Il database interno contiene circa settemila testi [&hellip;]<\/p>\n","protected":false},"author":17,"featured_media":0,"parent":52401,"menu_order":0,"comment_status":"open","ping_status":"open","template":"","meta":{"footnotes":""},"class_list":["post-53513","page","type-page","status-publish","hentry"],"yoast_head":"<!-- This site is optimized with the Yoast SEO plugin v26.2 - https:\/\/yoast.com\/wordpress\/plugins\/seo\/ -->\n<title>www.filastrocche.it. Per ricordare le filastrocche pi\u00f9 belle - I testi della tradizione di Filastrocche.it<\/title>\n<meta name=\"robots\" content=\"index, follow, max-snippet:-1, max-image-preview:large, max-video-preview:-1\" \/>\n<link rel=\"canonical\" href=\"https:\/\/www.filastrocche.it\/contenuti\/dicono-di-noi\/rassegna-stampa-dellanno-2002\/www-filastrocche-it-per-ricordare-le-filastrocche-piu-belle\/\" \/>\n<meta property=\"og:locale\" content=\"it_IT\" \/>\n<meta property=\"og:type\" content=\"article\" \/>\n<meta property=\"og:title\" content=\"www.filastrocche.it. Per ricordare le filastrocche pi\u00f9 belle - I testi della tradizione di Filastrocche.it\" \/>\n<meta property=\"og:description\" content=\"Sito della settimana www.filastrocche.it Per ricordare le filastrocche pi\u00f9 belle Da &#8220;Italica&#8220; &#8211; Servizio di Rai International &#8211; Gennaio 2002 &nbsp; Filastrocche.it \u00e8 un sito realizzato con rara attenzione, dedicato all&#8217;intrattenimento dei pi\u00f9 piccoli e alla malinconia degli adulti, che non sanno resistere alla tentazione di tornare bambini. Il database interno contiene circa settemila testi [&hellip;]\" \/>\n<meta property=\"og:url\" content=\"https:\/\/www.filastrocche.it\/contenuti\/dicono-di-noi\/rassegna-stampa-dellanno-2002\/www-filastrocche-it-per-ricordare-le-filastrocche-piu-belle\/\" \/>\n<meta property=\"og:site_name\" content=\"I testi della tradizione di Filastrocche.it\" \/>\n<meta property=\"article:modified_time\" content=\"2012-06-14T10:35:33+00:00\" \/>\n<meta name=\"twitter:label1\" content=\"Tempo di lettura stimato\" \/>\n\t<meta name=\"twitter:data1\" content=\"1 minuto\" \/>\n<!-- \/ Yoast SEO plugin. -->","yoast_head_json":{"title":"www.filastrocche.it. Per ricordare le filastrocche pi\u00f9 belle - I testi della tradizione di Filastrocche.it","robots":{"index":"index","follow":"follow","max-snippet":"max-snippet:-1","max-image-preview":"max-image-preview:large","max-video-preview":"max-video-preview:-1"},"canonical":"https:\/\/www.filastrocche.it\/contenuti\/dicono-di-noi\/rassegna-stampa-dellanno-2002\/www-filastrocche-it-per-ricordare-le-filastrocche-piu-belle\/","og_locale":"it_IT","og_type":"article","og_title":"www.filastrocche.it. Per ricordare le filastrocche pi\u00f9 belle - I testi della tradizione di Filastrocche.it","og_description":"Sito della settimana www.filastrocche.it Per ricordare le filastrocche pi\u00f9 belle Da &#8220;Italica&#8220; &#8211; Servizio di Rai International &#8211; Gennaio 2002 &nbsp; Filastrocche.it \u00e8 un sito realizzato con rara attenzione, dedicato all&#8217;intrattenimento dei pi\u00f9 piccoli e alla malinconia degli adulti, che non sanno resistere alla tentazione di tornare bambini. Il database interno contiene circa settemila testi [&hellip;]","og_url":"https:\/\/www.filastrocche.it\/contenuti\/dicono-di-noi\/rassegna-stampa-dellanno-2002\/www-filastrocche-it-per-ricordare-le-filastrocche-piu-belle\/","og_site_name":"I testi della tradizione di Filastrocche.it","article_modified_time":"2012-06-14T10:35:33+00:00","twitter_misc":{"Tempo di lettura stimato":"1 minuto"},"schema":{"@context":"https:\/\/schema.org","@graph":[{"@type":"WebPage","@id":"https:\/\/www.filastrocche.it\/contenuti\/dicono-di-noi\/rassegna-stampa-dellanno-2002\/www-filastrocche-it-per-ricordare-le-filastrocche-piu-belle\/","url":"https:\/\/www.filastrocche.it\/contenuti\/dicono-di-noi\/rassegna-stampa-dellanno-2002\/www-filastrocche-it-per-ricordare-le-filastrocche-piu-belle\/","name":"www.filastrocche.it. Per ricordare le filastrocche pi\u00f9 belle - I testi della tradizione di Filastrocche.it","isPartOf":{"@id":"https:\/\/www.filastrocche.it\/contenuti\/#website"},"datePublished":"2012-06-14T10:35:09+00:00","dateModified":"2012-06-14T10:35:33+00:00","breadcrumb":{"@id":"https:\/\/www.filastrocche.it\/contenuti\/dicono-di-noi\/rassegna-stampa-dellanno-2002\/www-filastrocche-it-per-ricordare-le-filastrocche-piu-belle\/#breadcrumb"},"inLanguage":"it-IT","potentialAction":[{"@type":"ReadAction","target":["https:\/\/www.filastrocche.it\/contenuti\/dicono-di-noi\/rassegna-stampa-dellanno-2002\/www-filastrocche-it-per-ricordare-le-filastrocche-piu-belle\/"]}]},{"@type":"BreadcrumbList","@id":"https:\/\/www.filastrocche.it\/contenuti\/dicono-di-noi\/rassegna-stampa-dellanno-2002\/www-filastrocche-it-per-ricordare-le-filastrocche-piu-belle\/#breadcrumb","itemListElement":[{"@type":"ListItem","position":1,"name":"Home","item":"https:\/\/www.filastrocche.it\/contenuti\/"},{"@type":"ListItem","position":2,"name":"Dicono di noi","item":"https:\/\/www.filastrocche.it\/contenuti\/dicono-di-noi\/"},{"@type":"ListItem","position":3,"name":"Rassegna stampa dell&#8217;anno 2002","item":"https:\/\/www.filastrocche.it\/contenuti\/dicono-di-noi\/rassegna-stampa-dellanno-2002\/"},{"@type":"ListItem","position":4,"name":"www.filastrocche.it. Per ricordare le filastrocche pi\u00f9 belle"}]},{"@type":"WebSite","@id":"https:\/\/www.filastrocche.it\/contenuti\/#website","url":"https:\/\/www.filastrocche.it\/contenuti\/","name":"I testi della tradizione di Filastrocche.it","description":"Filastrocche, fiabe, canzoni e...","potentialAction":[{"@type":"SearchAction","target":{"@type":"EntryPoint","urlTemplate":"https:\/\/www.filastrocche.it\/contenuti\/?s={search_term_string}"},"query-input":{"@type":"PropertyValueSpecification","valueRequired":true,"valueName":"search_term_string"}}],"inLanguage":"it-IT"}]}},"_links":{"self":[{"href":"https:\/\/www.filastrocche.it\/contenuti\/wp-json\/wp\/v2\/pages\/53513","targetHints":{"allow":["GET"]}}],"collection":[{"href":"https:\/\/www.filastrocche.it\/contenuti\/wp-json\/wp\/v2\/pages"}],"about":[{"href":"https:\/\/www.filastrocche.it\/contenuti\/wp-json\/wp\/v2\/types\/page"}],"author":[{"embeddable":true,"href":"https:\/\/www.filastrocche.it\/contenuti\/wp-json\/wp\/v2\/users\/17"}],"replies":[{"embeddable":true,"href":"https:\/\/www.filastrocche.it\/contenuti\/wp-json\/wp\/v2\/comments?post=53513"}],"version-history":[{"count":0,"href":"https:\/\/www.filastrocche.it\/contenuti\/wp-json\/wp\/v2\/pages\/53513\/revisions"}],"up":[{"embeddable":true,"href":"https:\/\/www.filastrocche.it\/contenuti\/wp-json\/wp\/v2\/pages\/52401"}],"wp:attachment":[{"href":"https:\/\/www.filastrocche.it\/contenuti\/wp-json\/wp\/v2\/media?parent=53513"}],"curies":[{"name":"wp","href":"https:\/\/api.w.org\/{rel}","templated":true}]}}