{"id":53531,"date":"2012-06-14T10:40:07","date_gmt":"2012-06-14T10:40:07","guid":{"rendered":"https:\/\/www.filastrocche.it\/contenuti\/?page_id=53531"},"modified":"2012-06-14T10:40:07","modified_gmt":"2012-06-14T10:40:07","slug":"www-filastrocche-it-3","status":"publish","type":"page","link":"https:\/\/www.filastrocche.it\/contenuti\/dicono-di-noi\/rassegna-stampa-dellanno-2002\/www-filastrocche-it-3\/","title":{"rendered":"www.filastrocche.it"},"content":{"rendered":"<p><span >Sito della settimana (dal 27 dicembre 2001 al 3 gennaio 2002)<\/span><span ><br \/>\nwww.filastrocche.it<\/span><\/p>\n<p><span ><br \/>\n<\/span><em><span >di Massimiliano Capalbo<br \/>\n<\/span><\/em><span>Da<span > &#8220;<a href=\"http:\/\/www.giornaledicalabria.it\/\" target=\"_blank\"><strong>Il Giornale di Calabria<\/strong><\/a><\/span><\/span><\/p>\n<p>&nbsp;<\/p>\n<p>Che sia un sito dedicato ai bambini lo si capisce immediatamente dai tanti indicatori presenti: dalla grafica ai colori, dal tipo di font utilizzato al dominio che lo contraddistingue.<br \/>\nIl target, ovviamente, \u00e8 quello dei genitori che navigano sul web e che ricercano fiabe, filastrocche, barzellette, poesie, ninne nanne, indovinelli e giochi per i propri pargoli. Chi lo desidera pu\u00f2 anche inviare la foto del proprio bambino da pubblicare in home page oppure pu\u00f2 iscriversi alla newsletter settimanale e ricevere ogni venerd\u00ec nella propria casella di posta una filastrocca sempre nuova.<br \/>\nAnche chi \u00e8 alla ricerca di vecchie e antiche filastrocche pu\u00f2 inviare un appello per richiedere di effettuare le opportune ricerche e ritrovare la tanto amata canzoncina.<br \/>\nI poeti in erba, invece, hanno a disposizione uno spazio loro dedicato per pubblicare i propri elaborati. Su questo sito \u00e8 possibile trovare anche una vasta letteratura per bambini, italiana e straniera, divisa per autori e titoli. Molto ricca anche la sezione dei link ai siti dedicati ai bambini.<br \/>\nGrazie alla partnership con Amazon.com, Internet Bookshop Italia, ToyCenter.it e Partysmile.com, Filastrocche.it offre ai suoi utenti la possibilit\u00e0 di acquistare on line una serie di prodotti adatti ed utili per i pi\u00f9 piccoli, dai libri ai giochi alle videocassette alla musica. Infine, per stimolare la creativit\u00e0 dei bimbi, \u00e8 stata ideata una sezione chiamata &#8220;creiamo&#8221; all&#8217;interno della quale si trovano le istruzioni per creare biglietti d&#8217;auguri, di compleanno, buste, segnaposto e segnalibri.<br \/>\nA proposito di segnalibri, affrettatevi a mettere il sito tra quelli elettronici del vostro browser, meglio conosciuti come preferiti, se lo merita!<\/p>\n","protected":false},"excerpt":{"rendered":"<p>Sito della settimana (dal 27 dicembre 2001 al 3 gennaio 2002) www.filastrocche.it di Massimiliano Capalbo Da &#8220;Il Giornale di Calabria &nbsp; Che sia un sito dedicato ai bambini lo si capisce immediatamente dai tanti indicatori presenti: dalla grafica ai colori, dal tipo di font utilizzato al dominio che lo contraddistingue. Il target, ovviamente, \u00e8 quello [&hellip;]<\/p>\n","protected":false},"author":17,"featured_media":0,"parent":52401,"menu_order":0,"comment_status":"open","ping_status":"open","template":"","meta":{"footnotes":""},"class_list":["post-53531","page","type-page","status-publish","hentry"],"yoast_head":"<!-- This site is optimized with the Yoast SEO plugin v26.2 - https:\/\/yoast.com\/wordpress\/plugins\/seo\/ -->\n<title>www.filastrocche.it - I testi della tradizione di Filastrocche.it<\/title>\n<meta name=\"robots\" content=\"index, follow, max-snippet:-1, max-image-preview:large, max-video-preview:-1\" \/>\n<link rel=\"canonical\" href=\"https:\/\/www.filastrocche.it\/contenuti\/dicono-di-noi\/rassegna-stampa-dellanno-2002\/www-filastrocche-it-3\/\" \/>\n<meta property=\"og:locale\" content=\"it_IT\" \/>\n<meta property=\"og:type\" content=\"article\" \/>\n<meta property=\"og:title\" content=\"www.filastrocche.it - I testi della tradizione di Filastrocche.it\" \/>\n<meta property=\"og:description\" content=\"Sito della settimana (dal 27 dicembre 2001 al 3 gennaio 2002) www.filastrocche.it di Massimiliano Capalbo Da &#8220;Il Giornale di Calabria &nbsp; Che sia un sito dedicato ai bambini lo si capisce immediatamente dai tanti indicatori presenti: dalla grafica ai colori, dal tipo di font utilizzato al dominio che lo contraddistingue. Il target, ovviamente, \u00e8 quello [&hellip;]\" \/>\n<meta property=\"og:url\" content=\"https:\/\/www.filastrocche.it\/contenuti\/dicono-di-noi\/rassegna-stampa-dellanno-2002\/www-filastrocche-it-3\/\" \/>\n<meta property=\"og:site_name\" content=\"I testi della tradizione di Filastrocche.it\" \/>\n<meta name=\"twitter:label1\" content=\"Tempo di lettura stimato\" \/>\n\t<meta name=\"twitter:data1\" content=\"1 minuto\" \/>\n<!-- \/ Yoast SEO plugin. -->","yoast_head_json":{"title":"www.filastrocche.it - I testi della tradizione di Filastrocche.it","robots":{"index":"index","follow":"follow","max-snippet":"max-snippet:-1","max-image-preview":"max-image-preview:large","max-video-preview":"max-video-preview:-1"},"canonical":"https:\/\/www.filastrocche.it\/contenuti\/dicono-di-noi\/rassegna-stampa-dellanno-2002\/www-filastrocche-it-3\/","og_locale":"it_IT","og_type":"article","og_title":"www.filastrocche.it - I testi della tradizione di Filastrocche.it","og_description":"Sito della settimana (dal 27 dicembre 2001 al 3 gennaio 2002) www.filastrocche.it di Massimiliano Capalbo Da &#8220;Il Giornale di Calabria &nbsp; Che sia un sito dedicato ai bambini lo si capisce immediatamente dai tanti indicatori presenti: dalla grafica ai colori, dal tipo di font utilizzato al dominio che lo contraddistingue. Il target, ovviamente, \u00e8 quello [&hellip;]","og_url":"https:\/\/www.filastrocche.it\/contenuti\/dicono-di-noi\/rassegna-stampa-dellanno-2002\/www-filastrocche-it-3\/","og_site_name":"I testi della tradizione di Filastrocche.it","twitter_misc":{"Tempo di lettura stimato":"1 minuto"},"schema":{"@context":"https:\/\/schema.org","@graph":[{"@type":"WebPage","@id":"https:\/\/www.filastrocche.it\/contenuti\/dicono-di-noi\/rassegna-stampa-dellanno-2002\/www-filastrocche-it-3\/","url":"https:\/\/www.filastrocche.it\/contenuti\/dicono-di-noi\/rassegna-stampa-dellanno-2002\/www-filastrocche-it-3\/","name":"www.filastrocche.it - I testi della tradizione di Filastrocche.it","isPartOf":{"@id":"https:\/\/www.filastrocche.it\/contenuti\/#website"},"datePublished":"2012-06-14T10:40:07+00:00","breadcrumb":{"@id":"https:\/\/www.filastrocche.it\/contenuti\/dicono-di-noi\/rassegna-stampa-dellanno-2002\/www-filastrocche-it-3\/#breadcrumb"},"inLanguage":"it-IT","potentialAction":[{"@type":"ReadAction","target":["https:\/\/www.filastrocche.it\/contenuti\/dicono-di-noi\/rassegna-stampa-dellanno-2002\/www-filastrocche-it-3\/"]}]},{"@type":"BreadcrumbList","@id":"https:\/\/www.filastrocche.it\/contenuti\/dicono-di-noi\/rassegna-stampa-dellanno-2002\/www-filastrocche-it-3\/#breadcrumb","itemListElement":[{"@type":"ListItem","position":1,"name":"Home","item":"https:\/\/www.filastrocche.it\/contenuti\/"},{"@type":"ListItem","position":2,"name":"Dicono di noi","item":"https:\/\/www.filastrocche.it\/contenuti\/dicono-di-noi\/"},{"@type":"ListItem","position":3,"name":"Rassegna stampa dell&#8217;anno 2002","item":"https:\/\/www.filastrocche.it\/contenuti\/dicono-di-noi\/rassegna-stampa-dellanno-2002\/"},{"@type":"ListItem","position":4,"name":"www.filastrocche.it"}]},{"@type":"WebSite","@id":"https:\/\/www.filastrocche.it\/contenuti\/#website","url":"https:\/\/www.filastrocche.it\/contenuti\/","name":"I testi della tradizione di Filastrocche.it","description":"Filastrocche, fiabe, canzoni e...","potentialAction":[{"@type":"SearchAction","target":{"@type":"EntryPoint","urlTemplate":"https:\/\/www.filastrocche.it\/contenuti\/?s={search_term_string}"},"query-input":{"@type":"PropertyValueSpecification","valueRequired":true,"valueName":"search_term_string"}}],"inLanguage":"it-IT"}]}},"_links":{"self":[{"href":"https:\/\/www.filastrocche.it\/contenuti\/wp-json\/wp\/v2\/pages\/53531","targetHints":{"allow":["GET"]}}],"collection":[{"href":"https:\/\/www.filastrocche.it\/contenuti\/wp-json\/wp\/v2\/pages"}],"about":[{"href":"https:\/\/www.filastrocche.it\/contenuti\/wp-json\/wp\/v2\/types\/page"}],"author":[{"embeddable":true,"href":"https:\/\/www.filastrocche.it\/contenuti\/wp-json\/wp\/v2\/users\/17"}],"replies":[{"embeddable":true,"href":"https:\/\/www.filastrocche.it\/contenuti\/wp-json\/wp\/v2\/comments?post=53531"}],"version-history":[{"count":0,"href":"https:\/\/www.filastrocche.it\/contenuti\/wp-json\/wp\/v2\/pages\/53531\/revisions"}],"up":[{"embeddable":true,"href":"https:\/\/www.filastrocche.it\/contenuti\/wp-json\/wp\/v2\/pages\/52401"}],"wp:attachment":[{"href":"https:\/\/www.filastrocche.it\/contenuti\/wp-json\/wp\/v2\/media?parent=53531"}],"curies":[{"name":"wp","href":"https:\/\/api.w.org\/{rel}","templated":true}]}}