{"id":53629,"date":"2012-06-15T08:18:44","date_gmt":"2012-06-15T08:18:44","guid":{"rendered":"https:\/\/www.filastrocche.it\/contenuti\/?page_id=53629"},"modified":"2012-06-15T08:20:32","modified_gmt":"2012-06-15T08:20:32","slug":"natale-in-rima-filastrocche-it-si-prepara-ad-ampliare-la-sezione-dedicata-alle-festivita","status":"publish","type":"page","link":"https:\/\/www.filastrocche.it\/contenuti\/dicono-di-noi\/rassegna-stampa-dellanno-2000\/natale-in-rima-filastrocche-it-si-prepara-ad-ampliare-la-sezione-dedicata-alle-festivita\/","title":{"rendered":"Natale in rima. Filastrocche.it si prepara ad ampliare la sezione dedicata alle festivit\u00e0."},"content":{"rendered":"<p>Da <span > &#8220;<a href=\"http:\/\/www.tornado-insider.com\/news\/it\/\" target=\"_blank\"><strong>Nexplora<\/strong><\/a>&#8221; <\/span>(oggi <a href=\"http:\/\/www.tornado-insider.com\/news\/it\/\" target=\"_blank\"><strong> Tornado Insider<\/strong><\/a>) &#8211; 4 dicembre 2000<\/p>\n<p>&nbsp;<\/p>\n<p><span >Filastrocche.it si prepara ad ampliare la sezione dedicata alle festivit\u00e0. Il sito italiano di ritornelli per bamini \u00e8 da poco presente anche nell&#8217;e-commerce, e vanta gi\u00e0 una partnership con Amazon<br \/>\n<em>di Domenico Coviello<\/em><\/span><\/p>\n<p>&nbsp;<\/p>\n<p><span>&#8220;Un sito per bambini e per adulti che non vogliono dimenticare la loro infanzia!&#8221;. Antoine de Saint-Exupery, il padre del Piccolo Principe, potrebbe sottoscrivere questa massima, che riassume lo spirito dell&#8217;italiano <a href=\"https:\/\/www.filastrocche.it\" target=\"_blank\"><strong>Filastrocche.it<\/strong><\/a>. Nato come sito amatoriale per bambini grazie all&#8217;iniziativa di una mamma in attesa, il portale si \u00e8 gi\u00e0 assicurato una partnership nel commercio elettronico con<br \/>\n<a href=\"http:\/\/www.amazon.com\/exec\/obidos\/redirect-home\/filastroccheit\" target=\"_blank\"> <strong> Amazon.com<\/strong><\/a> e <a href=\"http:\/\/www.internetbookshop.it\/hme\/hmepge.asp?shop=635\" target=\"_blank\"><strong>Internet Bookshop Italia<\/strong><\/a>, e ora guarda alle grandi case dei prodotti per l&#8217;infanzia.<\/span><br \/>\n<span>&#8220;In vista del Natale &#8211; anticipa Jolanda Restano, la mamma di <a href=\"https:\/\/www.filastrocche.it\" target=\"_blank\"><strong>Filastrocche.it <\/strong><\/a>&#8211; amplier\u00f2 la sezione dedicata alle filastrocche sulla festivit\u00e0, pubblicando quelle che i lettori mi invieranno per l&#8217;occasione&#8221;. La Restano \u00e8 oggi una giovane mamma milanese; nella\u00a0 scorsa primavera mentre era a casa per maternit\u00e0 ha creato questo sito che realizza una sua vecchia passione: le filastrocche, le\u00a0 ninne nanne, gli scioglilingua e gli indovinelli. Un piccolo archivio della tradizione orale andato online lo scorso aprile, che si va\u00a0 progressivamente arricchendo anche grazie ai contributi dei lettori piccoli e grandi, e che offre una newsletter settimanale.<\/span><br \/>\n<span>&#8220;Un grafico ridisegner\u00e0 e arricchir\u00e0 presto l&#8217;home page del sito &#8211; spiega l&#8217;ideatrice &#8211; e inserir\u00f2 a breve file audio con filastrocche\u00a0 recitate e cantate&#8221;. Insomma, se il progetto \u00e8 nato per ammazzare il tempo di un&#8217;attesa che sembrava non passare mai, la mamma\u00a0 imprenditrice sembra sapere il fatto suo: &#8220;Mi ero limitata a inserire su pagine web abbastanza scarne una decina di filastrocche che\u00a0 conoscevo &#8211; spiega infatti la Restano &#8211; poi feci un po&#8217; di marketing rivolgendomi ai principali motori di ricerca e scrivendo a qualche\u00a0 rivista specializzata. Avevo gi\u00e0 esperienza della rete, avendo curato il sito di pubblicazioni mediche Sameint.it, poi diventato\u00a0 Dica33.it&#8221;.<\/span><br \/>\n<span>Effettivamente in pochi mesi di vita <a href=\"https:\/\/www.filastrocche.it\" target=\"_blank\"><strong>Filastrocche.it <\/strong><\/a>ha saputo farsi conoscere e oggi il sito conta una media di 300 visitatori al\u00a0 giorno, tra mamme, nonni e bambini. E Jolanda deve dedicare agli aggiornamenti che il sito richiede 4 ore al giorno. &#8220;Il prossimo\u00a0 passo \u00e8 commerciale &#8211; racconta &#8211; quando raggiungeremo un numero di visitatori accattivante potremo contattare societ\u00e0 come\u00a0 Chicco o Plasmon e anche quel supermarket virtuale dedicato ai bimbi che \u00e8 babymarket.it&#8221;.<\/span><br \/>\n<span>Nell&#8217;attesa, su <a href=\"https:\/\/www.filastrocche.it\" target=\"_blank\"><strong>Filastrocche.it <\/strong><\/a>\u00e8 gi\u00e0 presente da un mese una sezione per il commercio elettronico. &#8220;C&#8217;\u00e8 un accordo con\u00a0 <a href=\"http:\/\/www.amazon.com\/exec\/obidos\/redirect-home\/filastroccheit\" target=\"_blank\"><strong>Amazon.com<\/strong><\/a> e con <a href=\"http:\/\/www.internetbookshop.it\/hme\/hmepge.asp?shop=635\" target=\"_blank\"><strong>Internet Bookshop Italia<\/strong><\/a> &#8211; spiega la mamma imprenditrice &#8211; avr\u00f2 una percentuale sui ricavi delle vendite\u00a0 di libri, videocassette, cd e giocattoli accessibili dalle pagine web di questi siti a cui rimando il navigatore che clicca sulla sezione\u00a0 shopping di <a href=\"https:\/\/www.filastrocche.it\" target=\"_blank\"><strong>Filastrocche.it<\/strong><\/a>&#8220;.<\/span><br \/>\n<span>Da sito amatoriale a idea imprenditoriale dunque, anche se l&#8217;avviamento dell&#8217;attivit\u00e0 non ha certo richiesto l&#8217;intervento dei venture\u00a0 capital: &#8220;Per ora ho speso quel centinaio di migliaia di lire necessario all&#8217;acquisto del dominio &#8211; racconta infatti la fondatrice &#8211; ma il costo maggiore sono le tre-quattro ore che ogni giorno dedico a aggiornare e arricchire il mio sito&#8221;.<\/span><br \/>\n<span>In Italia sono moltissime le pagine web con raccolte di fiabe, giochi, novelle e racconti per bambini. Per la ricchezza dei contenuti\u00a0 offerti, <a href=\"https:\/\/www.filastrocche.it\" target=\"_blank\"><strong>Filastrocche.it <\/strong><\/a>sembra puntare in alto, anche se mancano ancora sistemi di monitoraggio del sito che possano far capire di\u00a0 pi\u00f9 sui suoi lettori. All&#8217;estero si stanno sperimentando altre forme di intrattenimento online per bambini, come ad esempio i casi\u00a0 del francese Kazibao, o dello svedese Dobedo, che permettono ai bambini di chattare e di partecipare a forum interattivi. &#8220;In Italia\u00a0 non ci sono siti di questo genere &#8211; spiega per\u00f2 la fondatrice di <a href=\"https:\/\/www.filastrocche.it\" target=\"_blank\"><strong>Filastrocche.it <\/strong><\/a>&#8211; si ha troppa paura dei pedofili. Penso che un\u00a0 bambino che naviga in rete non si debba lasciarlo solo, anche se, intendiamoci, il pericolo della pedofilia non \u00e8 maggiore su Internet\u00a0 rispetto a cosa pu\u00f2 capitare un piccolo in una delle nostre citt\u00e0&#8221;.<\/span><\/p>\n","protected":false},"excerpt":{"rendered":"<p>Da &#8220;Nexplora&#8221; (oggi Tornado Insider) &#8211; 4 dicembre 2000 &nbsp; Filastrocche.it si prepara ad ampliare la sezione dedicata alle festivit\u00e0. Il sito italiano di ritornelli per bamini \u00e8 da poco presente anche nell&#8217;e-commerce, e vanta gi\u00e0 una partnership con Amazon di Domenico Coviello &nbsp; &#8220;Un sito per bambini e per adulti che non vogliono dimenticare [&hellip;]<\/p>\n","protected":false},"author":17,"featured_media":0,"parent":52393,"menu_order":0,"comment_status":"open","ping_status":"open","template":"","meta":{"footnotes":""},"class_list":["post-53629","page","type-page","status-publish","hentry"],"yoast_head":"<!-- This site is optimized with the Yoast SEO plugin v26.2 - https:\/\/yoast.com\/wordpress\/plugins\/seo\/ -->\n<title>Natale in rima. Filastrocche.it si prepara ad ampliare la sezione dedicata alle festivit\u00e0. - I testi della tradizione di Filastrocche.it<\/title>\n<meta name=\"robots\" content=\"index, follow, max-snippet:-1, max-image-preview:large, max-video-preview:-1\" \/>\n<link rel=\"canonical\" href=\"https:\/\/www.filastrocche.it\/contenuti\/dicono-di-noi\/rassegna-stampa-dellanno-2000\/natale-in-rima-filastrocche-it-si-prepara-ad-ampliare-la-sezione-dedicata-alle-festivita\/\" \/>\n<meta property=\"og:locale\" content=\"it_IT\" \/>\n<meta property=\"og:type\" content=\"article\" \/>\n<meta property=\"og:title\" content=\"Natale in rima. Filastrocche.it si prepara ad ampliare la sezione dedicata alle festivit\u00e0. - I testi della tradizione di Filastrocche.it\" \/>\n<meta property=\"og:description\" content=\"Da &#8220;Nexplora&#8221; (oggi Tornado Insider) &#8211; 4 dicembre 2000 &nbsp; Filastrocche.it si prepara ad ampliare la sezione dedicata alle festivit\u00e0. Il sito italiano di ritornelli per bamini \u00e8 da poco presente anche nell&#8217;e-commerce, e vanta gi\u00e0 una partnership con Amazon di Domenico Coviello &nbsp; &#8220;Un sito per bambini e per adulti che non vogliono dimenticare [&hellip;]\" \/>\n<meta property=\"og:url\" content=\"https:\/\/www.filastrocche.it\/contenuti\/dicono-di-noi\/rassegna-stampa-dellanno-2000\/natale-in-rima-filastrocche-it-si-prepara-ad-ampliare-la-sezione-dedicata-alle-festivita\/\" \/>\n<meta property=\"og:site_name\" content=\"I testi della tradizione di Filastrocche.it\" \/>\n<meta property=\"article:modified_time\" content=\"2012-06-15T08:20:32+00:00\" \/>\n<meta name=\"twitter:label1\" content=\"Tempo di lettura stimato\" \/>\n\t<meta name=\"twitter:data1\" content=\"3 minuti\" \/>\n<!-- \/ Yoast SEO plugin. -->","yoast_head_json":{"title":"Natale in rima. Filastrocche.it si prepara ad ampliare la sezione dedicata alle festivit\u00e0. - I testi della tradizione di Filastrocche.it","robots":{"index":"index","follow":"follow","max-snippet":"max-snippet:-1","max-image-preview":"max-image-preview:large","max-video-preview":"max-video-preview:-1"},"canonical":"https:\/\/www.filastrocche.it\/contenuti\/dicono-di-noi\/rassegna-stampa-dellanno-2000\/natale-in-rima-filastrocche-it-si-prepara-ad-ampliare-la-sezione-dedicata-alle-festivita\/","og_locale":"it_IT","og_type":"article","og_title":"Natale in rima. Filastrocche.it si prepara ad ampliare la sezione dedicata alle festivit\u00e0. - I testi della tradizione di Filastrocche.it","og_description":"Da &#8220;Nexplora&#8221; (oggi Tornado Insider) &#8211; 4 dicembre 2000 &nbsp; Filastrocche.it si prepara ad ampliare la sezione dedicata alle festivit\u00e0. Il sito italiano di ritornelli per bamini \u00e8 da poco presente anche nell&#8217;e-commerce, e vanta gi\u00e0 una partnership con Amazon di Domenico Coviello &nbsp; &#8220;Un sito per bambini e per adulti che non vogliono dimenticare [&hellip;]","og_url":"https:\/\/www.filastrocche.it\/contenuti\/dicono-di-noi\/rassegna-stampa-dellanno-2000\/natale-in-rima-filastrocche-it-si-prepara-ad-ampliare-la-sezione-dedicata-alle-festivita\/","og_site_name":"I testi della tradizione di Filastrocche.it","article_modified_time":"2012-06-15T08:20:32+00:00","twitter_misc":{"Tempo di lettura stimato":"3 minuti"},"schema":{"@context":"https:\/\/schema.org","@graph":[{"@type":"WebPage","@id":"https:\/\/www.filastrocche.it\/contenuti\/dicono-di-noi\/rassegna-stampa-dellanno-2000\/natale-in-rima-filastrocche-it-si-prepara-ad-ampliare-la-sezione-dedicata-alle-festivita\/","url":"https:\/\/www.filastrocche.it\/contenuti\/dicono-di-noi\/rassegna-stampa-dellanno-2000\/natale-in-rima-filastrocche-it-si-prepara-ad-ampliare-la-sezione-dedicata-alle-festivita\/","name":"Natale in rima. Filastrocche.it si prepara ad ampliare la sezione dedicata alle festivit\u00e0. - I testi della tradizione di Filastrocche.it","isPartOf":{"@id":"https:\/\/www.filastrocche.it\/contenuti\/#website"},"datePublished":"2012-06-15T08:18:44+00:00","dateModified":"2012-06-15T08:20:32+00:00","breadcrumb":{"@id":"https:\/\/www.filastrocche.it\/contenuti\/dicono-di-noi\/rassegna-stampa-dellanno-2000\/natale-in-rima-filastrocche-it-si-prepara-ad-ampliare-la-sezione-dedicata-alle-festivita\/#breadcrumb"},"inLanguage":"it-IT","potentialAction":[{"@type":"ReadAction","target":["https:\/\/www.filastrocche.it\/contenuti\/dicono-di-noi\/rassegna-stampa-dellanno-2000\/natale-in-rima-filastrocche-it-si-prepara-ad-ampliare-la-sezione-dedicata-alle-festivita\/"]}]},{"@type":"BreadcrumbList","@id":"https:\/\/www.filastrocche.it\/contenuti\/dicono-di-noi\/rassegna-stampa-dellanno-2000\/natale-in-rima-filastrocche-it-si-prepara-ad-ampliare-la-sezione-dedicata-alle-festivita\/#breadcrumb","itemListElement":[{"@type":"ListItem","position":1,"name":"Home","item":"https:\/\/www.filastrocche.it\/contenuti\/"},{"@type":"ListItem","position":2,"name":"Dicono di noi","item":"https:\/\/www.filastrocche.it\/contenuti\/dicono-di-noi\/"},{"@type":"ListItem","position":3,"name":"Rassegna stampa dell&#8217;anno 2000","item":"https:\/\/www.filastrocche.it\/contenuti\/dicono-di-noi\/rassegna-stampa-dellanno-2000\/"},{"@type":"ListItem","position":4,"name":"Natale in rima. Filastrocche.it si prepara ad ampliare la sezione dedicata alle festivit\u00e0."}]},{"@type":"WebSite","@id":"https:\/\/www.filastrocche.it\/contenuti\/#website","url":"https:\/\/www.filastrocche.it\/contenuti\/","name":"I testi della tradizione di Filastrocche.it","description":"Filastrocche, fiabe, canzoni e...","potentialAction":[{"@type":"SearchAction","target":{"@type":"EntryPoint","urlTemplate":"https:\/\/www.filastrocche.it\/contenuti\/?s={search_term_string}"},"query-input":{"@type":"PropertyValueSpecification","valueRequired":true,"valueName":"search_term_string"}}],"inLanguage":"it-IT"}]}},"_links":{"self":[{"href":"https:\/\/www.filastrocche.it\/contenuti\/wp-json\/wp\/v2\/pages\/53629","targetHints":{"allow":["GET"]}}],"collection":[{"href":"https:\/\/www.filastrocche.it\/contenuti\/wp-json\/wp\/v2\/pages"}],"about":[{"href":"https:\/\/www.filastrocche.it\/contenuti\/wp-json\/wp\/v2\/types\/page"}],"author":[{"embeddable":true,"href":"https:\/\/www.filastrocche.it\/contenuti\/wp-json\/wp\/v2\/users\/17"}],"replies":[{"embeddable":true,"href":"https:\/\/www.filastrocche.it\/contenuti\/wp-json\/wp\/v2\/comments?post=53629"}],"version-history":[{"count":0,"href":"https:\/\/www.filastrocche.it\/contenuti\/wp-json\/wp\/v2\/pages\/53629\/revisions"}],"up":[{"embeddable":true,"href":"https:\/\/www.filastrocche.it\/contenuti\/wp-json\/wp\/v2\/pages\/52393"}],"wp:attachment":[{"href":"https:\/\/www.filastrocche.it\/contenuti\/wp-json\/wp\/v2\/media?parent=53629"}],"curies":[{"name":"wp","href":"https:\/\/api.w.org\/{rel}","templated":true}]}}