{"id":53637,"date":"2012-06-15T08:22:09","date_gmt":"2012-06-15T08:22:09","guid":{"rendered":"https:\/\/www.filastrocche.it\/contenuti\/?page_id=53637"},"modified":"2012-06-15T08:22:09","modified_gmt":"2012-06-15T08:22:09","slug":"filastrocche-it-la-memoria-dei-tempi","status":"publish","type":"page","link":"https:\/\/www.filastrocche.it\/contenuti\/dicono-di-noi\/rassegna-stampa-dellanno-2000\/filastrocche-it-la-memoria-dei-tempi\/","title":{"rendered":"Filastrocche.it: la memoria dei tempi"},"content":{"rendered":"<p><span >Svago on line<\/span><span ><br \/>\nFilastrocche.it, la memoria dei tempi<\/span><\/p>\n<p>&nbsp;<\/p>\n<p>Da<span > &#8220;<a href=\"http:\/\/www.futura-ge.com\/\" target=\"_blank\"><strong>Cosa c&#8217;\u00e9 on line<\/strong><\/a>&#8221; <\/span>N. 5, Novembre 2000<\/p>\n<p>&nbsp;<\/p>\n<p>Una dolce mamma ha pensato di dedicare questo sito alla piccola Matilde e a tutti i bimbi che si affacciano a Internet. Filastrocche, indovinelli, scioglilingua, conte, ninne nanne e canzoni: tutto ci\u00f2 che occorre perch\u00e9 il bambino entri in un mondo fatto di fantasia, creativit\u00e0 popolare e tradizione. Anche questo sito ha saputo guadagnarsi la certificazione di Bollino Verde.<\/p>\n","protected":false},"excerpt":{"rendered":"<p>Svago on line Filastrocche.it, la memoria dei tempi &nbsp; Da &#8220;Cosa c&#8217;\u00e9 on line&#8221; N. 5, Novembre 2000 &nbsp; Una dolce mamma ha pensato di dedicare questo sito alla piccola Matilde e a tutti i bimbi che si affacciano a Internet. Filastrocche, indovinelli, scioglilingua, conte, ninne nanne e canzoni: tutto ci\u00f2 che occorre perch\u00e9 il [&hellip;]<\/p>\n","protected":false},"author":17,"featured_media":0,"parent":52393,"menu_order":0,"comment_status":"open","ping_status":"open","template":"","meta":{"footnotes":""},"class_list":["post-53637","page","type-page","status-publish","hentry"],"yoast_head":"<!-- This site is optimized with the Yoast SEO plugin v26.2 - https:\/\/yoast.com\/wordpress\/plugins\/seo\/ -->\n<title>Filastrocche.it: la memoria dei tempi - I testi della tradizione di Filastrocche.it<\/title>\n<meta name=\"robots\" content=\"index, follow, max-snippet:-1, max-image-preview:large, max-video-preview:-1\" \/>\n<link rel=\"canonical\" href=\"https:\/\/www.filastrocche.it\/contenuti\/dicono-di-noi\/rassegna-stampa-dellanno-2000\/filastrocche-it-la-memoria-dei-tempi\/\" \/>\n<meta property=\"og:locale\" content=\"it_IT\" \/>\n<meta property=\"og:type\" content=\"article\" \/>\n<meta property=\"og:title\" content=\"Filastrocche.it: la memoria dei tempi - I testi della tradizione di Filastrocche.it\" \/>\n<meta property=\"og:description\" content=\"Svago on line Filastrocche.it, la memoria dei tempi &nbsp; Da &#8220;Cosa c&#8217;\u00e9 on line&#8221; N. 5, Novembre 2000 &nbsp; Una dolce mamma ha pensato di dedicare questo sito alla piccola Matilde e a tutti i bimbi che si affacciano a Internet. Filastrocche, indovinelli, scioglilingua, conte, ninne nanne e canzoni: tutto ci\u00f2 che occorre perch\u00e9 il [&hellip;]\" \/>\n<meta property=\"og:url\" content=\"https:\/\/www.filastrocche.it\/contenuti\/dicono-di-noi\/rassegna-stampa-dellanno-2000\/filastrocche-it-la-memoria-dei-tempi\/\" \/>\n<meta property=\"og:site_name\" content=\"I testi della tradizione di Filastrocche.it\" \/>\n<!-- \/ Yoast SEO plugin. -->","yoast_head_json":{"title":"Filastrocche.it: la memoria dei tempi - I testi della tradizione di Filastrocche.it","robots":{"index":"index","follow":"follow","max-snippet":"max-snippet:-1","max-image-preview":"max-image-preview:large","max-video-preview":"max-video-preview:-1"},"canonical":"https:\/\/www.filastrocche.it\/contenuti\/dicono-di-noi\/rassegna-stampa-dellanno-2000\/filastrocche-it-la-memoria-dei-tempi\/","og_locale":"it_IT","og_type":"article","og_title":"Filastrocche.it: la memoria dei tempi - I testi della tradizione di Filastrocche.it","og_description":"Svago on line Filastrocche.it, la memoria dei tempi &nbsp; Da &#8220;Cosa c&#8217;\u00e9 on line&#8221; N. 5, Novembre 2000 &nbsp; Una dolce mamma ha pensato di dedicare questo sito alla piccola Matilde e a tutti i bimbi che si affacciano a Internet. Filastrocche, indovinelli, scioglilingua, conte, ninne nanne e canzoni: tutto ci\u00f2 che occorre perch\u00e9 il [&hellip;]","og_url":"https:\/\/www.filastrocche.it\/contenuti\/dicono-di-noi\/rassegna-stampa-dellanno-2000\/filastrocche-it-la-memoria-dei-tempi\/","og_site_name":"I testi della tradizione di Filastrocche.it","schema":{"@context":"https:\/\/schema.org","@graph":[{"@type":"WebPage","@id":"https:\/\/www.filastrocche.it\/contenuti\/dicono-di-noi\/rassegna-stampa-dellanno-2000\/filastrocche-it-la-memoria-dei-tempi\/","url":"https:\/\/www.filastrocche.it\/contenuti\/dicono-di-noi\/rassegna-stampa-dellanno-2000\/filastrocche-it-la-memoria-dei-tempi\/","name":"Filastrocche.it: la memoria dei tempi - I testi della tradizione di Filastrocche.it","isPartOf":{"@id":"https:\/\/www.filastrocche.it\/contenuti\/#website"},"datePublished":"2012-06-15T08:22:09+00:00","breadcrumb":{"@id":"https:\/\/www.filastrocche.it\/contenuti\/dicono-di-noi\/rassegna-stampa-dellanno-2000\/filastrocche-it-la-memoria-dei-tempi\/#breadcrumb"},"inLanguage":"it-IT","potentialAction":[{"@type":"ReadAction","target":["https:\/\/www.filastrocche.it\/contenuti\/dicono-di-noi\/rassegna-stampa-dellanno-2000\/filastrocche-it-la-memoria-dei-tempi\/"]}]},{"@type":"BreadcrumbList","@id":"https:\/\/www.filastrocche.it\/contenuti\/dicono-di-noi\/rassegna-stampa-dellanno-2000\/filastrocche-it-la-memoria-dei-tempi\/#breadcrumb","itemListElement":[{"@type":"ListItem","position":1,"name":"Home","item":"https:\/\/www.filastrocche.it\/contenuti\/"},{"@type":"ListItem","position":2,"name":"Dicono di noi","item":"https:\/\/www.filastrocche.it\/contenuti\/dicono-di-noi\/"},{"@type":"ListItem","position":3,"name":"Rassegna stampa dell&#8217;anno 2000","item":"https:\/\/www.filastrocche.it\/contenuti\/dicono-di-noi\/rassegna-stampa-dellanno-2000\/"},{"@type":"ListItem","position":4,"name":"Filastrocche.it: la memoria dei tempi"}]},{"@type":"WebSite","@id":"https:\/\/www.filastrocche.it\/contenuti\/#website","url":"https:\/\/www.filastrocche.it\/contenuti\/","name":"I testi della tradizione di Filastrocche.it","description":"Filastrocche, fiabe, canzoni e...","potentialAction":[{"@type":"SearchAction","target":{"@type":"EntryPoint","urlTemplate":"https:\/\/www.filastrocche.it\/contenuti\/?s={search_term_string}"},"query-input":{"@type":"PropertyValueSpecification","valueRequired":true,"valueName":"search_term_string"}}],"inLanguage":"it-IT"}]}},"_links":{"self":[{"href":"https:\/\/www.filastrocche.it\/contenuti\/wp-json\/wp\/v2\/pages\/53637","targetHints":{"allow":["GET"]}}],"collection":[{"href":"https:\/\/www.filastrocche.it\/contenuti\/wp-json\/wp\/v2\/pages"}],"about":[{"href":"https:\/\/www.filastrocche.it\/contenuti\/wp-json\/wp\/v2\/types\/page"}],"author":[{"embeddable":true,"href":"https:\/\/www.filastrocche.it\/contenuti\/wp-json\/wp\/v2\/users\/17"}],"replies":[{"embeddable":true,"href":"https:\/\/www.filastrocche.it\/contenuti\/wp-json\/wp\/v2\/comments?post=53637"}],"version-history":[{"count":0,"href":"https:\/\/www.filastrocche.it\/contenuti\/wp-json\/wp\/v2\/pages\/53637\/revisions"}],"up":[{"embeddable":true,"href":"https:\/\/www.filastrocche.it\/contenuti\/wp-json\/wp\/v2\/pages\/52393"}],"wp:attachment":[{"href":"https:\/\/www.filastrocche.it\/contenuti\/wp-json\/wp\/v2\/media?parent=53637"}],"curies":[{"name":"wp","href":"https:\/\/api.w.org\/{rel}","templated":true}]}}