{"id":53641,"date":"2012-06-15T08:24:56","date_gmt":"2012-06-15T08:24:56","guid":{"rendered":"https:\/\/www.filastrocche.it\/contenuti\/?page_id=53641"},"modified":"2025-11-27T18:52:27","modified_gmt":"2025-11-27T16:52:27","slug":"cerchiamo-una-favola-su-internet","status":"publish","type":"page","link":"https:\/\/www.filastrocche.it\/contenuti\/dicono-di-noi\/rassegna-stampa-dellanno-2000\/cerchiamo-una-favola-su-internet\/","title":{"rendered":"Cerchiamo una favola su Internet?"},"content":{"rendered":"<p><span >Dieci siti dedicati alle fiabe e ai giochi educativi<\/span><\/p>\n<p>&nbsp;<\/p>\n<p>Da <a href=\"http:\/\/www.pcopen.it\/\" target=\"_blank\" rel=\"noopener\"> <strong> PC Open<\/strong><\/a> N. 56, Novembre 2000<strong><br \/>\n<\/strong><em>di <\/em><em>Patrizia Godi<\/em><\/p>\n<p>&nbsp;<\/p>\n<p>Se siete un po&#8217; a corto di fantasia per quanto riguarda fiabe, filastrocche e giochi ecco dove trovarle on line.<\/p>\n<p>&nbsp;<\/p>\n<p>Sulla Rete ci sono diversi siti per i bambini che vogliono divertirsi e imparare ma anche che amano leggere o sentirsi raccontare delle favole. Questi siti propongono giochi, itinerari educativi, racconti di autori noti e non, fiabe tradizionali e curiosit\u00e0. Per\u00f2 tra le molteplici proposte, dopo un&#8217;accattivante home page, pu\u00f2 capitare di trovare siti scarni e davvero poveri di contenuto. Per questo motivo abbiamo deciso di navigare un po&#8217; per la Rete e cercare di offrire una panoramica delle proposte. La quasi totalit\u00e0 dei siti che vi segnaliamo non ha preso vita da esperti del settore ma dall&#8217;iniziativa di alcuni genitori. Questo pu\u00f2 spiegare perch\u00e9 spesso i siti di favole riportano solo testi e sono poveri di illustrazioni e di animazioni: chi li ha realizzati non \u00e8 un designer del Web bens\u00ec una persona che ha pensato soprattutto al contenuto e non all&#8217;aspetto. Perci\u00f2, sebbene non abbiano sempre un look accattivante, i contenuti sono divertenti e la grafica essenziale pu\u00f2 diventare un valore per facilitare la navigazione di chi con il Web non ha molta dimestichezza.<br \/>\n<a href=\"https:\/\/www.filastrocche.it\" target=\"_blank\" rel=\"noopener\"><strong>Filastrocche.it<\/strong><\/a>, ad esempio, \u00e8 un sito dalla grafica semplice ma ricco di contenuti; \u00e8 stato creato da Jolanda Restano, mamma da circa un anno. L&#8217;autrice cos\u00ec racconta come \u00e8 nata l&#8217;idea: &#8220;Un giorno mentre giocavo con mia <strong>figlia<\/strong> mi \u00e8 tornata in mente una filastrocca che mi raccontava mia nonna: non ricordandomi pi\u00f9 la fine, ho provato a cercarla in Internet purtroppo senza risultati. Cos\u00ec ho pensato di costruire un sito che raccogliesse le filastrocche della nostra tradizione&#8221;. In questo spazio Jolanda Restano ha inserito alcune filastrocche prese da un vecchio libro e altre che semplicemente ricordava. Ha poi chiesto aiuto ai navigatori di Internet, che via via hanno aderito all&#8217;iniziativa. Quest&#8217;operazione ha permesso di arricchire le sue pagine, che oggi contengono oltre trecento filastrocche. Secondo l&#8217;autrice &#8220;questo spazio Web pu\u00f2 essere utile agli adulti per cercare di non dimenticare le vecchie filastrocche tradizionali, strumenti educativi utili e divertenti&#8221;.<br \/>\n<strong>Favolandia.com<\/strong>, ha una struttura simile a <a href=\"https:\/\/www.filastrocche.it\" target=\"_blank\" rel=\"noopener\"><strong>Filastrocche.it <\/strong><\/a>ed \u00e8 un sito che propone esclusivamente favole animate, caratteristica non comune agli altri siti che trattano di favole. Nato per iniziativa di un gruppo di giovani professionisti, il sito \u00e8 partito con Testa di Rospo, un&#8217;antica fiaba siciliana, ed \u00e8 stato arricchito con altre favole tradizionali, racconti, fumetti, cartoni animati e dai contributi degli utenti del sito. Tra gli altri contenuti L&#8217;anno del draghetto, un appassionante serial pensato per i pi\u00f9 piccoli e una sezione dedicata all&#8217;oroscopo curata dall&#8217;astrologo Matteo Pavesi. Per il futuro c&#8217;\u00e8 in previsione di mettere on line versioni &#8220;rivisitate&#8221; adatte ai bambini di film famosi. Per questo sito \u00e8 importante una segnalazione. Nella home page \u00e8 presente una sezione denominato l&#8217;Antifavola che contiene una sorta di fiaba per adulti il cui contenuto e linguaggio non sono certo adatti ad un pubblico infantile. Ad onor del vero, gli autori lo hanno segnalato, ma \u00e8 visibile solo una volta entrati. La scelta non ci sembra appropriata, ma sembra che il sito sia in riprogettazione e che questa parte verr\u00e0 spostata in una zona dedicata ai genitori. Per il momento se visiterete il sito con i vostri figli, vi consigliamo di evitare la navigazione in quella sezione.<\/p>\n<div align=\"center\">\n<table border=\"0\" >\n<tbody>\n<tr>\n<td align=\"left\" ><em><span >Nome<\/span><\/em><\/td>\n<td align=\"center\" ><em><span >Servizi<br \/>\nofferti<\/span><\/em><\/td>\n<td align=\"center\" ><em><span >Navigabilit\u00e0<\/span><\/em><\/td>\n<td align=\"center\" ><em><span >Ricchezza<br \/>\ncontenuti<\/span><\/em><\/td>\n<td align=\"center\" ><em><span >Utilit\u00e0<\/span><\/em><\/td>\n<td align=\"center\" ><em><span >Valutazione<br \/>\nglobale<\/span><\/em><\/td>\n<\/tr>\n<tr>\n<td align=\"left\" ><a href=\"https:\/\/www.filastrocche.it\" target=\"_blank\" rel=\"noopener\"><span >Filastrocche.it<\/span><\/a><\/td>\n<td align=\"center\" ><span >filastrocche,<br \/>\nninne nanne<\/span><\/td>\n<td align=\"center\" ><span >8.9<\/span><\/td>\n<td align=\"center\" ><span >8.5<\/span><\/td>\n<td align=\"center\" ><span >8.5<\/span><\/td>\n<td align=\"center\" ><span >8.6<\/span><\/td>\n<\/tr>\n<tr>\n<td align=\"left\" ><span >La<br \/>\ncasa dei bambini<\/span><\/td>\n<td align=\"center\" ><span >giochi,<br \/>\ninformazioni, favole<\/span><\/td>\n<td align=\"center\" ><span >8.5<\/span><\/td>\n<td align=\"center\" ><span >8.5<\/span><\/td>\n<td align=\"center\" ><span >8.5<\/span><\/td>\n<td align=\"center\" ><span >8.5<\/span><\/td>\n<\/tr>\n<tr>\n<td align=\"left\" ><span >Merenda.it<\/span><\/td>\n<td align=\"center\" ><span >giochi,<br \/>\nfavole, informazioni<\/span><\/td>\n<td align=\"center\" ><span >8.6<\/span><\/td>\n<td align=\"center\" ><span >8.2<\/span><\/td>\n<td align=\"center\" ><span >8.2<\/span><\/td>\n<td align=\"center\" ><span >8.3<\/span><\/td>\n<\/tr>\n<tr>\n<td align=\"left\" ><span >L&#8217;angolo<br \/>\ndei bimbi<\/span><\/td>\n<td align=\"center\" ><span >giochi,<br \/>\ninformazioni, favole<\/span><\/td>\n<td align=\"center\" ><span >8.2<\/span><\/td>\n<td align=\"center\" ><span >8.5<\/span><\/td>\n<td align=\"center\" ><span >8.5<\/span><\/td>\n<td align=\"center\" ><span >8.2<\/span><\/td>\n<\/tr>\n<tr>\n<td align=\"left\" ><span >Favolandia<\/span><\/td>\n<td align=\"center\" ><span >favole,<br \/>\ngiochi, test, notizie<\/span><\/td>\n<td align=\"center\" ><span >8.5<\/span><\/td>\n<td align=\"center\" ><span >8<\/span><\/td>\n<td align=\"center\" ><span >7.5<\/span><\/td>\n<td align=\"center\" ><span >8<\/span><\/td>\n<\/tr>\n<tr>\n<td align=\"left\" ><span >Un<br \/>\nmondo di favole<\/span><\/td>\n<td align=\"center\" ><span >favole<\/span><\/td>\n<td align=\"center\" ><span >7<\/span><\/td>\n<td align=\"center\" ><span >7.8<\/span><\/td>\n<td align=\"center\" ><span >8<\/span><\/td>\n<td align=\"center\" ><span >7.8<\/span><\/td>\n<\/tr>\n<tr>\n<td align=\"left\" ><span >Mondobimbo<\/span><\/td>\n<td align=\"center\" ><span >giochi,<br \/>\ncartoon, favole<\/span><\/td>\n<td align=\"center\" ><span >8.5<\/span><\/td>\n<td align=\"center\" ><span >7<\/span><\/td>\n<td align=\"center\" ><span >7<\/span><\/td>\n<td align=\"center\" ><span >7.2<\/span><\/td>\n<\/tr>\n<tr>\n<td align=\"left\" ><span >Favole<br \/>\nper la nanna<\/span><\/td>\n<td align=\"center\" ><span >favole,<br \/>\nninne nanne<\/span><\/td>\n<td align=\"center\" ><span >8.5<\/span><\/td>\n<td align=\"center\" ><span >7<\/span><\/td>\n<td align=\"center\" ><span >7<\/span><\/td>\n<td align=\"center\" ><span >7<\/span><\/td>\n<\/tr>\n<\/tbody>\n<\/table>\n<\/div>\n<p>&nbsp;<\/p>\n<p><strong><span >Filastrocche.it<\/span><\/strong><\/p>\n<p><span ><em>Il giudizio di PC Open<\/em><\/span><\/p>\n<p>&nbsp;<\/p>\n<p>Tutte le conte e le filastrocche.<\/p>\n<p>Ecco un sito di filastrocche di tutti i tipi, vecchie e nuove, corte o lunghe, e per ogni occasione. Creato con una grafica adatta ai bambini, il sito non si rivolge esclusivamente a loro ma anche a genitori e nonni. Oltre alle filastrocche il contenuto riguarda anche ninne-nanne, indovinelli, scioglilingua e conte. Le filastrocche on line attualmente sono circa 300 (ce ne sono anche in lingua inglese e spagnola), mentre gli indovinelli sono un centinaio. I visitatori inoltre hanno anche la possibilit\u00e0 di interagire attivamente con il sito inviando piccoli contributi, come nuove composizioni, che vengono raccolte nella sezione &#8220;Poeti in erba&#8221; o versioni diverse di filastrocche gi\u00e0 presenti on line. Per lasciare ai nostri bambini pi\u00f9 materiale possibile l&#8217;autrice del sito, Jolanda Restano, ha creato una sezione riservata agli appelli, ovvero una pagina in cui tutte le persone a cui viene in mente una vecchia filastrocca dell&#8217;infanzia ma che non riescono a ricordare per intero possono rivolgersi al pubblico della rete per avere un aiuto a completarla. Un&#8217;altra sezione raccoglie un <strong>album di foto di bimbi<\/strong>, genitori, nonni e zii che hanno inviato filastrocche. In <a href=\"https:\/\/www.filastrocche.it\" target=\"_blank\" rel=\"noopener\"><strong>Filastrocche.it <\/strong><\/a>si possono anche trovare <strong> link<\/strong> a siti interessanti di narrativa per ragazzi e bambini e di supporto ai bambini che hanno bisogno di aiuto. Se lo desiderate, ogni venerd\u00ec potrete anche ricevere nella vostra casella. di posta elettronica una nuova filastrocca.<\/p>\n<p>&nbsp;<\/p>\n<p><span ><strong>Caratteristiche e valutazioni<\/strong><\/span><\/p>\n<p>&nbsp;<\/p>\n<p><em>Principali servizi offerti:<\/em><br \/>\nfilastrocche, ninne nanne, indovinelli, scioglilingua e conte.<\/p>\n<p>&nbsp;<\/p>\n<p><em>Valutazione globale:<\/em> 8.6\/10<\/p>\n<p>&nbsp;<\/p>\n<p><em>Utilit\u00e0:<\/em> 5\/5<\/p>\n<p>&nbsp;<\/p>\n<p><em>Gradevolezza:<\/em> 5\/5<\/p>\n<p>&nbsp;<\/p>\n","protected":false},"excerpt":{"rendered":"<p>Dieci siti dedicati alle fiabe e ai giochi educativi &nbsp; Da PC Open N. 56, Novembre 2000 di Patrizia Godi &nbsp; Se siete un po&#8217; a corto di fantasia per quanto riguarda fiabe, filastrocche e giochi ecco dove trovarle on line. &nbsp; Sulla Rete ci sono diversi siti per i bambini che vogliono divertirsi e [&hellip;]<\/p>\n","protected":false},"author":17,"featured_media":0,"parent":52393,"menu_order":0,"comment_status":"open","ping_status":"open","template":"","meta":{"footnotes":""},"class_list":["post-53641","page","type-page","status-publish","hentry"],"yoast_head":"<!-- This site is optimized with the Yoast SEO plugin v26.2 - https:\/\/yoast.com\/wordpress\/plugins\/seo\/ -->\n<title>Cerchiamo una favola su Internet? - I testi della tradizione di Filastrocche.it<\/title>\n<meta name=\"robots\" content=\"index, follow, max-snippet:-1, max-image-preview:large, max-video-preview:-1\" \/>\n<link rel=\"canonical\" href=\"https:\/\/www.filastrocche.it\/contenuti\/dicono-di-noi\/rassegna-stampa-dellanno-2000\/cerchiamo-una-favola-su-internet\/\" \/>\n<meta property=\"og:locale\" content=\"it_IT\" \/>\n<meta property=\"og:type\" content=\"article\" \/>\n<meta property=\"og:title\" content=\"Cerchiamo una favola su Internet? - I testi della tradizione di Filastrocche.it\" \/>\n<meta property=\"og:description\" content=\"Dieci siti dedicati alle fiabe e ai giochi educativi &nbsp; Da PC Open N. 56, Novembre 2000 di Patrizia Godi &nbsp; Se siete un po&#8217; a corto di fantasia per quanto riguarda fiabe, filastrocche e giochi ecco dove trovarle on line. &nbsp; Sulla Rete ci sono diversi siti per i bambini che vogliono divertirsi e [&hellip;]\" \/>\n<meta property=\"og:url\" content=\"https:\/\/www.filastrocche.it\/contenuti\/dicono-di-noi\/rassegna-stampa-dellanno-2000\/cerchiamo-una-favola-su-internet\/\" \/>\n<meta property=\"og:site_name\" content=\"I testi della tradizione di Filastrocche.it\" \/>\n<meta property=\"article:modified_time\" content=\"2025-11-27T16:52:27+00:00\" \/>\n<meta name=\"twitter:label1\" content=\"Tempo di lettura stimato\" \/>\n\t<meta name=\"twitter:data1\" content=\"5 minuti\" \/>\n<!-- \/ Yoast SEO plugin. -->","yoast_head_json":{"title":"Cerchiamo una favola su Internet? - I testi della tradizione di Filastrocche.it","robots":{"index":"index","follow":"follow","max-snippet":"max-snippet:-1","max-image-preview":"max-image-preview:large","max-video-preview":"max-video-preview:-1"},"canonical":"https:\/\/www.filastrocche.it\/contenuti\/dicono-di-noi\/rassegna-stampa-dellanno-2000\/cerchiamo-una-favola-su-internet\/","og_locale":"it_IT","og_type":"article","og_title":"Cerchiamo una favola su Internet? - I testi della tradizione di Filastrocche.it","og_description":"Dieci siti dedicati alle fiabe e ai giochi educativi &nbsp; Da PC Open N. 56, Novembre 2000 di Patrizia Godi &nbsp; Se siete un po&#8217; a corto di fantasia per quanto riguarda fiabe, filastrocche e giochi ecco dove trovarle on line. &nbsp; Sulla Rete ci sono diversi siti per i bambini che vogliono divertirsi e [&hellip;]","og_url":"https:\/\/www.filastrocche.it\/contenuti\/dicono-di-noi\/rassegna-stampa-dellanno-2000\/cerchiamo-una-favola-su-internet\/","og_site_name":"I testi della tradizione di Filastrocche.it","article_modified_time":"2025-11-27T16:52:27+00:00","twitter_misc":{"Tempo di lettura stimato":"5 minuti"},"schema":{"@context":"https:\/\/schema.org","@graph":[{"@type":"WebPage","@id":"https:\/\/www.filastrocche.it\/contenuti\/dicono-di-noi\/rassegna-stampa-dellanno-2000\/cerchiamo-una-favola-su-internet\/","url":"https:\/\/www.filastrocche.it\/contenuti\/dicono-di-noi\/rassegna-stampa-dellanno-2000\/cerchiamo-una-favola-su-internet\/","name":"Cerchiamo una favola su Internet? - I testi della tradizione di Filastrocche.it","isPartOf":{"@id":"https:\/\/www.filastrocche.it\/contenuti\/#website"},"datePublished":"2012-06-15T08:24:56+00:00","dateModified":"2025-11-27T16:52:27+00:00","breadcrumb":{"@id":"https:\/\/www.filastrocche.it\/contenuti\/dicono-di-noi\/rassegna-stampa-dellanno-2000\/cerchiamo-una-favola-su-internet\/#breadcrumb"},"inLanguage":"it-IT","potentialAction":[{"@type":"ReadAction","target":["https:\/\/www.filastrocche.it\/contenuti\/dicono-di-noi\/rassegna-stampa-dellanno-2000\/cerchiamo-una-favola-su-internet\/"]}]},{"@type":"BreadcrumbList","@id":"https:\/\/www.filastrocche.it\/contenuti\/dicono-di-noi\/rassegna-stampa-dellanno-2000\/cerchiamo-una-favola-su-internet\/#breadcrumb","itemListElement":[{"@type":"ListItem","position":1,"name":"Home","item":"https:\/\/www.filastrocche.it\/contenuti\/"},{"@type":"ListItem","position":2,"name":"Dicono di noi","item":"https:\/\/www.filastrocche.it\/contenuti\/dicono-di-noi\/"},{"@type":"ListItem","position":3,"name":"Rassegna stampa dell&#8217;anno 2000","item":"https:\/\/www.filastrocche.it\/contenuti\/dicono-di-noi\/rassegna-stampa-dellanno-2000\/"},{"@type":"ListItem","position":4,"name":"Cerchiamo una favola su Internet?"}]},{"@type":"WebSite","@id":"https:\/\/www.filastrocche.it\/contenuti\/#website","url":"https:\/\/www.filastrocche.it\/contenuti\/","name":"I testi della tradizione di Filastrocche.it","description":"Filastrocche, fiabe, canzoni e...","potentialAction":[{"@type":"SearchAction","target":{"@type":"EntryPoint","urlTemplate":"https:\/\/www.filastrocche.it\/contenuti\/?s={search_term_string}"},"query-input":{"@type":"PropertyValueSpecification","valueRequired":true,"valueName":"search_term_string"}}],"inLanguage":"it-IT"}]}},"_links":{"self":[{"href":"https:\/\/www.filastrocche.it\/contenuti\/wp-json\/wp\/v2\/pages\/53641","targetHints":{"allow":["GET"]}}],"collection":[{"href":"https:\/\/www.filastrocche.it\/contenuti\/wp-json\/wp\/v2\/pages"}],"about":[{"href":"https:\/\/www.filastrocche.it\/contenuti\/wp-json\/wp\/v2\/types\/page"}],"author":[{"embeddable":true,"href":"https:\/\/www.filastrocche.it\/contenuti\/wp-json\/wp\/v2\/users\/17"}],"replies":[{"embeddable":true,"href":"https:\/\/www.filastrocche.it\/contenuti\/wp-json\/wp\/v2\/comments?post=53641"}],"version-history":[{"count":3,"href":"https:\/\/www.filastrocche.it\/contenuti\/wp-json\/wp\/v2\/pages\/53641\/revisions"}],"predecessor-version":[{"id":252149,"href":"https:\/\/www.filastrocche.it\/contenuti\/wp-json\/wp\/v2\/pages\/53641\/revisions\/252149"}],"up":[{"embeddable":true,"href":"https:\/\/www.filastrocche.it\/contenuti\/wp-json\/wp\/v2\/pages\/52393"}],"wp:attachment":[{"href":"https:\/\/www.filastrocche.it\/contenuti\/wp-json\/wp\/v2\/media?parent=53641"}],"curies":[{"name":"wp","href":"https:\/\/api.w.org\/{rel}","templated":true}]}}