{"id":53659,"date":"2012-06-15T08:35:46","date_gmt":"2012-06-15T08:35:46","guid":{"rendered":"https:\/\/www.filastrocche.it\/contenuti\/?page_id=53659"},"modified":"2012-06-15T08:35:46","modified_gmt":"2012-06-15T08:35:46","slug":"filastrocche-el-portal-italiano-para-acunar-a-los-bebes","status":"publish","type":"page","link":"https:\/\/www.filastrocche.it\/contenuti\/dicono-di-noi\/rassegna-stampa-dellanno-2000\/filastrocche-el-portal-italiano-para-acunar-a-los-bebes\/","title":{"rendered":"Filastrocche, el portal italiano para acunar a los beb\u00e9s"},"content":{"rendered":"<p>Da <a href=\"http:\/\/www.ciberpais.elpais.es\/\" target=\"_blank\"><strong>&#8220;Ciberp@is&#8221;<\/strong><\/a>, supplemento al quotidiano spagnolo <a href=\"http:\/\/www.elpais.es\/\" target=\"_blank\"><strong>&#8220;El Pais&#8221;<\/strong><\/a><\/p>\n<p>&nbsp;<\/p>\n<p>Gioved\u00ec 28 Settembre 2000<strong><br \/>\n<\/strong><em>Lola Gal\u00e1n<\/em><\/p>\n<p>&nbsp;<\/p>\n<p>Las tradiciones de la abuela llegan a las nuevas generaciones v\u00eda Internet. El sitio italiano Filastrocche ofrece a los cibernautas m\u00e1s peque\u00f1os la posibilidad de conocer las viejas canciones infantiles con las que las madres de todos los tiempos han acunado a sus hijos. Son acertijos, trabalenguas y cuentos de toda la vida que trasladan a la red el aroma del pasado.<br \/>\nLa idea la ha puesto en marcha Jolanda Restano, pensando en su hija Matilde, con la intenci\u00f3n no s\u00f3lo de ofrecer un lugar en la red electr\u00f3nica dedicado enteramente a los m\u00e1s peque\u00f1os (o a los que tienen nostalgia de esa etapa) sino de recoger un material destinado a perderse.<br \/>\nEl sitio, dise\u00f1ado con un estilo gr\u00e1fico voluntariamente infantil, como un libro electr\u00f3nico animado de colores y dibujos, recoge diferentes versiones de canciones y adivinanzas en italiano, ingl\u00e9s y espa\u00f1ol, y la idea es recibir cuantas m\u00e1s mejor. El archivo actual es de 270 cancioncillas y m\u00e1s de un centenar de adivinanzas, pero est\u00e1 abierto a nuevas aportaciones en todos los idiomas.<\/p>\n","protected":false},"excerpt":{"rendered":"<p>Da &#8220;Ciberp@is&#8221;, supplemento al quotidiano spagnolo &#8220;El Pais&#8221; &nbsp; Gioved\u00ec 28 Settembre 2000 Lola Gal\u00e1n &nbsp; Las tradiciones de la abuela llegan a las nuevas generaciones v\u00eda Internet. El sitio italiano Filastrocche ofrece a los cibernautas m\u00e1s peque\u00f1os la posibilidad de conocer las viejas canciones infantiles con las que las madres de todos los tiempos [&hellip;]<\/p>\n","protected":false},"author":17,"featured_media":0,"parent":52393,"menu_order":0,"comment_status":"open","ping_status":"open","template":"","meta":{"footnotes":""},"class_list":["post-53659","page","type-page","status-publish","hentry"],"yoast_head":"<!-- This site is optimized with the Yoast SEO plugin v26.2 - https:\/\/yoast.com\/wordpress\/plugins\/seo\/ -->\n<title>Filastrocche, el portal italiano para acunar a los beb\u00e9s - I testi della tradizione di Filastrocche.it<\/title>\n<meta name=\"robots\" content=\"index, follow, max-snippet:-1, max-image-preview:large, max-video-preview:-1\" \/>\n<link rel=\"canonical\" href=\"https:\/\/www.filastrocche.it\/contenuti\/dicono-di-noi\/rassegna-stampa-dellanno-2000\/filastrocche-el-portal-italiano-para-acunar-a-los-bebes\/\" \/>\n<meta property=\"og:locale\" content=\"it_IT\" \/>\n<meta property=\"og:type\" content=\"article\" \/>\n<meta property=\"og:title\" content=\"Filastrocche, el portal italiano para acunar a los beb\u00e9s - I testi della tradizione di Filastrocche.it\" \/>\n<meta property=\"og:description\" content=\"Da &#8220;Ciberp@is&#8221;, supplemento al quotidiano spagnolo &#8220;El Pais&#8221; &nbsp; Gioved\u00ec 28 Settembre 2000 Lola Gal\u00e1n &nbsp; Las tradiciones de la abuela llegan a las nuevas generaciones v\u00eda Internet. El sitio italiano Filastrocche ofrece a los cibernautas m\u00e1s peque\u00f1os la posibilidad de conocer las viejas canciones infantiles con las que las madres de todos los tiempos [&hellip;]\" \/>\n<meta property=\"og:url\" content=\"https:\/\/www.filastrocche.it\/contenuti\/dicono-di-noi\/rassegna-stampa-dellanno-2000\/filastrocche-el-portal-italiano-para-acunar-a-los-bebes\/\" \/>\n<meta property=\"og:site_name\" content=\"I testi della tradizione di Filastrocche.it\" \/>\n<meta name=\"twitter:label1\" content=\"Tempo di lettura stimato\" \/>\n\t<meta name=\"twitter:data1\" content=\"1 minuto\" \/>\n<!-- \/ Yoast SEO plugin. -->","yoast_head_json":{"title":"Filastrocche, el portal italiano para acunar a los beb\u00e9s - I testi della tradizione di Filastrocche.it","robots":{"index":"index","follow":"follow","max-snippet":"max-snippet:-1","max-image-preview":"max-image-preview:large","max-video-preview":"max-video-preview:-1"},"canonical":"https:\/\/www.filastrocche.it\/contenuti\/dicono-di-noi\/rassegna-stampa-dellanno-2000\/filastrocche-el-portal-italiano-para-acunar-a-los-bebes\/","og_locale":"it_IT","og_type":"article","og_title":"Filastrocche, el portal italiano para acunar a los beb\u00e9s - I testi della tradizione di Filastrocche.it","og_description":"Da &#8220;Ciberp@is&#8221;, supplemento al quotidiano spagnolo &#8220;El Pais&#8221; &nbsp; Gioved\u00ec 28 Settembre 2000 Lola Gal\u00e1n &nbsp; Las tradiciones de la abuela llegan a las nuevas generaciones v\u00eda Internet. El sitio italiano Filastrocche ofrece a los cibernautas m\u00e1s peque\u00f1os la posibilidad de conocer las viejas canciones infantiles con las que las madres de todos los tiempos [&hellip;]","og_url":"https:\/\/www.filastrocche.it\/contenuti\/dicono-di-noi\/rassegna-stampa-dellanno-2000\/filastrocche-el-portal-italiano-para-acunar-a-los-bebes\/","og_site_name":"I testi della tradizione di Filastrocche.it","twitter_misc":{"Tempo di lettura stimato":"1 minuto"},"schema":{"@context":"https:\/\/schema.org","@graph":[{"@type":"WebPage","@id":"https:\/\/www.filastrocche.it\/contenuti\/dicono-di-noi\/rassegna-stampa-dellanno-2000\/filastrocche-el-portal-italiano-para-acunar-a-los-bebes\/","url":"https:\/\/www.filastrocche.it\/contenuti\/dicono-di-noi\/rassegna-stampa-dellanno-2000\/filastrocche-el-portal-italiano-para-acunar-a-los-bebes\/","name":"Filastrocche, el portal italiano para acunar a los beb\u00e9s - I testi della tradizione di Filastrocche.it","isPartOf":{"@id":"https:\/\/www.filastrocche.it\/contenuti\/#website"},"datePublished":"2012-06-15T08:35:46+00:00","breadcrumb":{"@id":"https:\/\/www.filastrocche.it\/contenuti\/dicono-di-noi\/rassegna-stampa-dellanno-2000\/filastrocche-el-portal-italiano-para-acunar-a-los-bebes\/#breadcrumb"},"inLanguage":"it-IT","potentialAction":[{"@type":"ReadAction","target":["https:\/\/www.filastrocche.it\/contenuti\/dicono-di-noi\/rassegna-stampa-dellanno-2000\/filastrocche-el-portal-italiano-para-acunar-a-los-bebes\/"]}]},{"@type":"BreadcrumbList","@id":"https:\/\/www.filastrocche.it\/contenuti\/dicono-di-noi\/rassegna-stampa-dellanno-2000\/filastrocche-el-portal-italiano-para-acunar-a-los-bebes\/#breadcrumb","itemListElement":[{"@type":"ListItem","position":1,"name":"Home","item":"https:\/\/www.filastrocche.it\/contenuti\/"},{"@type":"ListItem","position":2,"name":"Dicono di noi","item":"https:\/\/www.filastrocche.it\/contenuti\/dicono-di-noi\/"},{"@type":"ListItem","position":3,"name":"Rassegna stampa dell&#8217;anno 2000","item":"https:\/\/www.filastrocche.it\/contenuti\/dicono-di-noi\/rassegna-stampa-dellanno-2000\/"},{"@type":"ListItem","position":4,"name":"Filastrocche, el portal italiano para acunar a los beb\u00e9s"}]},{"@type":"WebSite","@id":"https:\/\/www.filastrocche.it\/contenuti\/#website","url":"https:\/\/www.filastrocche.it\/contenuti\/","name":"I testi della tradizione di Filastrocche.it","description":"Filastrocche, fiabe, canzoni e...","potentialAction":[{"@type":"SearchAction","target":{"@type":"EntryPoint","urlTemplate":"https:\/\/www.filastrocche.it\/contenuti\/?s={search_term_string}"},"query-input":{"@type":"PropertyValueSpecification","valueRequired":true,"valueName":"search_term_string"}}],"inLanguage":"it-IT"}]}},"_links":{"self":[{"href":"https:\/\/www.filastrocche.it\/contenuti\/wp-json\/wp\/v2\/pages\/53659","targetHints":{"allow":["GET"]}}],"collection":[{"href":"https:\/\/www.filastrocche.it\/contenuti\/wp-json\/wp\/v2\/pages"}],"about":[{"href":"https:\/\/www.filastrocche.it\/contenuti\/wp-json\/wp\/v2\/types\/page"}],"author":[{"embeddable":true,"href":"https:\/\/www.filastrocche.it\/contenuti\/wp-json\/wp\/v2\/users\/17"}],"replies":[{"embeddable":true,"href":"https:\/\/www.filastrocche.it\/contenuti\/wp-json\/wp\/v2\/comments?post=53659"}],"version-history":[{"count":0,"href":"https:\/\/www.filastrocche.it\/contenuti\/wp-json\/wp\/v2\/pages\/53659\/revisions"}],"up":[{"embeddable":true,"href":"https:\/\/www.filastrocche.it\/contenuti\/wp-json\/wp\/v2\/pages\/52393"}],"wp:attachment":[{"href":"https:\/\/www.filastrocche.it\/contenuti\/wp-json\/wp\/v2\/media?parent=53659"}],"curies":[{"name":"wp","href":"https:\/\/api.w.org\/{rel}","templated":true}]}}