{"id":53671,"date":"2012-06-15T08:40:34","date_gmt":"2012-06-15T08:40:34","guid":{"rendered":"https:\/\/www.filastrocche.it\/contenuti\/?page_id=53671"},"modified":"2012-06-15T08:40:50","modified_gmt":"2012-06-15T08:40:50","slug":"oblo-it-fa-la-recensione-di-filastrocche-it","status":"publish","type":"page","link":"https:\/\/www.filastrocche.it\/contenuti\/dicono-di-noi\/rassegna-stampa-dellanno-2000\/oblo-it-fa-la-recensione-di-filastrocche-it\/","title":{"rendered":"Oblo.it fa la recensione di Filastrocche.it"},"content":{"rendered":"<p><a href=\"http:\/\/www.oblo.it\/\" target=\"_blank\">Oblo.it<\/a> Agosto 2000<\/p>\n<p>&nbsp;<\/p>\n<p><span><a href=\"https:\/\/www.filastrocche.it\" target=\"_blank\"><strong>https:\/\/www.filastrocche.it<\/strong><\/a> ha solo pochi mesi di vita, ma \u00e8 gi\u00e0 diventato un punto di passaggio obbligato tra i siti dedicati all\u2019infanzia su Internet. Il sito \u00e8 ideato, realizzato e gestito da Jolanda, mamma di <strong>Matilde<\/strong> (M@~) a cui le pagine sono dedicate. Con una grafica volutamente infantile, presenta filastrocche, ninne nanne, indovinelli, conte, scioglilingua e ha gi\u00e0 un archivio molto ricco, con quasi 270 filastrocche (ce ne sono anche in lingua inglese e spagnola) e un centinaio di indovinelli.<\/span><\/p>\n<p>Ogni visitatore ha la possibilit\u00e0 di inviare il proprio contributo al sito con nuove composizioni o diverse versioni di filastrocche gi\u00e0 presenti on line. C\u2019\u00e8 anche una sezione riservata ai \u201cPoeti in erba\u201d che da&#8217; la possibilit\u00e0 agli utenti di esporre le filastrocche o le poesie originali.<\/p>\n<p>Un concorso appena lanciato insieme con la comunit\u00e0 virtuale Atlantide.it (http:\/\/www.atlantide.it) ha permesso di raccogliere molti componimenti tradizionali e nuovi, segno che le filastrocche non passano mai di moda.<\/p>\n<p>Inoltre, per poter tramandare ai posteri pi\u00f9 materiale possibile, Jolanda ha creato una sezione riservata agli appelli. Quante volte ci viene in mente qualche strofa di una vecchia filastrocca dell&#8217;infanzia che non riusciamo a ricordare per intero? Gli appelli sul sito servono a questo: a chiedere aiuto ad altri utenti per ritrovare i versi perduti. Il pi\u00f9 delle volte vengono risolti in un paio di giorni: la forza della rete!<\/p>\n<p>Chi volesse dedicare una filastrocca o uno scioglilingua al proprio nipotino o figlioletto, pu\u00f2 anche inviare una sua foto che verr\u00e0 puntualmente pubblicata tra \u201c<strong>Gli amici di Matilde<\/strong>\u201d.<\/p>\n<p>Il sito \u00e8 gi\u00e0 stato scelto come \u201c<a href=\"corriere.asp\"><strong>Sito del giorno<\/strong><\/a>\u201d dal \u201c<a href=\"http:\/\/www.corriere.it\" target=\"_blank\"><strong>Corriere della sera<\/strong><\/a>\u201d ed \u00e8 stato selezionato tra i \u201c<a href=\"yahoo.asp\"><strong>migliori della\u00a0 settimana<\/strong><\/a>\u201d da <a href=\"http:\/\/www.yahoo.it\" target=\"_blank\"><strong>Yahoo.it<\/strong><\/a>. Da tre mesi sulla rete, ha gi\u00e0 ricevuto pi\u00f9 di 700 messaggi dagli utenti ed \u00e8 stato visitato circa 13.000 volte.<\/p>\n","protected":false},"excerpt":{"rendered":"<p>Oblo.it Agosto 2000 &nbsp; https:\/\/www.filastrocche.it ha solo pochi mesi di vita, ma \u00e8 gi\u00e0 diventato un punto di passaggio obbligato tra i siti dedicati all\u2019infanzia su Internet. Il sito \u00e8 ideato, realizzato e gestito da Jolanda, mamma di Matilde (M@~) a cui le pagine sono dedicate. Con una grafica volutamente infantile, presenta filastrocche, ninne nanne, [&hellip;]<\/p>\n","protected":false},"author":17,"featured_media":0,"parent":52393,"menu_order":0,"comment_status":"open","ping_status":"open","template":"","meta":{"footnotes":""},"class_list":["post-53671","page","type-page","status-publish","hentry"],"yoast_head":"<!-- This site is optimized with the Yoast SEO plugin v26.2 - https:\/\/yoast.com\/wordpress\/plugins\/seo\/ -->\n<title>Oblo.it fa la recensione di Filastrocche.it - I testi della tradizione di Filastrocche.it<\/title>\n<meta name=\"robots\" content=\"index, follow, max-snippet:-1, max-image-preview:large, max-video-preview:-1\" \/>\n<link rel=\"canonical\" href=\"https:\/\/www.filastrocche.it\/contenuti\/dicono-di-noi\/rassegna-stampa-dellanno-2000\/oblo-it-fa-la-recensione-di-filastrocche-it\/\" \/>\n<meta property=\"og:locale\" content=\"it_IT\" \/>\n<meta property=\"og:type\" content=\"article\" \/>\n<meta property=\"og:title\" content=\"Oblo.it fa la recensione di Filastrocche.it - I testi della tradizione di Filastrocche.it\" \/>\n<meta property=\"og:description\" content=\"Oblo.it Agosto 2000 &nbsp; https:\/\/www.filastrocche.it ha solo pochi mesi di vita, ma \u00e8 gi\u00e0 diventato un punto di passaggio obbligato tra i siti dedicati all\u2019infanzia su Internet. Il sito \u00e8 ideato, realizzato e gestito da Jolanda, mamma di Matilde (M@~) a cui le pagine sono dedicate. Con una grafica volutamente infantile, presenta filastrocche, ninne nanne, [&hellip;]\" \/>\n<meta property=\"og:url\" content=\"https:\/\/www.filastrocche.it\/contenuti\/dicono-di-noi\/rassegna-stampa-dellanno-2000\/oblo-it-fa-la-recensione-di-filastrocche-it\/\" \/>\n<meta property=\"og:site_name\" content=\"I testi della tradizione di Filastrocche.it\" \/>\n<meta property=\"article:modified_time\" content=\"2012-06-15T08:40:50+00:00\" \/>\n<meta name=\"twitter:label1\" content=\"Tempo di lettura stimato\" \/>\n\t<meta name=\"twitter:data1\" content=\"2 minuti\" \/>\n<!-- \/ Yoast SEO plugin. -->","yoast_head_json":{"title":"Oblo.it fa la recensione di Filastrocche.it - I testi della tradizione di Filastrocche.it","robots":{"index":"index","follow":"follow","max-snippet":"max-snippet:-1","max-image-preview":"max-image-preview:large","max-video-preview":"max-video-preview:-1"},"canonical":"https:\/\/www.filastrocche.it\/contenuti\/dicono-di-noi\/rassegna-stampa-dellanno-2000\/oblo-it-fa-la-recensione-di-filastrocche-it\/","og_locale":"it_IT","og_type":"article","og_title":"Oblo.it fa la recensione di Filastrocche.it - I testi della tradizione di Filastrocche.it","og_description":"Oblo.it Agosto 2000 &nbsp; https:\/\/www.filastrocche.it ha solo pochi mesi di vita, ma \u00e8 gi\u00e0 diventato un punto di passaggio obbligato tra i siti dedicati all\u2019infanzia su Internet. Il sito \u00e8 ideato, realizzato e gestito da Jolanda, mamma di Matilde (M@~) a cui le pagine sono dedicate. Con una grafica volutamente infantile, presenta filastrocche, ninne nanne, [&hellip;]","og_url":"https:\/\/www.filastrocche.it\/contenuti\/dicono-di-noi\/rassegna-stampa-dellanno-2000\/oblo-it-fa-la-recensione-di-filastrocche-it\/","og_site_name":"I testi della tradizione di Filastrocche.it","article_modified_time":"2012-06-15T08:40:50+00:00","twitter_misc":{"Tempo di lettura stimato":"2 minuti"},"schema":{"@context":"https:\/\/schema.org","@graph":[{"@type":"WebPage","@id":"https:\/\/www.filastrocche.it\/contenuti\/dicono-di-noi\/rassegna-stampa-dellanno-2000\/oblo-it-fa-la-recensione-di-filastrocche-it\/","url":"https:\/\/www.filastrocche.it\/contenuti\/dicono-di-noi\/rassegna-stampa-dellanno-2000\/oblo-it-fa-la-recensione-di-filastrocche-it\/","name":"Oblo.it fa la recensione di Filastrocche.it - I testi della tradizione di Filastrocche.it","isPartOf":{"@id":"https:\/\/www.filastrocche.it\/contenuti\/#website"},"datePublished":"2012-06-15T08:40:34+00:00","dateModified":"2012-06-15T08:40:50+00:00","breadcrumb":{"@id":"https:\/\/www.filastrocche.it\/contenuti\/dicono-di-noi\/rassegna-stampa-dellanno-2000\/oblo-it-fa-la-recensione-di-filastrocche-it\/#breadcrumb"},"inLanguage":"it-IT","potentialAction":[{"@type":"ReadAction","target":["https:\/\/www.filastrocche.it\/contenuti\/dicono-di-noi\/rassegna-stampa-dellanno-2000\/oblo-it-fa-la-recensione-di-filastrocche-it\/"]}]},{"@type":"BreadcrumbList","@id":"https:\/\/www.filastrocche.it\/contenuti\/dicono-di-noi\/rassegna-stampa-dellanno-2000\/oblo-it-fa-la-recensione-di-filastrocche-it\/#breadcrumb","itemListElement":[{"@type":"ListItem","position":1,"name":"Home","item":"https:\/\/www.filastrocche.it\/contenuti\/"},{"@type":"ListItem","position":2,"name":"Dicono di noi","item":"https:\/\/www.filastrocche.it\/contenuti\/dicono-di-noi\/"},{"@type":"ListItem","position":3,"name":"Rassegna stampa dell&#8217;anno 2000","item":"https:\/\/www.filastrocche.it\/contenuti\/dicono-di-noi\/rassegna-stampa-dellanno-2000\/"},{"@type":"ListItem","position":4,"name":"Oblo.it fa la recensione di Filastrocche.it"}]},{"@type":"WebSite","@id":"https:\/\/www.filastrocche.it\/contenuti\/#website","url":"https:\/\/www.filastrocche.it\/contenuti\/","name":"I testi della tradizione di Filastrocche.it","description":"Filastrocche, fiabe, canzoni e...","potentialAction":[{"@type":"SearchAction","target":{"@type":"EntryPoint","urlTemplate":"https:\/\/www.filastrocche.it\/contenuti\/?s={search_term_string}"},"query-input":{"@type":"PropertyValueSpecification","valueRequired":true,"valueName":"search_term_string"}}],"inLanguage":"it-IT"}]}},"_links":{"self":[{"href":"https:\/\/www.filastrocche.it\/contenuti\/wp-json\/wp\/v2\/pages\/53671","targetHints":{"allow":["GET"]}}],"collection":[{"href":"https:\/\/www.filastrocche.it\/contenuti\/wp-json\/wp\/v2\/pages"}],"about":[{"href":"https:\/\/www.filastrocche.it\/contenuti\/wp-json\/wp\/v2\/types\/page"}],"author":[{"embeddable":true,"href":"https:\/\/www.filastrocche.it\/contenuti\/wp-json\/wp\/v2\/users\/17"}],"replies":[{"embeddable":true,"href":"https:\/\/www.filastrocche.it\/contenuti\/wp-json\/wp\/v2\/comments?post=53671"}],"version-history":[{"count":0,"href":"https:\/\/www.filastrocche.it\/contenuti\/wp-json\/wp\/v2\/pages\/53671\/revisions"}],"up":[{"embeddable":true,"href":"https:\/\/www.filastrocche.it\/contenuti\/wp-json\/wp\/v2\/pages\/52393"}],"wp:attachment":[{"href":"https:\/\/www.filastrocche.it\/contenuti\/wp-json\/wp\/v2\/media?parent=53671"}],"curies":[{"name":"wp","href":"https:\/\/api.w.org\/{rel}","templated":true}]}}