{"id":53677,"date":"2012-06-15T08:42:10","date_gmt":"2012-06-15T08:42:10","guid":{"rendered":"https:\/\/www.filastrocche.it\/contenuti\/?page_id=53677"},"modified":"2012-06-15T08:42:30","modified_gmt":"2012-06-15T08:42:30","slug":"yahoo-italia-segnala-filastrocche-it-tra-i-migliori-siti-della-settimana","status":"publish","type":"page","link":"https:\/\/www.filastrocche.it\/contenuti\/dicono-di-noi\/rassegna-stampa-dellanno-2000\/yahoo-italia-segnala-filastrocche-it-tra-i-migliori-siti-della-settimana\/","title":{"rendered":"Yahoo Italia segnala Filastrocche.it tra \u201cI migliori siti della settimana\u201d"},"content":{"rendered":"<p><a href=\"http:\/\/www.yahoo.it\/\" target=\"_blank\">Yahoo Italia<\/a>\u00a0 <span>&#8211; <\/span>22 giugno 2000<\/p>\n<p>&nbsp;<\/p>\n<p><span><em>I siti sotto elencati sono per noi i migliori tra quelli che abbiamo inserito nell&#8217;ultima settimana. Non ci sono regole precise con cui li scegliamo: a volte sono divertenti, altre volte pieni di informazioni, oppure completamente folli&#8230; Di sicuro rispecchiano la vivacit\u00e0 della Rete, e di sicuro valgono bene un clic del vostro mouse.<\/em><\/span><\/p>\n<p>&nbsp;<\/p>\n<p><span>&#8230;.Filastrocche.it<\/span><\/p>\n<p>&nbsp;<\/p>\n<p>Veniamo a un&#8217;altra splendida verit\u00e0 dell&#8217;animo fanciullesco: non sempre \u00e8 necessario che le cose abbiano senso. Avete presente Alice nel Paese delle meraviglie e i suoi nonsense? Se vi piace il libro di Carroll, adorerete <a href=\"https:\/\/www.filastrocche.it\" target=\"_blank\"><strong>Filastrocche.it<\/strong><\/a>, sito interamente dedicato a filastrocche, indovinelli, scioglilingua e le immancabili conte (Ambarab\u00e0 Cicc\u00ec Cocc\u00f2, tre civette sul com\u00f2&#8230; quanta nostalgia!). Da segnalare con un encomio l&#8217;iniziativa contro la perdita di memoria delle<br \/>\nfilastrocche&#8230;<\/p>\n","protected":false},"excerpt":{"rendered":"<p>Yahoo Italia\u00a0 &#8211; 22 giugno 2000 &nbsp; I siti sotto elencati sono per noi i migliori tra quelli che abbiamo inserito nell&#8217;ultima settimana. Non ci sono regole precise con cui li scegliamo: a volte sono divertenti, altre volte pieni di informazioni, oppure completamente folli&#8230; Di sicuro rispecchiano la vivacit\u00e0 della Rete, e di sicuro valgono [&hellip;]<\/p>\n","protected":false},"author":17,"featured_media":0,"parent":52393,"menu_order":0,"comment_status":"open","ping_status":"open","template":"","meta":{"footnotes":""},"class_list":["post-53677","page","type-page","status-publish","hentry"],"yoast_head":"<!-- This site is optimized with the Yoast SEO plugin v26.2 - https:\/\/yoast.com\/wordpress\/plugins\/seo\/ -->\n<title>Yahoo Italia segnala Filastrocche.it tra \u201cI migliori siti della settimana\u201d - I testi della tradizione di Filastrocche.it<\/title>\n<meta name=\"robots\" content=\"index, follow, max-snippet:-1, max-image-preview:large, max-video-preview:-1\" \/>\n<link rel=\"canonical\" href=\"https:\/\/www.filastrocche.it\/contenuti\/dicono-di-noi\/rassegna-stampa-dellanno-2000\/yahoo-italia-segnala-filastrocche-it-tra-i-migliori-siti-della-settimana\/\" \/>\n<meta property=\"og:locale\" content=\"it_IT\" \/>\n<meta property=\"og:type\" content=\"article\" \/>\n<meta property=\"og:title\" content=\"Yahoo Italia segnala Filastrocche.it tra \u201cI migliori siti della settimana\u201d - I testi della tradizione di Filastrocche.it\" \/>\n<meta property=\"og:description\" content=\"Yahoo Italia\u00a0 &#8211; 22 giugno 2000 &nbsp; I siti sotto elencati sono per noi i migliori tra quelli che abbiamo inserito nell&#8217;ultima settimana. Non ci sono regole precise con cui li scegliamo: a volte sono divertenti, altre volte pieni di informazioni, oppure completamente folli&#8230; Di sicuro rispecchiano la vivacit\u00e0 della Rete, e di sicuro valgono [&hellip;]\" \/>\n<meta property=\"og:url\" content=\"https:\/\/www.filastrocche.it\/contenuti\/dicono-di-noi\/rassegna-stampa-dellanno-2000\/yahoo-italia-segnala-filastrocche-it-tra-i-migliori-siti-della-settimana\/\" \/>\n<meta property=\"og:site_name\" content=\"I testi della tradizione di Filastrocche.it\" \/>\n<meta property=\"article:modified_time\" content=\"2012-06-15T08:42:30+00:00\" \/>\n<meta name=\"twitter:label1\" content=\"Tempo di lettura stimato\" \/>\n\t<meta name=\"twitter:data1\" content=\"1 minuto\" \/>\n<!-- \/ Yoast SEO plugin. -->","yoast_head_json":{"title":"Yahoo Italia segnala Filastrocche.it tra \u201cI migliori siti della settimana\u201d - I testi della tradizione di Filastrocche.it","robots":{"index":"index","follow":"follow","max-snippet":"max-snippet:-1","max-image-preview":"max-image-preview:large","max-video-preview":"max-video-preview:-1"},"canonical":"https:\/\/www.filastrocche.it\/contenuti\/dicono-di-noi\/rassegna-stampa-dellanno-2000\/yahoo-italia-segnala-filastrocche-it-tra-i-migliori-siti-della-settimana\/","og_locale":"it_IT","og_type":"article","og_title":"Yahoo Italia segnala Filastrocche.it tra \u201cI migliori siti della settimana\u201d - I testi della tradizione di Filastrocche.it","og_description":"Yahoo Italia\u00a0 &#8211; 22 giugno 2000 &nbsp; I siti sotto elencati sono per noi i migliori tra quelli che abbiamo inserito nell&#8217;ultima settimana. Non ci sono regole precise con cui li scegliamo: a volte sono divertenti, altre volte pieni di informazioni, oppure completamente folli&#8230; Di sicuro rispecchiano la vivacit\u00e0 della Rete, e di sicuro valgono [&hellip;]","og_url":"https:\/\/www.filastrocche.it\/contenuti\/dicono-di-noi\/rassegna-stampa-dellanno-2000\/yahoo-italia-segnala-filastrocche-it-tra-i-migliori-siti-della-settimana\/","og_site_name":"I testi della tradizione di Filastrocche.it","article_modified_time":"2012-06-15T08:42:30+00:00","twitter_misc":{"Tempo di lettura stimato":"1 minuto"},"schema":{"@context":"https:\/\/schema.org","@graph":[{"@type":"WebPage","@id":"https:\/\/www.filastrocche.it\/contenuti\/dicono-di-noi\/rassegna-stampa-dellanno-2000\/yahoo-italia-segnala-filastrocche-it-tra-i-migliori-siti-della-settimana\/","url":"https:\/\/www.filastrocche.it\/contenuti\/dicono-di-noi\/rassegna-stampa-dellanno-2000\/yahoo-italia-segnala-filastrocche-it-tra-i-migliori-siti-della-settimana\/","name":"Yahoo Italia segnala Filastrocche.it tra \u201cI migliori siti della settimana\u201d - I testi della tradizione di Filastrocche.it","isPartOf":{"@id":"https:\/\/www.filastrocche.it\/contenuti\/#website"},"datePublished":"2012-06-15T08:42:10+00:00","dateModified":"2012-06-15T08:42:30+00:00","breadcrumb":{"@id":"https:\/\/www.filastrocche.it\/contenuti\/dicono-di-noi\/rassegna-stampa-dellanno-2000\/yahoo-italia-segnala-filastrocche-it-tra-i-migliori-siti-della-settimana\/#breadcrumb"},"inLanguage":"it-IT","potentialAction":[{"@type":"ReadAction","target":["https:\/\/www.filastrocche.it\/contenuti\/dicono-di-noi\/rassegna-stampa-dellanno-2000\/yahoo-italia-segnala-filastrocche-it-tra-i-migliori-siti-della-settimana\/"]}]},{"@type":"BreadcrumbList","@id":"https:\/\/www.filastrocche.it\/contenuti\/dicono-di-noi\/rassegna-stampa-dellanno-2000\/yahoo-italia-segnala-filastrocche-it-tra-i-migliori-siti-della-settimana\/#breadcrumb","itemListElement":[{"@type":"ListItem","position":1,"name":"Home","item":"https:\/\/www.filastrocche.it\/contenuti\/"},{"@type":"ListItem","position":2,"name":"Dicono di noi","item":"https:\/\/www.filastrocche.it\/contenuti\/dicono-di-noi\/"},{"@type":"ListItem","position":3,"name":"Rassegna stampa dell&#8217;anno 2000","item":"https:\/\/www.filastrocche.it\/contenuti\/dicono-di-noi\/rassegna-stampa-dellanno-2000\/"},{"@type":"ListItem","position":4,"name":"Yahoo Italia segnala Filastrocche.it tra \u201cI migliori siti della settimana\u201d"}]},{"@type":"WebSite","@id":"https:\/\/www.filastrocche.it\/contenuti\/#website","url":"https:\/\/www.filastrocche.it\/contenuti\/","name":"I testi della tradizione di Filastrocche.it","description":"Filastrocche, fiabe, canzoni e...","potentialAction":[{"@type":"SearchAction","target":{"@type":"EntryPoint","urlTemplate":"https:\/\/www.filastrocche.it\/contenuti\/?s={search_term_string}"},"query-input":{"@type":"PropertyValueSpecification","valueRequired":true,"valueName":"search_term_string"}}],"inLanguage":"it-IT"}]}},"_links":{"self":[{"href":"https:\/\/www.filastrocche.it\/contenuti\/wp-json\/wp\/v2\/pages\/53677","targetHints":{"allow":["GET"]}}],"collection":[{"href":"https:\/\/www.filastrocche.it\/contenuti\/wp-json\/wp\/v2\/pages"}],"about":[{"href":"https:\/\/www.filastrocche.it\/contenuti\/wp-json\/wp\/v2\/types\/page"}],"author":[{"embeddable":true,"href":"https:\/\/www.filastrocche.it\/contenuti\/wp-json\/wp\/v2\/users\/17"}],"replies":[{"embeddable":true,"href":"https:\/\/www.filastrocche.it\/contenuti\/wp-json\/wp\/v2\/comments?post=53677"}],"version-history":[{"count":0,"href":"https:\/\/www.filastrocche.it\/contenuti\/wp-json\/wp\/v2\/pages\/53677\/revisions"}],"up":[{"embeddable":true,"href":"https:\/\/www.filastrocche.it\/contenuti\/wp-json\/wp\/v2\/pages\/52393"}],"wp:attachment":[{"href":"https:\/\/www.filastrocche.it\/contenuti\/wp-json\/wp\/v2\/media?parent=53677"}],"curies":[{"name":"wp","href":"https:\/\/api.w.org\/{rel}","templated":true}]}}