{"id":53685,"date":"2012-06-15T09:00:27","date_gmt":"2012-06-15T09:00:27","guid":{"rendered":"https:\/\/www.filastrocche.it\/contenuti\/?page_id=53685"},"modified":"2025-11-27T18:53:21","modified_gmt":"2025-11-27T16:53:21","slug":"filastrocche-ed-indovinelli-tramandati-da-madre-a-figlia","status":"publish","type":"page","link":"https:\/\/www.filastrocche.it\/contenuti\/dicono-di-noi\/rassegna-stampa-dellanno-2000\/filastrocche-ed-indovinelli-tramandati-da-madre-a-figlia\/","title":{"rendered":"Filastrocche ed indovinelli tramandati da madre a figlia"},"content":{"rendered":"<p><span >Il sito del giorno<\/span><span ><br \/>\n<\/span><strong><span >Filastrocche ed indovinelli tramandati da madre a figlia<\/span><\/strong><\/p>\n<p>&nbsp;<\/p>\n<p>Da &#8220;<a href=\"http:\/\/www.corriere.it\/\" target=\"_blank\" rel=\"noopener\"><strong>Il Corriere della Sera<\/strong><\/a>&#8221; &#8211; venerd\u00ec 12 maggio 2000<\/p>\n<p>&nbsp;<\/p>\n<p>Un esempio di filastrocca: &#8220;Luned\u00ec and\u00f2 da Marted\u00ec per vedere se Mercoled\u00ec avesse saputo da Gioved\u00ec se fosse vero che Venerd\u00ec avesse detto a Sabato che Domenica era festa&#8221; E poi una sfilza di indovinelli.<br \/>\nUno a caso: &#8220;Qual&#8217;\u00e8 il gigante che porta casse grandi come palazzi e non riesce a reggere un sassolino?&#8221;<br \/>\nLa risposta sta in <a href=\"https:\/\/www.filastrocche.it\">Filastrocche.it<\/a>, un sito che Jolanda ha ideato e messo on line in onore della sua bambina, Matilde. Le ha cantato mille volte le filastrocche ripescate dai suoi ricordi di bimba finch\u00e9 un giorno non ha pensato di mettere tutto a disposizione di tutti, cio\u00e8 nel libro infinito di Internet.<br \/>\nE allora ecco spuntare antiche cantilene, impossibili scioglilingua, divertenti indovinelli e qualche conta per i pi\u00f9 piccoli.<br \/>\nIl tutto all&#8217;ombra di casette colorate, paperette, cagnolini, pecorelle e altri animaletti disegnati su ogni pagina.<\/p>\n","protected":false},"excerpt":{"rendered":"<p>Il sito del giorno Filastrocche ed indovinelli tramandati da madre a figlia &nbsp; Da &#8220;Il Corriere della Sera&#8221; &#8211; venerd\u00ec 12 maggio 2000 &nbsp; Un esempio di filastrocca: &#8220;Luned\u00ec and\u00f2 da Marted\u00ec per vedere se Mercoled\u00ec avesse saputo da Gioved\u00ec se fosse vero che Venerd\u00ec avesse detto a Sabato che Domenica era festa&#8221; E poi [&hellip;]<\/p>\n","protected":false},"author":17,"featured_media":0,"parent":52393,"menu_order":0,"comment_status":"open","ping_status":"open","template":"","meta":{"footnotes":""},"class_list":["post-53685","page","type-page","status-publish","hentry"],"yoast_head":"<!-- This site is optimized with the Yoast SEO plugin v26.2 - https:\/\/yoast.com\/wordpress\/plugins\/seo\/ -->\n<title>Filastrocche ed indovinelli tramandati da madre a figlia - I testi della tradizione di Filastrocche.it<\/title>\n<meta name=\"robots\" content=\"index, follow, max-snippet:-1, max-image-preview:large, max-video-preview:-1\" \/>\n<link rel=\"canonical\" href=\"https:\/\/www.filastrocche.it\/contenuti\/dicono-di-noi\/rassegna-stampa-dellanno-2000\/filastrocche-ed-indovinelli-tramandati-da-madre-a-figlia\/\" \/>\n<meta property=\"og:locale\" content=\"it_IT\" \/>\n<meta property=\"og:type\" content=\"article\" \/>\n<meta property=\"og:title\" content=\"Filastrocche ed indovinelli tramandati da madre a figlia - I testi della tradizione di Filastrocche.it\" \/>\n<meta property=\"og:description\" content=\"Il sito del giorno Filastrocche ed indovinelli tramandati da madre a figlia &nbsp; Da &#8220;Il Corriere della Sera&#8221; &#8211; venerd\u00ec 12 maggio 2000 &nbsp; Un esempio di filastrocca: &#8220;Luned\u00ec and\u00f2 da Marted\u00ec per vedere se Mercoled\u00ec avesse saputo da Gioved\u00ec se fosse vero che Venerd\u00ec avesse detto a Sabato che Domenica era festa&#8221; E poi [&hellip;]\" \/>\n<meta property=\"og:url\" content=\"https:\/\/www.filastrocche.it\/contenuti\/dicono-di-noi\/rassegna-stampa-dellanno-2000\/filastrocche-ed-indovinelli-tramandati-da-madre-a-figlia\/\" \/>\n<meta property=\"og:site_name\" content=\"I testi della tradizione di Filastrocche.it\" \/>\n<meta property=\"article:modified_time\" content=\"2025-11-27T16:53:21+00:00\" \/>\n<meta name=\"twitter:label1\" content=\"Tempo di lettura stimato\" \/>\n\t<meta name=\"twitter:data1\" content=\"1 minuto\" \/>\n<!-- \/ Yoast SEO plugin. -->","yoast_head_json":{"title":"Filastrocche ed indovinelli tramandati da madre a figlia - I testi della tradizione di Filastrocche.it","robots":{"index":"index","follow":"follow","max-snippet":"max-snippet:-1","max-image-preview":"max-image-preview:large","max-video-preview":"max-video-preview:-1"},"canonical":"https:\/\/www.filastrocche.it\/contenuti\/dicono-di-noi\/rassegna-stampa-dellanno-2000\/filastrocche-ed-indovinelli-tramandati-da-madre-a-figlia\/","og_locale":"it_IT","og_type":"article","og_title":"Filastrocche ed indovinelli tramandati da madre a figlia - I testi della tradizione di Filastrocche.it","og_description":"Il sito del giorno Filastrocche ed indovinelli tramandati da madre a figlia &nbsp; Da &#8220;Il Corriere della Sera&#8221; &#8211; venerd\u00ec 12 maggio 2000 &nbsp; Un esempio di filastrocca: &#8220;Luned\u00ec and\u00f2 da Marted\u00ec per vedere se Mercoled\u00ec avesse saputo da Gioved\u00ec se fosse vero che Venerd\u00ec avesse detto a Sabato che Domenica era festa&#8221; E poi [&hellip;]","og_url":"https:\/\/www.filastrocche.it\/contenuti\/dicono-di-noi\/rassegna-stampa-dellanno-2000\/filastrocche-ed-indovinelli-tramandati-da-madre-a-figlia\/","og_site_name":"I testi della tradizione di Filastrocche.it","article_modified_time":"2025-11-27T16:53:21+00:00","twitter_misc":{"Tempo di lettura stimato":"1 minuto"},"schema":{"@context":"https:\/\/schema.org","@graph":[{"@type":"WebPage","@id":"https:\/\/www.filastrocche.it\/contenuti\/dicono-di-noi\/rassegna-stampa-dellanno-2000\/filastrocche-ed-indovinelli-tramandati-da-madre-a-figlia\/","url":"https:\/\/www.filastrocche.it\/contenuti\/dicono-di-noi\/rassegna-stampa-dellanno-2000\/filastrocche-ed-indovinelli-tramandati-da-madre-a-figlia\/","name":"Filastrocche ed indovinelli tramandati da madre a figlia - I testi della tradizione di Filastrocche.it","isPartOf":{"@id":"https:\/\/www.filastrocche.it\/contenuti\/#website"},"datePublished":"2012-06-15T09:00:27+00:00","dateModified":"2025-11-27T16:53:21+00:00","breadcrumb":{"@id":"https:\/\/www.filastrocche.it\/contenuti\/dicono-di-noi\/rassegna-stampa-dellanno-2000\/filastrocche-ed-indovinelli-tramandati-da-madre-a-figlia\/#breadcrumb"},"inLanguage":"it-IT","potentialAction":[{"@type":"ReadAction","target":["https:\/\/www.filastrocche.it\/contenuti\/dicono-di-noi\/rassegna-stampa-dellanno-2000\/filastrocche-ed-indovinelli-tramandati-da-madre-a-figlia\/"]}]},{"@type":"BreadcrumbList","@id":"https:\/\/www.filastrocche.it\/contenuti\/dicono-di-noi\/rassegna-stampa-dellanno-2000\/filastrocche-ed-indovinelli-tramandati-da-madre-a-figlia\/#breadcrumb","itemListElement":[{"@type":"ListItem","position":1,"name":"Home","item":"https:\/\/www.filastrocche.it\/contenuti\/"},{"@type":"ListItem","position":2,"name":"Dicono di noi","item":"https:\/\/www.filastrocche.it\/contenuti\/dicono-di-noi\/"},{"@type":"ListItem","position":3,"name":"Rassegna stampa dell&#8217;anno 2000","item":"https:\/\/www.filastrocche.it\/contenuti\/dicono-di-noi\/rassegna-stampa-dellanno-2000\/"},{"@type":"ListItem","position":4,"name":"Filastrocche ed indovinelli tramandati da madre a figlia"}]},{"@type":"WebSite","@id":"https:\/\/www.filastrocche.it\/contenuti\/#website","url":"https:\/\/www.filastrocche.it\/contenuti\/","name":"I testi della tradizione di Filastrocche.it","description":"Filastrocche, fiabe, canzoni e...","potentialAction":[{"@type":"SearchAction","target":{"@type":"EntryPoint","urlTemplate":"https:\/\/www.filastrocche.it\/contenuti\/?s={search_term_string}"},"query-input":{"@type":"PropertyValueSpecification","valueRequired":true,"valueName":"search_term_string"}}],"inLanguage":"it-IT"}]}},"_links":{"self":[{"href":"https:\/\/www.filastrocche.it\/contenuti\/wp-json\/wp\/v2\/pages\/53685","targetHints":{"allow":["GET"]}}],"collection":[{"href":"https:\/\/www.filastrocche.it\/contenuti\/wp-json\/wp\/v2\/pages"}],"about":[{"href":"https:\/\/www.filastrocche.it\/contenuti\/wp-json\/wp\/v2\/types\/page"}],"author":[{"embeddable":true,"href":"https:\/\/www.filastrocche.it\/contenuti\/wp-json\/wp\/v2\/users\/17"}],"replies":[{"embeddable":true,"href":"https:\/\/www.filastrocche.it\/contenuti\/wp-json\/wp\/v2\/comments?post=53685"}],"version-history":[{"count":1,"href":"https:\/\/www.filastrocche.it\/contenuti\/wp-json\/wp\/v2\/pages\/53685\/revisions"}],"predecessor-version":[{"id":252150,"href":"https:\/\/www.filastrocche.it\/contenuti\/wp-json\/wp\/v2\/pages\/53685\/revisions\/252150"}],"up":[{"embeddable":true,"href":"https:\/\/www.filastrocche.it\/contenuti\/wp-json\/wp\/v2\/pages\/52393"}],"wp:attachment":[{"href":"https:\/\/www.filastrocche.it\/contenuti\/wp-json\/wp\/v2\/media?parent=53685"}],"curies":[{"name":"wp","href":"https:\/\/api.w.org\/{rel}","templated":true}]}}