{"id":53689,"date":"2012-06-15T09:02:28","date_gmt":"2012-06-15T09:02:28","guid":{"rendered":"https:\/\/www.filastrocche.it\/contenuti\/?page_id=53689"},"modified":"2012-06-15T09:02:28","modified_gmt":"2012-06-15T09:02:28","slug":"le-filastrocche-ora-corrono-via-internet","status":"publish","type":"page","link":"https:\/\/www.filastrocche.it\/contenuti\/dicono-di-noi\/rassegna-stampa-dellanno-2000\/le-filastrocche-ora-corrono-via-internet\/","title":{"rendered":"Le filastrocche? Ora corrono via Internet"},"content":{"rendered":"<p><span >Il sito inventato da una giovane mamma<\/span><span ><br \/>\n<\/span><strong><span >Le filastrocche? Ora corrono via Internet<\/span><\/strong><\/p>\n<p>&nbsp;<\/p>\n<p>Da &#8220;<a href=\"http:\/\/www.lastampa.it\/\" target=\"_blank\"><strong>La Stampa<\/strong><\/a>&#8221; &#8211; mercoled\u00ec 26 aprile 2000<strong><br \/>\n<\/strong><em>di Giancarla Moreo<\/em><\/p>\n<p>&nbsp;<\/p>\n<p>Filastrocche e indovinelli per cullare il pupo che avete tra le braccia? Con le mamme del Duemila gli scioglilingua corrono via Internet.<br \/>\nL&#8217;idea parte da una giovane vercellese, che lancia anche un appello:&#8221;Chiunque conosca una &#8220;conta&#8221; per bambini si faccia avanti: il testo far\u00e0 parte della raccolta, con tanto di fonte citata&#8221;.<br \/>\nL&#8217;originale iniziativa porta la firma di Jolanda, dinamica mamma di Matilde, a cui ovviamente \u00e8 dedicato l&#8217;intero sito.<br \/>\nIl gioco funziona cos\u00ec. Mettetevi comode, collegatevi a Internet e cliccate su <a href=\"https:\/\/www.filastrocche.it\">www.filastrocche.it<\/a>: qualche istante ed ecco comparire sullo schermo il sito inventato da Jolanda. Che scrive:&#8221;Queste sono filastrocche belle o brutte, lunghe o corte, vecchie o nuove. Alcune le sapevo gi\u00e0 a memoria, altre le ho trovate in rete o su vecchi libri di quando ero bambina&#8221;.<br \/>\nMa l&#8217;intento di mamma Jolanda \u00e8 un altro:&#8221;Voglio ampliare sempre di pi\u00f9 queste pagine, soprattutto contando sul vostro aiuto&#8221;. In alcuni testi, poi, \u00e8 necessario inserire il nome del bimbo.<br \/>\nCliccando si scopre che la neomamma ha gi\u00e0 fatto un buon lavoro e fino ad oggi, ad esempio, sono ventuno gli indovinelli (con soluzione) raccolti nel sito. Vediamone, dunque, alcuni: &#8220;Quale animale rest\u00f2 fuori dall&#8217;Arca di No\u00e9?&#8221;. Oppure: &#8220;Attorno all&#8217;albero continua a girare, ma dentro non riesce ad entrare&#8221;. E ancora: &#8220;Tengo una botte con due qualit\u00e0 di vino. Fuori \u00e8 tutta bianca e finestre non ha. Che cos&#8217;\u00e8?&#8221;.<br \/>\nDagli indovinelli passiamo alle filastrocche con le Ninne Nanne, La bella lavanderina e Marameo perch\u00e9 sei morto? Ma c&#8217;\u00e9 pure Pierino Porcospino e Giro Girotondo.<br \/>\nUna pagina, infine, \u00e8 riservata alle conte da Passa Paperino all&#8217;Uccellin che vien dal mare per finire con Sotto il ponte di Baracca.<br \/>\nFilastrocche.it si conclude con una preghiera rivolta a tutte le mamme: &#8220;In questo sito \u00e8 assolutamente vietato fumare!&#8221;.<\/p>\n","protected":false},"excerpt":{"rendered":"<p>Il sito inventato da una giovane mamma Le filastrocche? Ora corrono via Internet &nbsp; Da &#8220;La Stampa&#8221; &#8211; mercoled\u00ec 26 aprile 2000 di Giancarla Moreo &nbsp; Filastrocche e indovinelli per cullare il pupo che avete tra le braccia? Con le mamme del Duemila gli scioglilingua corrono via Internet. L&#8217;idea parte da una giovane vercellese, che [&hellip;]<\/p>\n","protected":false},"author":17,"featured_media":0,"parent":52393,"menu_order":0,"comment_status":"open","ping_status":"open","template":"","meta":{"footnotes":""},"class_list":["post-53689","page","type-page","status-publish","hentry"],"yoast_head":"<!-- This site is optimized with the Yoast SEO plugin v26.2 - https:\/\/yoast.com\/wordpress\/plugins\/seo\/ -->\n<title>Le filastrocche? Ora corrono via Internet - I testi della tradizione di Filastrocche.it<\/title>\n<meta name=\"robots\" content=\"index, follow, max-snippet:-1, max-image-preview:large, max-video-preview:-1\" \/>\n<link rel=\"canonical\" href=\"https:\/\/www.filastrocche.it\/contenuti\/dicono-di-noi\/rassegna-stampa-dellanno-2000\/le-filastrocche-ora-corrono-via-internet\/\" \/>\n<meta property=\"og:locale\" content=\"it_IT\" \/>\n<meta property=\"og:type\" content=\"article\" \/>\n<meta property=\"og:title\" content=\"Le filastrocche? Ora corrono via Internet - I testi della tradizione di Filastrocche.it\" \/>\n<meta property=\"og:description\" content=\"Il sito inventato da una giovane mamma Le filastrocche? Ora corrono via Internet &nbsp; Da &#8220;La Stampa&#8221; &#8211; mercoled\u00ec 26 aprile 2000 di Giancarla Moreo &nbsp; Filastrocche e indovinelli per cullare il pupo che avete tra le braccia? Con le mamme del Duemila gli scioglilingua corrono via Internet. L&#8217;idea parte da una giovane vercellese, che [&hellip;]\" \/>\n<meta property=\"og:url\" content=\"https:\/\/www.filastrocche.it\/contenuti\/dicono-di-noi\/rassegna-stampa-dellanno-2000\/le-filastrocche-ora-corrono-via-internet\/\" \/>\n<meta property=\"og:site_name\" content=\"I testi della tradizione di Filastrocche.it\" \/>\n<meta name=\"twitter:label1\" content=\"Tempo di lettura stimato\" \/>\n\t<meta name=\"twitter:data1\" content=\"2 minuti\" \/>\n<!-- \/ Yoast SEO plugin. -->","yoast_head_json":{"title":"Le filastrocche? Ora corrono via Internet - I testi della tradizione di Filastrocche.it","robots":{"index":"index","follow":"follow","max-snippet":"max-snippet:-1","max-image-preview":"max-image-preview:large","max-video-preview":"max-video-preview:-1"},"canonical":"https:\/\/www.filastrocche.it\/contenuti\/dicono-di-noi\/rassegna-stampa-dellanno-2000\/le-filastrocche-ora-corrono-via-internet\/","og_locale":"it_IT","og_type":"article","og_title":"Le filastrocche? Ora corrono via Internet - I testi della tradizione di Filastrocche.it","og_description":"Il sito inventato da una giovane mamma Le filastrocche? Ora corrono via Internet &nbsp; Da &#8220;La Stampa&#8221; &#8211; mercoled\u00ec 26 aprile 2000 di Giancarla Moreo &nbsp; Filastrocche e indovinelli per cullare il pupo che avete tra le braccia? Con le mamme del Duemila gli scioglilingua corrono via Internet. L&#8217;idea parte da una giovane vercellese, che [&hellip;]","og_url":"https:\/\/www.filastrocche.it\/contenuti\/dicono-di-noi\/rassegna-stampa-dellanno-2000\/le-filastrocche-ora-corrono-via-internet\/","og_site_name":"I testi della tradizione di Filastrocche.it","twitter_misc":{"Tempo di lettura stimato":"2 minuti"},"schema":{"@context":"https:\/\/schema.org","@graph":[{"@type":"WebPage","@id":"https:\/\/www.filastrocche.it\/contenuti\/dicono-di-noi\/rassegna-stampa-dellanno-2000\/le-filastrocche-ora-corrono-via-internet\/","url":"https:\/\/www.filastrocche.it\/contenuti\/dicono-di-noi\/rassegna-stampa-dellanno-2000\/le-filastrocche-ora-corrono-via-internet\/","name":"Le filastrocche? Ora corrono via Internet - I testi della tradizione di Filastrocche.it","isPartOf":{"@id":"https:\/\/www.filastrocche.it\/contenuti\/#website"},"datePublished":"2012-06-15T09:02:28+00:00","breadcrumb":{"@id":"https:\/\/www.filastrocche.it\/contenuti\/dicono-di-noi\/rassegna-stampa-dellanno-2000\/le-filastrocche-ora-corrono-via-internet\/#breadcrumb"},"inLanguage":"it-IT","potentialAction":[{"@type":"ReadAction","target":["https:\/\/www.filastrocche.it\/contenuti\/dicono-di-noi\/rassegna-stampa-dellanno-2000\/le-filastrocche-ora-corrono-via-internet\/"]}]},{"@type":"BreadcrumbList","@id":"https:\/\/www.filastrocche.it\/contenuti\/dicono-di-noi\/rassegna-stampa-dellanno-2000\/le-filastrocche-ora-corrono-via-internet\/#breadcrumb","itemListElement":[{"@type":"ListItem","position":1,"name":"Home","item":"https:\/\/www.filastrocche.it\/contenuti\/"},{"@type":"ListItem","position":2,"name":"Dicono di noi","item":"https:\/\/www.filastrocche.it\/contenuti\/dicono-di-noi\/"},{"@type":"ListItem","position":3,"name":"Rassegna stampa dell&#8217;anno 2000","item":"https:\/\/www.filastrocche.it\/contenuti\/dicono-di-noi\/rassegna-stampa-dellanno-2000\/"},{"@type":"ListItem","position":4,"name":"Le filastrocche? Ora corrono via Internet"}]},{"@type":"WebSite","@id":"https:\/\/www.filastrocche.it\/contenuti\/#website","url":"https:\/\/www.filastrocche.it\/contenuti\/","name":"I testi della tradizione di Filastrocche.it","description":"Filastrocche, fiabe, canzoni e...","potentialAction":[{"@type":"SearchAction","target":{"@type":"EntryPoint","urlTemplate":"https:\/\/www.filastrocche.it\/contenuti\/?s={search_term_string}"},"query-input":{"@type":"PropertyValueSpecification","valueRequired":true,"valueName":"search_term_string"}}],"inLanguage":"it-IT"}]}},"_links":{"self":[{"href":"https:\/\/www.filastrocche.it\/contenuti\/wp-json\/wp\/v2\/pages\/53689","targetHints":{"allow":["GET"]}}],"collection":[{"href":"https:\/\/www.filastrocche.it\/contenuti\/wp-json\/wp\/v2\/pages"}],"about":[{"href":"https:\/\/www.filastrocche.it\/contenuti\/wp-json\/wp\/v2\/types\/page"}],"author":[{"embeddable":true,"href":"https:\/\/www.filastrocche.it\/contenuti\/wp-json\/wp\/v2\/users\/17"}],"replies":[{"embeddable":true,"href":"https:\/\/www.filastrocche.it\/contenuti\/wp-json\/wp\/v2\/comments?post=53689"}],"version-history":[{"count":0,"href":"https:\/\/www.filastrocche.it\/contenuti\/wp-json\/wp\/v2\/pages\/53689\/revisions"}],"up":[{"embeddable":true,"href":"https:\/\/www.filastrocche.it\/contenuti\/wp-json\/wp\/v2\/pages\/52393"}],"wp:attachment":[{"href":"https:\/\/www.filastrocche.it\/contenuti\/wp-json\/wp\/v2\/media?parent=53689"}],"curies":[{"name":"wp","href":"https:\/\/api.w.org\/{rel}","templated":true}]}}